{"id":90,"date":"2018-12-22T22:36:52","date_gmt":"2018-12-22T21:36:52","guid":{"rendered":"http:\/\/www.diyseeds.org\/en\/?page_id=90"},"modified":"2026-02-16T09:58:16","modified_gmt":"2026-02-16T08:58:16","slug":"home","status":"publish","type":"page","link":"https:\/\/www.diyseeds.org\/tr\/home\/","title":{"rendered":"Anasayfa"},"content":{"rendered":"<h1>Tohumdan Tohuma: Kendi Tohumlar\u0131n\u0131z\u0131 \u00dcretin<\/h1>\r\n\r\n<p>Bu site, ilk olarak 4 DVD&#8217;lik set halinde yay\u0131nlanan ve 40 k\u0131sa e\u011fitim filminden olu\u015fan \u201cTohumdan Tohuma\u201d filmini sunuyor. Muhte\u015fem g\u00f6rseller ve hareketli \u00e7izimlerin yard\u0131m\u0131yla bu videolar size ad\u0131m ad\u0131m 40 farkl\u0131 sebzenin tohumlar\u0131n\u0131n nas\u0131l \u00fcretilece\u011fini g\u00f6steriyor. Ek olarak, sekiz teorik ve pratik ABC ile tohum \u00fcretiminin genel temellerini a\u00e7\u0131klar. Bu filmler, uzun y\u0131llard\u0131r a\u00e7\u0131k tozla\u015fan tohumlar\u0131n savunulmas\u0131 ve tan\u0131t\u0131lmas\u0131 i\u00e7in emek veren iki dernek olan Longo Ma\u00ef ve Avrupa Sivil Forumu taraf\u0131ndan haz\u0131rlanm\u0131\u015ft\u0131r.<\/p>\r\n\r\n<h1>Neden kendi tohumlar\u0131n\u0131z\u0131 \u00fcretmelisiniz?<\/h1>\r\n\r\n<p>Kendi tohumlar\u0131m\u0131z\u0131 \u00e7o\u011faltt\u0131\u011f\u0131m\u0131z zaman, canl\u0131 varl\u0131klar olarak bir par\u00e7as\u0131 oldu\u011fumuz biyolojik \u00e7e\u015fitlili\u011fe katk\u0131da bulunmu\u015f oluyoruz. Yeniden \u00fcretilebilen her tohum, d\u00fcnyadaki ya\u015fam\u0131n devaml\u0131l\u0131\u011f\u0131n\u0131n sa\u011flanmas\u0131na destek olmak anlam\u0131na gelir. \u00c7ift\u00e7ilerin ve kendi bah\u00e7esinde \u00fcretim yapanlar\u0131n b\u00fcy\u00fck tohum \u015firketlerine fazlas\u0131yla ba\u011f\u0131ml\u0131 olduklar\u0131 g\u00fcn\u00fcm\u00fczde yeniden \u00fcretilebilen tohumlar\u0131n \u00fcretimi \u00e7ok daha b\u00fcy\u00fck \u00f6nem ta\u015f\u0131maktad\u0131r.<\/p>\r\n\r\n<p><a href=\"https:\/\/www.diyseeds.org\/tr\/why-produce-own-seeds\/\">Neden kendi tohumlar\u0131m\u0131z\u0131 \u00fcretmeliyiz?<\/a><\/p>\r\n\r\n<h1>Kendi tohumlar\u0131m\u0131 nas\u0131l \u00fcretebilirim?<\/h1>\r\n\r\n<p>Bu siteyi m\u00fcmk\u00fcn oldu\u011funca t\u00fcm sorular\u0131n\u0131za cevap verecek \u015fekilde tasarlad\u0131k. Tohum \u00fcretiminin teknik bilgisine hakim olmak art\u0131k hayati bir ihtiya\u00e7 niteli\u011findedir. Domates, marul, fasulye, kabak, yaban havucu veya lahana tohumlar\u0131 nas\u0131l \u00e7o\u011falt\u0131l\u0131r? Tozla\u015fma nedir? Bah\u00e7ede yeti\u015ftirdi\u011fimiz bitkilerin ya\u015fam d\u00f6ng\u00fcleri ve botanik s\u0131n\u0131fland\u0131rmalar\u0131 nelerdir?<\/p>\r\n\r\n<p>Bu unutulmu\u015f bilgiyi ke\u015ffetmek i\u00e7in, otuzdan fazla sebzenin tohumlar\u0131n\u0131n nas\u0131l \u00fcretilece\u011fini a\u00e7\u0131klayan bu pratik videolar\u0131 izlemeye zaman ay\u0131r\u0131n. Bu filmler ger\u00e7ek birer e\u011fitim arac\u0131d\u0131r ve \u00e7e\u015fitli dilleri i\u00e7eren d\u00f6rt DVD&#8217;lik bir set olarak da sipari\u015f edilebilir. Filmlerin metinleri, botanik aile a\u011fa\u00e7lar\u0131 veya videolar\u0131n kendilerini indirme imkan\u0131n\u0131z da bulunmaktad\u0131r.<\/p>\r\n\r\n<h1>A\u00e7\u0131k tozla\u015fan tohumlar\u0131 nereden bulabilirim?<\/h1>\r\n\r\n<p>Her y\u0131l kendi sebze tohumlar\u0131n\u0131z\u0131 ekebilmek i\u00e7in, herhangi bir kimyasal bar\u0131nd\u0131rmayan (organik) ve a\u00e7\u0131k tozla\u015fan tohumlardan edinmeye dikkat etmelisiniz. Elbette normalde her tohum bu \u015fekilde olmal\u0131d\u0131r; ancak b\u00fcy\u00fck tohum \u015firketleri taraf\u0131ndan sat\u0131lan tohumlar\u0131n \u00e7o\u011fu patentli F1 hibritleridir ve bu nedenle yeniden \u00fcretilemezler.<\/p>\r\n\r\n<p>Bu konuda uzmanla\u015fm\u0131\u015f tedarik\u00e7ilerden eski, dayan\u0131kl\u0131 ve a\u00e7\u0131k tozla\u015fan \u00e7e\u015fitlerin tohumlar\u0131n\u0131 edinebilirsiniz. T\u00fcrkiye&#8217;de her \u015fehirde ata tohumu takas gruplar\u0131 faaliyet g\u00f6stermektedir, ayr\u0131ca internet yoluyla ba\u015fka \u00fclkelerden sipari\u015f vermek de m\u00fcmk\u00fcnd\u00fcr. Bu konuya ayr\u0131lm\u0131\u015f sayfam\u0131za bakabilirsiniz.<\/p>\r\n\r\n<p>Tohum k\u00fct\u00fcphaneleri veya tohum takaslar\u0131 yoluyla tohum edinmek m\u00fcmk\u00fcnd\u00fcr. Tohumlar\u0131 kom\u015fular\u0131n\u0131zla de\u011fi\u015f-toku\u015f edebilirsiniz. Ya\u015fad\u0131\u011f\u0131n\u0131z yerde tohum takas\u0131 yoksa, neden bir tane ba\u015flatm\u0131yorsunuz?<\/p>","protected":false},"excerpt":{"rendered":"<p>Tohumdan Tohuma: Kendi Tohumlar\u0131n\u0131z\u0131 \u00dcretin Bu site, ilk olarak 4 DVD&#8217;lik set halinde yay\u0131nlanan ve 40 k\u0131sa e\u011fitim filminden olu\u015fan \u201cTohumdan Tohuma\u201d filmini sunuyor. Muhte\u015fem g\u00f6rseller ve hareketli \u00e7izimlerin yard\u0131m\u0131yla bu videolar size ad\u0131m ad\u0131m 40 farkl\u0131 sebzenin tohumlar\u0131n\u0131n nas\u0131l \u00fcretilece\u011fini g\u00f6steriyor. Ek olarak, sekiz teorik ve pratik ABC ile tohum \u00fcretiminin genel temellerini a\u00e7\u0131klar. [&hellip;]<\/p>\n","protected":false},"author":2,"featured_media":104,"parent":0,"menu_order":0,"comment_status":"closed","ping_status":"closed","template":"","meta":{"spay_email":""},"jetpack_shortlink":"https:\/\/wp.me\/PaG7IL-1s","_links":{"self":[{"href":"https:\/\/www.diyseeds.org\/tr\/wp-json\/wp\/v2\/pages\/90"}],"collection":[{"href":"https:\/\/www.diyseeds.org\/tr\/wp-json\/wp\/v2\/pages"}],"about":[{"href":"https:\/\/www.diyseeds.org\/tr\/wp-json\/wp\/v2\/types\/page"}],"author":[{"embeddable":true,"href":"https:\/\/www.diyseeds.org\/tr\/wp-json\/wp\/v2\/users\/2"}],"replies":[{"embeddable":true,"href":"https:\/\/www.diyseeds.org\/tr\/wp-json\/wp\/v2\/comments?post=90"}],"version-history":[{"count":144,"href":"https:\/\/www.diyseeds.org\/tr\/wp-json\/wp\/v2\/pages\/90\/revisions"}],"predecessor-version":[{"id":2960,"href":"https:\/\/www.diyseeds.org\/tr\/wp-json\/wp\/v2\/pages\/90\/revisions\/2960"}],"wp:featuredmedia":[{"embeddable":true,"href":"https:\/\/www.diyseeds.org\/tr\/wp-json\/wp\/v2\/media\/104"}],"wp:attachment":[{"href":"https:\/\/www.diyseeds.org\/tr\/wp-json\/wp\/v2\/media?parent=90"}],"curies":[{"name":"wp","href":"https:\/\/api.w.org\/{rel}","templated":true}]}}