{"id":74,"date":"2018-12-15T09:32:34","date_gmt":"2018-12-15T08:32:34","guid":{"rendered":"http:\/\/www.diyseeds.org\/en\/?page_id=74"},"modified":"2025-03-10T00:10:02","modified_gmt":"2025-03-09T23:10:02","slug":"resources","status":"publish","type":"page","link":"https:\/\/www.diyseeds.org\/tr\/resources\/","title":{"rendered":"Kaynaklar"},"content":{"rendered":"<h1>Resources<\/h1>\r\n\r\n<hr style=\"width: 50px;height: 1.5pt;line-height: 1.5pt;text-align: left;color: #5e240D;background-color: #5e240D;margin-top: 0;margin-bottom: 0;\" \/>\r\n\r\n<h4 class=\"centered mobile\">Botanik S\u0131n\u0131fland\u0131rma A\u011fa\u00e7lar\u0131<\/h4>\r\n\r\n<p>Botanik aile a\u011fa\u00e7lar\u0131 Diyseeds i\u00e7in Myleine Guiard Schmid taraf\u0131ndan \u00e7izildi. Sanat\u00e7\u0131 bu suluboya eserlerini Creative Commons lisans\u0131 alt\u0131nda k\u00e2r amac\u0131 g\u00fctmeyen e\u011fitim faaliyetleri i\u00e7in kullan\u0131ma a\u00e7may\u0131 arzu ediyor. Bu y\u00f6nde bir talep i\u00e7in l\u00fctfen Myleine Guiard Schmid ile ileti\u015fime ge\u00e7in.<br \/>myleine.animation@gmail.com<\/p>\r\n\r\n<hr style=\"width: 50px;height: 1.5pt;line-height: 1.5pt;text-align: left;color: #5e240D;background-color: #5e240D;margin-top: 0;margin-bottom: 0;\" \/>\r\n\r\n<h4 class=\"centered mobile\">Bro\u015f\u00fcr<\/h4>\r\n\r\n<p><a href=\"https:\/\/www.diyseeds.org\/wp-content\/uploads\/2026\/03\/Brochure-TR.pdf\" target=\"_blank\">Bro\u015f\u00fcr\u00fc indirin (PDF)<\/a><\/p>\r\n\r\n<hr style=\"width: 50px;height: 1.5pt;line-height: 1.5pt;text-align: left;color: #5e240D;background-color: #5e240D;margin-top: 0;margin-bottom: 0;\" \/>\r\n\r\n<h4 class=\"centered mobile\">Books<\/h4>\r\n\r\n<p>Bu filmleri yaparken a\u015fa\u011f\u0131daki \u00e7ok de\u011ferli kitaplardan yararland\u0131k:<\/p>\r\n\r\n<ul>\r\n\t<li><strong>The Seeds of Kokopelli<\/strong><br \/>by Dominique Guillet<br \/>Publishing \u00ab La Voix des semences \u00bb<\/li>\r\n\t<li><strong>The Manual of Seed Saving<\/strong><br \/>by Andrea Heistinger,<br \/>Arche Noah \/ Pro Specie Rara<br \/>Publishing Timber Press<\/li>\r\n\t<li><strong>Seed to Seed<\/strong><br \/>by Suzanne Ashworth<br \/>Seed Savers Exchange<\/li>\r\n<\/ul>\r\n\r\n<br \/>\r\n\r\n<hr style=\"width: 50px;height: 1.5pt;line-height: 1.5pt;text-align: left;color: #5e240D;background-color: #5e240D;margin-top: 0;margin-bottom: 0;\" \/>\r\n\r\n\n        \n    <ul id=\"support\">\n        <li id=\"support-us\"><a href=\"https:\/\/www.diyseeds.org\/tr\/support-us\/\"> Bize nas\u0131l destek olabilirsiniz?<\/a><\/li>        <li id=\"buy\"><a href=\"https:\/\/www.diyseeds.org\/tr\/dvd\/\">DVD'yi sat\u0131n al<\/a><\/li>    <\/ul>\n    \n        \n\r\n\r\n<br \/>\r\n<br \/>","protected":false},"excerpt":{"rendered":"<p>Resources Botanik S\u0131n\u0131fland\u0131rma A\u011fa\u00e7lar\u0131 Botanik aile a\u011fa\u00e7lar\u0131 Diyseeds i\u00e7in Myleine Guiard Schmid taraf\u0131ndan \u00e7izildi. Sanat\u00e7\u0131 bu suluboya eserlerini Creative Commons lisans\u0131 alt\u0131nda k\u00e2r amac\u0131 g\u00fctmeyen e\u011fitim faaliyetleri i\u00e7in kullan\u0131ma a\u00e7may\u0131 arzu ediyor. Bu y\u00f6nde bir talep i\u00e7in l\u00fctfen Myleine Guiard Schmid ile ileti\u015fime ge\u00e7in.myleine.animation@gmail.com Bro\u015f\u00fcr Bro\u015f\u00fcr\u00fc indirin (PDF) Books Bu filmleri yaparken a\u015fa\u011f\u0131daki \u00e7ok de\u011ferli [&hellip;]<\/p>\n","protected":false},"author":2,"featured_media":104,"parent":0,"menu_order":0,"comment_status":"closed","ping_status":"closed","template":"","meta":{"spay_email":""},"jetpack_shortlink":"https:\/\/wp.me\/PaG7IL-1c","_links":{"self":[{"href":"https:\/\/www.diyseeds.org\/tr\/wp-json\/wp\/v2\/pages\/74"}],"collection":[{"href":"https:\/\/www.diyseeds.org\/tr\/wp-json\/wp\/v2\/pages"}],"about":[{"href":"https:\/\/www.diyseeds.org\/tr\/wp-json\/wp\/v2\/types\/page"}],"author":[{"embeddable":true,"href":"https:\/\/www.diyseeds.org\/tr\/wp-json\/wp\/v2\/users\/2"}],"replies":[{"embeddable":true,"href":"https:\/\/www.diyseeds.org\/tr\/wp-json\/wp\/v2\/comments?post=74"}],"version-history":[{"count":88,"href":"https:\/\/www.diyseeds.org\/tr\/wp-json\/wp\/v2\/pages\/74\/revisions"}],"predecessor-version":[{"id":2925,"href":"https:\/\/www.diyseeds.org\/tr\/wp-json\/wp\/v2\/pages\/74\/revisions\/2925"}],"wp:featuredmedia":[{"embeddable":true,"href":"https:\/\/www.diyseeds.org\/tr\/wp-json\/wp\/v2\/media\/104"}],"wp:attachment":[{"href":"https:\/\/www.diyseeds.org\/tr\/wp-json\/wp\/v2\/media?parent=74"}],"curies":[{"name":"wp","href":"https:\/\/api.w.org\/{rel}","templated":true}]}}