{"id":551,"date":"2019-01-22T14:38:11","date_gmt":"2019-01-22T13:38:11","guid":{"rendered":"http:\/\/www.diyseeds.org\/en\/?page_id=551"},"modified":"2025-09-26T15:03:11","modified_gmt":"2025-09-26T13:03:11","slug":"support-us","status":"publish","type":"page","link":"https:\/\/www.diyseeds.org\/tr\/support-us\/","title":{"rendered":"Destekleyin"},"content":{"rendered":"<h1>Diyseeds&#8217;i destekleyin<\/h1>\r\n\r\n<hr style=\"width: 40px;height: 1.5pt;line-height: 1.5pt;text-align: left;color: #5e240d;background-color: #5e240d;margin-top: 0;margin-bottom: 0;\" \/>\r\n\r\n<h3>Tohumlar\u0131n \u00f6zg\u00fcrce \u00e7o\u011falmas\u0131n\u0131 destekleyin<\/h3>\r\n\r\n<p>Bu projeyi daha da geli\u015ftirmek i\u00e7in deste\u011finize ihtiyac\u0131m\u0131z var. Videolar\u0131n ve sitenin y\u00fcklenmesi, yeni \u00e7eviriler, ileti\u015fim vb. Bu filmleri haz\u0131rlayan iki kurulu\u015f, Avrupa Sivil Forumu ve Longo Ma\u00ef, bu muazzam \u00e7al\u0131\u015fmay\u0131 s\u00fcrd\u00fcrmek i\u00e7in yeterli mali veya be\u015feri kaynaklara sahip de\u011fil.<\/p>\r\n\r\n<p>Projeye yapt\u0131\u011f\u0131n\u0131z finansal destekler sayesinde toplanan fonlar\u0131n \u00e7o\u011funun tohumlara \u00fccretsiz eri\u015fim geli\u015ftiren projeleri desteklemek i\u00e7in kullan\u0131ld\u0131\u011f\u0131n\u0131 bilmelisiniz. Bizi desteklemek i\u00e7in Avrupa Sivil Forumu&#8217;na farkl\u0131 \u00f6deme y\u00f6ntemleri kullan\u0131larak ba\u011f\u0131\u015f yap\u0131labilir (bkz. yan taraf).<\/p>\r\n\r\n<h3>G\u00f6sterimler d\u00fczenleyin!<\/h3>\r\n\r\n<p>Bizi desteklemenin bir ba\u015fka yolu da filmlerin halka a\u00e7\u0131k g\u00f6sterimlerini organize etmektir. Filmler Creative Commons BY-NC-ND 4.0 International lisans\u0131 alt\u0131ndad\u0131r. Bu lisans ko\u015fullar\u0131na riayet edildi\u011fi s\u00fcrece herhangi bir telif \u00f6demesi olmaks\u0131z\u0131n g\u00f6sterimleri yap\u0131labilir.<\/p>\r\n\r\n<p>G\u00f6sterimler tohumlarla ilgili konularda halkla tart\u0131\u015fmak i\u00e7in de f\u0131rsat sunar. G\u00f6sterimden sonra istedi\u011finiz konu\u015fmac\u0131lar\u0131 bir tart\u0131\u015fmaya kat\u0131lmaya davet edebilirsiniz. Soru-cevap fasl\u0131ndan sonra, bu t\u00fcr etkinlikler genellikle gayr\u0131esmi bilgi al\u0131\u015fveri\u015fi olarak devam eder.<\/p>\r\n\r\n<h3>Tohumlar\u0131n d\u00fcnyay\u0131 gezmesine yard\u0131m edin!<\/h3>\r\n\r\n<p>Kaliteli tohumlar \u00fcretece\u011finizi ve bunlar\u0131 ba\u015fkalar\u0131yla payla\u015faca\u011f\u0131n\u0131z\u0131 umuyoruz. Tohumlar elbette h\u00fcr ve yeniden \u00fcretilebilir olmal\u0131d\u0131r. Bunlar\u0131 ba\u015fkalar\u0131na vermekten veya kom\u015fular\u0131n\u0131z ya da arkada\u015flar\u0131n\u0131zla takas etmekten \u00e7ekinmeyin.<\/p>\r\n\r\n<p>Tohum takaslar\u0131, yerel \u00e7e\u015fitlerin korunmas\u0131n\u0131 te\u015fvik eden etkinliklerdir. Ayr\u0131ca farkl\u0131 yerellerde faaliyet g\u00f6steren insanlar\u0131n ve derneklerin ba\u011flant\u0131 kurmas\u0131n\u0131 ve bir a\u011f olu\u015fturmas\u0131n\u0131 sa\u011flar. Ayr\u0131ca baz\u0131 filmleri g\u00f6stererek bilgi payla\u015fmak i\u00e7in de m\u00fckemmel ortam sunarlar.<\/p>\r\n\r\n<h3>Filmlerin ve sitenin \u00e7evirisini yapmam\u0131za yard\u0131m edin<\/h3>\r\n\r\n<p>Bu filmlerin m\u00fcmk\u00fcn oldu\u011funca \u00e7ok dile \u00e7evrilmesini umuyoruz \u00e7\u00fcnk\u00fc h\u00fcr ve yerel ata tohumlar\u0131n\u0131n \u00fcretiminin ancak bu bilgisinin yayg\u0131nla\u015ft\u0131r\u0131lmas\u0131 ve de\u011fi\u015fimi ile te\u015fvik edilece\u011fine inan\u0131yoruz. Videolar\u0131n farkl\u0131 dillerde seslendirilmesi, m\u00fcmk\u00fcn oldu\u011funca \u00e7ok ki\u015fiye eri\u015fim sa\u011flamak i\u00e7in \u00e7ok \u00f6nemlidir.<\/p>\r\n\r\n<p>Sitenin ve videolar\u0131n \u00e7evirisini kolayla\u015ft\u0131rmak i\u00e7in elimizden gelenin en iyisini yapmaya \u00e7al\u0131\u015f\u0131yoruz, zira bunu \u00e7ok \u00f6nemsiyoruz. Filmlerin yeni dillerde \u00fcretiminde en zor i\u015f, a\u00e7\u0131klamalar\u0131n kaydedilmesi i\u00e7in ihtiya\u00e7 duyulan farkl\u0131 insanlar\u0131 bir araya getirebilmektir.<\/p>\r\n\r\n<h3>Bu konuda payla\u015f\u0131m yap\u0131n<\/h3>\r\n\r\n<p>A\u011flar\u0131n\u0131z\u0131 ve arkada\u015flar\u0131n\u0131z\u0131 web sitemiz ile filmlerimiz hakk\u0131nda bilgilendirerek bize yard\u0131mc\u0131 olabilirsiniz. Belirli sosyal a\u011flarda ve GAFAM muadillerinde kolayca payla\u015f\u0131m yapmak i\u00e7in her sayfan\u0131n \u00fcst k\u0131sm\u0131nda bulaca\u011f\u0131n\u0131z payla\u015f\u0131m \u00e7ubu\u011fumuzu kullanabilirsiniz.<\/p>\r\n\r\n<p>Gazetecileri bas\u0131na ayr\u0131lm\u0131\u015f sayfay\u0131 incelemeye davet ediyoruz. Orada projeyi daha yayg\u0131n bir \u015fekilde bilinir k\u0131lmak i\u00e7in kullanabilece\u011finiz ileti\u015fim \u00f6\u011felerini bulacaks\u0131n\u0131z. Video metinlerini ve botanik a\u011fa\u00e7lar\u0131n\u0131 da indirebilirsiniz.<\/p>\r\n\r\n<h3>Ba\u011f\u0131\u015flar<\/h3>\r\n\r\n<p><img loading=\"lazy\" class=\"size-full wp-image-654 alignnone\" src=\"https:\/\/www.diyseeds.org\/wp-content\/uploads\/2019\/01\/icone_1.png\" alt=\"\" width=\"17\" height=\"17\" \/> Banka havalesi ile:<br \/>Forum Civique Europ\u00e9en<br \/>Soci\u00e9t\u00e9 G\u00e9n\u00e9rale<br \/>IBAN:  FR76 3000 3031 5400 0500 2221 881<br \/>SWIFT kodu: SOGEFRPP<\/p>\r\n\r\n<p><img loading=\"lazy\" class=\"size-full wp-image-655 alignnone\" src=\"https:\/\/www.diyseeds.org\/wp-content\/uploads\/2019\/01\/icone_2.png\" alt=\"\" width=\"17\" height=\"17\" \/> PayPal i\u00e7in:<\/p>\r\n\r\n<form action=\"https:\/\/www.paypal.com\/cgi-bin\/webscr\" method=\"post\" target=\"_top\"><input name=\"cmd\" type=\"hidden\" value=\"_s-xclick\" \/><input name=\"hosted_button_id\" type=\"hidden\" value=\"U2888M2PJ3DUE\" \/><input title=\"PayPal - The safer, easier way to pay online!\" alt=\"Donate with PayPal button\" name=\"submit\" src=\"https:\/\/www.paypalobjects.com\/en_US\/i\/btn\/btn_donate_SM.gif\" type=\"image\" \/><img loading=\"lazy\" src=\"https:\/\/www.paypal.com\/en_FR\/i\/scr\/pixel.gif\" alt=\"\" width=\"1\" height=\"1\" border=\"0\" \/><\/form>\r\n\r\n<p><img loading=\"lazy\" class=\"size-full wp-image-656 alignnone\" src=\"https:\/\/www.diyseeds.org\/wp-content\/uploads\/2019\/01\/icone_3.png\" alt=\"\" width=\"17\" height=\"17\" \/> \u00c7ek ile \u00f6deme:<br \/>Forum Civique Europ\u00e9en<br \/>Grange neuve<br \/>1920 ancienne route de Forcalquier<br \/>04 300 Limans FRANCE<\/p>","protected":false},"excerpt":{"rendered":"<p>Diyseeds&#8217;i destekleyin Tohumlar\u0131n \u00f6zg\u00fcrce \u00e7o\u011falmas\u0131n\u0131 destekleyin Bu projeyi daha da geli\u015ftirmek i\u00e7in deste\u011finize ihtiyac\u0131m\u0131z var. Videolar\u0131n ve sitenin y\u00fcklenmesi, yeni \u00e7eviriler, ileti\u015fim vb. Bu filmleri haz\u0131rlayan iki kurulu\u015f, Avrupa Sivil Forumu ve Longo Ma\u00ef, bu muazzam \u00e7al\u0131\u015fmay\u0131 s\u00fcrd\u00fcrmek i\u00e7in yeterli mali veya be\u015feri kaynaklara sahip de\u011fil. Projeye yapt\u0131\u011f\u0131n\u0131z finansal destekler sayesinde toplanan fonlar\u0131n \u00e7o\u011funun tohumlara [&hellip;]<\/p>\n","protected":false},"author":4,"featured_media":104,"parent":0,"menu_order":0,"comment_status":"closed","ping_status":"closed","template":"","meta":{"spay_email":""},"jetpack_shortlink":"https:\/\/wp.me\/PaG7IL-8T","_links":{"self":[{"href":"https:\/\/www.diyseeds.org\/tr\/wp-json\/wp\/v2\/pages\/551"}],"collection":[{"href":"https:\/\/www.diyseeds.org\/tr\/wp-json\/wp\/v2\/pages"}],"about":[{"href":"https:\/\/www.diyseeds.org\/tr\/wp-json\/wp\/v2\/types\/page"}],"author":[{"embeddable":true,"href":"https:\/\/www.diyseeds.org\/tr\/wp-json\/wp\/v2\/users\/4"}],"replies":[{"embeddable":true,"href":"https:\/\/www.diyseeds.org\/tr\/wp-json\/wp\/v2\/comments?post=551"}],"version-history":[{"count":122,"href":"https:\/\/www.diyseeds.org\/tr\/wp-json\/wp\/v2\/pages\/551\/revisions"}],"predecessor-version":[{"id":2981,"href":"https:\/\/www.diyseeds.org\/tr\/wp-json\/wp\/v2\/pages\/551\/revisions\/2981"}],"wp:featuredmedia":[{"embeddable":true,"href":"https:\/\/www.diyseeds.org\/tr\/wp-json\/wp\/v2\/media\/104"}],"wp:attachment":[{"href":"https:\/\/www.diyseeds.org\/tr\/wp-json\/wp\/v2\/media?parent=551"}],"curies":[{"name":"wp","href":"https:\/\/api.w.org\/{rel}","templated":true}]}}