{"id":546,"date":"2019-01-22T14:25:34","date_gmt":"2019-01-22T13:25:34","guid":{"rendered":"http:\/\/www.diyseeds.org\/en\/?page_id=546"},"modified":"2025-03-10T00:07:49","modified_gmt":"2025-03-09T23:07:49","slug":"links","status":"publish","type":"page","link":"https:\/\/www.diyseeds.org\/tr\/links\/","title":{"rendered":"A\u011f"},"content":{"rendered":"<h1>Diyseeds A\u011f\u0131<\/h1><p><hr style=\"width: 45px;height: 1.5pt;line-height: 1.5pt;text-align: left;color: #5E24D;background-color: #5E24D;margin-top: 0;margin-bottom: 0;\" \/><\/h4><h4>LONGO MAI<\/h4><p>1973 y\u0131l\u0131nda kurulan Longo ma\u00ef hareketi, alt\u0131 Avrupa \u00fclkesine yay\u0131lm\u0131\u015f, kendi kendini y\u00f6neten on tar\u0131m ve zanaat kooperatifinden olu\u015fan bir a\u011fd\u0131r. Kooperatiflerde tah\u0131l, yem ve sebze tohumlar\u0131 \u00fcretilir.<br \/><a class=\"centered mobile\" href=\"http:\/\/www.prolongomai.ch\/\"><img loading=\"lazy\" class=\"alignnone size-full wp-image-626\" src=\"https:\/\/www.diyseeds.org\/wp-content\/uploads\/2019\/01\/icone_point.png\" alt=\"\" width=\"11\" height=\"11\" \/> www.prolongomai.ch<\/a><\/p><h4 class=\"align-center\"><\/h4><h4>The European Civic forum<\/h4><p>Ba\u015fka aktivitelerin yan\u0131s\u0131ra, a\u00e7\u0131k tozlanan tohumlar\u0131 ve sosyal haklara sayg\u0131l\u0131 k\u00fc\u00e7\u00fck \u00f6l\u00e7ekli \u00e7ift\u00e7ili\u011fi savunmada aktif olan uluslararas\u0131 bir dayan\u0131\u015fma a\u011f\u0131d\u0131r.<br \/><a class=\"centered mobile\" href=\"https:\/\/www.forumcivique.org\/\"><img loading=\"lazy\" class=\"alignnone size-full wp-image-626\" src=\"https:\/\/www.diyseeds.org\/wp-content\/uploads\/2019\/01\/icone_point.png\" alt=\"\" width=\"11\" height=\"11\" \/> www.forumcivique.org<\/a><\/p><h4 class=\"align-center\"><\/h4><h4>Kokopelli<\/h4><p>Biyo\u00e7e\u015fitlilik ve topra\u011f\u0131 savunmaya adanm\u0131\u015f dernek. 2000&#8217;den fazla \u00e7e\u015fit sebze, aromatik bitki, tah\u0131l, \u00e7i\u00e7ek ve \u015fifal\u0131 bitki tohumunun sat\u0131\u015f\u0131n\u0131 yapar. Bu tohumlar\u0131n hepsi \u00e7o\u011falt\u0131labilirdir ve fikri m\u00fclkiyet haklar\u0131ndan ari, h\u00fcr tohumlard\u0131r.<br \/><a class=\"centered mobile\" href=\"http:\/\/www.kokopelli-semences.fr\"><img loading=\"lazy\" class=\"alignnone size-full wp-image-626\" src=\"https:\/\/www.diyseeds.org\/wp-content\/uploads\/2019\/01\/icone_point.png\" alt=\"\" width=\"11\" height=\"11\" \/> www.kokopelli-semences.fr<\/a><\/p><h4 class=\"align-center\"><\/h4><h4>Arche Noah<\/h4><p>Austrian association which saves and maintains thousands of endangered vegetable, fruit and cereal varieties with the help of over 11,000 members and supporters.<br \/><a class=\"centered mobile\" href=\"http:\/\/www.arche-noah.at\"><img loading=\"lazy\" class=\"alignnone size-full wp-image-626\" src=\"https:\/\/www.diyseeds.org\/wp-content\/uploads\/2019\/01\/icone_point.png\" alt=\"\" width=\"11\" height=\"11\" \/> www.arche-noah.at<\/a><\/p><h4 class=\"align-center\"><\/h4><h4>Biodiverso<\/h4><p>BioDiVerso, ya\u015fam tutkusunu ve \u00e7e\u015fitlili\u011fini payla\u015fan bir grup arkada\u015f\u0131n kurdu\u011fu bir dernektir. Biyolojik oldu\u011fu kadar k\u00fclt\u00fcrel \u00e7e\u015fitlilik, d\u00fcnyaya bak\u0131\u015f\u0131m\u0131zdaki farkl\u0131l\u0131klar\u0131n \u015fiirselli\u011fi&#8230;<br \/><a class=\"centered mobile\" href=\"http:\/\/https:\/\/www.facebook.com\/cultivediversidade\"><img loading=\"lazy\" class=\"alignnone wp-image-626\" src=\"https:\/\/www.diyseeds.org\/wp-content\/uploads\/2019\/01\/icone_point.png\" alt=\"\" width=\"11\" height=\"11\" \/> https:\/\/www.facebook.com\/cultivediversidade<\/a><\/p><h4 class=\"align-center\"><\/h4><h4>Fifteenth Garden<\/h4><p>Fifteenth Garden (15. Bah\u00e7e), bombalanan, ku\u015fat\u0131lan ve abluka alt\u0131na al\u0131nan Suriye \u015fehirlerindeki \u015fehir bah\u00e7eleri ve tohum koruyucular\u0131n\u0131n olu\u015fturdu\u011fu, a\u015fa\u011f\u0131dan yukar\u0131ya do\u011fru \u00f6rg\u00fctlenen bir a\u011fd\u0131r. Bu g\u0131da egemenli\u011fi a\u011f\u0131, kom\u015fu \u00fclkelerdeki m\u00fclteci kamplar\u0131ndaki aile bah\u00e7elerini, k\u0131rsal \u00e7iftlikleri ve tar\u0131msal giri\u015fimleri de i\u00e7eriyor.<br \/><a class=\"centered mobile\" href=\"https:\/\/aseed.net\/en\/the-15th-garden-seeds-for-syria\"><img loading=\"lazy\" class=\"alignnone size-full wp-image-626\" src=\"https:\/\/www.diyseeds.org\/wp-content\/uploads\/2019\/01\/icone_point.png\" alt=\"\" width=\"11\" height=\"11\" \/> aseed.net\/en\/the-15th-garden-seeds-for-syria<\/a><\/p><h4 class=\"align-center\"><\/h4><h4>Buzuruna Juzuruna<\/h4><p>L\u00fcbnan&#8217;da agroekoloji i\u00e7in bir e\u011fitim merkezi kuran Suriyeli, L\u00fcbnanl\u0131 ve Frans\u0131z \u00e7ift\u00e7ilerden olu\u015fan kolektif. L\u00fcbnan ve Suriye&#8217;deki tar\u0131m pazarlar\u0131n\u0131n kurumsal olarak kontrol alt\u0131na al\u0131nmas\u0131na direnmek i\u00e7in bu teknikleri bug\u00fcn\u00fcn ve yar\u0131n\u0131n Ortado\u011fu&#8217;sunda kullan\u0131ma sokmay\u0131 hedefliyorlar.<br \/><a class=\"centered mobile\" href=\"https:\/\/www.facebook.com\/Grainesetcinema\/\"><img loading=\"lazy\" class=\"alignnone size-full wp-image-626\" src=\"https:\/\/www.diyseeds.org\/wp-content\/uploads\/2019\/01\/icone_point.png\" alt=\"\" width=\"11\" height=\"11\" \/> www.facebook.com\/Grainesetcinema<\/a><\/p><h4 class=\"align-center\"><br \/><br \/><\/h4>","protected":false},"excerpt":{"rendered":"<p>Diyseeds A\u011f\u0131LONGO MAI1973 y\u0131l\u0131nda kurulan Longo ma\u00ef hareketi, alt\u0131 Avrupa \u00fclkesine yay\u0131lm\u0131\u015f, kendi kendini y\u00f6neten on tar\u0131m ve zanaat kooperatifinden olu\u015fan bir a\u011fd\u0131r. Kooperatiflerde tah\u0131l, yem ve sebze tohumlar\u0131 \u00fcretilir.www.prolongomai.chThe European Civic forumBa\u015fka aktivitelerin yan\u0131s\u0131ra, a\u00e7\u0131k tozlanan tohumlar\u0131 ve sosyal haklara sayg\u0131l\u0131 k\u00fc\u00e7\u00fck \u00f6l\u00e7ekli \u00e7ift\u00e7ili\u011fi savunmada aktif olan uluslararas\u0131 bir dayan\u0131\u015fma a\u011f\u0131d\u0131r.www.forumcivique.orgKokopelliBiyo\u00e7e\u015fitlilik ve topra\u011f\u0131 savunmaya [&hellip;]<\/p>\n","protected":false},"author":4,"featured_media":104,"parent":0,"menu_order":0,"comment_status":"closed","ping_status":"closed","template":"","meta":{"spay_email":""},"jetpack_shortlink":"https:\/\/wp.me\/PaG7IL-8O","_links":{"self":[{"href":"https:\/\/www.diyseeds.org\/tr\/wp-json\/wp\/v2\/pages\/546"}],"collection":[{"href":"https:\/\/www.diyseeds.org\/tr\/wp-json\/wp\/v2\/pages"}],"about":[{"href":"https:\/\/www.diyseeds.org\/tr\/wp-json\/wp\/v2\/types\/page"}],"author":[{"embeddable":true,"href":"https:\/\/www.diyseeds.org\/tr\/wp-json\/wp\/v2\/users\/4"}],"replies":[{"embeddable":true,"href":"https:\/\/www.diyseeds.org\/tr\/wp-json\/wp\/v2\/comments?post=546"}],"version-history":[{"count":149,"href":"https:\/\/www.diyseeds.org\/tr\/wp-json\/wp\/v2\/pages\/546\/revisions"}],"predecessor-version":[{"id":2924,"href":"https:\/\/www.diyseeds.org\/tr\/wp-json\/wp\/v2\/pages\/546\/revisions\/2924"}],"wp:featuredmedia":[{"embeddable":true,"href":"https:\/\/www.diyseeds.org\/tr\/wp-json\/wp\/v2\/media\/104"}],"wp:attachment":[{"href":"https:\/\/www.diyseeds.org\/tr\/wp-json\/wp\/v2\/media?parent=546"}],"curies":[{"name":"wp","href":"https:\/\/api.w.org\/{rel}","templated":true}]}}