{"id":42,"date":"2018-12-14T19:08:29","date_gmt":"2018-12-14T18:08:29","guid":{"rendered":"http:\/\/www.diyseeds.org\/en\/?page_id=42"},"modified":"2025-03-08T14:16:29","modified_gmt":"2025-03-08T13:16:29","slug":"team","status":"publish","type":"page","link":"https:\/\/www.diyseeds.org\/tr\/team\/","title":{"rendered":"Ekibi"},"content":{"rendered":"<h1>Diyseeds Ekibi<\/h1>\r\n\r\n<hr style=\"width: 40px;height: 1.5pt;line-height: 1.5pt;text-align: left;color: #5e240d;background-color: #5e240d;margin-top: 0;margin-bottom: 0;\" \/>\r\n\r\n<h3>Y\u00f6netmenler: Martina Widmer ve Sylvie Seguin<\/h3>\r\n\r\n<p>Avrupa Sivil Forumu&#8217;ndan Martina Widmer ve Longo Ma\u00ef Kooperatifinden Sylvie Seguin, Kokopelli ile i\u015fbirli\u011fi sayesinde 2000&#8217;li y\u0131llar\u0131n ba\u015f\u0131ndan bu yana bah\u00e7ecilik ve tohum \u00fcretiminde deneyim sahibidir. Her ikisi de Tohum Takaslar\u0131 d\u00fczenledi ve Kokopelli&#8217;nin &#8220;S\u0131n\u0131r Tan\u0131mayan Tohumlar&#8221; a\u011f\u0131 kapsam\u0131nda tohum \u00fcreticileri a\u011f\u0131na kat\u0131ld\u0131. Ayr\u0131ca, Avrupa Sivil Forumu&#8217;nun k\u0131s\u0131tlay\u0131c\u0131 tohum mevzuat\u0131na kar\u015f\u0131 ve a\u00e7\u0131k tozla\u015fan ata tohumlar\u0131na eri\u015fim lehine halk\u0131 bilin\u00e7lendirme kampanyalar\u0131nda yer al\u0131yorlar.<\/p>\r\n\r\n<h3>Yard\u0131mc\u0131 y\u00f6netmen: Olga Widmer<\/h3>\r\n\r\n<p>Y\u00f6netmen, ba\u015f kameraman ve kurgucu Olga Widmer 15 y\u0131l\u0131 a\u015fk\u0131n bir s\u00fcredir belgesel sinema alan\u0131nda faaliyet g\u00f6steriyor. \u0130svi\u00e7re&#8217;deki Longo Ma\u00ef derne\u011fi i\u00e7in tar\u0131m politikas\u0131 konular\u0131nda bir belgesel de dahil olmak \u00fczere bir\u00e7ok belgesel \u00fcretti. olgawidmer.com<\/p>\r\n\r\n<h3>\u00c7izim ve animasyonlar: Myleine Guiard Schmid<\/h3>\r\n\r\n<p>Myleine Guiard-Schmid, sinema i\u00e7in \u00e7izimler ve animasyonlar yarat\u0131r. Sinema, heykel, resim, t\u00fcm g\u00f6rsel sanatlar onun tutkusu, mesle\u011fidir. Teknikler \u00f6\u011frenerek, dinlemeyi bilerek, ba\u015fkalar\u0131yla de\u011fi\u015f toku\u015flar yaparak i\u015fine anlam katmay\u0131 sever. Sanat, g\u00fczellik ve g\u00fc\u00e7l\u00fc bir tarzla g\u00f6stermek, anlatmak ve if\u015fa etmek i\u00e7in yads\u0131namaz bir g\u00fcce sahiptir. myleineguiardschmid.wordpress.com \/ myleine.animation@gmail.com<\/p>\r\n\r\n<h3>Film yap\u0131mc\u0131lar\u0131<\/h3>\r\n\r\n<p>1973 y\u0131l\u0131nda kurulan Longo ma\u00ef hareketi, alt\u0131 Avrupa \u00fclkesine yay\u0131lm\u0131\u015f, kendi kendini y\u00f6neten on tar\u0131m ve zanaat kooperatifinden olu\u015fan bir a\u011fd\u0131r. Kooperatiflerde tah\u0131l, yem ve sebze tohumlar\u0131 \u00fcretilir. T\u00fcm kooperatifler kendi tohumlar\u0131n\u0131n bir k\u0131sm\u0131n\u0131 \u00fcretir, d\u00fczenli tohum takaslar\u0131 d\u00fczenler. B\u00f6ylece bu \u00e7e\u015fitlere olan ilginin artmas\u0131n\u0131 ve daha fazla insan\u0131n kendi tohumlar\u0131n\u0131 \u00fcretmesini te\u015fvik eder.<\/p>\r\n\r\n<p>Avrupa Sivil Forumu, bir \u00e7ok alanda aktif olan uluslararas\u0131 bir dayan\u0131\u015fma a\u011f\u0131d\u0131r, bunlar aras\u0131nda a\u00e7\u0131k tozlanan tohumlar\u0131 ve sosyal haklara sayg\u0131l\u0131 k\u00fc\u00e7\u00fck \u00f6l\u00e7ekli \u00e7ift\u00e7ili\u011fi savunma da \u00f6n s\u0131rada yer al\u0131r.<\/p>\r\n\r\n<br \/>\r\n\r\n<p style=\"text-align: center;\"><img class=\" wp-image-637 aligncenter\" src=\"http:\/\/www.diyseeds.org\/wp-content\/uploads\/2019\/01\/Sylvie-300x169.jpg\" alt=\"\" width=\"100%\" srcset=\"https:\/\/www.diyseeds.org\/wp-content\/uploads\/2019\/01\/Sylvie-300x169.jpg 300w, https:\/\/www.diyseeds.org\/wp-content\/uploads\/2019\/01\/Sylvie-600x338.jpg 600w, https:\/\/www.diyseeds.org\/wp-content\/uploads\/2019\/01\/Sylvie-768x432.jpg 768w, https:\/\/www.diyseeds.org\/wp-content\/uploads\/2019\/01\/Sylvie-1024x576.jpg 1024w, https:\/\/www.diyseeds.org\/wp-content\/uploads\/2019\/01\/Sylvie.jpg 1920w\" sizes=\"(max-width: 300px) 100vw, 300px\" \/>Sylvie Seguin<\/p>\r\n\r\n<p style=\"text-align: center;\"><img class=\"aligncenter wp-image-636\" src=\"http:\/\/www.diyseeds.org\/wp-content\/uploads\/2019\/01\/Martina-300x169.jpg\" alt=\"\" width=\"100%\" srcset=\"https:\/\/www.diyseeds.org\/wp-content\/uploads\/2019\/01\/Martina-300x169.jpg 300w, https:\/\/www.diyseeds.org\/wp-content\/uploads\/2019\/01\/Martina-600x338.jpg 600w, https:\/\/www.diyseeds.org\/wp-content\/uploads\/2019\/01\/Martina-768x432.jpg 768w, https:\/\/www.diyseeds.org\/wp-content\/uploads\/2019\/01\/Martina-1024x576.jpg 1024w, https:\/\/www.diyseeds.org\/wp-content\/uploads\/2019\/01\/Martina.jpg 1920w\" sizes=\"(max-width: 300px) 100vw, 300px\" \/>Martina Widmer<\/p>\r\n\r\n<p style=\"text-align: center;\"><img class=\"aligncenter wp-image-638\" src=\"http:\/\/www.diyseeds.org\/wp-content\/uploads\/2019\/01\/tournage-Olga-001-300x200.jpg\" alt=\"\" width=\"100%\" srcset=\"https:\/\/www.diyseeds.org\/wp-content\/uploads\/2019\/01\/tournage-Olga-001-300x200.jpg 300w, https:\/\/www.diyseeds.org\/wp-content\/uploads\/2019\/01\/tournage-Olga-001-600x400.jpg 600w, https:\/\/www.diyseeds.org\/wp-content\/uploads\/2019\/01\/tournage-Olga-001-768x511.jpg 768w, https:\/\/www.diyseeds.org\/wp-content\/uploads\/2019\/01\/tournage-Olga-001-1024x682.jpg 1024w, https:\/\/www.diyseeds.org\/wp-content\/uploads\/2019\/01\/tournage-Olga-001.jpg 1820w\" sizes=\"(max-width: 300px) 100vw, 300px\" \/>Olga Widmer, Fran\u00e7ois ve Mayra Aymonier<\/p>\r\n\r\n<p style=\"text-align: center;\"><img class=\"alignnone wp-image-639\" src=\"http:\/\/www.diyseeds.org\/wp-content\/uploads\/2019\/01\/image-300x168.jpg\" alt=\"\" width=\"100%\" srcset=\"https:\/\/www.diyseeds.org\/wp-content\/uploads\/2019\/01\/image-300x168.jpg 300w, https:\/\/www.diyseeds.org\/wp-content\/uploads\/2019\/01\/image.jpg 431w\" sizes=\"(max-width: 300px) 100vw, 300px\" \/>\r\nMylene Guiard Schmid<\/p>\r\n\r\n<br \/>\r\n\r\n<img loading=\"lazy\" class=\"wp-image-644 aligncenter\" src=\"http:\/\/www.diyseeds.org\/wp-content\/uploads\/2019\/01\/logo_longomai_noir-300x82.png\" alt=\"\" width=\"127\" height=\"35\" srcset=\"https:\/\/www.diyseeds.org\/wp-content\/uploads\/2019\/01\/logo_longomai_noir-300x82.png 300w, https:\/\/www.diyseeds.org\/wp-content\/uploads\/2019\/01\/logo_longomai_noir-600x163.png 600w, https:\/\/www.diyseeds.org\/wp-content\/uploads\/2019\/01\/logo_longomai_noir.png 735w\" sizes=\"(max-width: 127px) 100vw, 127px\" \/>\r\n\r\n<img loading=\"lazy\" class=\"wp-image-643 aligncenter\" src=\"http:\/\/www.diyseeds.org\/wp-content\/uploads\/2019\/01\/logo_forum_civique-300x104.png\" alt=\"\" width=\"124\" height=\"43\" srcset=\"https:\/\/www.diyseeds.org\/wp-content\/uploads\/2019\/01\/logo_forum_civique-300x104.png 300w, https:\/\/www.diyseeds.org\/wp-content\/uploads\/2019\/01\/logo_forum_civique.png 400w\" sizes=\"(max-width: 124px) 100vw, 124px\" \/>\r\n\r\n<br \/>\r\n\r\n<hr style=\"width: 50px;height: 1.5pt;line-height: 1.5pt;text-align: center;color: #5e240D;background-color: #5e240D;margin: auto;margin-top: 0;margin-bottom: 0;\" \/>\r\n\r\n<br \/>\r\n\r\n\n        \n    <ul id=\"support\">\n        <li id=\"support-us\"><a href=\"https:\/\/www.diyseeds.org\/tr\/support-us\/\"> Bize nas\u0131l destek olabilirsiniz?<\/a><\/li>        <li id=\"buy\"><a href=\"https:\/\/www.diyseeds.org\/tr\/dvd\/\">DVD'yi sat\u0131n al<\/a><\/li>    <\/ul>\n    \n        \n\r\n\r\n<br \/>\r\n<br \/>","protected":false},"excerpt":{"rendered":"<p>Diyseeds Ekibi Y\u00f6netmenler: Martina Widmer ve Sylvie Seguin Avrupa Sivil Forumu&#8217;ndan Martina Widmer ve Longo Ma\u00ef Kooperatifinden Sylvie Seguin, Kokopelli ile i\u015fbirli\u011fi sayesinde 2000&#8217;li y\u0131llar\u0131n ba\u015f\u0131ndan bu yana bah\u00e7ecilik ve tohum \u00fcretiminde deneyim sahibidir. Her ikisi de Tohum Takaslar\u0131 d\u00fczenledi ve Kokopelli&#8217;nin &#8220;S\u0131n\u0131r Tan\u0131mayan Tohumlar&#8221; a\u011f\u0131 kapsam\u0131nda tohum \u00fcreticileri a\u011f\u0131na kat\u0131ld\u0131. Ayr\u0131ca, Avrupa Sivil Forumu&#8217;nun [&hellip;]<\/p>\n","protected":false},"author":1,"featured_media":104,"parent":0,"menu_order":0,"comment_status":"closed","ping_status":"closed","template":"","meta":{"spay_email":""},"jetpack_shortlink":"https:\/\/wp.me\/PaG7IL-G","_links":{"self":[{"href":"https:\/\/www.diyseeds.org\/tr\/wp-json\/wp\/v2\/pages\/42"}],"collection":[{"href":"https:\/\/www.diyseeds.org\/tr\/wp-json\/wp\/v2\/pages"}],"about":[{"href":"https:\/\/www.diyseeds.org\/tr\/wp-json\/wp\/v2\/types\/page"}],"author":[{"embeddable":true,"href":"https:\/\/www.diyseeds.org\/tr\/wp-json\/wp\/v2\/users\/1"}],"replies":[{"embeddable":true,"href":"https:\/\/www.diyseeds.org\/tr\/wp-json\/wp\/v2\/comments?post=42"}],"version-history":[{"count":98,"href":"https:\/\/www.diyseeds.org\/tr\/wp-json\/wp\/v2\/pages\/42\/revisions"}],"predecessor-version":[{"id":2920,"href":"https:\/\/www.diyseeds.org\/tr\/wp-json\/wp\/v2\/pages\/42\/revisions\/2920"}],"wp:featuredmedia":[{"embeddable":true,"href":"https:\/\/www.diyseeds.org\/tr\/wp-json\/wp\/v2\/media\/104"}],"wp:attachment":[{"href":"https:\/\/www.diyseeds.org\/tr\/wp-json\/wp\/v2\/media?parent=42"}],"curies":[{"name":"wp","href":"https:\/\/api.w.org\/{rel}","templated":true}]}}