{"id":207,"date":"2019-01-17T11:47:12","date_gmt":"2019-01-17T10:47:12","guid":{"rendered":"http:\/\/www.diyseeds.org\/en\/?page_id=207"},"modified":"2025-03-10T00:27:15","modified_gmt":"2025-03-09T23:27:15","slug":"why-produce-own-seeds","status":"publish","type":"page","link":"https:\/\/www.diyseeds.org\/tr\/why-produce-own-seeds\/","title":{"rendered":"Neden kendi tohumlar\u0131m\u0131z\u0131 \u00fcretmeliyiz?"},"content":{"rendered":"<h1>Neden kendi tohumlar\u0131m\u0131z\u0131 \u00fcretmeliyiz?<\/h1>\r\n\r\n<p>Kendi tohumlar\u0131n\u0131z\u0131 \u00fcretmek size daha fazla \u00f6zerklik sa\u011flayacakt\u0131r; b\u00f6ylece say\u0131s\u0131z nesiller boyunca geli\u015fen ve h\u0131zla yok olan ortak bir miras\u0131n korunmas\u0131na katk\u0131da bulunacaks\u0131n\u0131z. Bu, tohum \u015firketlerinin bu b\u00fcy\u00fck ya\u015fam kayna\u011f\u0131 \u00fczerinde tam kontrol sahibi olmalar\u0131n\u0131 sa\u011flaya ve giderek k\u0131s\u0131tlay\u0131c\u0131 hale gelen yasalara kar\u015f\u0131 bir sivil itaatsizlik eylemidir.<\/p>\r\n\r\n<p>Standartla\u015fm\u0131\u015f ve k\u00fcreselle\u015fmi\u015f bir pazarda tar\u0131msal sanayinin tekel haline gelmesi nesillerin kendi kendine beslenmesini sa\u011flayan bin y\u0131ll\u0131k tar\u0131m sistemlerinin yok olmas\u0131na yol a\u00e7m\u0131\u015ft\u0131r.<\/p>\r\n\r\n<h1>Sanayi, k\u00f6yl\u00fclerin bilgi birikimini gasp ederek bizi savunmas\u0131z hale getiriyor<\/h1>\r\n\r\n<p>Eskiden gezegende y\u00fczbinlerce sebze t\u00fcr\u00fc vard\u0131, ancak bug\u00fcn h\u0131zla yok olma s\u00fcreciyle kar\u015f\u0131 kar\u015f\u0131yalar ve d\u00fcnyan\u0131n g\u0131da arz\u0131, giderek azalan, s\u0131n\u0131rl\u0131 say\u0131da bitki t\u00fcr\u00fcne dayan\u0131yor. Her b\u00f6lge, her vadi, yerel ko\u015fullara uyarlanm\u0131\u015f kendi \u00e7e\u015fitlerine sahipti. \u00c7ift\u00e7iler aras\u0131nda tohum takas\u0131 hayat\u0131n bir par\u00e7as\u0131yd\u0131. \u00c7e\u015fitler dola\u015f\u0131mdayd\u0131.<\/p>\r\n\r\n<p>End\u00fcstriyel tar\u0131m ise raf \u00f6mr\u00fc uzun, hepsi birbirinin ayn\u0131 \u00fcr\u00fcnler verecek \u201chomojen\u201d ve \u201cstabil\u201d \u00e7e\u015fitlere ihtiya\u00e7 duyar. Bu, \u00e7e\u015fitlilik a\u00e7\u0131s\u0131ndan zengin ve uyum sa\u011flama, geli\u015fme ve de\u011fi\u015fen yerel k\u0131s\u0131tlamalara direnme becerisine sahip &#8220;pop\u00fclasyonlar&#8221; geli\u015ftiren \u00e7ift\u00e7ilerin kulland\u0131\u011f\u0131 se\u00e7im kriterlerinin tam tersidir.<\/p>\r\n\r\n<p>Bitki hastal\u0131klar\u0131n\u0131n \u00e7o\u011fu end\u00fcstriyel tar\u0131m y\u00fcz\u00fcnden daha da \u015fiddetlenir. A\u015f\u0131r\u0131 basitle\u015ftirilmi\u015f ve mekanize tar\u0131m sistemlerine dayal\u0131 monok\u00fclt\u00fcrler, gelecekte yaln\u0131zca k\u0131tl\u0131\u011fa yol a\u00e7acak geri d\u00f6n\u00fc\u015f\u00fc olmayan genetik erozyona neden olmakta. Bu, nesillerdir \u00e7ift\u00e7iler taraf\u0131ndan ortaya konulan s\u0131n\u0131rs\u0131z yarat\u0131c\u0131l\u0131\u011fa bir hakarettir.<\/p>\r\n\r\n<h1>Kanun d\u0131\u015f\u0131 hale gelen ata miras\u0131<\/h1>\r\n\r\n<p>Avrupa&#8217;da giderek daha k\u0131s\u0131tlay\u0131c\u0131 hale gelen mevzuat, tohum \u00fcreticilerine \u00e7e\u015fitleri kat\u0131 DHS kriterleri (distinctness, homogeneity and stability \/ farkl\u0131l\u0131k, homojenlik ve tutarl\u0131l\u0131k) dayatan resmi bir katalo\u011fa kaydetme zorunlulu\u011fu getirir. Bu kriterler, entansif tar\u0131msal \u00fcretimin ihtiya\u00e7lar\u0131na g\u00f6re \u015fekillenmi\u015ftir ve hi\u00e7bir \u015fekilde atal\u0131k tohumlara ya da k\u00fc\u00e7\u00fck \u00fcreticilere uygun de\u011fildir. Bu yasalara uymayanlar, Kokopelli&#8217;nin Fransa&#8217;da birka\u00e7 kez deneyimledi\u011fi gibi, kendilerini hakim \u00f6n\u00fcnde bulabilirler. Bu t\u00fcr yasalarla m\u00fccadele edilmelidir. Bunlara kar\u015f\u0131 koyman\u0131n en iyi yollar\u0131ndan biri de yasal olsun ya da olmas\u0131n tohum \u00fcreten insan say\u0131s\u0131n\u0131 art\u0131rmakt\u0131r.<\/p>\r\n\r\n<h1>K\u00f6yl\u00fc tohumlar\u0131 toplumsal direngenli\u011fin tam kalbinde yer al\u0131r<\/h1>\r\n\r\n<p>Kriz ve \u00e7at\u0131\u015fma zamanlar\u0131nda ya\u015f\u0131yoruz. Her sava\u015f, her ekonomik kriz, hem bireyleri hem de bir b\u00fct\u00fcn olarak toplumlar\u0131, en temel ihtiya\u00e7lar\u0131n\u0131 yeniden g\u00f6zden ge\u00e7irmeye zorlar: ki\u015finin ba\u015f\u0131n\u0131 sokabilece\u011fi bir \u00e7at\u0131, giyecek ve yiyecek. Durum pek umut verici de\u011fil. \u015eehir sakinlerinin \u00e7o\u011fu art\u0131k bir sebzenin nas\u0131l ekilece\u011fini dahi bilmiyor, \u00e7ift\u00e7iler ise tohumlar\u0131 i\u00e7in neredeyse tamamen birka\u00e7 \u00e7ok uluslu \u015firkete ba\u011f\u0131ml\u0131.<\/p>\r\n\r\n<p>Yunanistan\u2019da, Suriye\u2019de ve ba\u015fka yerlerde, krizler ve sava\u015flar nedeniyle istikrars\u0131zla\u015fan n\u00fcfuslar tohumlara eri\u015fmeye \u00e7al\u0131\u015f\u0131yor. Suriye&#8217;de, t\u00fcm tah\u0131l mahsullerinin be\u015fi\u011fi Irak&#8217;ta, bir\u00e7ok sebzenin k\u00f6keninin bulundu\u011fu Afganistan&#8217;da tohum bankalar\u0131, genellikle Bat\u0131\u2019n\u0131n bombalar\u0131yla sistematik olarak yok edildi. Bunlar, nesillerdir \u00e7ift\u00e7iler taraf\u0131ndan evcille\u015ftirilen \u00e7e\u015fitlerin ata tohumlar\u0131n\u0131n paha bi\u00e7ilmez miras\u0131yd\u0131.<\/p>\r\n\r\n<p>Bu miras\u0131, \u00e7ift\u00e7ilerin eri\u015fiminin \u00e7ok az oldu\u011fu birka\u00e7 gen bankas\u0131na emanet etmek tehlikelidir. 21. y\u00fczy\u0131l\u0131n ba\u015f\u0131nda tah\u0131l mahsulleri \u00fczerindeki spek\u00fclasyonlar\u0131n ve iklim de\u011fi\u015fikli\u011finin sonucunda \u00e7o\u011fu kentlerde ya\u015fanm\u0131\u015f olan kanl\u0131 g\u0131da isyanlar\u0131n\u0131 da unutmamal\u0131y\u0131z.<\/p>\r\n\r\n<h1>\u0130dealmi\u015f gibi sunuluyor ancak, genetik manip\u00fclasyon tehlikeli bir \u00e7\u0131kmaz sokakt\u0131r<\/h1>\r\n\r\n<p>K\u00fcresel \u00f6l\u00e7ekte geneti\u011fi de\u011fi\u015ftirilmi\u015f bitkiler art\u0131k Bat\u0131 Avrupa&#8217;n\u0131nkine e\u015fde\u011fer bir y\u00fczeyi kapl\u0131yor. M\u0131s\u0131r bitkisinin be\u015fi\u011fi olan Meksika&#8217;daki eski geleneksel m\u0131s\u0131r \u00e7e\u015fitleri, Amerika Birle\u015fik Devletleri&#8217;nden ithal edilen GDO&#8217;lu m\u0131s\u0131rla kirletildi.<\/p>\r\n\r\n<p>Bize dayat\u0131lan GDO&#8217;lar ne k\u0131tl\u0131\u011f\u0131, ne yetersiz beslenmeyi \u00e7\u00f6zecek, ne de bitki ve insan hastal\u0131klar\u0131n\u0131 \u00f6nleyecekler. Aksine, \u00e7evre ve halk sa\u011fl\u0131\u011f\u0131 i\u00e7in bir tehdit olu\u015fturuyorlar.<\/p>\r\n\r\n<p>\u00d6rne\u011fin Fransa&#8217;da, ara\u015ft\u0131rma enstit\u00fcleri taraf\u0131ndan yulaf \u00fczerinde yap\u0131lan \u0131slah \u00e7al\u0131\u015fmalar\u0131, \u00e7ok pahal\u0131 oldu\u011fu ve temel besin kayna\u011f\u0131 yulaf olan i\u015f atlar\u0131n\u0131n ortadan kalkmas\u0131 nedeniyle terk edildi. Ama ya bir g\u00fcn hayvan g\u00fcc\u00fcne d\u00f6nmek zorunda kal\u0131rsak?<\/p>\r\n\r\n<p>End\u00fcstriyel tar\u0131m taraftarlar\u0131, s\u00fcrekli artan bir n\u00fcfusun beslenebilmesini sa\u011flaman\u0131n tek yolunun bu oldu\u011funu iddia ediyor. Oysa tam tersine, gezegenin gelece\u011fini tehlikeye at\u0131yorlar.<\/p>\r\n\r\n<h1>K\u00f6yl\u00fc tohumlar\u0131 bizim gelece\u011fimizdir, onlar\u0131 geri almal\u0131y\u0131z!<\/h1>\r\n\r\n<p>K\u00fc\u00e7\u00fck \u00e7ift\u00e7ilerin ortadan kalkmas\u0131, farkl\u0131 \u00e7e\u015fitlerin ve onlar\u0131 yeti\u015ftirmek ve \u00e7o\u011faltmak i\u00e7in gereken bilgi birikiminin de yok olmas\u0131na neden olur. K\u00fc\u00e7\u00fck \u00e7ift\u00e7iler ve bah\u00e7\u0131vanlar tohum bek\u00e7ileridir ve bu nedenle onlar\u0131n say\u0131lar\u0131n\u0131n \u00e7o\u011falmas\u0131n\u0131 sa\u011flamal\u0131y\u0131z.<\/p>\r\n\r\n<p>T\u00fcm bu nedenlerden dolay\u0131, ata tohumu \u00e7e\u015fitlerinin muazzam \u00e7e\u015fitlili\u011fini korumal\u0131 ve gelece\u011fin tohumlar\u0131 olduklar\u0131 i\u00e7in onlara \u00fccretsiz eri\u015fim sa\u011flamal\u0131y\u0131z. Hayatta kalmalar\u0131n\u0131 garanti alt\u0131na alman\u0131n tek yolu, onlar\u0131 derin dondurucularda veya gen bankalar\u0131nda tutmak yerine bah\u00e7elerimizde yeti\u015ftirmektir.<\/p>\r\n\r\n<p>Bu film, kendi tohumlar\u0131n\u0131z\u0131 \u00fcretmenizi sa\u011flayacak bir ara\u00e7 sunmay\u0131 ama\u00e7lamaktad\u0131r. Tohum \u00fcretmek hi\u00e7 zor de\u011fil, hi\u00e7bir maliyeti yok, \u00fcstelik \u00e7ok da zevkli. Bu bilgi, tohumlar\u0131 patentleyerek veya steril hibrit \u00e7e\u015fitler yaratarak eri\u015fimi \u00f6zelle\u015ftiren \u015firketler i\u00e7in \u00e7al\u0131\u015fan uzmanlar\u0131n tekelinde olmamal\u0131d\u0131r.<\/p>\r\n\r\n<p>Kendi tohumlar\u0131n\u0131z\u0131 \u00fcreterek bu bilgiyi daha fazla insanla payla\u015fabilirsiniz ve daha fazla \u00f6zerklik elde edebilirsiniz. Tohumlar, sahip \u00e7\u0131kmam\u0131z ve gelecek i\u00e7in korumam\u0131z gereken ortak bir mirast\u0131r.<\/p>\r\n\r\n<p><strong style=\"font-size: 12pt;\">Jacques Berguerand, Longo ma\u00ef, Temmuz 2015<\/strong>   <div class=\"less\"><a href=\"http:\/\/www.diyseeds.org\/home\"><div class=\"align-center\"><div class=\"minus\"><\/div><\/div><\/a><\/div><\/p>","protected":false},"excerpt":{"rendered":"<p>Neden kendi tohumlar\u0131m\u0131z\u0131 \u00fcretmeliyiz? Kendi tohumlar\u0131n\u0131z\u0131 \u00fcretmek size daha fazla \u00f6zerklik sa\u011flayacakt\u0131r; b\u00f6ylece say\u0131s\u0131z nesiller boyunca geli\u015fen ve h\u0131zla yok olan ortak bir miras\u0131n korunmas\u0131na katk\u0131da bulunacaks\u0131n\u0131z. Bu, tohum \u015firketlerinin bu b\u00fcy\u00fck ya\u015fam kayna\u011f\u0131 \u00fczerinde tam kontrol sahibi olmalar\u0131n\u0131 sa\u011flaya ve giderek k\u0131s\u0131tlay\u0131c\u0131 hale gelen yasalara kar\u015f\u0131 bir sivil itaatsizlik eylemidir. Standartla\u015fm\u0131\u015f ve k\u00fcreselle\u015fmi\u015f bir [&hellip;]<\/p>\n","protected":false},"author":4,"featured_media":104,"parent":0,"menu_order":0,"comment_status":"closed","ping_status":"closed","template":"","meta":{"spay_email":""},"jetpack_shortlink":"https:\/\/wp.me\/PaG7IL-3l","_links":{"self":[{"href":"https:\/\/www.diyseeds.org\/tr\/wp-json\/wp\/v2\/pages\/207"}],"collection":[{"href":"https:\/\/www.diyseeds.org\/tr\/wp-json\/wp\/v2\/pages"}],"about":[{"href":"https:\/\/www.diyseeds.org\/tr\/wp-json\/wp\/v2\/types\/page"}],"author":[{"embeddable":true,"href":"https:\/\/www.diyseeds.org\/tr\/wp-json\/wp\/v2\/users\/4"}],"replies":[{"embeddable":true,"href":"https:\/\/www.diyseeds.org\/tr\/wp-json\/wp\/v2\/comments?post=207"}],"version-history":[{"count":44,"href":"https:\/\/www.diyseeds.org\/tr\/wp-json\/wp\/v2\/pages\/207\/revisions"}],"predecessor-version":[{"id":2929,"href":"https:\/\/www.diyseeds.org\/tr\/wp-json\/wp\/v2\/pages\/207\/revisions\/2929"}],"wp:featuredmedia":[{"embeddable":true,"href":"https:\/\/www.diyseeds.org\/tr\/wp-json\/wp\/v2\/media\/104"}],"wp:attachment":[{"href":"https:\/\/www.diyseeds.org\/tr\/wp-json\/wp\/v2\/media?parent=207"}],"curies":[{"name":"wp","href":"https:\/\/api.w.org\/{rel}","templated":true}]}}