{"id":90,"date":"2018-12-22T22:36:52","date_gmt":"2018-12-22T21:36:52","guid":{"rendered":"http:\/\/www.diyseeds.org\/en\/?page_id=90"},"modified":"2026-02-16T09:58:16","modified_gmt":"2026-02-16T08:58:16","slug":"home","status":"publish","type":"page","link":"https:\/\/www.diyseeds.org\/pt\/home\/","title":{"rendered":"Home"},"content":{"rendered":"<h1>SEMEIA!<\/h1>\r\n\r\n<p>Semia! \u00e9 um conjunto de 40 filmes curtos para aprender a produzir sementes de hortali\u00e7as. Ele apresenta as bases te\u00f3ricas e pr\u00e1ticas no primeiro DVD chamado ABC, na sequ\u00eancia, apresenta todas as etapas necess\u00e1rias para a produ\u00e7\u00e3o de sementes de 40 tipos de hortali\u00e7as.<\/p>\r\n\r\n<p>SEMEIA foi produzido pela Longo Ma\u00ef e o F\u00f3rum C\u00edvico Europeu, duas associa\u00e7\u00f5es europ\u00e9ias que contribuem para a preserva\u00e7\u00e3o da agrobiodiversidade e que lutam em defesa das sementes reprodut\u00edveis.<\/p>\r\n\r\n<br \/>\r\n<br \/>\r\n\r\n<div class=\"more\"><a href=\"https:\/\/www.diyseeds.org\/pt\/why-produce-own-seeds\/\"><div class=\"align-center\">Porque produzir as suas pr\u00f3prias sementes?<div class=\"plus\"><\/div><\/div><\/a><\/div>\r\n\r\n<br \/>\r\n<br \/>","protected":false},"excerpt":{"rendered":"<p>SEMEIA! Semia! \u00e9 um conjunto de 40 filmes curtos para aprender a produzir sementes de hortali\u00e7as. Ele apresenta as bases te\u00f3ricas e pr\u00e1ticas no primeiro DVD chamado ABC, na sequ\u00eancia, apresenta todas as etapas necess\u00e1rias para a produ\u00e7\u00e3o de sementes de 40 tipos de hortali\u00e7as. SEMEIA foi produzido pela Longo Ma\u00ef e o F\u00f3rum C\u00edvico [&hellip;]<\/p>\n","protected":false},"author":2,"featured_media":104,"parent":0,"menu_order":0,"comment_status":"closed","ping_status":"closed","template":"","meta":{"spay_email":""},"jetpack_shortlink":"https:\/\/wp.me\/PaG7IL-1s","_links":{"self":[{"href":"https:\/\/www.diyseeds.org\/pt\/wp-json\/wp\/v2\/pages\/90"}],"collection":[{"href":"https:\/\/www.diyseeds.org\/pt\/wp-json\/wp\/v2\/pages"}],"about":[{"href":"https:\/\/www.diyseeds.org\/pt\/wp-json\/wp\/v2\/types\/page"}],"author":[{"embeddable":true,"href":"https:\/\/www.diyseeds.org\/pt\/wp-json\/wp\/v2\/users\/2"}],"replies":[{"embeddable":true,"href":"https:\/\/www.diyseeds.org\/pt\/wp-json\/wp\/v2\/comments?post=90"}],"version-history":[{"count":144,"href":"https:\/\/www.diyseeds.org\/pt\/wp-json\/wp\/v2\/pages\/90\/revisions"}],"predecessor-version":[{"id":2960,"href":"https:\/\/www.diyseeds.org\/pt\/wp-json\/wp\/v2\/pages\/90\/revisions\/2960"}],"wp:featuredmedia":[{"embeddable":true,"href":"https:\/\/www.diyseeds.org\/pt\/wp-json\/wp\/v2\/media\/104"}],"wp:attachment":[{"href":"https:\/\/www.diyseeds.org\/pt\/wp-json\/wp\/v2\/media?parent=90"}],"curies":[{"name":"wp","href":"https:\/\/api.w.org\/{rel}","templated":true}]}}