{"id":74,"date":"2018-12-15T09:32:34","date_gmt":"2018-12-15T08:32:34","guid":{"rendered":"http:\/\/www.diyseeds.org\/en\/?page_id=74"},"modified":"2025-03-10T00:10:02","modified_gmt":"2025-03-09T23:10:02","slug":"resources","status":"publish","type":"page","link":"https:\/\/www.diyseeds.org\/pt\/resources\/","title":{"rendered":"Recursos"},"content":{"rendered":"<h1>recursos<\/h1>\r\n\r\n<hr style=\"width: 50px;height: 1.5pt;line-height: 1.5pt;text-align: left;color: #5e240D;background-color: #5e240D;margin-top: 0;margin-bottom: 0;\" \/>\r\n\r\n<h4 class=\"centered mobile\">AS \u00c1RVORES DE CLASSIFICA\u00c7\u00c3O BOT\u00c2NICA<\/h4>\r\n\r\n<p>As \u00e1rvores das fam\u00edlias bot\u00e2nicas foram desenhadas em nossa iniciativa pela Muleine Guiard Schmid. Ela quer colocar essas aquarelas a disposi\u00e7\u00e3o para interven\u00e7\u00f5es pedag\u00f3gicas  e sem fim lucrativos, sob a licen\u00e7a Creative Commons. Para qualquer modifica\u00e7\u00e3o, favor entrar em contato com Myleine Guiard Schmid : myleine.animation@gmail.com<\/p>\r\n\r\n<br \/>\r\n\r\n<hr style=\"width: 50px;height: 1.5pt;line-height: 1.5pt;text-align: left;color: #5e240D;background-color: #5e240D;margin-top: 0;margin-bottom: 0;\" \/>\r\n\r\n<h4 class=\"centered mobile\">Books<\/h4>\r\n\r\n<p>Para realizar estes filmes , baseamos nosso trabalho em tr\u00eas livros muito preciosos:<\/p>\r\n\r\n<ul>\r\n\t<li><strong>Semences de Kokopelli<br \/><\/strong>Escrito pelo Dominique Guillet<br \/>e publicado na editora<br \/>\u00ab La Voix des semences \u00bb<\/li>\r\n\t<li>\u201cSementes de hortali\u00e7as,o manual<br \/>para produzir suas pr\u00f3prias sementes\u201d<br \/>Andrea Heistinger, Arche Noah,<br \/>Pro Specie Rara, editora Rouergue<\/li>\r\n\t<li><strong>Seed to Seed<\/strong><br \/>by Suzanne Ashworth<br \/>Seed Savers Exchange<\/li>\r\n<\/ul>\r\n\r\n<br \/>\r\n\r\n<hr style=\"width: 50px;height: 1.5pt;line-height: 1.5pt;text-align: left;color: #5e240D;background-color: #5e240D;margin-top: 0;margin-bottom: 0;\" \/>\r\n\r\n\n        \n    <ul id=\"support\">\n        <li id=\"support-us\"><a href=\"https:\/\/www.diyseeds.org\/pt\/support-us\/\"> Como nos apoiar?<\/a><\/li>        <li id=\"buy\"><a href=\"https:\/\/www.diyseeds.org\/pt\/dvd\/\">Comprar o DVD<\/a><\/li>    <\/ul>\n    \n        \n\r\n\r\n<br \/>\r\n<br \/>","protected":false},"excerpt":{"rendered":"<p>recursos AS \u00c1RVORES DE CLASSIFICA\u00c7\u00c3O BOT\u00c2NICA As \u00e1rvores das fam\u00edlias bot\u00e2nicas foram desenhadas em nossa iniciativa pela Muleine Guiard Schmid. Ela quer colocar essas aquarelas a disposi\u00e7\u00e3o para interven\u00e7\u00f5es pedag\u00f3gicas e sem fim lucrativos, sob a licen\u00e7a Creative Commons. Para qualquer modifica\u00e7\u00e3o, favor entrar em contato com Myleine Guiard Schmid : myleine.animation@gmail.com Books Para realizar [&hellip;]<\/p>\n","protected":false},"author":2,"featured_media":104,"parent":0,"menu_order":0,"comment_status":"closed","ping_status":"closed","template":"","meta":{"spay_email":""},"jetpack_shortlink":"https:\/\/wp.me\/PaG7IL-1c","_links":{"self":[{"href":"https:\/\/www.diyseeds.org\/pt\/wp-json\/wp\/v2\/pages\/74"}],"collection":[{"href":"https:\/\/www.diyseeds.org\/pt\/wp-json\/wp\/v2\/pages"}],"about":[{"href":"https:\/\/www.diyseeds.org\/pt\/wp-json\/wp\/v2\/types\/page"}],"author":[{"embeddable":true,"href":"https:\/\/www.diyseeds.org\/pt\/wp-json\/wp\/v2\/users\/2"}],"replies":[{"embeddable":true,"href":"https:\/\/www.diyseeds.org\/pt\/wp-json\/wp\/v2\/comments?post=74"}],"version-history":[{"count":88,"href":"https:\/\/www.diyseeds.org\/pt\/wp-json\/wp\/v2\/pages\/74\/revisions"}],"predecessor-version":[{"id":2925,"href":"https:\/\/www.diyseeds.org\/pt\/wp-json\/wp\/v2\/pages\/74\/revisions\/2925"}],"wp:featuredmedia":[{"embeddable":true,"href":"https:\/\/www.diyseeds.org\/pt\/wp-json\/wp\/v2\/media\/104"}],"wp:attachment":[{"href":"https:\/\/www.diyseeds.org\/pt\/wp-json\/wp\/v2\/media?parent=74"}],"curies":[{"name":"wp","href":"https:\/\/api.w.org\/{rel}","templated":true}]}}