{"id":551,"date":"2019-01-22T14:38:11","date_gmt":"2019-01-22T13:38:11","guid":{"rendered":"http:\/\/www.diyseeds.org\/en\/?page_id=551"},"modified":"2025-09-26T15:03:11","modified_gmt":"2025-09-26T13:03:11","slug":"support-us","status":"publish","type":"page","link":"https:\/\/www.diyseeds.org\/pt\/support-us\/","title":{"rendered":"Nos apoiar"},"content":{"rendered":"<h1>NOS APOIAR<\/h1>\r\n\r\n<hr style=\"width: 40px;height: 1.5pt;line-height: 1.5pt;text-align: left;color: #5e240d;background-color: #5e240d;margin-top: 0;margin-bottom: 0;\" \/>\r\n\r\n<br \/>\r\n\r\n<p>Para nos apoiar, voc\u00eas podem fazer uma doa\u00e7\u00e3o para a associa\u00e7\u00e3o Forum Civique Europ\u00e9en atrav\u00e9s de diferentes meios de pagamento.<\/p>\r\n\r\n<p><img loading=\"lazy\" class=\"size-full wp-image-654 alignnone\" src=\"https:\/\/www.diyseeds.org\/wp-content\/uploads\/2019\/01\/icone_1.png\" alt=\"\" width=\"17\" height=\"17\" \/> por transfer\u00eancia banc\u00e1ria para:<br \/>Forum Civique Europ\u00e9en<br \/>Soci\u00e9t\u00e9 G\u00e9n\u00e9rale<br \/>Code IBAN:  FR76 3000 3031 5400 0500 2221 881<br \/>Code BIC: SOGEFRPP<\/p>\r\n\r\n<p><img loading=\"lazy\" class=\"size-full wp-image-655 alignnone\" src=\"https:\/\/www.diyseeds.org\/wp-content\/uploads\/2019\/01\/icone_2.png\" alt=\"\" width=\"17\" height=\"17\" \/> por cart\u00e3o de cr\u00e9dito via Paypal<\/p>\r\n\r\n<form action=\"https:\/\/www.paypal.com\/cgi-bin\/webscr\" method=\"post\" target=\"_top\"><input name=\"cmd\" type=\"hidden\" value=\"_s-xclick\" \/><input name=\"hosted_button_id\" type=\"hidden\" value=\"U2888M2PJ3DUE\" \/><input title=\"PayPal - The safer, easier way to pay online!\" alt=\"Donate with PayPal button\" name=\"submit\" src=\"https:\/\/www.paypalobjects.com\/en_US\/i\/btn\/btn_donate_SM.gif\" type=\"image\" \/><img loading=\"lazy\" src=\"https:\/\/www.paypal.com\/en_FR\/i\/scr\/pixel.gif\" alt=\"\" width=\"1\" height=\"1\" border=\"0\" \/><\/form>\r\n\r\n<p><img loading=\"lazy\" class=\"size-full wp-image-656 alignnone\" src=\"https:\/\/www.diyseeds.org\/wp-content\/uploads\/2019\/01\/icone_3.png\" alt=\"\" width=\"17\" height=\"17\" \/> por cheque em nome do:<br \/>Forum Civique Europ\u00e9en<br \/>Grange neuve<br \/>1920 ancienne route de Forcalquier<br \/>04 300 Limans FRANCE<\/p>\r\n\r\n<p>Estamos pedindo o seu apoio para poder atender \u00e0s numerosas solicita\u00e7\u00f5es de tradu\u00e7\u00e3o dos filmes em novas l\u00ednguas. Existem hoje cinco vers\u00f5es completas: franc\u00eas, ingl\u00eas, alem\u00e3o, espanhol, portugu\u00eas e uma vers\u00e3o reduzida em \u00e1rabe.<\/p>\r\n\r\n<p>As associa\u00e7\u00f5es Forum Civique Europ\u00e9en e Longo Ma\u00ef, produtoras destes filmes, precisam de todos os meios humanos e financeiros para continuar esta obra titanesca.<\/p>\r\n\r\n<p>Saibam tamb\u00e9m que quando voc\u00eas compram o DVD \u201cSemences Buissoni\u00e8res\u201d no website www.seedfilm.org ou a vers\u00e3o \u201cSEMEIA!\u201d no website www.biodiverso.org.br , a quase integralidade do valor depositado serve para apoiar projetos de fomento ao acesso \u00e0s sementes crioulas.<\/p>\r\n\r\n<p>Voc\u00eas podem tamb\u00e9m nos apoiar pela difus\u00e3o dos filmes para que cada um(a) possa acessar os conhecimentos vinculado \u00e0s sementes. Os filmes s\u00e3o protegidos com uma licen\u00e7a Creative Commons, e ent\u00e3o podem ser mostrados em p\u00fablico sem contrapartida financeira.<\/p>\r\n\r\n<p>Se voc\u00ea deseja traduzir os v\u00eddeos em uma nova l\u00edngua, favor entre em contato conosco pelo e-mail: <a href=\"mailto:info@diyseeds.org\/\">info@diyseeds.org<\/a><\/p>\r\n\r\n<p>E sobretudo, produzam belas sementes a serem trocadas com seus vizinhos ou seu amigos; sementes para serem doadas e espalhadas em todo lugar onde elas podem fazer falta. Um dos mais lindos presentes a oferecer quando viajamos!<\/p>\r\n\r\n<p>Que as sementes viagem at\u00e9 o fim do mundo!<\/p>\r\n\r\n<br \/>\r\n<br \/>","protected":false},"excerpt":{"rendered":"<p>NOS APOIAR Para nos apoiar, voc\u00eas podem fazer uma doa\u00e7\u00e3o para a associa\u00e7\u00e3o Forum Civique Europ\u00e9en atrav\u00e9s de diferentes meios de pagamento. por transfer\u00eancia banc\u00e1ria para:Forum Civique Europ\u00e9enSoci\u00e9t\u00e9 G\u00e9n\u00e9raleCode IBAN: FR76 3000 3031 5400 0500 2221 881Code BIC: SOGEFRPP por cart\u00e3o de cr\u00e9dito via Paypal por cheque em nome do:Forum Civique Europ\u00e9enGrange neuve1920 ancienne route [&hellip;]<\/p>\n","protected":false},"author":4,"featured_media":104,"parent":0,"menu_order":0,"comment_status":"closed","ping_status":"closed","template":"","meta":{"spay_email":""},"jetpack_shortlink":"https:\/\/wp.me\/PaG7IL-8T","_links":{"self":[{"href":"https:\/\/www.diyseeds.org\/pt\/wp-json\/wp\/v2\/pages\/551"}],"collection":[{"href":"https:\/\/www.diyseeds.org\/pt\/wp-json\/wp\/v2\/pages"}],"about":[{"href":"https:\/\/www.diyseeds.org\/pt\/wp-json\/wp\/v2\/types\/page"}],"author":[{"embeddable":true,"href":"https:\/\/www.diyseeds.org\/pt\/wp-json\/wp\/v2\/users\/4"}],"replies":[{"embeddable":true,"href":"https:\/\/www.diyseeds.org\/pt\/wp-json\/wp\/v2\/comments?post=551"}],"version-history":[{"count":122,"href":"https:\/\/www.diyseeds.org\/pt\/wp-json\/wp\/v2\/pages\/551\/revisions"}],"predecessor-version":[{"id":2981,"href":"https:\/\/www.diyseeds.org\/pt\/wp-json\/wp\/v2\/pages\/551\/revisions\/2981"}],"wp:featuredmedia":[{"embeddable":true,"href":"https:\/\/www.diyseeds.org\/pt\/wp-json\/wp\/v2\/media\/104"}],"wp:attachment":[{"href":"https:\/\/www.diyseeds.org\/pt\/wp-json\/wp\/v2\/media?parent=551"}],"curies":[{"name":"wp","href":"https:\/\/api.w.org\/{rel}","templated":true}]}}