{"id":546,"date":"2019-01-22T14:25:34","date_gmt":"2019-01-22T13:25:34","guid":{"rendered":"http:\/\/www.diyseeds.org\/en\/?page_id=546"},"modified":"2025-03-10T00:07:49","modified_gmt":"2025-03-09T23:07:49","slug":"links","status":"publish","type":"page","link":"https:\/\/www.diyseeds.org\/pt\/links\/","title":{"rendered":"Nossa rede"},"content":{"rendered":"<h1>Nossa rede<\/h1>\r\n\r\n<hr style=\"width: 45px;height: 1.5pt;line-height: 1.5pt;text-align: left;color: #5E24D;background-color: #5E24D;margin-top: 0;margin-bottom: 0;\" \/><h4>LONGO MAI<\/h4>\r\n\r\n<p>O movimento Longo Ma\u00ef nasceu em 1973, hoje \u00e9 formado de uma rede de oito cooperativas autogestionadas, agr\u00edcolas e artesanais em cinco pa\u00edses da Europa. Ele pratica, entre outras atividades, a produ\u00e7\u00e3o de sementes seja de cereais, forrageiras ou hortali\u00e7as.<br \/><a href=\"http:\/\/www.prolongomaif.ch\/\" class=\"centered mobile\"><img loading=\"lazy\" class=\"alignnone size-full wp-image-626\" src=\"https:\/\/www.diyseeds.org\/wp-content\/uploads\/2019\/01\/icone_point.png\" alt=\"\" width=\"11\" height=\"11\" \/> www.prolongomaif.ch<\/a><\/p>\r\n\r\n<h4>O Forum Civique Europeu<\/h4>\r\n\r\n<p>\u00c9 uma rede internacional de solidariedade, envolvida entre outras lutas na defesa das sementes livres e de uma agricultura camponesa respeitosa dos direitos sociais.<br \/><a href=\"https:\/\/www.forumcivique.org\/\" class=\"centered mobile\"><img loading=\"lazy\" class=\"alignnone size-full wp-image-626\" src=\"https:\/\/www.diyseeds.org\/wp-content\/uploads\/2019\/01\/icone_point.png\" alt=\"\" width=\"11\" height=\"11\" \/> www.forumcivique.org<\/a><\/p>\r\n\r\n<h4>Biodiverso<\/h4>\r\n\r\n<p>A associa\u00e7\u00e3o BioDiVerso \u00e9 um grupo de amigos que compartilham a paix\u00e3o pela vida e sua diversidade&#8230; Seja diversidade biol\u00f3gica, cultural ou simplesmente a poesia dos diversos olhares que temos sobre o mundo.<br \/><a href=\"https:\/\/www.facebook.com\/cultivediversidade\" class=\"centered mobile\"><img loading=\"lazy\" class=\"alignnone size-full wp-image-626\" src=\"https:\/\/www.diyseeds.org\/wp-content\/uploads\/2019\/01\/icone_point.png\" alt=\"\" width=\"11\" height=\"11\" \/> https:\/\/www.facebook.com\/cultivediversidade<\/a><\/p>\r\n\r\n<h4>Kokopelli<\/h4>\r\n\r\n<p>Associa\u00e7\u00e3o de preserva\u00e7\u00e3o da biodiversidade e do h\u00famus. Ela vende mais de 2000 variedades de sementes livres de direitos e reprodut\u00edveis (hortali\u00e7as, arom\u00e1ticas, cereais, flores e medicinais).<br \/><a href=\"http:\/\/www.kokopelli-semences.fr\" class=\"centered mobile\"><img loading=\"lazy\" class=\"alignnone size-full wp-image-626\" src=\"https:\/\/www.diyseeds.org\/wp-content\/uploads\/2019\/01\/icone_point.png\" alt=\"\" width=\"11\" height=\"11\" \/> www.kokopelli-semences.fr<\/a><\/p>\r\n\r\n<h4>Arche de Noah<\/h4>\r\n\r\n<p>Associa\u00e7\u00e3o austr\u00edaca que preserva e mant\u00e9m milhares de variedades de hortali\u00e7as, de frutas e de cereais em risco de extin\u00e7\u00e3o, gra\u00e7as ao apoio de 11.000 membros ativos e numerosos simpatizantes.<br \/><a href=\"http:\/\/www.arche-noah.at\" class=\"centered mobile\"><img loading=\"lazy\" class=\"alignnone size-full wp-image-626\" src=\"https:\/\/www.diyseeds.org\/wp-content\/uploads\/2019\/01\/icone_point.png\" alt=\"\" width=\"11\" height=\"11\" \/> www.arche-noah.at<\/a><\/p>\r\n\r\n<h4>Fifteenth garden<\/h4>\r\n\r\n<p>15th Garden, \u00e9 uma rede de jardineiros urbanos e guardi\u00f5es de sementes das cidades bombardeadas, destru\u00eddas ou bloqueadas da S\u00edria. Esta rede soberana de cultivo de alimentos envolve hortas familiares, unidades de rurais de produ\u00e7\u00e3o e iniciativas agr\u00edcolas em campos de refugiados nos pa\u00edses vizinhos.<br \/><a href=\"https:\/\/aseed.net\/en\/the-15th-garden-seeds-for-syria\" class=\"centered mobile\"><img loading=\"lazy\" class=\"alignnone size-full wp-image-626\" src=\"https:\/\/www.diyseeds.org\/wp-content\/uploads\/2019\/01\/icone_point.png\" alt=\"\" width=\"11\" height=\"11\" \/> aseed.net\/en\/the-15th-garden-seeds-for-syria<\/a><\/p>\r\n\r\n<h4>Buzuruna Juzuruna<\/h4>\r\n\r\n<p>Buzurna Juzurna \u00e9 um coletivo de agricultores s\u00edrios, libaneses e franceses que criou um centro de forma\u00e7\u00e3o em agroecologia em Lebanon. Eles querem utilizar essas t\u00e9cnicas no Oriente M\u00e9dio de hoje e do futuro para resistir ao controle do mercado agr\u00edcola em Lebanon e na S\u00edria.<br \/><a href=\"https:\/\/www.facebook.com\/Grainesetcinema\/\" class=\"centered mobile\"><img loading=\"lazy\" class=\"alignnone size-full wp-image-626\" src=\"https:\/\/www.diyseeds.org\/wp-content\/uploads\/2019\/01\/icone_point.png\" alt=\"\" width=\"11\" height=\"11\" \/> www.facebook.com\/Grainesetcinema<\/a><\/p>\r\n\r\n<br \/>\r\n<br \/>","protected":false},"excerpt":{"rendered":"<p>Nossa rede LONGO MAI O movimento Longo Ma\u00ef nasceu em 1973, hoje \u00e9 formado de uma rede de oito cooperativas autogestionadas, agr\u00edcolas e artesanais em cinco pa\u00edses da Europa. Ele pratica, entre outras atividades, a produ\u00e7\u00e3o de sementes seja de cereais, forrageiras ou hortali\u00e7as.www.prolongomaif.ch O Forum Civique Europeu \u00c9 uma rede internacional de solidariedade, envolvida [&hellip;]<\/p>\n","protected":false},"author":4,"featured_media":104,"parent":0,"menu_order":0,"comment_status":"closed","ping_status":"closed","template":"","meta":{"spay_email":""},"jetpack_shortlink":"https:\/\/wp.me\/PaG7IL-8O","_links":{"self":[{"href":"https:\/\/www.diyseeds.org\/pt\/wp-json\/wp\/v2\/pages\/546"}],"collection":[{"href":"https:\/\/www.diyseeds.org\/pt\/wp-json\/wp\/v2\/pages"}],"about":[{"href":"https:\/\/www.diyseeds.org\/pt\/wp-json\/wp\/v2\/types\/page"}],"author":[{"embeddable":true,"href":"https:\/\/www.diyseeds.org\/pt\/wp-json\/wp\/v2\/users\/4"}],"replies":[{"embeddable":true,"href":"https:\/\/www.diyseeds.org\/pt\/wp-json\/wp\/v2\/comments?post=546"}],"version-history":[{"count":149,"href":"https:\/\/www.diyseeds.org\/pt\/wp-json\/wp\/v2\/pages\/546\/revisions"}],"predecessor-version":[{"id":2924,"href":"https:\/\/www.diyseeds.org\/pt\/wp-json\/wp\/v2\/pages\/546\/revisions\/2924"}],"wp:featuredmedia":[{"embeddable":true,"href":"https:\/\/www.diyseeds.org\/pt\/wp-json\/wp\/v2\/media\/104"}],"wp:attachment":[{"href":"https:\/\/www.diyseeds.org\/pt\/wp-json\/wp\/v2\/media?parent=546"}],"curies":[{"name":"wp","href":"https:\/\/api.w.org\/{rel}","templated":true}]}}