{"id":534,"date":"2019-01-22T12:24:53","date_gmt":"2019-01-22T11:24:53","guid":{"rendered":"http:\/\/www.diyseeds.org\/en\/?page_id=534"},"modified":"2025-03-09T23:59:51","modified_gmt":"2025-03-09T22:59:51","slug":"dvd","status":"publish","type":"page","link":"https:\/\/www.diyseeds.org\/pt\/dvd\/","title":{"rendered":"DVD"},"content":{"rendered":"<h1>Para comprar o DVD<\/h1>\r\n<hr style=\"width: 40px;height: 1.5pt;line-height: 1.5pt;text-align: left;color: #5e240d;background-color: #5e240d;margin-top: 0;margin-bottom: 0;\" \/>\r\n\r\n<br \/>\r\n\r\n<p><b>SEMEIA!<\/b> \u00c9 um conjunto de 40 filmes curtos para aprender a produzir sementes de hortali\u00e7as. Ele apresenta as bases te\u00f3ricas e pr\u00e1ticas no primeiro DVD chamado ABC, na sequ\u00eancia, apresenta todas as etapas necess\u00e1rias para a produ\u00e7\u00e3o de sementes de 40 tipos de hortali\u00e7as. (436 minutos)<\/p>\r\n\r\n<p>Este conjunto existe em duas vers\u00f5es de tr\u00eas l\u00ednguas cada uma:<\/p>\r\n\r\n<ul>\r\n\t<li>Franc\u00eas\/Ingl\u00eas\/Alem\u00e3o<\/li>\r\n\t<li>Espanhol\/Portugu\u00eas\/Ingl\u00eas<\/li>\r\n<\/ul>\r\n\r\n<br \/>\r\n\r\n<hr style=\"width: 40px;height: 1.5pt;line-height: 1.5pt;text-align: left;color: #5e240d;background-color: #5e240d;margin-top: 0;margin-bottom: 0;\" \/>\r\n\r\n<br \/>\r\n\r\n<p><strong>Para comprar, por favor selecione seu pa\u00eds abaixo:<\/strong><\/p>\r\n\r\n<div id=\"accordion-1\" class=\"accordion no-js\">\n\t\t\t\t\t<h3 role=\"button\" id=\"accordion-1-t1\" class=\"accordion-title js-accordion-controller\" aria-controls=\"accordion-1-c1\" aria-expanded=\"false\" tabindex=\"0\">\n\t\t\t\tBrasil\t\t\t<\/h3>\n\t\t\n\t\t<div id=\"accordion-1-c1\" class=\"accordion-content\" aria-hidden=\"true\">\n\t\t\t<p><img loading=\"lazy\" class=\"alignnone size-full wp-image-626\" src=\"https:\/\/www.diyseeds.org\/wp-content\/uploads\/2019\/01\/icone_point.png\" alt=\"\" width=\"11\" height=\"11\"> <a href=\"https:\/\/www.biodiverso.org.br\/\">Associa\u00e7\u00e3o BioDiVerso<\/a><br \/>Tel: +55 (41) 99767-8587    [Manu]<br \/>Tel: +55 (41) 98838-7131    [Caetano]<br \/>Email: asso.biodiverso@gmail.com<\/p>\t\t<\/div>\n\n\t\t\n\t\t\t\t\t<h3 role=\"button\" id=\"accordion-1-t2\" class=\"accordion-title js-accordion-controller\" aria-controls=\"accordion-1-c2\" aria-expanded=\"false\" tabindex=\"0\">\n\t\t\t\tPortugal\t\t\t<\/h3>\n\t\t\n\t\t<div id=\"accordion-1-c2\" class=\"accordion-content\" aria-hidden=\"true\">\n\t\t\t<div class=\"woocommerce columns-1 \"><ul class=\"products columns-1\">\n<li class=\"product type-product post-1045 status-publish first instock product_cat-non-classe has-post-thumbnail purchasable product-type-simple\">\n\t<\/li>\n<\/ul>\n<\/div>\t\t<\/div>\n\n\t\t<\/div><br \/><hr style=\"width: 150px;height: 1.5pt;line-height: 1.5pt;text-align: left;color: #af815f;background-color: #af815f;margin-top: 0;margin-bottom: 0;\" \/>\r\n\r\n<br \/>\r\n<br \/>","protected":false},"excerpt":{"rendered":"<p>Para comprar o DVD SEMEIA! \u00c9 um conjunto de 40 filmes curtos para aprender a produzir sementes de hortali\u00e7as. Ele apresenta as bases te\u00f3ricas e pr\u00e1ticas no primeiro DVD chamado ABC, na sequ\u00eancia, apresenta todas as etapas necess\u00e1rias para a produ\u00e7\u00e3o de sementes de 40 tipos de hortali\u00e7as. (436 minutos) Este conjunto existe em duas [&hellip;]<\/p>\n","protected":false},"author":4,"featured_media":104,"parent":0,"menu_order":0,"comment_status":"closed","ping_status":"closed","template":"","meta":{"spay_email":""},"jetpack_shortlink":"https:\/\/wp.me\/PaG7IL-8C","_links":{"self":[{"href":"https:\/\/www.diyseeds.org\/pt\/wp-json\/wp\/v2\/pages\/534"}],"collection":[{"href":"https:\/\/www.diyseeds.org\/pt\/wp-json\/wp\/v2\/pages"}],"about":[{"href":"https:\/\/www.diyseeds.org\/pt\/wp-json\/wp\/v2\/types\/page"}],"author":[{"embeddable":true,"href":"https:\/\/www.diyseeds.org\/pt\/wp-json\/wp\/v2\/users\/4"}],"replies":[{"embeddable":true,"href":"https:\/\/www.diyseeds.org\/pt\/wp-json\/wp\/v2\/comments?post=534"}],"version-history":[{"count":114,"href":"https:\/\/www.diyseeds.org\/pt\/wp-json\/wp\/v2\/pages\/534\/revisions"}],"predecessor-version":[{"id":2922,"href":"https:\/\/www.diyseeds.org\/pt\/wp-json\/wp\/v2\/pages\/534\/revisions\/2922"}],"wp:featuredmedia":[{"embeddable":true,"href":"https:\/\/www.diyseeds.org\/pt\/wp-json\/wp\/v2\/media\/104"}],"wp:attachment":[{"href":"https:\/\/www.diyseeds.org\/pt\/wp-json\/wp\/v2\/media?parent=534"}],"curies":[{"name":"wp","href":"https:\/\/api.w.org\/{rel}","templated":true}]}}