{"id":42,"date":"2018-12-14T19:08:29","date_gmt":"2018-12-14T18:08:29","guid":{"rendered":"http:\/\/www.diyseeds.org\/en\/?page_id=42"},"modified":"2025-03-08T14:16:29","modified_gmt":"2025-03-08T13:16:29","slug":"team","status":"publish","type":"page","link":"https:\/\/www.diyseeds.org\/pt\/team\/","title":{"rendered":"Equipe"},"content":{"rendered":"<h1>Equipe<\/h1>\r\n\r\n<hr style=\"width: 40px;height: 1.5pt;line-height: 1.5pt;text-align: left;color: #5e240d;background-color: #5e240d;margin-top: 0;margin-bottom: 0;\" \/>\r\n\r\n<h3>As diretoras<\/h3>\r\n\r\n<p>Martina Widmer e Sylvie Seguin, s\u00e3o ambas membros do F\u00f3rum C\u00edvico Europeu e da coperativa Longo Ma\u00ef em Limans, Forcalquier no Sudeste da Fran\u00e7a. Elas tem muitos anos de experi\u00eancia em produ\u00e7\u00e3o de sementes.<\/p>\r\n\r\n<h3>Dire\u00e7\u00e3o, Filmagem e Edi\u00e7\u00e3o<\/h3>\r\n\r\n<p>Olga Widmer trabalha no cinema document\u00e1rio h\u00e1 muito anos. Ela dirigiu document\u00e1rios sobre diferentes assuntos como agricultura, migra\u00e7\u00f5es, defici\u00eancia, etc.<br \/>www.olgawidmer.com<\/p>\r\n\r\n<h3>Anima\u00e7\u00f5es e Desenhos<\/h3>\r\n\r\n<p>Myleine Guiard Schmid \u00e9 artista pl\u00e1stica e criadora de cinema de anima\u00e7\u00e3o: Cinema, escultura, pintura&#8230; a arte \u00e9 a sua paix\u00e3o e sua profiss\u00e3o. Aprender com as t\u00e9cnicas, saber escutar, trocar com o outro lhe possibilitou dar um sentido a essa voca\u00e7\u00e3o. A arte tem uma for\u00e7a  n\u00edtida, a de poder mostrar, contar e denunciar com beleza e estilo. myleineguiardschmid.wordpress.com\/myleine.animation@gmail.com<\/p>\r\n\r\n<h3>Produ\u00e7\u00e3o<\/h3>\r\n\r\n<p>Longo ma\u00ef \u00e9 um conjunto de pequenas fazendas cooperativas europeias nascido em 1973, que pratica a produ\u00e7\u00e3o de sementes tanto para gr\u00e3os, forrageiras, assim como hortali\u00e7as. A produ\u00e7\u00e3o alimentar e sua transforma\u00e7\u00e3o sempre foram uma preocupa\u00e7\u00e3o importante e levou a conhecer e valorizar as variedades locais, e ent\u00e3o a manuten\u00e7\u00e3o destas.<\/p>\r\n\r\n<p>O F\u00f3rum C\u00edvico Europeu (Forum Civique Europ\u00e9en) \u00e9 uma associa\u00e7\u00e3o presente em diversos pa\u00edses europeus e envolvida na luta por uma agricultura camponesa respeitosa dos diretos sociais, na luta pela defesa das sementes reprodut\u00edveis tanto a n\u00edvel pr\u00e1tico que institucional, pela articula\u00e7\u00e3o em rede das iniciativas locais a n\u00edvel europeu, bem como atrav\u00e9s de campanhas de sensibiliza\u00e7\u00e3o.<\/p>\r\n\r\n<p>A Associa\u00e7\u00e3o BioDiVerso \u00e9 uma iniciativa de um grupo de amigos apaixonados pela vida, sua diversidade, sua poesia, sua beleza e suas riquezas.<\/p>\r\n\r\n<p>A associa\u00e7\u00e3o \u00e9 uma organiza\u00e7\u00e3o sem fins lucrativos voltada \u00e0 multiplica\u00e7\u00e3o, difus\u00e3o e partilha de conhecimento e cultura, bem como \u00e0 promo\u00e7\u00e3o da diversidade natural e cultural, com \u00eanfase na agrobiodiversidade e nas rela\u00e7\u00f5es entre cidade e campo, prezando pela integridade na rela\u00e7\u00e3o entre humano, meio ambiente e demais seres vivos.<\/p>\r\n\r\n<br \/>\r\n\r\n<p style=\"text-align: center;\"><img class=\" wp-image-637 aligncenter\" src=\"http:\/\/www.diyseeds.org\/wp-content\/uploads\/2019\/01\/Sylvie-300x169.jpg\" alt=\"\" width=\"100%\" srcset=\"https:\/\/www.diyseeds.org\/wp-content\/uploads\/2019\/01\/Sylvie-300x169.jpg 300w, https:\/\/www.diyseeds.org\/wp-content\/uploads\/2019\/01\/Sylvie-600x338.jpg 600w, https:\/\/www.diyseeds.org\/wp-content\/uploads\/2019\/01\/Sylvie-768x432.jpg 768w, https:\/\/www.diyseeds.org\/wp-content\/uploads\/2019\/01\/Sylvie-1024x576.jpg 1024w, https:\/\/www.diyseeds.org\/wp-content\/uploads\/2019\/01\/Sylvie.jpg 1920w\" sizes=\"(max-width: 300px) 100vw, 300px\" \/>Sylvie Seguin<\/p>\r\n\r\n<p style=\"text-align: center;\"><img class=\"aligncenter wp-image-636\" src=\"http:\/\/www.diyseeds.org\/wp-content\/uploads\/2019\/01\/Martina-300x169.jpg\" alt=\"\" width=\"100%\" srcset=\"https:\/\/www.diyseeds.org\/wp-content\/uploads\/2019\/01\/Martina-300x169.jpg 300w, https:\/\/www.diyseeds.org\/wp-content\/uploads\/2019\/01\/Martina-600x338.jpg 600w, https:\/\/www.diyseeds.org\/wp-content\/uploads\/2019\/01\/Martina-768x432.jpg 768w, https:\/\/www.diyseeds.org\/wp-content\/uploads\/2019\/01\/Martina-1024x576.jpg 1024w, https:\/\/www.diyseeds.org\/wp-content\/uploads\/2019\/01\/Martina.jpg 1920w\" sizes=\"(max-width: 300px) 100vw, 300px\" \/>Martina Widmer<\/p>\r\n\r\n<p style=\"text-align: center;\"><img class=\"aligncenter wp-image-638\" src=\"http:\/\/www.diyseeds.org\/wp-content\/uploads\/2019\/01\/tournage-Olga-001-300x200.jpg\" alt=\"\" width=\"100%\" srcset=\"https:\/\/www.diyseeds.org\/wp-content\/uploads\/2019\/01\/tournage-Olga-001-300x200.jpg 300w, https:\/\/www.diyseeds.org\/wp-content\/uploads\/2019\/01\/tournage-Olga-001-600x400.jpg 600w, https:\/\/www.diyseeds.org\/wp-content\/uploads\/2019\/01\/tournage-Olga-001-768x511.jpg 768w, https:\/\/www.diyseeds.org\/wp-content\/uploads\/2019\/01\/tournage-Olga-001-1024x682.jpg 1024w, https:\/\/www.diyseeds.org\/wp-content\/uploads\/2019\/01\/tournage-Olga-001.jpg 1820w\" sizes=\"(max-width: 300px) 100vw, 300px\" \/>Olga Widmer,\r\nFrancois &#038; Mayra Aymonier<\/p>\r\n\r\n<p style=\"text-align: center;\"><img class=\"alignnone wp-image-639\" src=\"http:\/\/www.diyseeds.org\/wp-content\/uploads\/2019\/01\/image-300x168.jpg\" alt=\"\" width=\"100%\" srcset=\"https:\/\/www.diyseeds.org\/wp-content\/uploads\/2019\/01\/image-300x168.jpg 300w, https:\/\/www.diyseeds.org\/wp-content\/uploads\/2019\/01\/image.jpg 431w\" sizes=\"(max-width: 300px) 100vw, 300px\" \/>\r\nMylene Guiard Schmid<\/p>\r\n\r\n<br \/>\r\n\r\n<img loading=\"lazy\" class=\"wp-image-644 aligncenter\" src=\"http:\/\/www.diyseeds.org\/wp-content\/uploads\/2019\/01\/logo_longomai_noir-300x82.png\" alt=\"\" width=\"127\" height=\"35\" srcset=\"https:\/\/www.diyseeds.org\/wp-content\/uploads\/2019\/01\/logo_longomai_noir-300x82.png 300w, https:\/\/www.diyseeds.org\/wp-content\/uploads\/2019\/01\/logo_longomai_noir-600x163.png 600w, https:\/\/www.diyseeds.org\/wp-content\/uploads\/2019\/01\/logo_longomai_noir.png 735w\" sizes=\"(max-width: 127px) 100vw, 127px\" \/>\r\n\r\n<img loading=\"lazy\" class=\"wp-image-643 aligncenter\" src=\"http:\/\/www.diyseeds.org\/wp-content\/uploads\/2019\/01\/logo_forum_civique-300x104.png\" alt=\"\" width=\"124\" height=\"43\" srcset=\"https:\/\/www.diyseeds.org\/wp-content\/uploads\/2019\/01\/logo_forum_civique-300x104.png 300w, https:\/\/www.diyseeds.org\/wp-content\/uploads\/2019\/01\/logo_forum_civique.png 400w\" sizes=\"(max-width: 124px) 100vw, 124px\" \/>\r\n\r\n<br \/>\r\n\r\n<hr style=\"width: 50px;height: 1.5pt;line-height: 1.5pt;text-align: center;color: #5e240D;background-color: #5e240D;margin: auto;margin-top: 0;margin-bottom: 0;\" \/>\r\n\r\n\n        \n    <ul id=\"support\">\n        <li id=\"support-us\"><a href=\"https:\/\/www.diyseeds.org\/pt\/support-us\/\"> Como nos apoiar?<\/a><\/li>        <li id=\"buy\"><a href=\"https:\/\/www.diyseeds.org\/pt\/dvd\/\">Comprar o DVD<\/a><\/li>    <\/ul>\n    \n        \n\r\n\r\n<br \/>\r\n<br \/>","protected":false},"excerpt":{"rendered":"<p>Equipe As diretoras Martina Widmer e Sylvie Seguin, s\u00e3o ambas membros do F\u00f3rum C\u00edvico Europeu e da coperativa Longo Ma\u00ef em Limans, Forcalquier no Sudeste da Fran\u00e7a. Elas tem muitos anos de experi\u00eancia em produ\u00e7\u00e3o de sementes. Dire\u00e7\u00e3o, Filmagem e Edi\u00e7\u00e3o Olga Widmer trabalha no cinema document\u00e1rio h\u00e1 muito anos. Ela dirigiu document\u00e1rios sobre diferentes [&hellip;]<\/p>\n","protected":false},"author":1,"featured_media":104,"parent":0,"menu_order":0,"comment_status":"closed","ping_status":"closed","template":"","meta":{"spay_email":""},"jetpack_shortlink":"https:\/\/wp.me\/PaG7IL-G","_links":{"self":[{"href":"https:\/\/www.diyseeds.org\/pt\/wp-json\/wp\/v2\/pages\/42"}],"collection":[{"href":"https:\/\/www.diyseeds.org\/pt\/wp-json\/wp\/v2\/pages"}],"about":[{"href":"https:\/\/www.diyseeds.org\/pt\/wp-json\/wp\/v2\/types\/page"}],"author":[{"embeddable":true,"href":"https:\/\/www.diyseeds.org\/pt\/wp-json\/wp\/v2\/users\/1"}],"replies":[{"embeddable":true,"href":"https:\/\/www.diyseeds.org\/pt\/wp-json\/wp\/v2\/comments?post=42"}],"version-history":[{"count":98,"href":"https:\/\/www.diyseeds.org\/pt\/wp-json\/wp\/v2\/pages\/42\/revisions"}],"predecessor-version":[{"id":2920,"href":"https:\/\/www.diyseeds.org\/pt\/wp-json\/wp\/v2\/pages\/42\/revisions\/2920"}],"wp:featuredmedia":[{"embeddable":true,"href":"https:\/\/www.diyseeds.org\/pt\/wp-json\/wp\/v2\/media\/104"}],"wp:attachment":[{"href":"https:\/\/www.diyseeds.org\/pt\/wp-json\/wp\/v2\/media?parent=42"}],"curies":[{"name":"wp","href":"https:\/\/api.w.org\/{rel}","templated":true}]}}