{"id":42,"date":"2018-12-14T19:08:29","date_gmt":"2018-12-14T18:08:29","guid":{"rendered":"http:\/\/www.diyseeds.org\/en\/?page_id=42"},"modified":"2025-03-08T14:16:29","modified_gmt":"2025-03-08T13:16:29","slug":"team","status":"publish","type":"page","link":"https:\/\/www.diyseeds.org\/nl\/team\/","title":{"rendered":"Team"},"content":{"rendered":"<h1>Team<\/h1>\r\n<hr style=\"width: 40px;height: 1.5pt;line-height: 1.5pt;text-align: left;color: #5e240d;background-color: #5e240d;margin-top: 0;margin-bottom: 0;\" \/>\r\n\r\n<h3>REGIE<\/h3>\r\n\r\n<p>Martina Widmer en Sylvie Seguin zijn beiden lid van het Europees Burgerforum en van Longo ma\u00ef. Ze leven in de Longo ma\u00ef-co\u00f6peratie in Limans in Zuidoost-Frankrijk, waar ze al vele jaren groenten en zaden produceren. Daarnaast zijn ze actief bezig met bewustmaking rond diversiteit en zaden, onder andere in samenwerking met Kokopelli.<\/p>\r\n\r\n<h3>regie, camera, montage<\/h3>\r\n\r\n<p>Olga Widmer werkt al vele jaren als documentairemaakster. Haar werk beslaat een brede waaier aan onderwerpen (landbouw, migratie, inclusie, &#8230;). Meer informatie op olgawidmer.com.<\/p>\r\n\r\n<h3>TEKENINGEN EN ANIMATIETEKENINGEN<\/h3>\r\n\r\n<p>Beeldend kunstenares Myleine Guiard-Schmid maakte de tekeningen en animatietekeningen voor ZAAIGOED in OVERVLOED. Daarnaast is ze ook professioneel en gepassioneerd bezig met, onder andere, film, beeldhouwen en schilderen. Kunst heeft de onmiskenbare kracht om te onthullen, om verhalen te vertellen of dingen aan de kaak te stellen in schoonheid en stijl. myleineguiardschmid.wordpress.com \/ myleine.animation@gmail.com.<\/p>\r\n\r\n<p style=\"text-align: center\"><img class=\" wp-image-637 aligncenter\" src=\"https:\/\/diyseeds.org\/wp-content\/uploads\/2019\/01\/Sylvie-300x169.jpg\" alt=\"\" width=\"100%\" srcset=\"https:\/\/www.diyseeds.org\/wp-content\/uploads\/2019\/01\/Sylvie-300x169.jpg 300w, https:\/\/www.diyseeds.org\/wp-content\/uploads\/2019\/01\/Sylvie-600x338.jpg 600w, https:\/\/www.diyseeds.org\/wp-content\/uploads\/2019\/01\/Sylvie-768x432.jpg 768w, https:\/\/www.diyseeds.org\/wp-content\/uploads\/2019\/01\/Sylvie-1024x576.jpg 1024w, https:\/\/www.diyseeds.org\/wp-content\/uploads\/2019\/01\/Sylvie.jpg 1920w\" sizes=\"(max-width: 300px) 100vw, 300px\" \/>Sylvie Seguin<\/p>\r\n\r\n<p style=\"text-align: center\"><img class=\"aligncenter wp-image-636\" src=\"https:\/\/diyseeds.org\/wp-content\/uploads\/2019\/01\/Martina-300x169.jpg\" alt=\"\" width=\"100%\" srcset=\"https:\/\/www.diyseeds.org\/wp-content\/uploads\/2019\/01\/Martina-300x169.jpg 300w, https:\/\/www.diyseeds.org\/wp-content\/uploads\/2019\/01\/Martina-600x338.jpg 600w, https:\/\/www.diyseeds.org\/wp-content\/uploads\/2019\/01\/Martina-768x432.jpg 768w, https:\/\/www.diyseeds.org\/wp-content\/uploads\/2019\/01\/Martina-1024x576.jpg 1024w, https:\/\/www.diyseeds.org\/wp-content\/uploads\/2019\/01\/Martina.jpg 1920w\" sizes=\"(max-width: 300px) 100vw, 300px\" \/>Martina Widmer<\/p>\r\n\r\n<p style=\"text-align: center\"><img class=\"aligncenter wp-image-638\" src=\"https:\/\/diyseeds.org\/wp-content\/uploads\/2019\/01\/tournage-Olga-001-300x200.jpg\" alt=\"\" width=\"100%\" srcset=\"https:\/\/www.diyseeds.org\/wp-content\/uploads\/2019\/01\/tournage-Olga-001-300x200.jpg 300w, https:\/\/www.diyseeds.org\/wp-content\/uploads\/2019\/01\/tournage-Olga-001-600x400.jpg 600w, https:\/\/www.diyseeds.org\/wp-content\/uploads\/2019\/01\/tournage-Olga-001-768x511.jpg 768w, https:\/\/www.diyseeds.org\/wp-content\/uploads\/2019\/01\/tournage-Olga-001-1024x682.jpg 1024w, https:\/\/www.diyseeds.org\/wp-content\/uploads\/2019\/01\/tournage-Olga-001.jpg 1820w\" sizes=\"(max-width: 300px) 100vw, 300px\" \/>Olga Widmer, Francois and Mayra Aymonier<\/p>\r\n\r\n<p style=\"text-align: center\"><img class=\"alignnone wp-image-639\" src=\"https:\/\/diyseeds.org\/wp-content\/uploads\/2019\/01\/image-300x168.jpg\" alt=\"\" width=\"100%\" srcset=\"https:\/\/www.diyseeds.org\/wp-content\/uploads\/2019\/01\/image-300x168.jpg 300w, https:\/\/www.diyseeds.org\/wp-content\/uploads\/2019\/01\/image.jpg 431w\" sizes=\"(max-width: 300px) 100vw, 300px\" \/>Mylene Guiard Schmid<\/p>\r\n\r\n<p style=\"text-align: center\"><img loading=\"lazy\" class=\"wp-image-644 aligncenter\" src=\"https:\/\/diyseeds.org\/wp-content\/uploads\/2019\/01\/logo_longomai_noir-300x82.png\" alt=\"\" width=\"127\" height=\"35\" srcset=\"https:\/\/www.diyseeds.org\/wp-content\/uploads\/2019\/01\/logo_longomai_noir-300x82.png 300w, https:\/\/www.diyseeds.org\/wp-content\/uploads\/2019\/01\/logo_longomai_noir-600x163.png 600w, https:\/\/www.diyseeds.org\/wp-content\/uploads\/2019\/01\/logo_longomai_noir.png 735w\" sizes=\"(max-width: 127px) 100vw, 127px\" \/><\/p>\r\n\r\n<p style=\"text-align: center\"><img loading=\"lazy\" class=\"wp-image-643 aligncenter\" src=\"https:\/\/diyseeds.org\/wp-content\/uploads\/2019\/01\/logo_forum_civique-300x104.png\" alt=\"\" width=\"124\" height=\"43\" srcset=\"https:\/\/www.diyseeds.org\/wp-content\/uploads\/2019\/01\/logo_forum_civique-300x104.png 300w, https:\/\/www.diyseeds.org\/wp-content\/uploads\/2019\/01\/logo_forum_civique.png 400w\" sizes=\"(max-width: 124px) 100vw, 124px\" \/><\/p>\r\n\r\n<br \/>\r\n\r\n\n        \n    <ul id=\"support\">\n        <li id=\"support-us\"><a href=\"https:\/\/www.diyseeds.org\/nl\/support-us\/\"> Hoe kan je ons ondersteunen?<\/a><\/li>        <li id=\"buy\"><a href=\"https:\/\/www.diyseeds.org\/nl\/dvd\/\">kopen op DVD<\/a><\/li>    <\/ul>\n    \n        \n\r\n\r\n<br \/>\r\n\r\n<br \/>","protected":false},"excerpt":{"rendered":"<p>Team REGIE Martina Widmer en Sylvie Seguin zijn beiden lid van het Europees Burgerforum en van Longo ma\u00ef. Ze leven in de Longo ma\u00ef-co\u00f6peratie in Limans in Zuidoost-Frankrijk, waar ze al vele jaren groenten en zaden produceren. Daarnaast zijn ze actief bezig met bewustmaking rond diversiteit en zaden, onder andere in samenwerking met Kokopelli. regie, [&hellip;]<\/p>\n","protected":false},"author":1,"featured_media":104,"parent":0,"menu_order":0,"comment_status":"closed","ping_status":"closed","template":"","meta":{"spay_email":""},"jetpack_shortlink":"https:\/\/wp.me\/PaG7IL-G","_links":{"self":[{"href":"https:\/\/www.diyseeds.org\/nl\/wp-json\/wp\/v2\/pages\/42"}],"collection":[{"href":"https:\/\/www.diyseeds.org\/nl\/wp-json\/wp\/v2\/pages"}],"about":[{"href":"https:\/\/www.diyseeds.org\/nl\/wp-json\/wp\/v2\/types\/page"}],"author":[{"embeddable":true,"href":"https:\/\/www.diyseeds.org\/nl\/wp-json\/wp\/v2\/users\/1"}],"replies":[{"embeddable":true,"href":"https:\/\/www.diyseeds.org\/nl\/wp-json\/wp\/v2\/comments?post=42"}],"version-history":[{"count":98,"href":"https:\/\/www.diyseeds.org\/nl\/wp-json\/wp\/v2\/pages\/42\/revisions"}],"predecessor-version":[{"id":2920,"href":"https:\/\/www.diyseeds.org\/nl\/wp-json\/wp\/v2\/pages\/42\/revisions\/2920"}],"wp:featuredmedia":[{"embeddable":true,"href":"https:\/\/www.diyseeds.org\/nl\/wp-json\/wp\/v2\/media\/104"}],"wp:attachment":[{"href":"https:\/\/www.diyseeds.org\/nl\/wp-json\/wp\/v2\/media?parent=42"}],"curies":[{"name":"wp","href":"https:\/\/api.w.org\/{rel}","templated":true}]}}