{"id":90,"date":"2018-12-22T22:36:52","date_gmt":"2018-12-22T21:36:52","guid":{"rendered":"http:\/\/www.diyseeds.org\/en\/?page_id=90"},"modified":"2026-02-16T09:58:16","modified_gmt":"2026-02-16T08:58:16","slug":"home","status":"publish","type":"page","link":"https:\/\/www.diyseeds.org\/lv\/home\/","title":{"rendered":"S\u0101kumlapa"},"content":{"rendered":"<h1>No s\u0113klas l\u012bdz s\u0113klai: pa\u0161audz\u0113tu s\u0113klu ra\u017eo\u0161ana<\/h1>\r\n\r\n<p>M\u0101jas lap\u0101 pied\u0101v\u0101tas 40 izgl\u012btojo\u0161as \u012bsfilmas, kas s\u0101kotn\u0113ji izdotas &#8221;No s\u0113klas l\u012bdz s\u0113klai&#8221; 4 DVD komplekt\u0101. Br\u012bni\u0161\u0137\u012bgie att\u0113li un anim\u0101cija \u013caus (soli pa solim) iepaz\u012bt 40 da\u017e\u0101du d\u0101rze\u0146u s\u0113klu ra\u017eo\u0161anas procesus. Piedev\u0101m &#8211; 8 teor\u0113tisk\u0101s un praktisk\u0101s &#8221;S\u0113klu ra\u017eo\u0161anas \u0101beces&#8221; nodarb\u012bbas pal\u012bdz\u0113s izzin\u0101t s\u0113klu ieguves pamatprincipus. Filmu producenti ir &#8221;Longo ma\u00ef&#8221; un &#8221;The European Civic Forum&#8221; &#8211; divas apvien\u012bbas, kas jau gadiem ilgi g\u0101d\u0101 par dabiski apputeksn\u0113tu s\u0113klu aizsardz\u012bbu un populariz\u0113\u0161anu.<\/p>\r\n\r\n<h1>K\u0101d\u0113\u013c ra\u017eot s\u0113klas pa\u0161roc\u012bgi?<\/h1>\r\n\r\n<p>Pavairojot pa\u0161audz\u0113t\u0101s s\u0113klas, m\u0113s piedal\u0101mies biodaudzveid\u012bbas dinamik\u0101, kam pieder\u012bgas visas dz\u012bv\u0101s b\u016btnes. Ikviena pavairojam\u0101 s\u0113kli\u0146a pal\u012bdz nodro\u0161in\u0101t Zemes dz\u012bv\u012bbas turpin\u0101\u0161anos. M\u016bsdien\u0101s tas ir \u012bpa\u0161i svar\u012bgi, jo zemnieki un d\u0101rzkopji joproj\u0101m nav ieguvu\u0161i neatkar\u012bbu no lielajiem s\u0113klu uz\u0146\u0113mumiem.<\/p>\r\n\r\n<p><a href=\"\/lv\/why-produce-own-seeds\/\" style=\"text-decoration: underline;\">Uzzin\u0101t vair\u0101k<\/a><\/p>\r\n\r\n<h1>K\u0101 saglab\u0101t s\u0113klas?<\/h1>\r\n\r\n<p>Esam izveidoju\u0161i m\u0101jas lapu, kur\u0101 cent\u012bsimies atbild\u0113t uz visiem j\u016bsu jaut\u0101jumiem par s\u0113klu ra\u017eo\u0161anu. Ir \u0101rk\u0101rt\u012bgi svar\u012bgi atg\u016bt \u0161\u012bs pamatzin\u0101\u0161anas. K\u0101 pavairot tom\u0101tu, sal\u0101tu, pupi\u0146u, cuk\u012bni, pastinaku, k\u0101postu vai lapu arti\u0161oku s\u0113klas? Kas ir apputeksn\u0113\u0161ana? K\u0101ds ir m\u016bsu d\u0101rzi\u0146os audz\u0113to kult\u016bru dz\u012bves cikls un k\u0101da ir to bot\u0101nisk\u0101 klasifik\u0101cija?<\/p>\r\n\r\n<p>Lai pal\u012bdz\u0113tu jums no jauna atkl\u0101t piemirst\u0101s zin\u0101\u0161anas, aicin\u0101m noskat\u012bties praktiskos video, kuros uzzin\u0101siet &#8211; k\u0101 ieg\u016bstamas vair\u0101k nek\u0101 30 d\u0101rze\u0146u s\u0113klas. Izgl\u012btojo\u0161\u0101s \u012bsfilmas iesp\u0113jams pas\u016bt\u012bt ar\u012b 4 DVD komplekt\u0101 (vair\u0101ku valodu kombin\u0101cij\u0101s). Pied\u0101v\u0101jam lejupiel\u0101d\u0113jamus resursus: filmu tekstus, bot\u0101niskos kokus un videomateri\u0101lus.<\/p>\r\n\r\n<p><a href=\"\/lv\/films\/\" style=\"text-decoration: underline;\">Skat\u012bties \u012bsfilmas<\/a><\/p>\r\n\r\n<h1>Kur varu atrast dabiski apputeksn\u0113tas s\u0113klas?<\/h1>\r\n\r\n<p>Lai katru gadu s\u0113tu savas d\u0101rze\u0146u s\u0113klas, ieteicams izv\u0113l\u0113ties biolo\u0123iski audz\u0113tas un dabiski apputeksn\u0113tas s\u0113klas. Biolo\u0123iski audz\u0113t\u0101s, dabiski apputeksn\u0113t\u0101s s\u0113klas uzskat\u0101mas par s\u0113klu norm\u0101lformu. Tom\u0113r liel\u0101k\u0101 da\u013ca industri\u0101lo s\u0113klu uz\u0146\u0113mumu tirg\u016b pied\u0101v\u0101 F1 hibr\u012bds\u0113klas, ko nav iesp\u0113jams pavairot.<\/p>\r\n\r\n<p>Tradicion\u0101l\u0101s, iztur\u012bg\u0101s dabiski apputeksn\u0113to \u0161\u0137ir\u0146u s\u0113klas iesp\u0113jams ieg\u0101d\u0101ties no specializ\u0113tiem pieg\u0101d\u0101t\u0101jiem. Ja j\u016bsu valst\u012b t\u0101du nav, pas\u016btiet s\u0113klas internet\u0101! Iepaz\u012bstieties ar lapu, ko esam velt\u012bju\u0161i s\u0113klu ieg\u0101des jaut\u0101jumiem.<\/p>\r\n\r\n<p>T\u0101pat iesp\u0113jams main\u012bties ar s\u0113kl\u0101m &#8211; s\u0113klu bibliot\u0113k\u0101s vai s\u0113klu apmai\u0146as pas\u0101kumos. Da\u017ek\u0101rt ar s\u0113kl\u0101m mijas ar\u012b kaimi\u0146i. Ja j\u016bsu tuvum\u0101 nav s\u0113klu apmai\u0146as iniciat\u012bvu &#8211; ies\u0101ciet to!<\/p>\r\n\r\n<h1>Vai s\u0113klu pavairo\u0161ana ir likum\u012bgs process?<\/h1>\r\n\r\n<p>Eirop\u0101 pie\u0146emti strikti ierobe\u017eojo\u0161i likumdo\u0161anas m\u0113ri, kas s\u0113klu ra\u017eot\u0101jus spie\u017e izveidot\u0101s \u0161\u0137irnes re\u0123istr\u0113t ofici\u0101l\u0101 katalog\u0101. Katalogam piem\u0113roti stingri selekcijas krit\u0113riji. Piem\u0113ram, Francij\u0101 &#8211; tirdzniec\u012bbai apstiprin\u0101t\u0101s s\u0113klas iek\u013caujamas ofici\u0101laj\u0101 SEMAE (iepriek\u0161 &#8211; GNIS) katalog\u0101. Sist\u0113ma veicina lielo s\u0113klu ra\u017eot\u0101ju (&#8221;Bayer&#8221;\/&#8221;Monsanto&#8221; u.c.) tirgus dominanci un gandr\u012bz piln\u012bgu tirgus monopolu. Nepak\u013cau\u0161an\u0101s likumdo\u0161anai paredz gadiem ilgas tiesas pr\u0101vas, k\u0101das izc\u012bn\u012bjusi ar\u012b apvien\u012bba &#8221;Kokopelli&#8221;, lai tirgotu vair\u0101ku s\u0113klu ra\u017eot\u0101ju t\u012bkla pieg\u0101d\u0101t\u0101s s\u0113klas, no kur\u0101m vair\u0101kums nav re\u0123istr\u0113ts ofici\u0101laj\u0101 katalog\u0101.<\/p>\r\n\r\n<p><a href=\"\/lv\/plant-selection-in-the-industrial-age\/\" style=\"text-decoration: underline;\">Uzzin\u0101t vair\u0101k<\/a><\/p>\r\n\r\n<br \/>\r\n<br \/>","protected":false},"excerpt":{"rendered":"<p>No s\u0113klas l\u012bdz s\u0113klai: pa\u0161audz\u0113tu s\u0113klu ra\u017eo\u0161ana M\u0101jas lap\u0101 pied\u0101v\u0101tas 40 izgl\u012btojo\u0161as \u012bsfilmas, kas s\u0101kotn\u0113ji izdotas &#8221;No s\u0113klas l\u012bdz s\u0113klai&#8221; 4 DVD komplekt\u0101. Br\u012bni\u0161\u0137\u012bgie att\u0113li un anim\u0101cija \u013caus (soli pa solim) iepaz\u012bt 40 da\u017e\u0101du d\u0101rze\u0146u s\u0113klu ra\u017eo\u0161anas procesus. Piedev\u0101m &#8211; 8 teor\u0113tisk\u0101s un praktisk\u0101s &#8221;S\u0113klu ra\u017eo\u0161anas \u0101beces&#8221; nodarb\u012bbas pal\u012bdz\u0113s izzin\u0101t s\u0113klu ieguves pamatprincipus. Filmu producenti [&hellip;]<\/p>\n","protected":false},"author":2,"featured_media":104,"parent":0,"menu_order":0,"comment_status":"closed","ping_status":"closed","template":"","meta":{"spay_email":""},"jetpack_shortlink":"https:\/\/wp.me\/PaG7IL-1s","_links":{"self":[{"href":"https:\/\/www.diyseeds.org\/lv\/wp-json\/wp\/v2\/pages\/90"}],"collection":[{"href":"https:\/\/www.diyseeds.org\/lv\/wp-json\/wp\/v2\/pages"}],"about":[{"href":"https:\/\/www.diyseeds.org\/lv\/wp-json\/wp\/v2\/types\/page"}],"author":[{"embeddable":true,"href":"https:\/\/www.diyseeds.org\/lv\/wp-json\/wp\/v2\/users\/2"}],"replies":[{"embeddable":true,"href":"https:\/\/www.diyseeds.org\/lv\/wp-json\/wp\/v2\/comments?post=90"}],"version-history":[{"count":144,"href":"https:\/\/www.diyseeds.org\/lv\/wp-json\/wp\/v2\/pages\/90\/revisions"}],"predecessor-version":[{"id":2960,"href":"https:\/\/www.diyseeds.org\/lv\/wp-json\/wp\/v2\/pages\/90\/revisions\/2960"}],"wp:featuredmedia":[{"embeddable":true,"href":"https:\/\/www.diyseeds.org\/lv\/wp-json\/wp\/v2\/media\/104"}],"wp:attachment":[{"href":"https:\/\/www.diyseeds.org\/lv\/wp-json\/wp\/v2\/media?parent=90"}],"curies":[{"name":"wp","href":"https:\/\/api.w.org\/{rel}","templated":true}]}}