{"id":74,"date":"2018-12-15T09:32:34","date_gmt":"2018-12-15T08:32:34","guid":{"rendered":"http:\/\/www.diyseeds.org\/en\/?page_id=74"},"modified":"2025-03-10T00:10:02","modified_gmt":"2025-03-09T23:10:02","slug":"resources","status":"publish","type":"page","link":"https:\/\/www.diyseeds.org\/lv\/resources\/","title":{"rendered":"Resursi"},"content":{"rendered":"<h1>Resursi<\/h1>\r\n\r\n<hr style=\"width: 50px;height: 1.5pt;line-height: 1.5pt;text-align: left;color: #5e240D;background-color: #5e240D;margin-top: 0;margin-bottom: 0;\" \/>\r\n\r\n<h4 class=\"centered mobile\">Bot\u0101nisk\u0101s klasifik\u0101cijas koki<\/h4>\r\n\r\n<p>Esam pas\u016bt\u012bju\u0161i m\u0101kslinieces Mileinas Gij\u0101rdas \u0160mitas bot\u0101nisko dzimtas koku ilustr\u0101cijas. M\u0101ksliniece labpr\u0101t pied\u0101v\u0101 akvare\u013cus &#8211; bezpe\u013c\u0146as m\u0101c\u012bbu aktivit\u0101t\u0113m (Creative Commons licences ietvaros). Lai izmantotu akvare\u013cus, aicin\u0101m sazin\u0101ties ar Mileinu Gij\u0101rdu \u0160mitu!<br \/>myleine.animation@gmail.com<\/p>\r\n\r\n<hr style=\"width: 50px;height: 1.5pt;line-height: 1.5pt;text-align: left;color: #5e240D;background-color: #5e240D;margin-top: 0;margin-bottom: 0;\" \/>\r\n\r\n<h4 class=\"centered mobile\">S\u0113klu ra\u017eo\u0161anas literat\u016bra<\/h4>\r\n\r\n<p>Filmu veido\u0161an\u0101 izmantotas sekojo\u0161as, \u0101rk\u0101rt\u012bgi v\u0113rt\u012bgas gr\u0101matas:<\/p>\r\n\r\n<ul>\r\n\t<li><strong>The Seeds of Kokopelli<\/strong><br \/>by Dominique Guillet<br \/>Publishing \u00ab La Voix des semences \u00bb<\/li>\r\n\t<li><strong>The Manual of Seed Saving<\/strong><br \/>by Andrea Heistinger,<br \/>Arche Noah \/ Pro Specie Rara<br \/>Publishing Timber Press<\/li>\r\n\t<li><strong>Seed to Seed<\/strong><br \/>by Suzanne Ashworth<br \/>Seed Savers Exchange<\/li>\r\n<\/ul>\r\n\r\n<br \/>\r\n\r\n<hr style=\"width: 50px;height: 1.5pt;line-height: 1.5pt;text-align: left;color: #5e240D;background-color: #5e240D;margin-top: 0;margin-bottom: 0;\" \/>\r\n\r\n\n        \n    <ul id=\"support\">\n        <li id=\"support-us\"><a href=\"https:\/\/www.diyseeds.org\/lv\/support-us\/\"> K\u0101 m\u016bs atbalst\u012bt?<\/a><\/li>        <li id=\"buy\"><a href=\"https:\/\/www.diyseeds.org\/lv\/dvd\/\">Ieg\u0101d\u0101jieties DVD<\/a><\/li>    <\/ul>\n    \n        \n\r\n\r\n<br \/>\r\n<br \/>","protected":false},"excerpt":{"rendered":"<p>Resursi Bot\u0101nisk\u0101s klasifik\u0101cijas koki Esam pas\u016bt\u012bju\u0161i m\u0101kslinieces Mileinas Gij\u0101rdas \u0160mitas bot\u0101nisko dzimtas koku ilustr\u0101cijas. M\u0101ksliniece labpr\u0101t pied\u0101v\u0101 akvare\u013cus &#8211; bezpe\u013c\u0146as m\u0101c\u012bbu aktivit\u0101t\u0113m (Creative Commons licences ietvaros). Lai izmantotu akvare\u013cus, aicin\u0101m sazin\u0101ties ar Mileinu Gij\u0101rdu \u0160mitu!myleine.animation@gmail.com S\u0113klu ra\u017eo\u0161anas literat\u016bra Filmu veido\u0161an\u0101 izmantotas sekojo\u0161as, \u0101rk\u0101rt\u012bgi v\u0113rt\u012bgas gr\u0101matas: The Seeds of Kokopelliby Dominique GuilletPublishing \u00ab La Voix des [&hellip;]<\/p>\n","protected":false},"author":2,"featured_media":104,"parent":0,"menu_order":0,"comment_status":"closed","ping_status":"closed","template":"","meta":{"spay_email":""},"jetpack_shortlink":"https:\/\/wp.me\/PaG7IL-1c","_links":{"self":[{"href":"https:\/\/www.diyseeds.org\/lv\/wp-json\/wp\/v2\/pages\/74"}],"collection":[{"href":"https:\/\/www.diyseeds.org\/lv\/wp-json\/wp\/v2\/pages"}],"about":[{"href":"https:\/\/www.diyseeds.org\/lv\/wp-json\/wp\/v2\/types\/page"}],"author":[{"embeddable":true,"href":"https:\/\/www.diyseeds.org\/lv\/wp-json\/wp\/v2\/users\/2"}],"replies":[{"embeddable":true,"href":"https:\/\/www.diyseeds.org\/lv\/wp-json\/wp\/v2\/comments?post=74"}],"version-history":[{"count":88,"href":"https:\/\/www.diyseeds.org\/lv\/wp-json\/wp\/v2\/pages\/74\/revisions"}],"predecessor-version":[{"id":2925,"href":"https:\/\/www.diyseeds.org\/lv\/wp-json\/wp\/v2\/pages\/74\/revisions\/2925"}],"wp:featuredmedia":[{"embeddable":true,"href":"https:\/\/www.diyseeds.org\/lv\/wp-json\/wp\/v2\/media\/104"}],"wp:attachment":[{"href":"https:\/\/www.diyseeds.org\/lv\/wp-json\/wp\/v2\/media?parent=74"}],"curies":[{"name":"wp","href":"https:\/\/api.w.org\/{rel}","templated":true}]}}