{"id":551,"date":"2019-01-22T14:38:11","date_gmt":"2019-01-22T13:38:11","guid":{"rendered":"http:\/\/www.diyseeds.org\/en\/?page_id=551"},"modified":"2025-09-26T15:03:11","modified_gmt":"2025-09-26T13:03:11","slug":"support-us","status":"publish","type":"page","link":"https:\/\/www.diyseeds.org\/lv\/support-us\/","title":{"rendered":"Atbalstiet"},"content":{"rendered":"<h1>Atbalstiet s\u0113klu br\u012bvu izplat\u012b\u0161anu<\/h1>\r\n\r\n<hr style=\"width: 40px;height: 1.5pt;line-height: 1.5pt;text-align: left;color: #5e240d;background-color: #5e240d;margin-top: 0;margin-bottom: 0;\" \/>\r\n\r\n<br \/>\r\n\r\n<p>Mums nepiecie\u0161ams j\u016bsu atbalsts, lai turpin\u0101tu ies\u0101kto projektu &#8211; videomateri\u0101lu izvieto\u0161anai, m\u0101jas lapas uztur\u0113\u0161anai, jaunu tulkojumu veido\u0161anai, komunik\u0101cijai utt. Abas \u012bsfilmu producentu organiz\u0101cijas (&#8221;The European Civic Forum&#8221; un &#8221;Longo ma\u00ef&#8221;) nav apvelt\u012btas ar pietiekamiem finan\u0161u vai cilv\u0113kresursiem, lai \u012bstenotu v\u0113rien\u012bgo ieceri.<\/p>\r\n\r\n<p>V\u0113lamies inform\u0113t &#8211; j\u016bsu finansi\u0101lais atbalsts tiek apkopots fondos, kuru l\u012bdzek\u013ci galvenok\u0101rt tiek izlietoti br\u012bvpieejas s\u0113klu projektu \u012bsteno\u0161anai. Lai m\u016bs atbalst\u012btu, aicin\u0101m ziedot Eiropas Pilso\u0146u forumam (&#8221;The European Civic Forum&#8221;), izmantojot vienu no pied\u0101v\u0101taj\u0101m maks\u0101juma metod\u0113m (skat. iepretim).<\/p>\r\n\r\n<p><img loading=\"lazy\" class=\"size-full wp-image-654 alignnone\" src=\"https:\/\/www.diyseeds.org\/wp-content\/uploads\/2019\/01\/icone_1.png\" alt=\"\" width=\"17\" height=\"17\" \/> Bankas p\u0101rskait\u012bjums:<br \/>\r\nForum Civique Europ\u00e9en<br \/>Soci\u00e9t\u00e9 G\u00e9n\u00e9rale<br \/>IBAN kods:  FR76 3000 3031 5400 0500 2221 881<br \/>BIC kods: SOGEFRPP<\/p>\r\n\r\n<p><img loading=\"lazy\" class=\"alignnone size-full wp-image-655\" src=\"https:\/\/www.diyseeds.org\/wp-content\/uploads\/2019\/01\/icone_2.png\" alt=\"\" width=\"17\" height=\"17\" \/> Ar karti, izmantojot Paypal:<\/p>\r\n\r\n<form action=\"https:\/\/www.paypal.com\/donate\" method=\"post\" target=\"_top\"><input type=\"hidden\" name=\"hosted_button_id\" value=\"V6LPHLT8SC74E\" \/><input type=\"image\" src=\"https:\/\/www.paypalobjects.com\/fr_FR\/FR\/i\/btn\/btn_donate_SM.gif\" border=\"0\" name=\"submit\" title=\"PayPal - The safer, easier way to pay online!\" alt=\"Donate with PayPal button\" \/><img loading=\"lazy\" alt=\"\" border=\"0\" src=\"https:\/\/www.paypal.com\/fr_FR\/i\/scr\/pixel.gif\" width=\"1\" height=\"1\" \/><\/form>\r\n\r\n<br \/>\r\n\r\n<p><img loading=\"lazy\" class=\"size-full wp-image-656 alignnone\" src=\"https:\/\/www.diyseeds.org\/wp-content\/uploads\/2019\/01\/icone_3.png\" alt=\"\" width=\"17\" height=\"17\" \/> Maks\u0101jums ar \u010deku:<br \/>Forum Civique Europ\u00e9en<br \/>Grange neuve<br \/>1920 ancienne route de Forcalquier<br \/>04 300 Limans FRANCE<\/p>\r\n\r\n<h2>Demonstr\u0113jiet m\u016bsu \u012bsfilmas!<\/h2>\r\n\r\n<p>M\u016bs atbalst\u012bt iesp\u0113jams &#8211; organiz\u0113jot \u012bsfilmu publisku demonstr\u0113\u0161anu! Filmas aizsarg\u0101 Creative Commons BY-NC-ND 4.0 Starptautisk\u0101 licence. Tas noz\u012bm\u0113 &#8211; filmas at\u013cauts publiski demonstr\u0113t, neveicot nek\u0101du finansi\u0101lu kompens\u0101ciju, ja vien tiek iev\u0113roti licences nosac\u012bjumi.<\/p>\r\n\r\n<p>Filmu demonstr\u0113\u0161ana nodro\u0161ina iesp\u0113ju sabiedriski apspriest ar s\u0113kl\u0101m saist\u012btos jaut\u0101jumus. Pieaiciniet izv\u0113l\u0113tus p\u0101rst\u0101vjus, kuri vad\u012btu p\u0113cdemonstr\u0101cijas debates. Kad uzklaus\u012bti publikas jaut\u0101jumi, pas\u0101kumi parasti p\u0101rtop neform\u0101l\u0101 viedok\u013cu apmai\u0146\u0101.<\/p>\r\n\r\n<p><a href=\"\/contact\" style=\"text-decoration: underline;\">Pl\u0101nojat r\u012bkot pas\u0101kumu? Sazinieties ar mums!<\/a><\/p>\r\n\r\n<h2>Pal\u012bdzi s\u0113kl\u0101m apce\u013cot pasauli!<\/h2>\r\n\r\n<p>Ceram &#8211; ieg\u016bsiet kvalitat\u012bvas s\u0113klas un dal\u012bsieties ar\u012b ar citiem! S\u0113kl\u0101m, protams, j\u0101b\u016bt bezmaksas un pavairojam\u0101m. Nevilcinieties pied\u0101v\u0101t s\u0113klas saviem draugiem un kaimi\u0146iem!<\/p>\r\n\r\n<p>S\u0113klu apmai\u0146as pas\u0101kumi veicina viet\u0113jo \u0161\u0137ir\u0146u saglab\u0101\u0161anu. Pas\u0101kumu laik\u0101 sastopas viet\u0113j\u0101s kopienas un da\u017e\u0101du apvien\u012bbu p\u0101rst\u0101vji, veidojot vienotu sazi\u0146as t\u012bklu. T\u0101 ir lieliska iesp\u0113ja dal\u012bties zin\u0101\u0161an\u0101s, demonstr\u0113jot m\u016bsu \u012bsfilmas!<\/p>\r\n\r\n<h2>Pal\u012bdziet tulkot \u012bsfilmas un m\u0101jas lapu<\/h2>\r\n\r\n<p>M\u0113s ceram &#8211; filmas tiks tulkotas iesp\u0113jami daudz\u0101s valod\u0101s, jo ticam, ka praktisko zin\u0101\u0161anu izplat\u012bba un apmai\u0146a veicin\u0101s br\u012bvpieejas, viet\u0113j\u0101 mantojuma s\u0113klu ra\u017eo\u0161anu. Videomateri\u0101lu audiotulkojums ir svar\u012bgs elements, kas dar\u012bs inform\u0101ciju pieejamu pla\u0161\u0101kam sabiedr\u012bbas lokam.\r\n<p>M\u0101jas lapas un filmu tulko\u0161ana ir noz\u012bm\u012bgs veikums, un m\u0113s cen\u0161amies procesu dar\u012bt \u0113rtu un vienk\u0101r\u0161u. Lai tulkotu filmi\u0146as jaun\u0101s valod\u0101s, visgr\u016bt\u0101k m\u0113dz b\u016bt atrast entuziastus audiomateri\u0101lu ieska\u0146o\u0161anai.\r\n<p><a href=\"\/translate-diyseeds\" style=\"text-decoration: underline;\">Iel\u016bkojieties Diyseeds tulko\u0161anas pam\u0101c\u012bb\u0101<\/a><\/p>\r\n\r\n<h2>Past\u0101stiet un dalieties<\/h2>\r\n\r\n<p>Atbalstiet m\u016bs &#8211; past\u0101stot par m\u016bsu m\u0101jas lapu un \u012bsfilm\u0101m ar\u012b draugiem un soci\u0101lo t\u012bklu pazi\u0146\u0101m! Dalieties, izmantojot soci\u0101lo t\u012bklu ikonas, ko atrad\u012bsiet katras lapas aug\u0161pus\u0113, lai \u0113rti public\u0113tu saturu soci\u0101lajos t\u012bklos un GAFAM alternat\u012bv\u0101s.\r\n<p>\u017durn\u0101listi aicin\u0101ti iepaz\u012bties ar presei velt\u012bt\u0101s lapas saturu. Atrad\u012bsiet komunik\u0101cijas r\u012bkus, ar kuru pal\u012bdz\u012bbu populariz\u0113t m\u016bsu projektu. Iesp\u0113jams lejupiel\u0101d\u0113t ar\u012b \u012bsfilmu un bot\u0101nisko koku tekstus.\r\n<br \/>\r\n<br \/>","protected":false},"excerpt":{"rendered":"<p>Atbalstiet s\u0113klu br\u012bvu izplat\u012b\u0161anu Mums nepiecie\u0161ams j\u016bsu atbalsts, lai turpin\u0101tu ies\u0101kto projektu &#8211; videomateri\u0101lu izvieto\u0161anai, m\u0101jas lapas uztur\u0113\u0161anai, jaunu tulkojumu veido\u0161anai, komunik\u0101cijai utt. Abas \u012bsfilmu producentu organiz\u0101cijas (&#8221;The European Civic Forum&#8221; un &#8221;Longo ma\u00ef&#8221;) nav apvelt\u012btas ar pietiekamiem finan\u0161u vai cilv\u0113kresursiem, lai \u012bstenotu v\u0113rien\u012bgo ieceri. V\u0113lamies inform\u0113t &#8211; j\u016bsu finansi\u0101lais atbalsts tiek apkopots fondos, kuru [&hellip;]<\/p>\n","protected":false},"author":4,"featured_media":104,"parent":0,"menu_order":0,"comment_status":"closed","ping_status":"closed","template":"","meta":{"spay_email":""},"jetpack_shortlink":"https:\/\/wp.me\/PaG7IL-8T","_links":{"self":[{"href":"https:\/\/www.diyseeds.org\/lv\/wp-json\/wp\/v2\/pages\/551"}],"collection":[{"href":"https:\/\/www.diyseeds.org\/lv\/wp-json\/wp\/v2\/pages"}],"about":[{"href":"https:\/\/www.diyseeds.org\/lv\/wp-json\/wp\/v2\/types\/page"}],"author":[{"embeddable":true,"href":"https:\/\/www.diyseeds.org\/lv\/wp-json\/wp\/v2\/users\/4"}],"replies":[{"embeddable":true,"href":"https:\/\/www.diyseeds.org\/lv\/wp-json\/wp\/v2\/comments?post=551"}],"version-history":[{"count":122,"href":"https:\/\/www.diyseeds.org\/lv\/wp-json\/wp\/v2\/pages\/551\/revisions"}],"predecessor-version":[{"id":2981,"href":"https:\/\/www.diyseeds.org\/lv\/wp-json\/wp\/v2\/pages\/551\/revisions\/2981"}],"wp:featuredmedia":[{"embeddable":true,"href":"https:\/\/www.diyseeds.org\/lv\/wp-json\/wp\/v2\/media\/104"}],"wp:attachment":[{"href":"https:\/\/www.diyseeds.org\/lv\/wp-json\/wp\/v2\/media?parent=551"}],"curies":[{"name":"wp","href":"https:\/\/api.w.org\/{rel}","templated":true}]}}