{"id":546,"date":"2019-01-22T14:25:34","date_gmt":"2019-01-22T13:25:34","guid":{"rendered":"http:\/\/www.diyseeds.org\/en\/?page_id=546"},"modified":"2025-03-10T00:07:49","modified_gmt":"2025-03-09T23:07:49","slug":"links","status":"publish","type":"page","link":"https:\/\/www.diyseeds.org\/lv\/links\/","title":{"rendered":"T\u012bkls"},"content":{"rendered":"<h1>T\u012bkls<\/h1>\r\n\r\n<hr style=\"width: 45px;height: 1.5pt;line-height: 1.5pt;text-align: left;color: #5E24D;background-color: #5E24D;margin-top: 0;margin-bottom: 0;\" \/>\r\n\r\n\r\n<h4>Longo ma\u00ef<\/h4>\r\n\r\n<p>&#8221;Longo ma\u00ef&#8221; kust\u012bba dibin\u0101ta 1973. gad\u0101, un taj\u0101 apvienoti desmit lauksaimniec\u012bbas un amatniec\u012bbas pa\u0161p\u0101rvaldes kooperat\u012bvi &#8211; se\u0161\u0101s Eiropas valst\u012bs. Kooperat\u012bvi ra\u017eo lab\u012bbas, lopbar\u012bbas un d\u0101rze\u0146u s\u0113klas.<br \/><a class=\"centered mobile\" href=\"https:\/\/www.prolongomai.ch\/\"><img loading=\"lazy\" class=\"alignnone size-full wp-image-626\" src=\"https:\/\/www.diyseeds.org\/wp-content\/uploads\/2019\/01\/icone_point.png\" alt=\"\" width=\"11\" height=\"11\" \/> www.prolongomai.ch<\/a><\/p>\r\n\r\n\r\n<h4>The European Civic Forum<\/h4>\r\n\r\n<p>Starptautisks solidarit\u0101tes t\u012bkls, kura aktivit\u0101t\u0113s ietilpst dabiski apputeksn\u0113tu s\u0113klu un soci\u0101li tiesiskas, s\u012bka m\u0113roga lauksaimniec\u012bbas aizst\u0101v\u012bba.<br \/><a class=\"centered mobile\" href=\"https:\/\/www.forumcivique.org\/\"><img loading=\"lazy\" class=\"alignnone size-full wp-image-626\" src=\"https:\/\/www.diyseeds.org\/wp-content\/uploads\/2019\/01\/icone_point.png\" alt=\"\" width=\"11\" height=\"11\" \/> www.forumcivique.org<\/a><\/p>\r\n\r\n\r\n<h4>Kokopelli<\/h4>\r\n\r\n<p>Apvien\u012bba dibin\u0101ta ar m\u0113r\u0137i aizsarg\u0101t augsni un biodaudzveid\u012bbu. Apvien\u012bba tirgo vair\u0101k nek\u0101 2000 d\u0101rze\u0146u, arom\u0101tisko augu, lab\u012bbas, ziedu un \u0101rstniec\u012bbas augu \u0161\u0137ir\u0146u, ko iesp\u0113jams br\u012bvi pavairot, jo \u0161\u0137irnes neaizsarg\u0101 intelektu\u0101l\u0101 \u012bpa\u0161uma ties\u012bbas.<br \/><a class=\"centered mobile\" href=\"https:\/\/www.kokopelli-semences.fr\"><img loading=\"lazy\" class=\"alignnone size-full wp-image-626\" src=\"https:\/\/www.diyseeds.org\/wp-content\/uploads\/2019\/01\/icone_point.png\" alt=\"\" width=\"11\" height=\"11\" \/> www.kokopelli-semences.fr<\/a><\/p>\r\n\r\n\r\n<h4>Arch Noah<\/h4>\r\n\r\n<p>Austrian association which saves and maintains thousands of endangered vegetable, fruit and cereal varieties with the help of over 11,000 members and supporters.<br \/><a class=\"centered mobile\" href=\"http:\/\/www.arche-noah.at\"><img loading=\"lazy\" class=\"alignnone size-full wp-image-626\" src=\"https:\/\/www.diyseeds.org\/wp-content\/uploads\/2019\/01\/icone_point.png\" alt=\"\" width=\"11\" height=\"11\" \/> www.arche-noah.at<\/a><\/p>\r\n\r\n\r\n<h4>BioDiVerso<\/h4>\r\n\r\n<p>&#8221;BioDiVerso&#8221; apvien\u012bba ir draugu kopiena, kas tiecas priec\u0101ties par dz\u012bv\u012bbu un t\u0101s daudzveid\u012bbu&#8230; Biolo\u0123isk\u0101 daudzveid\u012bba ir tikpat noz\u012bm\u012bga k\u0101 kult\u016bras daudzveid\u012bba &#8211; un dzeja, ko veido m\u016bsu daudzveid\u012bgais pasaules redz\u0113jums.<br \/><a class=\"centered mobile\" href=\"http:\/\/https:\/\/www.facebook.com\/cultivediversidade\"><img loading=\"lazy\" class=\"alignnone wp-image-626\" src=\"https:\/\/www.diyseeds.org\/wp-content\/uploads\/2019\/01\/icone_point.png\" alt=\"\" width=\"11\" height=\"11\" \/> https:\/\/www.facebook.com\/cultivediversidade<\/a><\/p>\r\n\r\n\r\n<h4>Fifteenth Garden<\/h4>\r\n\r\n<p>&#8221;Fifteenth Garden&#8221; ir urb\u0101no d\u0101rznieku un s\u0113klu glab\u0101t\u0101ju pa\u0161organiz\u0101cijas t\u012bkls &#8211; aplenkumam un blok\u0101dei pak\u013cautaj\u0101s, izpost\u012btaj\u0101s S\u012brijas pils\u0113t\u0101s. P\u0101rtikas suverenit\u0101tes t\u012bkls arvien papla\u0161in\u0101s. Taj\u0101 ietilpst ar\u012b \u0123ime\u0146u d\u0101rzi\u0146i, lauku saimniec\u012bbas un tuv\u0101ko valstu b\u0113g\u013cu nomet\u0146u lauksaimniec\u012bbas iniciat\u012bvas.<br \/><a class=\"centered mobile\" href=\"https:\/\/aseed.net\/en\/the-15th-garden-seeds-for-syria\"><img loading=\"lazy\" class=\"alignnone size-full wp-image-626\" src=\"https:\/\/www.diyseeds.org\/wp-content\/uploads\/2019\/01\/icone_point.png\" alt=\"\" width=\"11\" height=\"11\" \/> aseed.net\/en\/the-15th-garden-seeds-for-syria<\/a><\/p>\r\n\r\n\r\n<h4>Buzuruna Juzuruna<\/h4>\r\n\r\n<p>S\u012brijas, Lib\u0101nas un Francijas lauksaimnieku kolekt\u012bvs, kura ietvaros dibin\u0101ts agroekolo\u0123ijas m\u0101c\u012bbu centrs Lib\u0101n\u0101. M\u0113r\u0137is &#8211; pielietot agroekolo\u0123ijas metodes Vid\u0113jos Austrumos (pa\u0161laik un n\u0101kotn\u0113), lai pretotos korporat\u012bvajai kontrolei Lib\u0101nas un S\u012brijas lauksaimniec\u012bbas tirg\u016b.<br \/><a class=\"centered mobile\" href=\"https:\/\/www.facebook.com\/Grainesetcinema\/\"><img loading=\"lazy\" class=\"alignnone size-full wp-image-626\" src=\"https:\/\/www.diyseeds.org\/wp-content\/uploads\/2019\/01\/icone_point.png\" alt=\"\" width=\"11\" height=\"11\" \/> www.facebook.com\/Grainesetcinema<\/a><\/p>\r\n\r\n<br \/>\r\n<br \/>","protected":false},"excerpt":{"rendered":"<p>T\u012bkls &#8221;Longo ma\u00ef&#8221; kust\u012bba dibin\u0101ta 1973. gad\u0101, un taj\u0101 apvienoti desmit lauksaimniec\u012bbas un amatniec\u012bbas pa\u0161p\u0101rvaldes kooperat\u012bvi &#8211; se\u0161\u0101s Eiropas valst\u012bs. Kooperat\u012bvi ra\u017eo lab\u012bbas, lopbar\u012bbas un d\u0101rze\u0146u s\u0113klas.www.prolongomai.ch Starptautisks solidarit\u0101tes t\u012bkls, kura aktivit\u0101t\u0113s ietilpst dabiski apputeksn\u0113tu s\u0113klu un soci\u0101li tiesiskas, s\u012bka m\u0113roga lauksaimniec\u012bbas aizst\u0101v\u012bba.www.forumcivique.org Apvien\u012bba dibin\u0101ta ar m\u0113r\u0137i aizsarg\u0101t augsni un biodaudzveid\u012bbu. Apvien\u012bba tirgo vair\u0101k nek\u0101 [&hellip;]<\/p>\n","protected":false},"author":4,"featured_media":104,"parent":0,"menu_order":0,"comment_status":"closed","ping_status":"closed","template":"","meta":{"spay_email":""},"jetpack_shortlink":"https:\/\/wp.me\/PaG7IL-8O","_links":{"self":[{"href":"https:\/\/www.diyseeds.org\/lv\/wp-json\/wp\/v2\/pages\/546"}],"collection":[{"href":"https:\/\/www.diyseeds.org\/lv\/wp-json\/wp\/v2\/pages"}],"about":[{"href":"https:\/\/www.diyseeds.org\/lv\/wp-json\/wp\/v2\/types\/page"}],"author":[{"embeddable":true,"href":"https:\/\/www.diyseeds.org\/lv\/wp-json\/wp\/v2\/users\/4"}],"replies":[{"embeddable":true,"href":"https:\/\/www.diyseeds.org\/lv\/wp-json\/wp\/v2\/comments?post=546"}],"version-history":[{"count":149,"href":"https:\/\/www.diyseeds.org\/lv\/wp-json\/wp\/v2\/pages\/546\/revisions"}],"predecessor-version":[{"id":2924,"href":"https:\/\/www.diyseeds.org\/lv\/wp-json\/wp\/v2\/pages\/546\/revisions\/2924"}],"wp:featuredmedia":[{"embeddable":true,"href":"https:\/\/www.diyseeds.org\/lv\/wp-json\/wp\/v2\/media\/104"}],"wp:attachment":[{"href":"https:\/\/www.diyseeds.org\/lv\/wp-json\/wp\/v2\/media?parent=546"}],"curies":[{"name":"wp","href":"https:\/\/api.w.org\/{rel}","templated":true}]}}