{"id":534,"date":"2019-01-22T12:24:53","date_gmt":"2019-01-22T11:24:53","guid":{"rendered":"http:\/\/www.diyseeds.org\/en\/?page_id=534"},"modified":"2025-03-09T23:59:51","modified_gmt":"2025-03-09T22:59:51","slug":"dvd","status":"publish","type":"page","link":"https:\/\/www.diyseeds.org\/lv\/dvd\/","title":{"rendered":"DVD"},"content":{"rendered":"<h1>Ieg\u0101d\u0101jieties DVD komplektu<\/h1>\r\n\r\n<hr style=\"width: 40px;height: 1.5pt;line-height: 1.5pt;text-align: left;color: #5e240d;background-color: #5e240d;margin-top: 0;margin-bottom: 0;\" \/>\r\n\r\n<br \/>\r\n\r\n<p>&#8221;No s\u0113klas l\u012bdz s\u0113klai&#8221; (fran\u010du val.: \u201cSemences buissonni\u00e8res\u201d) ir 4 DVD komplekts, kur\u0101 apkopotas 40 izgl\u012btojo\u0161as \u012bsfilmas (7 stundas un 16 min\u016btes). Izziniet teoriju, iepaz\u012bstiet praktisk\u0101s metodes un visu p\u0101r\u0113jo, kas nepiecie\u0161ams, lai ieg\u016btu s\u0113klas no 40 da\u017e\u0101diem d\u0101rze\u0146iem!<\/p>\r\n\r\n<p>Pied\u0101v\u0101jam 2 komplekta versijas. Katr\u0101 iek\u013cautas 3 valodas: fran\u010du, ang\u013cu, v\u0101cu vai sp\u0101\u0146u, portug\u0101\u013cu, ang\u013cu.<\/p>\r\n\r\n<hr style=\"width: 40px;height: 1.5pt;line-height: 1.5pt;text-align: left;color: #5e240d;background-color: #5e240d;margin-top: 0;margin-bottom: 0;\" \/>\r\n\r\n<div class=\"woocommerce columns-1 \"><ul class=\"products columns-1\">\n<li class=\"product type-product post-1045 status-publish first instock product_cat-non-classe has-post-thumbnail purchasable product-type-simple\">\n\t<\/li>\n<li class=\"product type-product post-762 status-publish first instock product_cat-non-classe has-post-thumbnail purchasable product-type-simple\">\n\t<\/li>\n<\/ul>\n<\/div><span class=\"woocommerce\"><a class=\"button\" href=\"https:\/\/www.diyseeds.org\/cart\/\">See basket<\/a><\/span>\r\n\r\n<h2>K\u0101d\u0113\u013c filmu cikls par s\u0113klu ra\u017eo\u0161anu?<\/h2>\r\n\r\n<p>Paaudz\u0113m ilgi &#8211; s\u012bkie zemnieki selekcion\u0113ju\u0161i un pavairoju\u0161i t\u016bksto\u0161iem augu \u0161\u0137ir\u0146u. Izz\u016bdot tradicion\u0101lajai zemkop\u012bbai, pagaisu\u0161as ar\u012b pla\u0161\u0101s, praktisk\u0101s zin\u0101\u0161anas, k\u0101 rezult\u0101t\u0101 iev\u0113rojami mazin\u0101jusies kultiv\u0113to augu daudzveid\u012bba.<\/p>\r\n\r\n<h3>Atjaunosim praktisk\u0101s zin\u0101\u0161anas &#8211; audz\u0113sim s\u0113klas pa\u0161i<\/h3>\r\n\r\n<p>19. gs. beig\u0101s veidoju\u0161ies nelieli, viet\u0113ja m\u0113roga s\u0113klu ra\u017eo\u0161anas uz\u0146\u0113mumi, kas uztur\u0113ju\u0161i un att\u012bst\u012bju\u0161i s\u0113klu daudzveid\u012bbas potenci\u0101lu. M\u016bsdien\u0101s s\u012bkie uz\u0146\u0113mumi jau gandr\u012bz izzudu\u0161i vai tos p\u0101r\u0146\u0113mu\u0161i lielie uz\u0146\u0113mumi. P\u0101rmai\u0146u rezult\u0101t\u0101 &#8211; b\u016btiski ierobe\u017eots tirdzniec\u012bb\u0101 pied\u0101v\u0101to \u0161\u0137ir\u0146u skaits. S\u0113klu ieguves zin\u012bbas teju monopoliz\u0113ju\u0161i profesion\u0101lie s\u0113klu ra\u017eot\u0101ji, un s\u0113klu audz\u0113\u0161ana p\u0101rtapusi korporat\u012bv\u0101 nosl\u0113pum\u0101, privil\u0113\u0123ij\u0101. Tie\u0161i t\u0101d\u0113\u013c sabiedr\u012bbas vair\u0101kums uzskata &#8211; lai ra\u017eotu s\u0113klas, nepiecie\u0161ama augsta izgl\u012bt\u012bbas kvalifik\u0101cija.<\/p>\r\n\r\n<h3>Kop\u012bga v\u0113lme veicin\u0101t biodaudzveid\u012bbu<\/h3>\r\n\r\n<p>Daudzveid\u012bgas s\u0113klas, kas piem\u0113rotas visda\u017e\u0101d\u0101kajiem audz\u0113\u0161anas apst\u0101k\u013ciem, ir gr\u016bti pieejamas, bet vair\u0101k\u0101s dienvidu valst\u012bs &#8211; pat nesasniedzamas. Tom\u0113r p\u0113d\u0113jo gadu laik\u0101 nov\u0113rojams d\u0101rzkop\u012bbas entuziastu skaita pieaugums. Tendence saist\u0101ma ar pla\u0161o neuztic\u012bbu p\u0101rtikas ra\u017eo\u0161anas industrijai un v\u0113lmi p\u0101rliecin\u0101ties &#8211; m\u0113s sp\u0113tu izdz\u012bvot ar\u012b kr\u012bzes laik\u0101. \u0122imenes, kopienas vai &#8221;koplieto\u0161anas&#8221; d\u0101rzi\u0146u izveide pils\u0113tvid\u0113 vai pils\u0113tu tuvum\u0101 t\u0101pat uzskat\u0101ma par apliecin\u0101jumu sabiedr\u012bbas v\u0113lmei rast dro\u0161u vietu &#8211; soci\u0101lo saik\u0146u veido\u0161anai.<\/p>\r\n\r\n<h3>S\u0113klu apvien\u012bbu ieguld\u012bjums s\u0113klu saglab\u0101\u0161an\u0101 un pavairo\u0161an\u0101<\/h3>\r\n\r\n<p>Eirop\u0101 joproj\u0101m past\u0101v nelielas apvien\u012bbas, kas tiecas uztur\u0113t un izplat\u012bt \u0161\u0137ir\u0146u daudzveid\u012bbu. Apvien\u012bbas dal\u0101s ar\u012b s\u0113klu ra\u017eo\u0161anas zin\u012bb\u0101s, pied\u0101v\u0101jot m\u0101c\u012bbu programmas, nodarb\u012bbas, literat\u016bru un publik\u0101cijas. Apvien\u012bbu darb\u012bbu nodro\u0161ina daudzi cilv\u0113ki, kuri pavairo \u0161\u0137irnes savos \u012bpa\u0161umos (d\u0101rzkopji-amatieri un s\u012bkie zemnieki). Jo vair\u0101k cilv\u0113ku iesaist\u0101s aizsardz\u012bbas un pavairo\u0161anas iniciat\u012bv\u0101s, jo maz\u0101ks ir kultiv\u0113t\u0101s biodaudzveid\u012bbas zudumu risks.<\/p>\r\n\r\n<h3>M\u0101c\u012bbas &#8211; att\u0113los<\/h3>\r\n\r\n<p>S\u0113klu pavairo\u0161anai nepiecie\u0161amas pamatzin\u0101\u0161anas. Ne vienm\u0113r tik viegli atrast nedaudz\u0101s, s\u0113klu jaut\u0101jumiem velt\u012bt\u0101s publik\u0101cijas, un daudzi cilv\u0113ki ar gr\u016bt\u012bb\u0101m uztver rakstveida inform\u0101ciju. Apl\u016bkojot att\u0113lus, iesp\u0113jams iepaz\u012bt auga evol\u016bciju &#8211; no s\u0113klas l\u012bdz s\u0113klai, t\u0101d\u0113j\u0101di vienk\u0101r\u0161ojot ziedu biolo\u0123ijas, apputeksn\u0113\u0161anas procesa, pielietoto \u017eestu un pa\u0146\u0113mienu uztveram\u012bbu, k\u0101 ar\u012b \u013caujot izprast s\u0113klu iev\u0101k\u0161anas, \u0161\u0137iro\u0161anas un uzglab\u0101\u0161anas gaitu. Pietuvin\u0101\u0161anas funkcija pal\u012bdz detaliz\u0113t\u0101k apl\u016bkot un veiksm\u012bg\u0101k identific\u0113t auga elementus.<\/p>\r\n\r\n<h2>Kam paredz\u0113ts m\u016bsu filmu cikls?<\/h2>\r\n\r\n<p>Filmu cikls paredz\u0113ts visiem, kurus interes\u0113 s\u0113klu ra\u017eo\u0161ana: amatierd\u0101rzniekiem, ies\u0101c\u0113jiem, zemniekiem, skol\u0101m, profesion\u0101l\u0101s izgl\u012bt\u012bbas iest\u0101d\u0113m un b\u0113rniem. Filmas noder\u0113s tiem, kas v\u0113las piedal\u012bties kultiv\u0113to augu biodaudzveid\u012bbas saglab\u0101\u0161an\u0101, k\u0101 ar\u012b tiem, kam nepiecie\u0161ams audz\u0113t pa\u0161iem savas s\u0113klas, lai piel\u0101gotos main\u012bgajiem klimata apst\u0101k\u013ciem un g\u0101d\u0101tu par p\u0101rtikas dro\u0161\u012bbu.<\/p>\r\n\r\n<p>Civiliz\u0101cijas v\u0113stur\u0113 vienm\u0113r norisin\u0101jusies s\u0113klu apmai\u0146a vai d\u0101vin\u0101\u0161ana. Tie\u0161i t\u0101pat &#8211; nepiecie\u0161ams br\u012bvi un bez maksas dal\u012bties ar\u012b s\u0113klu ra\u017eo\u0161anas zin\u012bb\u0101s un prasm\u0113s. Eirop\u0101 past\u0101v daudz s\u0113klu apmai\u0146as iniciat\u012bvu &#8211; un rodas arvien jaunas. T\u0101d\u0113j\u0101di &#8211; liel\u0101ka \u0161\u0137ir\u0146u daudzveid\u012bba sasniedz pla\u0161\u0101ku sabiedr\u012bbu.<\/p>\r\n\r\n<p>S\u0113klu apmai\u0146as pas\u0101kumu ietvaros zin\u0101\u0161anas izplat\u012bt nav tik viegli, jo sapulc\u0113jas daudz cilv\u0113ku un m\u0113dz pietr\u016bkt laika. Izgl\u012btojo\u0161\u0101s filmi\u0146as veicina pa\u0161ra\u017eotu s\u0113klu noz\u012bmes izpratni sabiedr\u012bb\u0101, k\u0101 ar\u012b \u013cauj zin\u0101\u0161anas pielietot praktiski &#8211; savos d\u0101rzos. Tehniskie skaidrojumi pied\u0101v\u0101ti vienk\u0101r\u0161ot\u0101, viegli uztveram\u0101 valod\u0101. Tie tulkoti vair\u0101k\u0101s valod\u0101s. Turpin\u0101sim pievienot jaunus tulkojumus, ja vien rad\u012bsim vajadz\u012bgos resursus.<\/p>\r\n\r\n<h2>No s\u0113klas l\u012bdz s\u0113klai: filmu cikla filosofija<\/h2>\r\n\r\n<p>Filmu galvenais m\u0113r\u0137is &#8211; rad\u012bt izgl\u012bt\u012bbas r\u012bku, kas ir gana vienk\u0101r\u0161s un viegli uztverams. Filmu centr\u0101lais elements ir att\u0113ls, kam pievienoti ierun\u0101ti skaidrojumi, jo subtitri nov\u0113rstu uzman\u012bbu no att\u0113liem. Film\u0101s demonstr\u0113tas s\u0113klu att\u012bst\u012bbas f\u0101zes, k\u0101 ar\u012b demonstr\u0113ti s\u0113klu audz\u0113\u0161an\u0101 iesaist\u012btie \u017eesti.<\/p>\r\n\r\n<p>Visu filmu uz\u0146em\u0161ana un mont\u0101\u017ea saska\u0146ota ar vienotu pl\u0101nu. Da\u013ca filmas uz\u0146emta studij\u0101 (tuvpl\u0101ni), cen\u0161oties iesp\u0113jami prec\u012bzi un detaliz\u0113ti atveidot s\u0113klas, zieda un d\u0101rze\u0146u, k\u0101 ar\u012b s\u0113klu ieguves procesos iesaist\u012bto darb\u012bbu elementus.<\/p>\r\n\r\n<p>Piem\u0113ram &#8211; k\u0101 tikusi film\u0113ta tom\u0101tu s\u0113klu iev\u0101k\u0161ana un \u0161\u0137iro\u0161ana saska\u0146\u0101 ar ferment\u0101cijas metodi? Augi redzami to dabiskaj\u0101 vid\u0113. Tiek piel\u0101gots film\u0113\u0161anas m\u0113rogs, lai d\u0101rzu vai siltumn\u012bcu apl\u016bkotu pla\u0161\u0101k\u0101 kontekst\u0101. Uzman\u012bba tiek piev\u0113rsta augam, ta\u010du kl\u0101teso\u0161s ir ar\u012b darbu veic\u0113js. D\u0101rzkop\u012bbas procesu papildina cilv\u0113ka seja &#8211; s\u0113klu iev\u0101c\u0113js pieskaras augam un to apstr\u0101d\u0101. Film\u0101s \u012bpa\u0161i akcent\u0113tas d\u0101rzkopja rokas.<\/p>\r\n\r\n<p>Skaidrojumus nesniedz film\u0113t\u0101s personas. Darbi norit bez koment\u0101riem. Ska\u0146u celi\u0146\u0161 pievienots mont\u0101\u017eas posm\u0101, att\u0113lus papildinot ar nepiecie\u0161amo inform\u0101ciju.<\/p>\r\n\r\n<h2>\u012asfilmu rad\u012b\u0161anas piedz\u012bvojums<\/h2>\r\n\r\n<p>Projekta veiksm\u012bgs nosl\u0113gums sasniegts p\u0113c trim darba gadiem. Bij\u0101m iecer\u0113ju\u0161i filmas uz\u0146emt divu gadu laik\u0101, ta\u010du m\u016bsu v\u0113lme piev\u0113rst uzman\u012bbu nians\u0113m, k\u0101 ar\u012b neparedzamie laikapst\u0101k\u013ci paildzin\u0101ja uz\u0146em\u0161anas un mont\u0101\u017eas norisi. Rezult\u0101ts: 7 \u012bsfilmu stundas &#8211; 40 modu\u013cos!<\/p>\r\n\r\n<p>Filmu cikla izveid\u0113 piedal\u012bju\u0161ies simtiem cilv\u0113ku: s\u0113klu ra\u017eot\u0101ji da\u017e\u0101dos Francijas d\u0101rzos (Jur\u0101, Ard\u0113\u0161\u0101, Burgundij\u0101, Bu\u0161diron\u0101, Nic\u0101, Aug\u0161provans\u0101), k\u0101 ar\u012b &#8221;Longo ma\u00ef&#8221; kolekt\u012bvu d\u0101rzkopji. Balss ierakst\u012bt\u0101ji, tekstu tulkot\u0101ji, m\u016bzi\u0137i, kas kompon\u0113ju\u0161i un aran\u017e\u0113ju\u0161i muzik\u0101lo pavad\u012bjumu, m\u0101ksliniece, kura veidojusi br\u012bni\u0161\u0137\u012bg\u0101s anim\u0101cijas vai diagrammas. Protams &#8211; ar\u012bdzan redaktori ar sav\u0101m praktiskaj\u0101m gudr\u012bb\u0101m, ska\u0146u speci\u0101listi, kr\u0101su kalibr\u0113t\u0101ji, DVD speci\u0101listi, DVD un DVD v\u0101ci\u0146a noform\u0113t\u0101ji. Jo \u012bpa\u0161i piemin\u0113sim m\u016bsu vado\u0161o operatori un vi\u0146as pal\u012bgus!<\/p>\r\n\r\n<p>Projekts bijis liels izaicin\u0101jums. Nereti radu\u0161\u0101s gr\u016bt\u012bbas &#8211; ne visas no trim re\u017eisor\u0113m apvelt\u012btas ar iepriek\u0161\u0113ju pieredzi filmu uz\u0146em\u0161an\u0101 un film\u0113\u0161anas posmu koordin\u0113\u0161an\u0101, t\u0101d\u0113\u013c filmu cikla tap\u0161ana nedaudz ieilgusi.<\/p>\r\n\r\n<p>Ceram &#8211; m\u016bsu izgl\u012btojo\u0161\u0101s \u012bsfilmas biju\u0161as jums noder\u012bgas! Ceram &#8211; p\u0101rrun\u0101siet t\u0101s ar draugiem un kol\u0113\u0123iem, k\u0101 ar\u012b piedal\u012bsieties to izplat\u012b\u0161an\u0101. Tas ir m\u016bsu galvenais m\u0113r\u0137is &#8211; iesp\u0113jami daudziem cilv\u0113kiem pied\u0101v\u0101t pamatprasmes, kas nodro\u0161in\u0101tu liel\u0101ku pa\u0161pietiekam\u012bbu un pa\u0161pa\u013c\u0101v\u012bbu. Esam p\u0101rliecin\u0101ti &#8211; j\u016bs sp\u0113siet sara\u017eot daudz s\u0113klu, daloties ar\u012b ar kaimi\u0146iem un citiem kopienas p\u0101rst\u0101vjiem. T\u0101d\u0113j\u0101di k\u013c\u016bsiet par da\u013cu no neskait\u0101mu zemnieku un d\u0101rznieku kop\u012bbas, kas m\u016bs barojusi &#8211; jau kop\u0161 cilv\u0113ces r\u012btausmas.<\/p>\r\n\r\n<h2>Mums nepiecie\u0161ams j\u016bsu atbalsts<\/h2>\r\n\r\n<p>M\u016bsu projekts nav nosl\u0113dzies &#8211; esam sa\u0146\u0113mu\u0161i daudz aicin\u0101jumu tulkot filmas cit\u0101s valod\u0101s, lai v\u0113l vair\u0101k cilv\u0113ku var\u0113tu m\u0101c\u012bties \u017eestus un praktisk\u0101s iema\u0146as. Projektiem nepiecie\u0161ams papildfinans\u0113jums, jo katra jaun\u0101 valoda paredz tulkot\u0101ju, ierun\u0101t\u0101ju, redaktoru un ska\u0146u mont\u0101\u017eas speci\u0101listu kopdarbu. Pav\u0113stiet par m\u016bsu iecer\u0113m ar\u012b citiem &#8211; varb\u016bt sp\u0113sim kop\u012bgi iztulkot filmas v\u0113l da\u017e\u0101s valod\u0101s! Paldies!<\/p>\r\n\r\n<br \/>","protected":false},"excerpt":{"rendered":"<p>Ieg\u0101d\u0101jieties DVD komplektu &#8221;No s\u0113klas l\u012bdz s\u0113klai&#8221; (fran\u010du val.: \u201cSemences buissonni\u00e8res\u201d) ir 4 DVD komplekts, kur\u0101 apkopotas 40 izgl\u012btojo\u0161as \u012bsfilmas (7 stundas un 16 min\u016btes). Izziniet teoriju, iepaz\u012bstiet praktisk\u0101s metodes un visu p\u0101r\u0113jo, kas nepiecie\u0161ams, lai ieg\u016btu s\u0113klas no 40 da\u017e\u0101diem d\u0101rze\u0146iem! Pied\u0101v\u0101jam 2 komplekta versijas. Katr\u0101 iek\u013cautas 3 valodas: fran\u010du, ang\u013cu, v\u0101cu vai sp\u0101\u0146u, [&hellip;]<\/p>\n","protected":false},"author":4,"featured_media":104,"parent":0,"menu_order":0,"comment_status":"closed","ping_status":"closed","template":"","meta":{"spay_email":""},"jetpack_shortlink":"https:\/\/wp.me\/PaG7IL-8C","_links":{"self":[{"href":"https:\/\/www.diyseeds.org\/lv\/wp-json\/wp\/v2\/pages\/534"}],"collection":[{"href":"https:\/\/www.diyseeds.org\/lv\/wp-json\/wp\/v2\/pages"}],"about":[{"href":"https:\/\/www.diyseeds.org\/lv\/wp-json\/wp\/v2\/types\/page"}],"author":[{"embeddable":true,"href":"https:\/\/www.diyseeds.org\/lv\/wp-json\/wp\/v2\/users\/4"}],"replies":[{"embeddable":true,"href":"https:\/\/www.diyseeds.org\/lv\/wp-json\/wp\/v2\/comments?post=534"}],"version-history":[{"count":114,"href":"https:\/\/www.diyseeds.org\/lv\/wp-json\/wp\/v2\/pages\/534\/revisions"}],"predecessor-version":[{"id":2922,"href":"https:\/\/www.diyseeds.org\/lv\/wp-json\/wp\/v2\/pages\/534\/revisions\/2922"}],"wp:featuredmedia":[{"embeddable":true,"href":"https:\/\/www.diyseeds.org\/lv\/wp-json\/wp\/v2\/media\/104"}],"wp:attachment":[{"href":"https:\/\/www.diyseeds.org\/lv\/wp-json\/wp\/v2\/media?parent=534"}],"curies":[{"name":"wp","href":"https:\/\/api.w.org\/{rel}","templated":true}]}}