{"id":42,"date":"2018-12-14T19:08:29","date_gmt":"2018-12-14T18:08:29","guid":{"rendered":"http:\/\/www.diyseeds.org\/en\/?page_id=42"},"modified":"2025-03-08T14:16:29","modified_gmt":"2025-03-08T13:16:29","slug":"team","status":"publish","type":"page","link":"https:\/\/www.diyseeds.org\/lv\/team\/","title":{"rendered":"Komanda"},"content":{"rendered":"<h1>Komanda<\/h1>\r\n\r\n<hr style=\"width: 50px;height: 2pt;line-height: 2pt;text-align: left;color: #5e240d;background-color: #5e240d;margin-top: 10px;margin-bottom: 0;\" \/>\r\n\r\n<h4 class=\"centered mobile\">Re\u017eisores: Martina Vidmere un Silvija Segina<\/h4>\r\n\r\n<p>Martina Vidmere ir &#8221;The European Civic Forum&#8221; p\u0101rst\u0101ve, bet Silvija Segina p\u0101rst\u0101v &#8221;Longo ma\u00ef&#8221; kooperat\u012bvu. Abas ir pieredz\u0113ju\u0161as tirgus d\u0101rzkopes un s\u0113klu ra\u017eot\u0101jas. Jau kop\u0161 2000-o gadu s\u0101kuma darbojas &#8221;Kokopelli&#8221; apvien\u012bb\u0101. Martina un Silvija organiz\u0113ju\u0161as &#8221;Seed Swaps&#8221; pas\u0101kumus, k\u0101 ar\u012b iesaist\u012bju\u0161\u0101s s\u0113klu ra\u017eot\u0101ju t\u012bkl\u0101 &#8211; &#8221;Kokopelli&#8221; iniciat\u012bvas &#8221;S\u0113klas bez robe\u017e\u0101m&#8221; ietvaros. Martina un Silvija piedal\u0101s ar\u012b &#8221;The European Civic Forum&#8221; sabiedr\u012bbas inform\u0101cijas kampa\u0146u organiz\u0113\u0161an\u0101, apkarojot s\u0113klu izplat\u012bbu ierobe\u017eojo\u0161u likumdo\u0161anu un atbalstot dabiski apputeksn\u0113tu mantojuma s\u0113klu pieejam\u012bbu.<\/p>\r\n\r\n<h4 class=\"centered mobile\">L\u012bdzre\u017eisore: Olga Vidmere<\/h4>\r\n\r\n<p>Re\u017eisore, galven\u0101 operatore, redaktore Olga Vidmere dokument\u0101l\u0101 kino jom\u0101 darbojas jau vair\u0101k nek\u0101 15 gadus. Olgas veidoto dokument\u0101lo filmu vid\u016b ir ar\u012b \u0160veices apvien\u012bbas &#8221;Longo Ma\u00ef&#8221; pas\u016bt\u012bts, lauksaimniec\u012bbas politikai velt\u012bts videomateri\u0101ls.<\/p>\r\n\r\n<h4 class=\"centered mobile\">Ilustr\u0101ciju un anim\u0101ciju autore: Mileina Gij\u0101rda \u0160mita<\/h4>\r\n\r\n<p>Mileina Gij\u0101rda \u0160mita ir anim\u0101cijas filmu veidot\u0101ja un vizu\u0101l\u0101s m\u0101kslas meistare. Kino, t\u0113lniec\u012bba, glezniec\u012bba&#8230; M\u0101ksla ir Mileinas kaisl\u012bba un Mileinas profesija. Tehnisk\u0101s zin\u0101\u0161anas, prasme ieklaus\u012bties un sadarboties ar l\u012bdzcilv\u0113kiem pie\u0161\u0137ir j\u0113gpiln\u012bbu Mileinas rad\u012btajam. M\u0101kslai piem\u012bt nenoliedzams sp\u0113ks atkl\u0101t, v\u0113st\u012bt, noliegt &#8211; est\u0113tiski un stilistiski izteiksm\u012bg\u0101 veid\u0101.<\/p>\r\n\r\n<h4 class=\"centered mobile\">Filmu cikla producenti<\/h4>\r\n\r\n<p>&#8221;Longo ma\u00ef&#8221; apvien\u012bba dibin\u0101ta 1973. gad\u0101. To veido desmit pa\u0161p\u0101rvaldes kooperat\u012bvi &#8211; vis\u0101 Eirop\u0101. Lauku saimniec\u012bb\u0101s tiek ra\u017eots un apstr\u0101d\u0101ts pla\u0161s, viet\u0113jas izcelsmes graudu un d\u0101rze\u0146u kl\u0101sts. Ikviens kooperat\u012bvs ra\u017eo da\u013cu no s\u0113kl\u0101m, k\u0101 ar\u012b \u012bsteno regul\u0101ru s\u0113klu apmai\u0146u, populariz\u0113jot viet\u0113j\u0101s \u0161\u0137irnes un iedvesmojot cilv\u0113kus ra\u017eot s\u0113klas pa\u0161roc\u012bgi.<\/p>\r\n\r\n<p>&#8221;The European Civic Forum&#8221; ir starptautisks solidarit\u0101tes t\u012bkls, kas akt\u012bvi darbojas vair\u0101k\u0101s jom\u0101s, piem\u0113ram, dabiski apputeksn\u0113tu s\u0113klu un soci\u0101li l\u012bdzties\u012bgu, s\u012bka m\u0113roga lauksaimniec\u012bbu aizsardz\u012bb\u0101.<\/p>\r\n\r\n<br \/>\r\n\r\n<div id=\"attachment_637\" style=\"width: 310px\"  class=\"wp-caption alignnone\"><img loading=\"lazy\" class=\"wp-image-637 size-medium\" src=\"https:\/\/www.diyseeds.org\/wp-content\/uploads\/2019\/01\/Sylvie-300x169.jpg\" alt=\"Sylvie trie des semences dans un tamis\" width=\"300\" height=\"169\" srcset=\"https:\/\/www.diyseeds.org\/wp-content\/uploads\/2019\/01\/Sylvie-300x169.jpg 300w, https:\/\/www.diyseeds.org\/wp-content\/uploads\/2019\/01\/Sylvie-600x338.jpg 600w, https:\/\/www.diyseeds.org\/wp-content\/uploads\/2019\/01\/Sylvie-768x432.jpg 768w, https:\/\/www.diyseeds.org\/wp-content\/uploads\/2019\/01\/Sylvie-1024x576.jpg 1024w, https:\/\/www.diyseeds.org\/wp-content\/uploads\/2019\/01\/Sylvie.jpg 1920w\" sizes=\"(max-width: 300px) 100vw, 300px\" \/><p class=\"wp-caption-text\">Silvija Segina<\/p><\/div>\r\n\r\n<br \/>\r\n\r\n<div id=\"attachment_636\" style=\"width: 310px\"  class=\"wp-caption alignnone\"><img loading=\"lazy\" class=\"wp-image-636 size-medium\" src=\"https:\/\/www.diyseeds.org\/wp-content\/uploads\/2019\/01\/Martina-300x169.jpg\" alt=\"Martina r\u00e9colte des graines\" width=\"300\" height=\"169\" srcset=\"https:\/\/www.diyseeds.org\/wp-content\/uploads\/2019\/01\/Martina-300x169.jpg 300w, https:\/\/www.diyseeds.org\/wp-content\/uploads\/2019\/01\/Martina-600x338.jpg 600w, https:\/\/www.diyseeds.org\/wp-content\/uploads\/2019\/01\/Martina-768x432.jpg 768w, https:\/\/www.diyseeds.org\/wp-content\/uploads\/2019\/01\/Martina-1024x576.jpg 1024w, https:\/\/www.diyseeds.org\/wp-content\/uploads\/2019\/01\/Martina.jpg 1920w\" sizes=\"(max-width: 300px) 100vw, 300px\" \/><p class=\"wp-caption-text\">Martina Vidmere<\/p><\/div>\r\n\r\n<br \/>\r\n\r\n<div id=\"attachment_638\" style=\"width: 310px\"  class=\"wp-caption alignnone\"><img loading=\"lazy\" class=\"wp-image-638 size-medium\" src=\"https:\/\/www.diyseeds.org\/wp-content\/uploads\/2019\/01\/tournage-Olga-001-300x200.jpg\" alt=\"Olga sur le tournage du film\" width=\"300\" height=\"200\" srcset=\"https:\/\/www.diyseeds.org\/wp-content\/uploads\/2019\/01\/tournage-Olga-001-300x200.jpg 300w, https:\/\/www.diyseeds.org\/wp-content\/uploads\/2019\/01\/tournage-Olga-001-600x400.jpg 600w, https:\/\/www.diyseeds.org\/wp-content\/uploads\/2019\/01\/tournage-Olga-001-768x511.jpg 768w, https:\/\/www.diyseeds.org\/wp-content\/uploads\/2019\/01\/tournage-Olga-001-1024x682.jpg 1024w, https:\/\/www.diyseeds.org\/wp-content\/uploads\/2019\/01\/tournage-Olga-001.jpg 1820w\" sizes=\"(max-width: 300px) 100vw, 300px\" \/><p class=\"wp-caption-text\">Olga Vidmere, Fransu\u0101 un Maira Aimonj\u0113ri<\/p><\/div>\r\n\r\n<br \/>\r\n\r\n<div id=\"attachment_639\" style=\"width: 310px\"  class=\"wp-caption alignnone\"><img loading=\"lazy\" class=\"wp-image-639 size-medium\" src=\"https:\/\/www.diyseeds.org\/wp-content\/uploads\/2019\/01\/image-300x168.jpg\" alt=\"Myl\u00e8ne graphiste du film\" width=\"300\" height=\"168\" srcset=\"https:\/\/www.diyseeds.org\/wp-content\/uploads\/2019\/01\/image-300x168.jpg 300w, https:\/\/www.diyseeds.org\/wp-content\/uploads\/2019\/01\/image.jpg 431w\" sizes=\"(max-width: 300px) 100vw, 300px\" \/><p class=\"wp-caption-text\">Mil\u0113na Gij\u0101rda \u0160mita<\/p><\/div>\r\n\r\n<br \/>","protected":false},"excerpt":{"rendered":"<p>Komanda Re\u017eisores: Martina Vidmere un Silvija Segina Martina Vidmere ir &#8221;The European Civic Forum&#8221; p\u0101rst\u0101ve, bet Silvija Segina p\u0101rst\u0101v &#8221;Longo ma\u00ef&#8221; kooperat\u012bvu. Abas ir pieredz\u0113ju\u0161as tirgus d\u0101rzkopes un s\u0113klu ra\u017eot\u0101jas. Jau kop\u0161 2000-o gadu s\u0101kuma darbojas &#8221;Kokopelli&#8221; apvien\u012bb\u0101. Martina un Silvija organiz\u0113ju\u0161as &#8221;Seed Swaps&#8221; pas\u0101kumus, k\u0101 ar\u012b iesaist\u012bju\u0161\u0101s s\u0113klu ra\u017eot\u0101ju t\u012bkl\u0101 &#8211; &#8221;Kokopelli&#8221; iniciat\u012bvas &#8221;S\u0113klas [&hellip;]<\/p>\n","protected":false},"author":1,"featured_media":104,"parent":0,"menu_order":0,"comment_status":"closed","ping_status":"closed","template":"","meta":{"spay_email":""},"jetpack_shortlink":"https:\/\/wp.me\/PaG7IL-G","_links":{"self":[{"href":"https:\/\/www.diyseeds.org\/lv\/wp-json\/wp\/v2\/pages\/42"}],"collection":[{"href":"https:\/\/www.diyseeds.org\/lv\/wp-json\/wp\/v2\/pages"}],"about":[{"href":"https:\/\/www.diyseeds.org\/lv\/wp-json\/wp\/v2\/types\/page"}],"author":[{"embeddable":true,"href":"https:\/\/www.diyseeds.org\/lv\/wp-json\/wp\/v2\/users\/1"}],"replies":[{"embeddable":true,"href":"https:\/\/www.diyseeds.org\/lv\/wp-json\/wp\/v2\/comments?post=42"}],"version-history":[{"count":98,"href":"https:\/\/www.diyseeds.org\/lv\/wp-json\/wp\/v2\/pages\/42\/revisions"}],"predecessor-version":[{"id":2920,"href":"https:\/\/www.diyseeds.org\/lv\/wp-json\/wp\/v2\/pages\/42\/revisions\/2920"}],"wp:featuredmedia":[{"embeddable":true,"href":"https:\/\/www.diyseeds.org\/lv\/wp-json\/wp\/v2\/media\/104"}],"wp:attachment":[{"href":"https:\/\/www.diyseeds.org\/lv\/wp-json\/wp\/v2\/media?parent=42"}],"curies":[{"name":"wp","href":"https:\/\/api.w.org\/{rel}","templated":true}]}}