{"id":90,"date":"2018-12-22T22:36:52","date_gmt":"2018-12-22T21:36:52","guid":{"rendered":"http:\/\/www.diyseeds.org\/en\/?page_id=90"},"modified":"2026-02-16T09:58:16","modified_gmt":"2026-02-16T08:58:16","slug":"home","status":"publish","type":"page","link":"https:\/\/www.diyseeds.org\/hu\/home\/","title":{"rendered":"Home"},"content":{"rendered":"<h1>Magt\u00f3l magig: termeld meg a saj\u00e1t magjaidat<\/h1>\r\n\r\n<p>Ezen az oldalon 40 r\u00f6vid oktat\u00f3vide\u00f3t tesz\u00fcnk k\u00f6zz\u00e9, melyeket eredetileg a 4 r\u00e9szes &#8220;Magt\u00f3l magig&#8221; DVD-sorozato publik\u00e1ltunk. A vide\u00f3k csod\u00e1latos k\u00e9pek \u00e9s anim\u00e1lt rajzok seg\u00edts\u00e9g\u00e9vel l\u00e9p\u00e9sr\u0151l l\u00e9p\u00e9sre v\u00e9gigvezetnek a 40 k\u00fcl\u00f6nb\u00f6z\u0151 z\u00f6lds\u00e9g magtermeszt\u00e9s\u00e9hez sz\u00fcks\u00e9ges tud\u00e1sanyag\u00e1n. R\u00e1ad\u00e1sul 8 elm\u00e9leti \u00e9s gyakorlati alapoz\u00f3 vide\u00f3ban a magfog\u00e1s alapjait is bemutatjuk. A vide\u00f3kat a Longo ma\u00ef \u00e9s az Eur\u00f3pai Civil F\u00f3rum (European Civic Forum) k\u00e9sz\u00edtette. Ez a k\u00e9t szervezet sok \u00e9ve dolgozik a szabadelvir\u00e1gz\u00e1s\u00fa fajt\u00e1k v\u00e9delm\u00e9\u00e9rt \u00e9s n\u00e9pszer\u0171s\u00edt\u00e9s\u00e9\u00e9rt.<\/p>\r\n\r\n<h1>Mi\u00e9rt \u00e9rdemes saj\u00e1t magot fogni?<\/h1>\r\n\r\n<p>Saj\u00e1t magok felszapor\u00edt\u00e1s\u00e1val hozz\u00e1j\u00e1rulunk a biol\u00f3giai sokf\u00e9les\u00e9g meg\u0151rz\u00e9s\u00e9hez, melynek mi magunk is r\u00e9szei vagyunk. Minden term\u00e9keny mag hozz\u00e1j\u00e1rul a f\u00f6ldi \u00e9let folytonoss\u00e1g\u00e1nak biztos\u00edt\u00e1s\u00e1hoz. Ez k\u00fcl\u00f6n\u00f6sen az\u00e9rt fontos, mert manaps\u00e1g a gazd\u00e1k \u00e9s a kert\u00e9szek sokszor t\u00fals\u00e1gosan is a nagy vet\u0151magc\u00e9gekre vannak utalva.<\/p>\r\n\r\n<p><a href=\"\/hu\/why-produce-own-seeds\/\" style=\"text-decoration: underline;\">B\u0151vebben<\/a><\/p>\r\n\r\n<h1>Hogy foghatok saj\u00e1t magot?<\/h1>\r\n\r\n<p>Ezt a honlapot \u00fagy \u00e1ll\u00edtottuk \u00f6ssze, hogy a lehet\u0151 legt\u00f6bb k\u00e9rd\u00e9sre v\u00e1laszt tudjon adni. L\u00e9tfontoss\u00e1g\u00fa, hogy a magfog\u00e1ssal kapcsolatos tud\u00e1s ism\u00e9t a birtokunkba ker\u00fclj\u00f6n. Hogy fogjunk magot a paradicsomr\u00f3l, a sal\u00e1t\u00e1r\u00f3l, a babr\u00f3l, a cukkinir\u0151l, a petrezselyemr\u0151l, a k\u00e1poszt\u00e1r\u00f3l vagy a k\u00e1rdir\u00f3l? Mi az a megporz\u00e1s? Milyen a z\u00f6lds\u00e9gn\u00f6v\u00e9nyek \u00e9letciklusa \u00e9s mi a botanikai besorol\u00e1suk?<\/p>\r\n\r\n<p>Ha szeretn\u00e9d magad\u00e9v\u00e1 tenni ezt az elveszett tud\u00e1st, sz\u00e1nd r\u00e1 az id\u0151t ezeknek a vide\u00f3knak a megtekint\u00e9s\u00e9re, melyek t\u00f6bb mint 30 z\u00f6lds\u00e9g magfog\u00e1s\u00e1t mutatj\u00e1k be! Ezek a vide\u00f3k oktat\u00e1si seg\u00e9danyagk\u00e9nt is felhaszn\u00e1lhat\u00f3ak, \u00e9s t\u00f6bb nyelven DVD form\u00e1j\u00e1ban is megrendelhet\u0151k. Sok anyag, p\u00e9ld\u00e1ul a vide\u00f3k sz\u00f6vege, a vide\u00f3k maguk, \u00e9s a n\u00f6v\u00e9nyek csal\u00e1df\u00e1i ingyenesen let\u00f6lthet\u0151ek.<\/p>\r\n\r\n<p><a href=\"\/hu\/films\/\" style=\"text-decoration: underline;\">Vide\u00f3k megtekint\u00e9se<\/a><\/p>\r\n\r\n<h1>Hol tal\u00e1lok szabadelvir\u00e1gz\u00e1s\u00fa fajt\u00e1kat?<\/h1>\r\n\r\n<p>Ha saj\u00e1t fog\u00e1s\u00fa magokat szeretn\u00e9l elvetni \u00e9vr\u0151l \u00e9vre, \u00e9rdemes k\u00f6r\u00fcltekint\u0151en kiv\u00e1lasztani a fajt\u00e1kat. Mi \u00f6kol\u00f3giai termeszt\u00e9sb\u0151l sz\u00e1rmaz\u00f3, szabadelvir\u00e1gz\u00e1s\u00fa fajt\u00e1kat javaslunk &#8211; mindkett\u0151 alapvet\u0151 k\u00e9ne, hogy legyen, azonban a nagy vet\u0151magc\u00e9gek \u00e1ltal forgalmazott magok t\u00f6bbs\u00e9ge oltalommal v\u00e9dett F1 hibrid, vagyis nem \u00fajravethet\u0151ek.<\/p>\r\n\r\n<p>R\u00e9gi, ellen\u00e1ll\u00f3, szabadelvir\u00e1gz\u00e1s\u00fa fajt\u00e1k magjait erre specializ\u00e1l\u00f3dott helyekr\u0151l tudod beszerezni. Val\u00f3sz\u00edn\u0171leg a te orsz\u00e1godban is l\u00e9tezik ilyen &#8211; de ha m\u00e9gsem, akkor az interneten is lehet rendelni. Ennek a t\u00e9m\u00e1nak egy k\u00fcl\u00f6n oldalt szentelt\u00fcnk.<\/p>\r\n\r\n<p>Egy m\u00e1sik lehet\u0151s\u00e9g magb\u00f6rz\u00e9ken vagy magk\u00f6nyvt\u00e1rakban csereber\u00e9lni. Ak\u00e1r a szomsz\u00e9daiddal is csereber\u00e9lhetsz! Ha nincs a k\u00f6zelben magb\u00f6rze, mi\u00e9rt ne szervezhetn\u00e9l egyet?<\/p>\r\n\r\n<h1>Leg\u00e1lis saj\u00e1t magot fogni?<\/h1>\r\n\r\n<p>Eur\u00f3p\u00e1ban a szab\u00e1lyoz\u00e1s szigor\u00faan megk\u00f6veteli a magtermeszt\u0151kt\u0151l, hogy a fajt\u00e1ikat egy hivatalos katal\u00f3gusban regisztr\u00e1lj\u00e1k, melynek nagyon szigor\u00fa k\u00f6vetelm\u00e9nyei vannak. Magyarorsz\u00e1gon p\u00e9ld\u00e1ul a forgalomba ker\u00fcl\u0151 vet\u0151magokat regisztr\u00e1lni kell a nemzeti fajtajegyz\u00e9kben. Ez a rendszer a nagy vet\u0151magc\u00e9gek &#8211; mind p\u00e9ld\u00e1ul a Bayer\/Monsanto &#8211; k\u00f6zel egyeduralm\u00e1t er\u0151s\u00edtik meg a piacon. A szab\u00e1lyok be nem tart\u00e1sa komoly k\u00f6vetkezm\u00e9nyeket von maga ut\u00e1n: a Kokopelli nev\u0171 francia szervezet ellen p\u00e9ld\u00e1ul t\u00f6bb b\u00edr\u00f3s\u00e1gi elj\u00e1r\u00e1s is indult, mert olyan fajt\u00e1k magjait \u00e9rt\u00e9kes\u00edtett\u00e9k, melyek nem szerepeltek a francia nemzeti fajtajegyz\u00e9kben, a SEMAE-ben.<\/p>\r\n\r\n<p><a href=\"\/hu\/plant-selection-in-the-industrial-age\/\" style=\"text-decoration: underline;\">B\u0151vebben<\/a><\/p>\r\n\r\n<br \/>\r\n<br \/>","protected":false},"excerpt":{"rendered":"<p>Magt\u00f3l magig: termeld meg a saj\u00e1t magjaidat Ezen az oldalon 40 r\u00f6vid oktat\u00f3vide\u00f3t tesz\u00fcnk k\u00f6zz\u00e9, melyeket eredetileg a 4 r\u00e9szes &#8220;Magt\u00f3l magig&#8221; DVD-sorozato publik\u00e1ltunk. A vide\u00f3k csod\u00e1latos k\u00e9pek \u00e9s anim\u00e1lt rajzok seg\u00edts\u00e9g\u00e9vel l\u00e9p\u00e9sr\u0151l l\u00e9p\u00e9sre v\u00e9gigvezetnek a 40 k\u00fcl\u00f6nb\u00f6z\u0151 z\u00f6lds\u00e9g magtermeszt\u00e9s\u00e9hez sz\u00fcks\u00e9ges tud\u00e1sanyag\u00e1n. R\u00e1ad\u00e1sul 8 elm\u00e9leti \u00e9s gyakorlati alapoz\u00f3 vide\u00f3ban a magfog\u00e1s alapjait is bemutatjuk. A [&hellip;]<\/p>\n","protected":false},"author":2,"featured_media":104,"parent":0,"menu_order":0,"comment_status":"closed","ping_status":"closed","template":"","meta":{"spay_email":""},"jetpack_shortlink":"https:\/\/wp.me\/PaG7IL-1s","_links":{"self":[{"href":"https:\/\/www.diyseeds.org\/hu\/wp-json\/wp\/v2\/pages\/90"}],"collection":[{"href":"https:\/\/www.diyseeds.org\/hu\/wp-json\/wp\/v2\/pages"}],"about":[{"href":"https:\/\/www.diyseeds.org\/hu\/wp-json\/wp\/v2\/types\/page"}],"author":[{"embeddable":true,"href":"https:\/\/www.diyseeds.org\/hu\/wp-json\/wp\/v2\/users\/2"}],"replies":[{"embeddable":true,"href":"https:\/\/www.diyseeds.org\/hu\/wp-json\/wp\/v2\/comments?post=90"}],"version-history":[{"count":144,"href":"https:\/\/www.diyseeds.org\/hu\/wp-json\/wp\/v2\/pages\/90\/revisions"}],"predecessor-version":[{"id":2960,"href":"https:\/\/www.diyseeds.org\/hu\/wp-json\/wp\/v2\/pages\/90\/revisions\/2960"}],"wp:featuredmedia":[{"embeddable":true,"href":"https:\/\/www.diyseeds.org\/hu\/wp-json\/wp\/v2\/media\/104"}],"wp:attachment":[{"href":"https:\/\/www.diyseeds.org\/hu\/wp-json\/wp\/v2\/media?parent=90"}],"curies":[{"name":"wp","href":"https:\/\/api.w.org\/{rel}","templated":true}]}}