{"id":74,"date":"2018-12-15T09:32:34","date_gmt":"2018-12-15T08:32:34","guid":{"rendered":"http:\/\/www.diyseeds.org\/en\/?page_id=74"},"modified":"2025-03-10T00:10:02","modified_gmt":"2025-03-09T23:10:02","slug":"resources","status":"publish","type":"page","link":"https:\/\/www.diyseeds.org\/hu\/resources\/","title":{"rendered":"Forr\u00e1sok"},"content":{"rendered":"<h1>Forr\u00e1sok<\/h1>\r\n\r\n<hr style=\"width: 50px;height: 1.5pt;line-height: 1.5pt;text-align: left;color: #5e240D;background-color: #5e240D;margin-top: 0;margin-bottom: 0;\" \/>\r\n\r\n<h4 class=\"centered mobile\">Botanikai csal\u00e1df\u00e1k<\/h4>\r\n\r\n<p>Myleine Guiard Schmidet b\u00edztuk meg a botanikai csal\u00e1df\u00e1k megrajzol\u00e1s\u00e1val. Az \u0151 k\u00e9r\u00e9s\u00e9nek megfelel\u0151en a festm\u00e9nyeket Creative Commons licenc alatt tessz\u00fck k\u00f6zz\u00e9, melynek k\u00f6sz\u00f6nhet\u0151en non-profit oktat\u00e1si tev\u00e9kenys\u00e9gekhez ingyenesen felhaszn\u00e1lhat\u00f3ak. K\u00e9rd\u00e9s eset\u00e9n Myleine Guiard Schmiddel vedd fel a kapcsolatot!<br \/>myleine.animation@gmail.com<\/p>\r\n\r\n<hr style=\"width: 50px;height: 1.5pt;line-height: 1.5pt;text-align: left;color: #5e240D;background-color: #5e240D;margin-top: 0;margin-bottom: 0;\" \/>\r\n\r\n<h4 class=\"centered mobile\">K\u00f6nyvek a magfog\u00e1sr\u00f3l<\/h4>\r\n\r\n<p>A vide\u00f3k elk\u00e9sz\u00edt\u00e9s\u00e9hez a k\u00f6vetkez\u0151 k\u00f6nyveket haszn\u00e1ltuk fel:<\/p>\r\n\r\n<ul>\r\n\t<li><strong>The Seeds of Kokopelli<\/strong><br \/>by Dominique Guillet<br \/>Publishing \u00ab La Voix des semences \u00bb<\/li>\r\n\t<li><strong>The Manual of Seed Saving<\/strong><br \/>by Andrea Heistinger,<br \/>Arche Noah \/ Pro Specie Rara<br \/>Publishing Timber Press<\/li>\r\n\t<li><strong>Seed to Seed<\/strong><br \/>by Suzanne Ashworth<br \/>Seed Savers Exchange<\/li>\r\n<\/ul>\r\n\r\n<br \/>\r\n\r\n<hr style=\"width: 50px;height: 1.5pt;line-height: 1.5pt;text-align: left;color: #5e240D;background-color: #5e240D;margin-top: 0;margin-bottom: 0;\" \/>\r\n\r\n\n        \n    <ul id=\"support\">\n        <li id=\"support-us\"><a href=\"https:\/\/www.diyseeds.org\/hu\/support-us\/\"> Hogy t\u00e1mogathatsz minket?<\/a><\/li>        <li id=\"buy\"><a href=\"https:\/\/www.diyseeds.org\/hu\/dvd\/\">DVD-k megv\u00e1srl\u00e1sa<\/a><\/li>    <\/ul>\n    \n        \n\r\n\r\n<br \/>\r\n<br \/>","protected":false},"excerpt":{"rendered":"<p>Forr\u00e1sok Botanikai csal\u00e1df\u00e1k Myleine Guiard Schmidet b\u00edztuk meg a botanikai csal\u00e1df\u00e1k megrajzol\u00e1s\u00e1val. Az \u0151 k\u00e9r\u00e9s\u00e9nek megfelel\u0151en a festm\u00e9nyeket Creative Commons licenc alatt tessz\u00fck k\u00f6zz\u00e9, melynek k\u00f6sz\u00f6nhet\u0151en non-profit oktat\u00e1si tev\u00e9kenys\u00e9gekhez ingyenesen felhaszn\u00e1lhat\u00f3ak. K\u00e9rd\u00e9s eset\u00e9n Myleine Guiard Schmiddel vedd fel a kapcsolatot!myleine.animation@gmail.com K\u00f6nyvek a magfog\u00e1sr\u00f3l A vide\u00f3k elk\u00e9sz\u00edt\u00e9s\u00e9hez a k\u00f6vetkez\u0151 k\u00f6nyveket haszn\u00e1ltuk fel: The Seeds of Kokopelliby [&hellip;]<\/p>\n","protected":false},"author":2,"featured_media":104,"parent":0,"menu_order":0,"comment_status":"closed","ping_status":"closed","template":"","meta":{"spay_email":""},"jetpack_shortlink":"https:\/\/wp.me\/PaG7IL-1c","_links":{"self":[{"href":"https:\/\/www.diyseeds.org\/hu\/wp-json\/wp\/v2\/pages\/74"}],"collection":[{"href":"https:\/\/www.diyseeds.org\/hu\/wp-json\/wp\/v2\/pages"}],"about":[{"href":"https:\/\/www.diyseeds.org\/hu\/wp-json\/wp\/v2\/types\/page"}],"author":[{"embeddable":true,"href":"https:\/\/www.diyseeds.org\/hu\/wp-json\/wp\/v2\/users\/2"}],"replies":[{"embeddable":true,"href":"https:\/\/www.diyseeds.org\/hu\/wp-json\/wp\/v2\/comments?post=74"}],"version-history":[{"count":88,"href":"https:\/\/www.diyseeds.org\/hu\/wp-json\/wp\/v2\/pages\/74\/revisions"}],"predecessor-version":[{"id":2925,"href":"https:\/\/www.diyseeds.org\/hu\/wp-json\/wp\/v2\/pages\/74\/revisions\/2925"}],"wp:featuredmedia":[{"embeddable":true,"href":"https:\/\/www.diyseeds.org\/hu\/wp-json\/wp\/v2\/media\/104"}],"wp:attachment":[{"href":"https:\/\/www.diyseeds.org\/hu\/wp-json\/wp\/v2\/media?parent=74"}],"curies":[{"name":"wp","href":"https:\/\/api.w.org\/{rel}","templated":true}]}}