{"id":551,"date":"2019-01-22T14:38:11","date_gmt":"2019-01-22T13:38:11","guid":{"rendered":"http:\/\/www.diyseeds.org\/en\/?page_id=551"},"modified":"2025-09-26T15:03:11","modified_gmt":"2025-09-26T13:03:11","slug":"support-us","status":"publish","type":"page","link":"https:\/\/www.diyseeds.org\/hu\/support-us\/","title":{"rendered":"Tamogatas"},"content":{"rendered":"<h1>T\u00e1mogasd a magok terjeszt\u00e9s\u00e9t!<\/h1>\r\n\r\n<hr style=\"width: 40px;height: 1.5pt;line-height: 1.5pt;text-align: left;color: #5e240d;background-color: #5e240d;margin-top: 0;margin-bottom: 0;\" \/>\r\n\r\n<br \/>\r\n\r\n<p>A te seg\u00edts\u00e9gedre is sz\u00fcks\u00e9g\u00fcnk van a projekt tov\u00e1bbfejleszt\u00e9s\u00e9hez: \u00faj vide\u00f3k felv\u00e9tel\u00e9hez, \u00faj ford\u00edt\u00e1sokhoz, a kommunik\u00e1ci\u00f3hoz, stb. A vide\u00f3kat k\u00e9sz\u00edt\u0151 k\u00e9t szervezetnek, az Eur\u00f3pai Civil F\u00f3rumnak \u00e9s a Longo Ma\u00ef-nak nem \u00e1ll rendelkez\u00e9sre ennek a hatalmas munk\u00e1nak a folytat\u00e1s\u00e1hoz elegend\u0151 p\u00e9nz\u00fcgyi \u00e9s emberi er\u0151forr\u00e1s.<\/p>\r\n\r\n<p>Ha p\u00e9nz\u00fcgyileg t\u00e1mogatod a projektet, az \u00e1ltalad felaj\u00e1nlott \u00f6sszes nagy r\u00e9sz\u00e9t olyan projektek t\u00e1mogat\u00e1s\u00e1ra k\u00f6ltj\u00fck, melyek a magokhoz val\u00f3 szabad hozz\u00e1f\u00e9r\u00e9s\u00e9rt dolgoznak. P\u00e9nzadom\u00e1nyokat az Eur\u00f3pai Civil F\u00f3rum r\u00e9sz\u00e9re tudunk fogadni k\u00fcl\u00f6nb\u00f6z\u0151 m\u00f3dokon (r\u00e9szleteket l\u00e1sd a m\u00e1sik oldalon).<\/p>\r\n\r\n<p><img loading=\"lazy\" class=\"size-full wp-image-654 alignnone\" src=\"https:\/\/www.diyseeds.org\/wp-content\/uploads\/2019\/01\/icone_1.png\" alt=\"\" width=\"17\" height=\"17\" \/> Banki \u00e1tutal\u00e1s:<br \/>\r\nForum Civique Europ\u00e9en<br \/>Soci\u00e9t\u00e9 G\u00e9n\u00e9rale<br \/>IBAN k\u00f3d:  FR76 3000 3031 5400 0500 2221 881<br \/>BIC k\u00f3d: SOGEFRPP<\/p>\r\n\r\n<p><img loading=\"lazy\" class=\"alignnone size-full wp-image-655\" src=\"https:\/\/www.diyseeds.org\/wp-content\/uploads\/2019\/01\/icone_2.png\" alt=\"\" width=\"17\" height=\"17\" \/> PayPal k\u00e1rty\u00e1val:<\/p>\r\n\r\n<form action=\"https:\/\/www.paypal.com\/donate\" method=\"post\" target=\"_top\"><input type=\"hidden\" name=\"hosted_button_id\" value=\"V6LPHLT8SC74E\" \/><input type=\"image\" src=\"https:\/\/www.paypalobjects.com\/fr_FR\/FR\/i\/btn\/btn_donate_SM.gif\" border=\"0\" name=\"submit\" title=\"PayPal - The safer, easier way to pay online!\" alt=\"Donate with PayPal button\" \/><img loading=\"lazy\" alt=\"\" border=\"0\" src=\"https:\/\/www.paypal.com\/fr_FR\/i\/scr\/pixel.gif\" width=\"1\" height=\"1\" \/><\/form>\r\n\r\n<br \/>\r\n\r\n<p><img loading=\"lazy\" class=\"size-full wp-image-656 alignnone\" src=\"https:\/\/www.diyseeds.org\/wp-content\/uploads\/2019\/01\/icone_3.png\" alt=\"\" width=\"17\" height=\"17\" \/> Fizet\u00e9s csekkel:<br \/>Forum Civique Europ\u00e9en<br \/>Grange neuve<br \/>1920 ancienne route de Forcalquier<br \/>04 300 Limans FRANCE<\/p>\r\n\r\n<h2>Szervezz filmvet\u00edt\u00e9st!<\/h2>\r\n\r\n<p>\u00dagy is t\u00e1mogathatsz minket, ha nyilv\u00e1nos filmvet\u00edt\u00e9st szervezel, melyek bemutatod a vide\u00f3kat, melyeket a Creative Commons BY-NC-ND 4.0 licensz alatt tett\u00fcnk k\u00f6zz\u00e9. Ez azt jelenti, hogy a vide\u00f3kat ingyenesen le lehet vet\u00edteni, am\u00edg a licensz felt\u00e9teleit tiszteletben tartod.<\/p>\r\n\r\n<p>Egy ilyen vet\u00edt\u00e9s arra is j\u00f3 alkalmat ad, hogy nyilv\u00e1nosan besz\u00e9lj\u00fcnk a magokkal kapcsolatos k\u00e9rd\u00e9sekr\u0151l. Ak\u00e1r el\u0151ad\u00f3kat vagy vend\u00e9geket is megh\u00edvhatsz egy vet\u00edt\u00e9s ut\u00e1ni vit\u00e1ra. A r\u00e9sztvev\u0151k k\u00e9rd\u00e9sei ut\u00e1n az ilyen esem\u00e9nyek sokszor inform\u00e1lis magb\u00f6rzek\u00e9nt folytat\u00f3dnak.<\/p>\r\n\r\n<p><a href=\"\/contact\" style=\"text-decoration: underline;\">Ha ilyen esem\u00e9nyt szervezel, l\u00e9pj vel\u00fcnk kapcsolatba!<\/a><\/p>\r\n\r\n<h2>Seg\u00edts a magoknak bej\u00e1rni a vil\u00e1got!<\/h2>\r\n\r\n<p>B\u00edzunk benne, hogy olyan j\u00f3 min\u0151s\u00e9g\u0171 magokat fogsz termeszteni, melyeket m\u00e1sokkal is sz\u00edvesen megosztasz &#8211; term\u00e9szetesen szabadelvir\u00e1gz\u00e1s\u00fa fajt\u00e1kb\u00f3l \u00e9s ingyenesen. Ne habozz a szomsz\u00e9dokkal vagy a bar\u00e1taiddal csereber\u00e9lni!<\/p>\r\n\r\n<p>A magb\u00f6rz\u00e9k olyan esem\u00e9nyek, melyek a helyi fajt\u00e1k meg\u0151rz\u00e9s\u00e9t t\u00e1mogatj\u00e1k. Arra is lehet\u0151s\u00e9get ny\u00fajtanak, hogy a helyi lakosok \u00e9s szervezetek egy h\u00e1l\u00f3zatban kapcsol\u00f3djanak \u00f6ssze egym\u00e1ssal. Arra is t\u00f6k\u00e9letes alkalmat ny\u00fajtanak, hogy egy-k\u00e9t vide\u00f3t levet\u00edtve n\u00e9mi tud\u00e1smegoszt\u00e1s is t\u00f6rt\u00e9njen!<\/p>\r\n\r\n<h2>Seg\u00edts a vide\u00f3k \u00e9s az oldal ford\u00edt\u00e1s\u00e1ban!<\/h2>\r\n\r\n<p>Szeretn\u00e9nk, ha a vide\u00f3k min\u00e9l t\u00f6bb nyelven lenn\u00e9nek el\u00e9rhet\u0151ek, mert hisz\u00fcnk benne, hogy ennek a tud\u00e1sanyagnak terjeszt\u00e9se el\u0151seg\u00edti a szabad \u00e9s t\u00e1jfajt\u00e1k meg\u0151rz\u00e9s\u00e9t. A szinkroniz\u00e1l\u00e1s elengedhetetlen\u00fcl fontos, hogy a lehet\u0151 legt\u00f6bb emberhez jusson el ez a tud\u00e1s.\r\n<p>Ennek az oldalnak \u00e9s a vide\u00f3knak a ford\u00edt\u00e1s egy rendk\u00edv\u00fcl fontos munka, \u00e9s minden t\u0151l\u00fcnk telhet\u0151t megtesz\u00fcnk, hogy megk\u00f6nny\u00edts\u00fck ezt a munk\u00e1t. A legnagyobb kih\u00edv\u00e1s \u00e1ltal\u00e1ban a szinkroniz\u00e1l\u00e1s megszervez\u00e9se.\r\n<p><a href=\"\/translate-diyseeds\" style=\"text-decoration: underline;\">Megn\u00e9zem a Diyseeds ford\u00edt\u00e1si \u00fatmutat\u00f3t<\/a><\/p>\r\n\r\n<h2>Kommunik\u00e1ci\u00f3 \u00e9s megoszt\u00e1s<\/h2>\r\n\r\n<p>T\u00e1mogathatsz minket azzal, hogy megosztod a bar\u00e1taiddal, ismer\u0151seiddel ezt az oldalt \u00e9s a vide\u00f3kat. Az oldalakt tetej\u00e9n tal\u00e1lhat\u00f3 &#8220;Megoszt\u00e1s&#8221; gombbal te is k\u00f6nnyen megoszthatod a tartalmainkat az \u00e1ltalad haszn\u00e1lt fel\u00fcleteken.\r\n<p>Az \u00fajs\u00e1g\u00edr\u00f3kat arra k\u00e9rj\u00fck, hogy n\u00e9zz\u00e9k meg a sajt\u00f3kapcsolatok sz\u00e1m\u00e1ra l\u00e9trehozott oldalt. Itt olyan kommunik\u00e1ci\u00f3s anyagokat gy\u0171jt\u00f6tt\u00fcnk \u00f6ssze, melyek seg\u00edthetnek sz\u00e9lesebb k\u00f6rben ismertt\u00e9 tenni ezt a projektet. A vide\u00f3k \u00e9s a n\u00f6v\u00e9nyek csal\u00e1df\u00e1i szint\u00e9n let\u00f6lthet\u0151 elemek.\r\n<br \/>\r\n<br \/>","protected":false},"excerpt":{"rendered":"<p>T\u00e1mogasd a magok terjeszt\u00e9s\u00e9t! A te seg\u00edts\u00e9gedre is sz\u00fcks\u00e9g\u00fcnk van a projekt tov\u00e1bbfejleszt\u00e9s\u00e9hez: \u00faj vide\u00f3k felv\u00e9tel\u00e9hez, \u00faj ford\u00edt\u00e1sokhoz, a kommunik\u00e1ci\u00f3hoz, stb. A vide\u00f3kat k\u00e9sz\u00edt\u0151 k\u00e9t szervezetnek, az Eur\u00f3pai Civil F\u00f3rumnak \u00e9s a Longo Ma\u00ef-nak nem \u00e1ll rendelkez\u00e9sre ennek a hatalmas munk\u00e1nak a folytat\u00e1s\u00e1hoz elegend\u0151 p\u00e9nz\u00fcgyi \u00e9s emberi er\u0151forr\u00e1s. Ha p\u00e9nz\u00fcgyileg t\u00e1mogatod a projektet, az \u00e1ltalad [&hellip;]<\/p>\n","protected":false},"author":4,"featured_media":104,"parent":0,"menu_order":0,"comment_status":"closed","ping_status":"closed","template":"","meta":{"spay_email":""},"jetpack_shortlink":"https:\/\/wp.me\/PaG7IL-8T","_links":{"self":[{"href":"https:\/\/www.diyseeds.org\/hu\/wp-json\/wp\/v2\/pages\/551"}],"collection":[{"href":"https:\/\/www.diyseeds.org\/hu\/wp-json\/wp\/v2\/pages"}],"about":[{"href":"https:\/\/www.diyseeds.org\/hu\/wp-json\/wp\/v2\/types\/page"}],"author":[{"embeddable":true,"href":"https:\/\/www.diyseeds.org\/hu\/wp-json\/wp\/v2\/users\/4"}],"replies":[{"embeddable":true,"href":"https:\/\/www.diyseeds.org\/hu\/wp-json\/wp\/v2\/comments?post=551"}],"version-history":[{"count":122,"href":"https:\/\/www.diyseeds.org\/hu\/wp-json\/wp\/v2\/pages\/551\/revisions"}],"predecessor-version":[{"id":2981,"href":"https:\/\/www.diyseeds.org\/hu\/wp-json\/wp\/v2\/pages\/551\/revisions\/2981"}],"wp:featuredmedia":[{"embeddable":true,"href":"https:\/\/www.diyseeds.org\/hu\/wp-json\/wp\/v2\/media\/104"}],"wp:attachment":[{"href":"https:\/\/www.diyseeds.org\/hu\/wp-json\/wp\/v2\/media?parent=551"}],"curies":[{"name":"wp","href":"https:\/\/api.w.org\/{rel}","templated":true}]}}