{"id":546,"date":"2019-01-22T14:25:34","date_gmt":"2019-01-22T13:25:34","guid":{"rendered":"http:\/\/www.diyseeds.org\/en\/?page_id=546"},"modified":"2025-03-10T00:07:49","modified_gmt":"2025-03-09T23:07:49","slug":"links","status":"publish","type":"page","link":"https:\/\/www.diyseeds.org\/hu\/links\/","title":{"rendered":"H\u00e1l\u00f3zat"},"content":{"rendered":"<h1>H\u00e1l\u00f3zat<\/h1>\r\n\r\n<hr style=\"width: 45px;height: 1.5pt;line-height: 1.5pt;text-align: left;color: #5E24D;background-color: #5E24D;margin-top: 0;margin-bottom: 0;\" \/>\r\n\r\n\r\n<h4>Longo ma\u00ef<\/h4>\r\n\r\n<p>Az 1973 \u00f3ta m\u0171k\u00f6d\u0151 Longo ma\u00ef mozgalmat hat eur\u00f3pai orsz\u00e1g t\u00edz \u00f6n\u00e1ll\u00f3 mez\u0151gazdas\u00e1gi \u00e9s alkot\u00f3i k\u00f6z\u00f6ss\u00e9ge alkotja. Gabona-, takarm\u00e1ny- \u00e9s z\u00f6lds\u00e9gmagokat termesztenek.<br \/><a class=\"centered mobile\" href=\"https:\/\/www.prolongomai.ch\/\"><img loading=\"lazy\" class=\"alignnone size-full wp-image-626\" src=\"https:\/\/www.diyseeds.org\/wp-content\/uploads\/2019\/01\/icone_point.png\" alt=\"\" width=\"11\" height=\"11\" \/> www.prolongomai.ch<\/a><\/p>\r\n\r\n\r\n<h4>Az Eur\u00f3pai Civil F\u00f3rum<\/h4>\r\n\r\n<p>Egy nemzetk\u00f6zi szolidarit\u00e1si h\u00e1l\u00f3zat, mely t\u00f6bbek k\u00f6zt a szabadbeporz\u00e1s\u00fa fajt\u00e1k \u00e9s az emberi jogokat szem el\u0151tt tart\u00f3 kisl\u00e9pt\u00e9k\u0171 gazd\u00e1lkod\u00e1s v\u00e9delm\u00e9\u00e9rt dolgozik.<br \/><a class=\"centered mobile\" href=\"https:\/\/www.forumcivique.org\/\"><img loading=\"lazy\" class=\"alignnone size-full wp-image-626\" src=\"https:\/\/www.diyseeds.org\/wp-content\/uploads\/2019\/01\/icone_point.png\" alt=\"\" width=\"11\" height=\"11\" \/> www.forumcivique.org<\/a><\/p>\r\n\r\n\r\n<h4>Kokopelli<\/h4>\r\n\r\n<p>A biol\u00f3giai sokf\u00e9les\u00e9g \u00e9s a talaj v\u00e9delm\u00e9\u00e9rt dolgoz\u00f3 egyes\u00fclet. T\u00f6bb mint 2000 szabad fajta z\u00f6lds\u00e9g-, f\u0171szern\u00f6v\u00e9ny, gy\u00f3gyn\u00f6v\u00e9ny, gabona- \u00e9s vir\u00e1gfajta magj\u00e1t \u00e1rulj\u00e1k, melyek mind szabadon szapor\u00edthat\u00f3ak.<br \/><a class=\"centered mobile\" href=\"https:\/\/www.kokopelli-semences.fr\"><img loading=\"lazy\" class=\"alignnone size-full wp-image-626\" src=\"https:\/\/www.diyseeds.org\/wp-content\/uploads\/2019\/01\/icone_point.png\" alt=\"\" width=\"11\" height=\"11\" \/> www.kokopelli-semences.fr<\/a><\/p>\r\n\r\n\r\n<h4>Arch Noah<\/h4>\r\n\r\n<p>Austrian association which saves and maintains thousands of endangered vegetable, fruit and cereal varieties with the help of over 11,000 members and supporters.<br \/><a class=\"centered mobile\" href=\"http:\/\/www.arche-noah.at\"><img loading=\"lazy\" class=\"alignnone size-full wp-image-626\" src=\"https:\/\/www.diyseeds.org\/wp-content\/uploads\/2019\/01\/icone_point.png\" alt=\"\" width=\"11\" height=\"11\" \/> www.arche-noah.at<\/a><\/p>\r\n\r\n\r\n<h4>BioDiVerso<\/h4>\r\n\r\n<p>A BioDiVerso egyes\u00fcletet egy olyan bar\u00e1ti t\u00e1rsas\u00e1g hozta l\u00e9tre, akik szenved\u00e9lyesen szeretik a f\u00f6ldi \u00e9letet \u00e9s annak a sokf\u00e9les\u00e9g\u00e9t&#8230; a biol\u00f3giai \u00e9s kultur\u00e1lis sokf\u00e9les\u00e9g sz\u00e9ps\u00e9g\u00e9t egyar\u00e1nt.<br \/><a class=\"centered mobile\" href=\"http:\/\/https:\/\/www.facebook.com\/cultivediversidade\"><img loading=\"lazy\" class=\"alignnone wp-image-626\" src=\"https:\/\/www.diyseeds.org\/wp-content\/uploads\/2019\/01\/icone_point.png\" alt=\"\" width=\"11\" height=\"11\" \/> https:\/\/www.facebook.com\/cultivediversidade<\/a><\/p>\r\n\r\n\r\n<h4>Tizen\u00f6t\u00f6dik Kert<\/h4>\r\n\r\n<p>A Tizen\u00f6t\u00f6dik Kert a bomb\u00e1zott, elz\u00e1rt, ostromlott sz\u00edr v\u00e1rosokban \u00e9l\u0151 v\u00e1rosi kert\u00e9szek alulr\u00f3l szervez\u0151d\u0151 h\u00e1l\u00f3zata. Az \u00e9lelmiszer-\u00f6nrendelkez\u00e9s\u00e9rt dolgoz\u00f3 h\u00e1l\u00f3zathoz csal\u00e1di kertek, vid\u00e9ki gazdas\u00e1gok \u00e9s a szomsz\u00e9dos \u00e1llamokban lev\u0151 menek\u00fcltt\u00e1borok mez\u0151gazdas\u00e1gi kezdem\u00e9nyez\u00e9sei is csatlakoztak.<br \/><a class=\"centered mobile\" href=\"https:\/\/aseed.net\/en\/the-15th-garden-seeds-for-syria\"><img loading=\"lazy\" class=\"alignnone size-full wp-image-626\" src=\"https:\/\/www.diyseeds.org\/wp-content\/uploads\/2019\/01\/icone_point.png\" alt=\"\" width=\"11\" height=\"11\" \/> aseed.net\/en\/the-15th-garden-seeds-for-syria<\/a><\/p>\r\n\r\n\r\n<h4>Buzuruna Juzuruna<\/h4>\r\n\r\n<p>Sz\u00edr, libanoni \u00e9s francia gazd\u00e1k k\u00f6z\u00f6ss\u00e9ge, melynek Libanonban tal\u00e1lhat\u00f3 egy agro\u00f6kol\u00f3giai oktat\u00f3k\u00f6zpontja. Ezeket a m\u00f3dszereket haszn\u00e1lva szeretn\u00e9nek ellen\u00e1llni a mez\u0151gazdas\u00e1g v\u00e1llalati ir\u00e1ny\u00edt\u00e1sa ellen a K\u00f6zel-Keleten, f\u0151leg Libanonban \u00e9s Sz\u00edri\u00e1ban.<br \/><a class=\"centered mobile\" href=\"https:\/\/www.facebook.com\/Grainesetcinema\/\"><img loading=\"lazy\" class=\"alignnone size-full wp-image-626\" src=\"https:\/\/www.diyseeds.org\/wp-content\/uploads\/2019\/01\/icone_point.png\" alt=\"\" width=\"11\" height=\"11\" \/> www.facebook.com\/Grainesetcinema<\/a><\/p>\r\n\r\n<br \/>\r\n<br \/>","protected":false},"excerpt":{"rendered":"<p>H\u00e1l\u00f3zat Az 1973 \u00f3ta m\u0171k\u00f6d\u0151 Longo ma\u00ef mozgalmat hat eur\u00f3pai orsz\u00e1g t\u00edz \u00f6n\u00e1ll\u00f3 mez\u0151gazdas\u00e1gi \u00e9s alkot\u00f3i k\u00f6z\u00f6ss\u00e9ge alkotja. Gabona-, takarm\u00e1ny- \u00e9s z\u00f6lds\u00e9gmagokat termesztenek.www.prolongomai.ch Egy nemzetk\u00f6zi szolidarit\u00e1si h\u00e1l\u00f3zat, mely t\u00f6bbek k\u00f6zt a szabadbeporz\u00e1s\u00fa fajt\u00e1k \u00e9s az emberi jogokat szem el\u0151tt tart\u00f3 kisl\u00e9pt\u00e9k\u0171 gazd\u00e1lkod\u00e1s v\u00e9delm\u00e9\u00e9rt dolgozik.www.forumcivique.org A biol\u00f3giai sokf\u00e9les\u00e9g \u00e9s a talaj v\u00e9delm\u00e9\u00e9rt dolgoz\u00f3 egyes\u00fclet. T\u00f6bb mint [&hellip;]<\/p>\n","protected":false},"author":4,"featured_media":104,"parent":0,"menu_order":0,"comment_status":"closed","ping_status":"closed","template":"","meta":{"spay_email":""},"jetpack_shortlink":"https:\/\/wp.me\/PaG7IL-8O","_links":{"self":[{"href":"https:\/\/www.diyseeds.org\/hu\/wp-json\/wp\/v2\/pages\/546"}],"collection":[{"href":"https:\/\/www.diyseeds.org\/hu\/wp-json\/wp\/v2\/pages"}],"about":[{"href":"https:\/\/www.diyseeds.org\/hu\/wp-json\/wp\/v2\/types\/page"}],"author":[{"embeddable":true,"href":"https:\/\/www.diyseeds.org\/hu\/wp-json\/wp\/v2\/users\/4"}],"replies":[{"embeddable":true,"href":"https:\/\/www.diyseeds.org\/hu\/wp-json\/wp\/v2\/comments?post=546"}],"version-history":[{"count":149,"href":"https:\/\/www.diyseeds.org\/hu\/wp-json\/wp\/v2\/pages\/546\/revisions"}],"predecessor-version":[{"id":2924,"href":"https:\/\/www.diyseeds.org\/hu\/wp-json\/wp\/v2\/pages\/546\/revisions\/2924"}],"wp:featuredmedia":[{"embeddable":true,"href":"https:\/\/www.diyseeds.org\/hu\/wp-json\/wp\/v2\/media\/104"}],"wp:attachment":[{"href":"https:\/\/www.diyseeds.org\/hu\/wp-json\/wp\/v2\/media?parent=546"}],"curies":[{"name":"wp","href":"https:\/\/api.w.org\/{rel}","templated":true}]}}