{"id":42,"date":"2018-12-14T19:08:29","date_gmt":"2018-12-14T18:08:29","guid":{"rendered":"http:\/\/www.diyseeds.org\/en\/?page_id=42"},"modified":"2025-03-08T14:16:29","modified_gmt":"2025-03-08T13:16:29","slug":"team","status":"publish","type":"page","link":"https:\/\/www.diyseeds.org\/hu\/team\/","title":{"rendered":"R\u00f3lunk"},"content":{"rendered":"<h1>R\u00f3lunk<\/h1>\r\n\r\n<hr style=\"width: 50px;height: 2pt;line-height: 2pt;text-align: left;color: #5e240d;background-color: #5e240d;margin-top: 10px;margin-bottom: 0;\" \/>\r\n\r\n<h4 class=\"centered mobile\">Rendez\u0151k: Martina Widmer \u00e9s Sylvie Seguin<\/h4>\r\n\r\n<p>Az Eur\u00f3pai Civil F\u00f3rum (European Civic Forum) r\u00e9sz\u00e9r\u0151l Martina Widmer \u00e9s a Longo Ma\u00ef Cooperative r\u00e9sz\u00e9r\u0151l Sylve Seguin a Kokopellivel val\u00f3 egy\u00fcttm\u0171k\u00f6d\u00e9snek k\u00f6sz\u00f6nhet\u0151en nagy tapasztalattal rendelkeznek az \u00e1rutermel\u0151 kert\u00e9szet \u00e9s a magtermeszt\u00e9s ter\u00fclet\u00e9n. Szerveztek magb\u00f6rz\u00e9ket \u00e9s kapcsolatban \u00e1llnak a Kokopelli &#8220;Magok hat\u00e1rok n\u00e9lk\u00fcl&#8221; nev\u0171 h\u00e1l\u00f3zat\u00e1nak magtermeszt\u0151ivel. Mindketten r\u00e9szt vesznek az Eur\u00f3pai Civil F\u00f3rum kamp\u00e1nyaiban, melyek a t\u00fals\u00e1gosan sz\u0171k l\u00e1t\u00f3k\u00f6r\u0171 szab\u00e1lyoz\u00e1sok ellen sz\u00f3lnak, \u00e9s mindketten a szabadelvir\u00e1gz\u00e1s\u00fa, hagyom\u00e1nyos fajt\u00e1k t\u00e1mogat\u00f3i.<\/p>\r\n\r\n<h4 class=\"centered mobile\">T\u00e1rsrendez\u0151: Olga Widmer<\/h4>\r\n\r\n<p>Olga Widmer t\u00f6bb mint 15 \u00e9ve dolgozik a dokumentumfilmek vil\u00e1g\u00e1ban rendez\u0151k\u00e9t, operat\u0151rk\u00e9nt \u00e9s szerkeszt\u0151k\u00e9nt. Sz\u00e1mos dokumentumfilmet k\u00e9sz\u00edtett, t\u00f6bbek k\u00f6zt egy mez\u0151gazdas\u00e1gi szakpolitik\u00e1r\u00f3l sz\u00f3l\u00f3 filmet is Sv\u00e1jcban a Longo Ma\u00ef egyes\u00fclettel.<\/p>\r\n\r\n<h4 class=\"centered mobile\">Rajzok \u00e9s anim\u00e1ci\u00f3k: Myleine Guiard Schmid<\/h4>\r\n\r\n<p>Myleine Guiard Smith anim\u00e1ci\u00f3s filmk\u00e9sz\u00edt\u0151 \u00e9s k\u00e9pz\u0151m\u0171v\u00e9sz. Mozi, szobr\u00e1szat, fest\u00e9s&#8230; a m\u0171v\u00e9szet a szenved\u00e9lye, a hivat\u00e1sa. A folyamatos tanul\u00e1s, az \u00e9rt\u0151 hallgat\u00e1s \u00e9s a m\u00e1sokkal val\u00f3 egy\u00fcttm\u0171k\u00f6d\u00e9s lehet\u0151v\u00e9 tette, hogy \u00e9rtelemmel t\u00f6ltse fel a munk\u00e1j\u00e1t. A m\u0171v\u00e9szetnek ereje van: a sz\u00e9ps\u00e9g \u00e9s st\u00edlus seg\u00edts\u00e9g\u00e9vel tud mes\u00e9lni.<\/p>\r\n\r\n<h4 class=\"centered mobile\">A vide\u00f3k gy\u00e1rt\u00f3i<\/h4>\r\n\r\n<p>A Longo Ma\u00eft 1973-ban alap\u00edtott\u00e1k. T\u00edz f\u00fcggetlen eur\u00f3pai gazdasz\u00f6vetkezet alkotja. V\u00e1ltozatos helyi gabon\u00e1kat \u00e9s z\u00f6lds\u00e9geket termesztenek. Az \u00f6sszes sz\u00f6vetkezet a saj\u00e1t fajt\u00e1it termeszti, rendszeresen szerveznek magb\u00f6rz\u00e9ket, ezzel is n\u00f6velve az \u00e9rdekl\u0151d\u00e9st ezen fajt\u00e1k \u00e9s a magfog\u00e1s ir\u00e1nt.<\/p>\r\n\r\n<p>Az Eur\u00f3pai Civil F\u00f3rum egy nemzetk\u00f6zi szolidarit\u00e1si h\u00e1l\u00f3zat, ami sokf\u00e9le k\u00fcl\u00f6nb\u00f6z\u0151 ter\u00fcleten akt\u00edv, \u00edgy a szabadelvir\u00e1gz\u00e1s\u00fa fajt\u00e1k \u00e9s az emberi jogokat figyelembe vev\u0151 kisl\u00e9pt\u00e9k\u0171 gazd\u00e1lkod\u00e1s v\u00e9delme ter\u00e9n is.<\/p>\r\n\r\n<br \/>\r\n\r\n<div id=\"attachment_637\" style=\"width: 310px\"  class=\"wp-caption alignnone\"><img loading=\"lazy\" class=\"wp-image-637 size-medium\" src=\"https:\/\/www.diyseeds.org\/wp-content\/uploads\/2019\/01\/Sylvie-300x169.jpg\" alt=\"Sylvie trie des semences dans un tamis\" width=\"300\" height=\"169\" srcset=\"https:\/\/www.diyseeds.org\/wp-content\/uploads\/2019\/01\/Sylvie-300x169.jpg 300w, https:\/\/www.diyseeds.org\/wp-content\/uploads\/2019\/01\/Sylvie-600x338.jpg 600w, https:\/\/www.diyseeds.org\/wp-content\/uploads\/2019\/01\/Sylvie-768x432.jpg 768w, https:\/\/www.diyseeds.org\/wp-content\/uploads\/2019\/01\/Sylvie-1024x576.jpg 1024w, https:\/\/www.diyseeds.org\/wp-content\/uploads\/2019\/01\/Sylvie.jpg 1920w\" sizes=\"(max-width: 300px) 100vw, 300px\" \/><p class=\"wp-caption-text\">Sylvie Seguin<\/p><\/div>\r\n\r\n<br \/>\r\n\r\n<div id=\"attachment_636\" style=\"width: 310px\"  class=\"wp-caption alignnone\"><img loading=\"lazy\" class=\"wp-image-636 size-medium\" src=\"https:\/\/www.diyseeds.org\/wp-content\/uploads\/2019\/01\/Martina-300x169.jpg\" alt=\"Martina r\u00e9colte des graines\" width=\"300\" height=\"169\" srcset=\"https:\/\/www.diyseeds.org\/wp-content\/uploads\/2019\/01\/Martina-300x169.jpg 300w, https:\/\/www.diyseeds.org\/wp-content\/uploads\/2019\/01\/Martina-600x338.jpg 600w, https:\/\/www.diyseeds.org\/wp-content\/uploads\/2019\/01\/Martina-768x432.jpg 768w, https:\/\/www.diyseeds.org\/wp-content\/uploads\/2019\/01\/Martina-1024x576.jpg 1024w, https:\/\/www.diyseeds.org\/wp-content\/uploads\/2019\/01\/Martina.jpg 1920w\" sizes=\"(max-width: 300px) 100vw, 300px\" \/><p class=\"wp-caption-text\">Martina Widmer<\/p><\/div>\r\n\r\n<br \/>\r\n\r\n<div id=\"attachment_638\" style=\"width: 310px\"  class=\"wp-caption alignnone\"><img loading=\"lazy\" class=\"wp-image-638 size-medium\" src=\"https:\/\/www.diyseeds.org\/wp-content\/uploads\/2019\/01\/tournage-Olga-001-300x200.jpg\" alt=\"Olga sur le tournage du film\" width=\"300\" height=\"200\" srcset=\"https:\/\/www.diyseeds.org\/wp-content\/uploads\/2019\/01\/tournage-Olga-001-300x200.jpg 300w, https:\/\/www.diyseeds.org\/wp-content\/uploads\/2019\/01\/tournage-Olga-001-600x400.jpg 600w, https:\/\/www.diyseeds.org\/wp-content\/uploads\/2019\/01\/tournage-Olga-001-768x511.jpg 768w, https:\/\/www.diyseeds.org\/wp-content\/uploads\/2019\/01\/tournage-Olga-001-1024x682.jpg 1024w, https:\/\/www.diyseeds.org\/wp-content\/uploads\/2019\/01\/tournage-Olga-001.jpg 1820w\" sizes=\"(max-width: 300px) 100vw, 300px\" \/><p class=\"wp-caption-text\">Olga Widmer, Francois \u00e9s Mayra Aymonier<\/p><\/div>\r\n\r\n<br \/>\r\n\r\n<div id=\"attachment_639\" style=\"width: 310px\"  class=\"wp-caption alignnone\"><img loading=\"lazy\" class=\"wp-image-639 size-medium\" src=\"https:\/\/www.diyseeds.org\/wp-content\/uploads\/2019\/01\/image-300x168.jpg\" alt=\"Myl\u00e8ne graphiste du film\" width=\"300\" height=\"168\" srcset=\"https:\/\/www.diyseeds.org\/wp-content\/uploads\/2019\/01\/image-300x168.jpg 300w, https:\/\/www.diyseeds.org\/wp-content\/uploads\/2019\/01\/image.jpg 431w\" sizes=\"(max-width: 300px) 100vw, 300px\" \/><p class=\"wp-caption-text\">Mylene Guiard Schmid<\/p><\/div>\r\n\r\n<br \/>","protected":false},"excerpt":{"rendered":"<p>R\u00f3lunk Rendez\u0151k: Martina Widmer \u00e9s Sylvie Seguin Az Eur\u00f3pai Civil F\u00f3rum (European Civic Forum) r\u00e9sz\u00e9r\u0151l Martina Widmer \u00e9s a Longo Ma\u00ef Cooperative r\u00e9sz\u00e9r\u0151l Sylve Seguin a Kokopellivel val\u00f3 egy\u00fcttm\u0171k\u00f6d\u00e9snek k\u00f6sz\u00f6nhet\u0151en nagy tapasztalattal rendelkeznek az \u00e1rutermel\u0151 kert\u00e9szet \u00e9s a magtermeszt\u00e9s ter\u00fclet\u00e9n. Szerveztek magb\u00f6rz\u00e9ket \u00e9s kapcsolatban \u00e1llnak a Kokopelli &#8220;Magok hat\u00e1rok n\u00e9lk\u00fcl&#8221; nev\u0171 h\u00e1l\u00f3zat\u00e1nak magtermeszt\u0151ivel. Mindketten r\u00e9szt [&hellip;]<\/p>\n","protected":false},"author":1,"featured_media":104,"parent":0,"menu_order":0,"comment_status":"closed","ping_status":"closed","template":"","meta":{"spay_email":""},"jetpack_shortlink":"https:\/\/wp.me\/PaG7IL-G","_links":{"self":[{"href":"https:\/\/www.diyseeds.org\/hu\/wp-json\/wp\/v2\/pages\/42"}],"collection":[{"href":"https:\/\/www.diyseeds.org\/hu\/wp-json\/wp\/v2\/pages"}],"about":[{"href":"https:\/\/www.diyseeds.org\/hu\/wp-json\/wp\/v2\/types\/page"}],"author":[{"embeddable":true,"href":"https:\/\/www.diyseeds.org\/hu\/wp-json\/wp\/v2\/users\/1"}],"replies":[{"embeddable":true,"href":"https:\/\/www.diyseeds.org\/hu\/wp-json\/wp\/v2\/comments?post=42"}],"version-history":[{"count":98,"href":"https:\/\/www.diyseeds.org\/hu\/wp-json\/wp\/v2\/pages\/42\/revisions"}],"predecessor-version":[{"id":2920,"href":"https:\/\/www.diyseeds.org\/hu\/wp-json\/wp\/v2\/pages\/42\/revisions\/2920"}],"wp:featuredmedia":[{"embeddable":true,"href":"https:\/\/www.diyseeds.org\/hu\/wp-json\/wp\/v2\/media\/104"}],"wp:attachment":[{"href":"https:\/\/www.diyseeds.org\/hu\/wp-json\/wp\/v2\/media?parent=42"}],"curies":[{"name":"wp","href":"https:\/\/api.w.org\/{rel}","templated":true}]}}