{"id":90,"date":"2018-12-22T22:36:52","date_gmt":"2018-12-22T21:36:52","guid":{"rendered":"http:\/\/www.diyseeds.org\/en\/?page_id=90"},"modified":"2026-02-16T09:58:16","modified_gmt":"2026-02-16T08:58:16","slug":"home","status":"publish","type":"page","link":"https:\/\/www.diyseeds.org\/fr\/home\/","title":{"rendered":"Accueil"},"content":{"rendered":"<h1>Semences buissonni\u00e8res : produire ses semences<\/h1>\r\n\r\n<p>Ce site regroupe les 40 films p\u00e9dagogiques issus du DVD Seed to seed, De la graine \u00e0 la graine. Il s\u2019adresse \u00e0 tous ceux qui veulent apprendre \u00e0 faire des semences potag\u00e8res. Dans ces vid\u00e9os vous pourrez apprendre, pas \u00e0 pas, la production de semences de 40 l\u00e9gumes. Ces tutoriels sont compl\u00e9t\u00e9s par 8 ABC th\u00e9oriques ou pratiques qui expliquent les bases g\u00e9n\u00e9rales de la production de semences. Ces films ont \u00e9t\u00e9 produits par Longo Ma\u00ef et le Forum Civique Europ\u00e9en, deux associations qui sont depuis longtemps concern\u00e9es par l\u2019avenir des semences.<\/p>\r\n<h1>POURQUOI PRODUIRE SES PROPRES SEMENCES ?<\/h1>\r\n<p>En faisant nos propres graines, nous reprenons notre place dans la dynamique de la biodiversit\u00e9 \u00e0 laquelle nous appartenons en tant qu&rsquo;\u00eatre vivant. Chaque graine reproductible participe \u00e0 la continuit\u00e9 de la vie sur terre. Pourtant, aujourd&rsquo;hui, nous sommes d\u00e9pendants des grandes entreprises semenci\u00e8res pour semer. <a href=\"https:\/\/www.diyseeds.org\/fr\/why-produce-own-seeds\/\">Lire la suite<\/a>.<\/p>\r\n<h1>COMMENT REPRODUIRE DES GRAINES ?<\/h1>\r\n<p>Nous avons con\u00e7u ce site pour r\u00e9pondre \u00e0 toutes vos interrogations et au besoin vital de reprendre le contr\u00f4le sur le savoir-faire de la production de semences. Comment faire des graines de tomate, de salade, de haricot , de courgettes, de panais, de choux ou de cardon ? Qu&rsquo;est-ce que la pollinisation ? Quel est le cycle de vie et la classification botanique des plantes que nous cultivons au jardin ?<\/p>\r\n\r\n<p>Pour vous accompagner dans la d\u00e9couverte de ces savoirs oubli\u00e9s, nous mettons \u00e0 votre disposition sur ce site, toutes les vid\u00e9os de base pour apprendre \u00e0 faire les semences d&rsquo;une trentaine de l\u00e9gumes. Ces films sur la production de semences, v\u00e9ritable outil p\u00e9dagogique, sont diffus\u00e9s en deux coffrets DVD. Le premier coffret est en allemand, fran\u00e7ais et anglais et l\u2019autre en espagnol, portugais et anglais. Vous pouvez consulter les vid\u00e9os gratuitement en ligne, sur ce site et sur Vim\u00e9o et Youtube. <a href=\"https:\/\/www.diyseeds.org\/fr\/films\/\">En savoir plus<\/a>.<\/p>\r\n<h1>O\u00d9 SE PROCURER DES GRAINES REPRODUCTIBLES ?<\/h1>\r\n<p>Pour semer chaque ann\u00e9e ses propres semences potag\u00e8res, il est pr\u00e9f\u00e9rable de bien s\u00e9lectionner ses graines : biologiques et reproductibles. C&rsquo;est la d\u00e9finition d&rsquo;une semence, pourtant, la plupart des graines vendues par les grands semenciers sont des hybrides F1, non reproductibles et brevet\u00e9es. Pour acheter des graines de vari\u00e9t\u00e9s anciennes, rustiques, et reproductibles, fournissez-vous chez Kokopelli, Biaugerme, Germinance ou La ferme de Sainte Marthe, qui fournissent des graines d&rsquo;excellente qualit\u00e9. Il est \u00e9galement possible d&rsquo;\u00e9changer des graines, dans des grainoth\u00e8ques ou des bourses au graines ou de faire du troc avec vos voisins.<\/p>\r\n\r\n<h1>EST-IL L\u00c9GAL DE REPRODUIRE SES PROPRES GRAINES ?<\/h1>\r\n<p>Les semences autoris\u00e9es \u00e0 la vente en France doivent \u00eatre inscrites au catalogue officiel du GNIS : c&rsquo;est le monopole des grands semenciers comme Monsanto. Reproduire ses propres graines n&rsquo;est pas ill\u00e9gal, dans la mesure o\u00f9 ce sont des graines potag\u00e8res anciennes, non hybrides, reproductibles et libres. Vendre ses propres graines est \u00e9galement autoris\u00e9, dans la mesure o\u00f9 il s&rsquo;agit de vente directe, entre particuliers et des semences traditionnelles. Ce qui est interdit, en revanche, c&rsquo;est la revente de graines non inscrites au catalogue officiel. C&rsquo;est ce qui a valu \u00e0 Kokopelli des ann\u00e9es de proc\u00e8s : cette association regroupe des r\u00e9seaux de producteurs de graines, non inscrites au catalogue officiel pour la plupart. En 2019, la loi Egalim a enfin autoris\u00e9 la vente libre de graines anciennes, pour finalement l&rsquo;interdire \u00e0 nouveau quelques mois plus tard. <a href=\"https:\/\/www.diyseeds.org\/fr\/plant-selection-in-the-industrial-age\/\">En savoir plus<\/a>.<\/p>\r\n\r\n&nbsp;","protected":false},"excerpt":{"rendered":"<p>Semences buissonni\u00e8res : produire ses semences Ce site regroupe les 40 films p\u00e9dagogiques issus du DVD Seed to seed, De la graine \u00e0 la graine. Il s\u2019adresse \u00e0 tous ceux qui veulent apprendre \u00e0 faire des semences potag\u00e8res. Dans ces vid\u00e9os vous pourrez apprendre, pas \u00e0 pas, la production de semences de 40 l\u00e9gumes. Ces [&hellip;]<\/p>\n","protected":false},"author":2,"featured_media":104,"parent":0,"menu_order":0,"comment_status":"closed","ping_status":"closed","template":"","meta":{"spay_email":""},"jetpack_shortlink":"https:\/\/wp.me\/PaG7IL-1s","_links":{"self":[{"href":"https:\/\/www.diyseeds.org\/fr\/wp-json\/wp\/v2\/pages\/90"}],"collection":[{"href":"https:\/\/www.diyseeds.org\/fr\/wp-json\/wp\/v2\/pages"}],"about":[{"href":"https:\/\/www.diyseeds.org\/fr\/wp-json\/wp\/v2\/types\/page"}],"author":[{"embeddable":true,"href":"https:\/\/www.diyseeds.org\/fr\/wp-json\/wp\/v2\/users\/2"}],"replies":[{"embeddable":true,"href":"https:\/\/www.diyseeds.org\/fr\/wp-json\/wp\/v2\/comments?post=90"}],"version-history":[{"count":144,"href":"https:\/\/www.diyseeds.org\/fr\/wp-json\/wp\/v2\/pages\/90\/revisions"}],"predecessor-version":[{"id":2960,"href":"https:\/\/www.diyseeds.org\/fr\/wp-json\/wp\/v2\/pages\/90\/revisions\/2960"}],"wp:featuredmedia":[{"embeddable":true,"href":"https:\/\/www.diyseeds.org\/fr\/wp-json\/wp\/v2\/media\/104"}],"wp:attachment":[{"href":"https:\/\/www.diyseeds.org\/fr\/wp-json\/wp\/v2\/media?parent=90"}],"curies":[{"name":"wp","href":"https:\/\/api.w.org\/{rel}","templated":true}]}}