{"id":74,"date":"2018-12-15T09:32:34","date_gmt":"2018-12-15T08:32:34","guid":{"rendered":"http:\/\/www.diyseeds.org\/en\/?page_id=74"},"modified":"2025-03-10T00:10:02","modified_gmt":"2025-03-09T23:10:02","slug":"resources","status":"publish","type":"page","link":"https:\/\/www.diyseeds.org\/fr\/resources\/","title":{"rendered":"Ressources"},"content":{"rendered":"<h1>ressources<\/h1>\r\n\r\n<hr style=\"width: 50px;height: 1.5pt;line-height: 1.5pt;text-align: left;color: #5e240D;background-color: #5e240D;margin-top: 0;margin-bottom: 0;\" \/>\r\n\r\n<h4 class=\"centered mobile\">Les illustrations et les arbres botaniques<\/h4>\r\n\r\n<p>Nous avons demand\u00e9 \u00e0 l&rsquo;artiste Myleine Guiard Schmid de dessiner les arbres des familles botaniques. Elle a accept\u00e9 de faire ces dessins coloris\u00e9s sous la licence libre Creative commons. Vous pouvez t\u00e9l\u00e9charger chaque arbre botanique en cliquant sur l&rsquo;image. Pour tous renseignements, contactez Myleine Guiard Schmid : myleine.animation@gmail.com<\/p>\r\n\r\n<hr style=\"width: 50px;height: 1.5pt;line-height: 1.5pt;text-align: left;color: #5e240D;background-color: #5e240D;margin-top: 0;margin-bottom: 0;\" \/>\r\n\r\n<h4 class=\"centered mobile\">Les LiVRES sur la production de semences<\/h4>\r\n\r\n<p>Pour nous aider \u00e0 faire ce film, nous avons utilis\u00e9 quelques livres tr\u00e8s pr\u00e9cieux :<\/p>\r\n\r\n<ul>\r\n\t<li><strong>Semences de Kokopelli<\/strong> de Dominique Guillet aux \u00e9ditions \u00ab La Voix des semences \u00bb<\/li>\r\n\t<li><strong>Semences potag\u00e8res<\/strong> Le manuel pur les produire soi m\u00eame de Andrea Heistinger Arche Noah Pro Specie Rara (Hrsg.) Editions Rouergue <\/li>\r\n\t<li><strong>Seed to Seed<\/strong> de Suzanne Ashworth Seed Savers Exchange<\/li>\r\n<\/ul>\r\n\r\n<hr style=\"width: 50px;height: 1.5pt;line-height: 1.5pt;text-align: left;color: #5e240D;background-color: #5e240D;margin-top: 0;margin-bottom: 0;\" \/> \n        \n    <ul id=\"support\">\n        <li id=\"support-us\"><a href=\"https:\/\/www.diyseeds.org\/fr\/support-us\/\"> Comment nous soutenir ?<\/a><\/li>        <li id=\"buy\"><a href=\"https:\/\/www.diyseeds.org\/fr\/dvd\/\">Acheter le dvd<\/a><\/li>    <\/ul>\n    \n        \n\r\n\r\n<br \/>\r\n\r\n<br \/>","protected":false},"excerpt":{"rendered":"<p>ressources Les illustrations et les arbres botaniques Nous avons demand\u00e9 \u00e0 l&rsquo;artiste Myleine Guiard Schmid de dessiner les arbres des familles botaniques. Elle a accept\u00e9 de faire ces dessins coloris\u00e9s sous la licence libre Creative commons. Vous pouvez t\u00e9l\u00e9charger chaque arbre botanique en cliquant sur l&rsquo;image. Pour tous renseignements, contactez Myleine Guiard Schmid : myleine.animation@gmail.com [&hellip;]<\/p>\n","protected":false},"author":2,"featured_media":104,"parent":0,"menu_order":0,"comment_status":"closed","ping_status":"closed","template":"","meta":{"spay_email":""},"jetpack_shortlink":"https:\/\/wp.me\/PaG7IL-1c","_links":{"self":[{"href":"https:\/\/www.diyseeds.org\/fr\/wp-json\/wp\/v2\/pages\/74"}],"collection":[{"href":"https:\/\/www.diyseeds.org\/fr\/wp-json\/wp\/v2\/pages"}],"about":[{"href":"https:\/\/www.diyseeds.org\/fr\/wp-json\/wp\/v2\/types\/page"}],"author":[{"embeddable":true,"href":"https:\/\/www.diyseeds.org\/fr\/wp-json\/wp\/v2\/users\/2"}],"replies":[{"embeddable":true,"href":"https:\/\/www.diyseeds.org\/fr\/wp-json\/wp\/v2\/comments?post=74"}],"version-history":[{"count":88,"href":"https:\/\/www.diyseeds.org\/fr\/wp-json\/wp\/v2\/pages\/74\/revisions"}],"predecessor-version":[{"id":2925,"href":"https:\/\/www.diyseeds.org\/fr\/wp-json\/wp\/v2\/pages\/74\/revisions\/2925"}],"wp:featuredmedia":[{"embeddable":true,"href":"https:\/\/www.diyseeds.org\/fr\/wp-json\/wp\/v2\/media\/104"}],"wp:attachment":[{"href":"https:\/\/www.diyseeds.org\/fr\/wp-json\/wp\/v2\/media?parent=74"}],"curies":[{"name":"wp","href":"https:\/\/api.w.org\/{rel}","templated":true}]}}