{"id":551,"date":"2019-01-22T14:38:11","date_gmt":"2019-01-22T13:38:11","guid":{"rendered":"http:\/\/www.diyseeds.org\/en\/?page_id=551"},"modified":"2025-09-26T15:03:11","modified_gmt":"2025-09-26T13:03:11","slug":"support-us","status":"publish","type":"page","link":"https:\/\/www.diyseeds.org\/fr\/support-us\/","title":{"rendered":"Soutenez-nous"},"content":{"rendered":"<h1>Soutenez La diffusion libre des semences<\/h1>\r\n<hr style=\"width: 40px;height: 1.5pt;line-height: 1.5pt;text-align: left;color: #5e240d;background-color: #5e240d;margin-top: 0;margin-bottom: 0;\" \/>\r\n\r\n&nbsp;\r\n\r\n<p>Nous avons besoin de votre soutien pour continuer \u00e0 traduire les films dans de nouvelles langues. Aujourd\u2019hui, les films sont disponibles en 13 langues. D\u203aautres sont en cours. Pour nous soutenir, des dons peuvent \u00eatre faits au Forum Civique Europ\u00e9en selon diff\u00e9rents moyens de paiement.<\/p>\r\n\r\n<p><img loading=\"lazy\" class=\"size-full wp-image-654 alignnone\" src=\"https:\/\/www.diyseeds.org\/wp-content\/uploads\/2019\/01\/icone_1.png\" alt=\"\" width=\"17\" height=\"17\" \/> Par virement bancaire :<br \/>\r\nForum Civique Europ\u00e9en<br \/>Soci\u00e9t\u00e9 G\u00e9n\u00e9rale<br \/>Code IBAN:  FR76 3000 3031 5400 0500 2221 881<br \/>Code BIC: SOGEFRPP<\/p>\r\n\r\n<p><img loading=\"lazy\" class=\"alignnone size-full wp-image-655\" src=\"https:\/\/www.diyseeds.org\/wp-content\/uploads\/2019\/01\/icone_2.png\" alt=\"\" width=\"17\" height=\"17\" \/> Par Paypal:<\/p>\r\n\r\n<form action=\"https:\/\/www.paypal.com\/donate\" method=\"post\" target=\"_top\"><input type=\"hidden\" name=\"hosted_button_id\" value=\"V6LPHLT8SC74E\" \/><input type=\"image\" src=\"https:\/\/www.paypalobjects.com\/fr_FR\/FR\/i\/btn\/btn_donate_SM.gif\" border=\"0\" name=\"submit\" title=\"PayPal - The safer, easier way to pay online!\" alt=\"Donate with PayPal button\" \/><img loading=\"lazy\" alt=\"\" border=\"0\" src=\"https:\/\/www.paypal.com\/fr_FR\/i\/scr\/pixel.gif\" width=\"1\" height=\"1\" \/><\/form>\r\n\r\n<br \/>\r\n\r\n<p><img loading=\"lazy\" class=\"size-full wp-image-656 alignnone\" src=\"https:\/\/www.diyseeds.org\/wp-content\/uploads\/2019\/01\/icone_3.png\" alt=\"\" width=\"17\" height=\"17\" \/> Par ch\u00e8que :<br \/>Forum Civique Europ\u00e9en<br \/>Grange neuve<br \/>1920 ancienne route de Forcalquier<br \/>04 300 Limans FRANCE<\/p>\r\n\r\n<p>Sachez que lorsque vous achetez le coffret DVD  Semences buissonni\u00e8res ou envoyez un don, la plus grande part des fonds r\u00e9colt\u00e9s servent \u00e0 soutenir des projets qui d\u00e9veloppent un libre acc\u00e8s aux semences.<\/p>\r\n\r\n<p>Une autre fa\u00e7on de nous soutenir est d\u2019organiser des projections publiques du film, de produire et de diffuser vos semences et de faire conna\u00eetre le savoir-faire de la production autonome de semences \u00e0 tout le monde. Le film est produit sous une licence Creative Commons license, ce qui signifie qu\u2019il peut \u00eatre diffus\u00e9 au public sans compensation financi\u00e8re. N\u00e9anmoins, nous vous serions reconnaissant de citer les auteurs et de faire un lien vers notre site.<\/p>\r\n\r\n<p>La traduction prend \u00e9norm\u00e9ment de temps, si vous souhaitez traduire le film et les textes dans une nouvelle langue, contactez-nous par email \u00e0 l\u2019adresse suivante : <a href=\"mailto:info@diyseeds.org\">info@diyseeds.org<\/a>.<\/p>\r\n\r\n<p>Et surtout, produisez de belles graines et \u00e9changez-les avec vos voisins et amis. Les graines \u00e0 partager, distribuer et \u00e0 r\u00e9pandre sont les plus beaux cadeaux qu\u2019un voyageur puisse offrir !<\/p>\r\n\r\n<p>Aidez les semences \u00e0 voyager dans le monde entier !<\/p>\r\n\r\n&nbsp;","protected":false},"excerpt":{"rendered":"<p>Soutenez La diffusion libre des semences &nbsp; Nous avons besoin de votre soutien pour continuer \u00e0 traduire les films dans de nouvelles langues. Aujourd\u2019hui, les films sont disponibles en 13 langues. D\u203aautres sont en cours. Pour nous soutenir, des dons peuvent \u00eatre faits au Forum Civique Europ\u00e9en selon diff\u00e9rents moyens de paiement. Par virement bancaire [&hellip;]<\/p>\n","protected":false},"author":4,"featured_media":104,"parent":0,"menu_order":0,"comment_status":"closed","ping_status":"closed","template":"","meta":{"spay_email":""},"jetpack_shortlink":"https:\/\/wp.me\/PaG7IL-8T","_links":{"self":[{"href":"https:\/\/www.diyseeds.org\/fr\/wp-json\/wp\/v2\/pages\/551"}],"collection":[{"href":"https:\/\/www.diyseeds.org\/fr\/wp-json\/wp\/v2\/pages"}],"about":[{"href":"https:\/\/www.diyseeds.org\/fr\/wp-json\/wp\/v2\/types\/page"}],"author":[{"embeddable":true,"href":"https:\/\/www.diyseeds.org\/fr\/wp-json\/wp\/v2\/users\/4"}],"replies":[{"embeddable":true,"href":"https:\/\/www.diyseeds.org\/fr\/wp-json\/wp\/v2\/comments?post=551"}],"version-history":[{"count":122,"href":"https:\/\/www.diyseeds.org\/fr\/wp-json\/wp\/v2\/pages\/551\/revisions"}],"predecessor-version":[{"id":2981,"href":"https:\/\/www.diyseeds.org\/fr\/wp-json\/wp\/v2\/pages\/551\/revisions\/2981"}],"wp:featuredmedia":[{"embeddable":true,"href":"https:\/\/www.diyseeds.org\/fr\/wp-json\/wp\/v2\/media\/104"}],"wp:attachment":[{"href":"https:\/\/www.diyseeds.org\/fr\/wp-json\/wp\/v2\/media?parent=551"}],"curies":[{"name":"wp","href":"https:\/\/api.w.org\/{rel}","templated":true}]}}