{"id":546,"date":"2019-01-22T14:25:34","date_gmt":"2019-01-22T13:25:34","guid":{"rendered":"http:\/\/www.diyseeds.org\/en\/?page_id=546"},"modified":"2025-03-10T00:07:49","modified_gmt":"2025-03-09T23:07:49","slug":"links","status":"publish","type":"page","link":"https:\/\/www.diyseeds.org\/fr\/links\/","title":{"rendered":"R\u00e9seau"},"content":{"rendered":"<h1>LE r\u00e9seau<\/h1>\r\n<hr style=\"width: 45px;height: 1.5pt;line-height: 1.5pt;text-align: left;color: #5E24D;background-color: #5E24D;margin-top: 0;margin-bottom: 0;\" \/>\r\n\r\n<h4>LONGO MAI<\/h4>\r\n\r\n<p>Le mouvement Longo ma\u00ef, fond\u00e9 en 1973, est un r\u00e9seau de 8 coop\u00e9ratives agricoles, r\u00e9parties dans plusieurs pays europ\u00e9ens. Elles produisent des semences de c\u00e9r\u00e9ales, fourrag\u00e8res et potag\u00e8res.<br \/><a href=\"http:\/\/www.prolongomaif.ch\/\"><img loading=\"lazy\" class=\"alignnone size-full wp-image-626\" src=\"https:\/\/www.diyseeds.org\/wp-content\/uploads\/2019\/01\/icone_point.png\" alt=\"\" width=\"11\" height=\"11\" \/> www.prolongomaif.ch<\/a><\/p>\r\n\r\n<h4>Le Forum Civique Europ\u00e9en<\/h4>\r\n\r\n<p>Un r\u00e9seau de solidarit\u00e9 internationale actif, entre autres, dans la d\u00e9fense des semences reproductibles et de l&rsquo;agriculture paysanne respectueuse des droits sociaux.<br \/><a href=\"http:\/\/www.forumcivique.org\/\"><img loading=\"lazy\" class=\"alignnone size-full wp-image-626\" src=\"https:\/\/www.diyseeds.org\/wp-content\/uploads\/2019\/01\/icone_point.png\" alt=\"\" width=\"11\" height=\"11\" \/> www.forumcivique.org<\/a><\/p>\r\n\r\n<h4>Kokopelli<\/h4>\r\n\r\n<p>Association d\u00e9di\u00e9e \u00e0 la d\u00e9fense de la biodiversit\u00e9 et de l&rsquo;humus. Elle vend des semences de plus de 2000 vari\u00e9t\u00e9s de l\u00e9gumes, plantes aromatiques, c\u00e9r\u00e9ales, fleurs et plantes m\u00e9dicinales, toutes reproductibles et libre de droits de propri\u00e9t\u00e9 intellectuelle.<br \/><a href=\"http:\/\/www.kokopelli-semences.fr\"><img loading=\"lazy\" class=\"alignnone size-full wp-image-626\" src=\"https:\/\/www.diyseeds.org\/wp-content\/uploads\/2019\/01\/icone_point.png\" alt=\"\" width=\"11\" height=\"11\" \/> www.kokopelli-semences.fr<\/a><\/p>\r\n\r\n<h4>Arche de Noah<\/h4>\r\n\r\n<p>Association autrichienne qui enregistre et conserve des milliers de vari\u00e9t\u00e9s de l\u00e9gumes, fruits et c\u00e9r\u00e9ales menac\u00e9es d&rsquo;extinction avec l&rsquo;aide de plus de 11 000 membres et sympatisants.<br \/><u><a href=\"http:\/\/www.prolongomaif.ch\/\"><img loading=\"lazy\" class=\"alignnone size-full wp-image-626\" src=\"https:\/\/www.diyseeds.org\/wp-content\/uploads\/2019\/01\/icone_point.png\" alt=\"\" width=\"11\" height=\"11\" \/><\/a><\/u> <a href=\"http:\/\/www.arche-noah.at\">www.arche-noah.at<\/a><\/p>\r\n\r\n<h4>Biodiverso<\/h4>\r\n\r\n<p>L&rsquo;association BioDiVerso est un collectif d&rsquo;amis qui partagent une passion pour la vie et sa diversit\u00e9&#8230; La diversit\u00e9 biologique et culturelle, et la po\u00e9sie de nos diverses mani\u00e8res de regarder le monde.<br \/><a href=\"http:\/\/https:\/\/www.facebook.com\/cultivediversidade\"><img loading=\"lazy\" class=\"alignnone wp-image-626\" src=\"https:\/\/www.diyseeds.org\/wp-content\/uploads\/2019\/01\/icone_point.png\" alt=\"\" width=\"11\" height=\"11\" \/> https:\/\/www.facebook.com\/cultivediversidade<\/a><\/p>\r\n\r\n<h4>Fifteenth garden<\/h4>\r\n\r\n<p>15th Garden, est un r\u00e9seau collaboratif de jardins urbains et de sauveurs de semences dans les villes syriennes bombard\u00e9es, assi\u00e9g\u00e9es et bloqu\u00e9es. Ce r\u00e9seau de souverainet\u00e9 alimentaire en d\u00e9veloppement comprend des jardins familiaux, des fermes rurales et des initiatives agricoles dans des camps de r\u00e9fugi\u00e9s dans les \u00c9tats voisins.<br \/><img loading=\"lazy\" class=\"alignnone size-full wp-image-626\" src=\"https:\/\/www.diyseeds.org\/wp-content\/uploads\/2019\/01\/icone_point.png\" alt=\"\" width=\"11\" height=\"11\" \/> <a href=\"https:\/\/aseed.net\/en\/the-15th-garden-seeds-for-syria\">aseed.net\/en\/the-15th-garden-seeds-for-syria<\/a><\/p>\r\n\r\n<h4>Buzuruna Juzuruna<\/h4>\r\n\r\n<p>C&rsquo;est un collectif d&rsquo;agriculteurs syriens, libanais et fran\u00e7ais qui a mis en place un centre de formation \u00e0 l&rsquo;agro\u00e9cologie au Liban. Ils veulent utiliser ces techniques au Moyen-Orient d&rsquo;aujourd&rsquo;hui et de demain pour r\u00e9sister au contr\u00f4le des entreprises sur les march\u00e9s agricoles au Liban et en Syrie.<br \/><img loading=\"lazy\" class=\"alignnone size-full wp-image-626\" src=\"https:\/\/www.diyseeds.org\/wp-content\/uploads\/2019\/01\/icone_point.png\" alt=\"\" width=\"11\" height=\"11\" \/> <a href=\"https:\/\/www.facebook.com\/Grainesetcinema\/\" target=\"_blank\" rel=\"nofollow noopener noreferrer\">www.facebook.com\/Grainesetcinema<\/a><\/p>\r\n\r\n&nbsp;","protected":false},"excerpt":{"rendered":"<p>LE r\u00e9seau LONGO MAI Le mouvement Longo ma\u00ef, fond\u00e9 en 1973, est un r\u00e9seau de 8 coop\u00e9ratives agricoles, r\u00e9parties dans plusieurs pays europ\u00e9ens. Elles produisent des semences de c\u00e9r\u00e9ales, fourrag\u00e8res et potag\u00e8res. www.prolongomaif.ch Le Forum Civique Europ\u00e9en Un r\u00e9seau de solidarit\u00e9 internationale actif, entre autres, dans la d\u00e9fense des semences reproductibles et de l&rsquo;agriculture paysanne [&hellip;]<\/p>\n","protected":false},"author":4,"featured_media":104,"parent":0,"menu_order":0,"comment_status":"closed","ping_status":"closed","template":"","meta":{"spay_email":""},"jetpack_shortlink":"https:\/\/wp.me\/PaG7IL-8O","_links":{"self":[{"href":"https:\/\/www.diyseeds.org\/fr\/wp-json\/wp\/v2\/pages\/546"}],"collection":[{"href":"https:\/\/www.diyseeds.org\/fr\/wp-json\/wp\/v2\/pages"}],"about":[{"href":"https:\/\/www.diyseeds.org\/fr\/wp-json\/wp\/v2\/types\/page"}],"author":[{"embeddable":true,"href":"https:\/\/www.diyseeds.org\/fr\/wp-json\/wp\/v2\/users\/4"}],"replies":[{"embeddable":true,"href":"https:\/\/www.diyseeds.org\/fr\/wp-json\/wp\/v2\/comments?post=546"}],"version-history":[{"count":149,"href":"https:\/\/www.diyseeds.org\/fr\/wp-json\/wp\/v2\/pages\/546\/revisions"}],"predecessor-version":[{"id":2924,"href":"https:\/\/www.diyseeds.org\/fr\/wp-json\/wp\/v2\/pages\/546\/revisions\/2924"}],"wp:featuredmedia":[{"embeddable":true,"href":"https:\/\/www.diyseeds.org\/fr\/wp-json\/wp\/v2\/media\/104"}],"wp:attachment":[{"href":"https:\/\/www.diyseeds.org\/fr\/wp-json\/wp\/v2\/media?parent=546"}],"curies":[{"name":"wp","href":"https:\/\/api.w.org\/{rel}","templated":true}]}}