{"id":534,"date":"2019-01-22T12:24:53","date_gmt":"2019-01-22T11:24:53","guid":{"rendered":"http:\/\/www.diyseeds.org\/en\/?page_id=534"},"modified":"2025-03-09T23:59:51","modified_gmt":"2025-03-09T22:59:51","slug":"dvd","status":"publish","type":"page","link":"https:\/\/www.diyseeds.org\/fr\/dvd\/","title":{"rendered":"Coffret DVD"},"content":{"rendered":"<h1>ACHETER LE COFFRET DVD<\/h1>\r\n\r\n<hr style=\"width: 40px;height: 1.5pt;line-height: 1.5pt;text-align: left;color: #5e240d;background-color: #5e240d;margin-top: 0;margin-bottom: 0;\" \/>\r\n\r\n<br \/>\r\n\r\n<p><em>From Seed to seed, \u00ab\u00a0Semences buissonni\u00e8res\u00a0\u00bb<\/em> en fran\u00e7ais, est un coffret de 4 DVDs comprenant 40 films p\u00e9dagogiques (436 minutes). Ils expliquent la th\u00e9orie, les techniques et tout ce qui est n\u00e9cessaire de savoir pour produire ses propres semences, pour 40 l\u00e9gumes diff\u00e9rents.<\/p>\r\n\r\n<p>Le coffret existe en 2 versions, chacune contient 3 langues :<br \/><strong>Fran\u00e7ais\/Anglais\/Allemand<\/strong> :<br \/>Semences buissonni\u00e8res &#8211; From seed to seed &#8211; Saatgut ist Gemeingut<br \/><strong>Espagnol\/Portugais\/Anglais<\/strong><br \/>Siembra &#8211; Semeia &#8211; From seed to seed<\/p>\r\n\r\n<hr style=\"width: 40px;height: 1.5pt;line-height: 1.5pt;text-align: left;color: #5e240d;background-color: #5e240d;margin-top: 0;margin-bottom: 0;\" \/>\r\n\r\n<div class=\"woocommerce columns-1 \"><ul class=\"products columns-1\">\n<li class=\"product type-product post-1045 status-publish first instock product_cat-non-classe has-post-thumbnail purchasable product-type-simple\">\n\t<\/li>\n<li class=\"product type-product post-762 status-publish first instock product_cat-non-classe has-post-thumbnail purchasable product-type-simple\">\n\t<\/li>\n<\/ul>\n<\/div><span class=\"woocommerce\"><a class=\"button\" href=\"https:\/\/www.diyseeds.org\/cart\/\">See basket<\/a><\/span>\r\n\r\n<h2>POURQUOI UN FILM SUR LA PRODUCTION DE SEMENCES ?<\/h2>\r\n\r\n<p>La disparition de nombreux paysans qui ont cr\u00e9\u00e9 et reproduit au cours du temps les milliers de vari\u00e9t\u00e9s existantes ainsi que de leurs savoirs-faire a entra\u00een\u00e9 une perte \u00e9norme de la diversit\u00e9 des plantes cultiv\u00e9es.<\/p>\r\n\r\n<h3>Se r\u00e9approprier le savoir-faire : produire ses propres semences<\/h3>\r\n\r\n<p>Les petites entreprises artisanales locales de production de semences cr\u00e9\u00e9es \u00e0 la fin du 19eme si\u00e8cle qui \u0153uvraient \u00e0 maintenir et d\u00e9velopper ce potentiel ont presque toutes disparues ou ont \u00e9t\u00e9 rachet\u00e9es par les grands groupes, ce qui a consid\u00e9rablement r\u00e9duit le nombre de vari\u00e9t\u00e9s vendues. Le savoir sur la production de semences est devenu une affaire de semenciers professionnels, et jalousement trait\u00e9 comme secret et privil\u00e8ge d&rsquo;entreprise jusqu\u2019\u00e0 convaincre tout le monde qu\u2019il faut avoir suivi des \u00e9tudes hautement qualifi\u00e9es pour produire des semences.<\/p>\r\n\r\n<h3>Une volont\u00e9 partag\u00e9e de biodiversit\u00e9<\/h3>\r\n\r\n<p>L&rsquo;acc\u00e8s aux semences diversifi\u00e9es et adapt\u00e9es \u00e0 toutes sortes de conditions de cultures est difficile et parfois impossible dans certains pays du Sud. N\u00e9anmoins on remarque ces derni\u00e8res ann\u00e9es un engouement croissant pour le jardinage qu\u2019on peut expliquer, entre autres, par une certaine m\u00e9fiance \u00e0 l\u2019\u00e9gard de l&rsquo;alimentation produite industriellement et par des probl\u00e8mes de survie dus \u00e0 la crise. La cr\u00e9ation dans les villes ou aux pourtours de jardins familiaux, collectifs, \u00abpartag\u00e9s\u00bb t\u00e9moigne aussi d\u2019une recherche de lieux o\u00f9 se nouent des liens sociaux.<\/p>\r\n\r\n<h3>Le travail de sauvegarde des associations pour les semences<\/h3>\r\n\r\n<p>Il existe encore des petites associations en Europe qui maintiennent et diffusent ces vari\u00e9t\u00e9s ainsi que le savoir li\u00e9 \u00e0 la production de semences par le biais de stages, sessions, livres et documents. Elles sont aid\u00e9es pour cela par de nombreux jardiniers amateurs et des paysans qui reproduisent dans leurs parcelles des vari\u00e9t\u00e9s. Plus nombreuses seront les personnes impliqu\u00e9es dans la conservation et la multiplication, moins il y aura de risque de voir dispara\u00eetre la biodiversit\u00e9 cultiv\u00e9e.<\/p>\r\n\r\n<h3>UNE formation par l\u2019image<\/h3>\r\n\r\n<p>Une formation de base est indispensable pour assurer la reproduction des semences. La possibilit\u00e9 de lire des ouvrages, peu nombreux, consacr\u00e9s \u00e0 ces savoirs n&rsquo;est pas \u00e9vidente l\u00e0 o\u00f9 la lecture n&rsquo;est pas acquise par le plus grand nombre et la documentation trop rare. L&rsquo;image permet de <b>montrer l&rsquo;\u00e9volution de la plante de la graine \u00e0 la graine<\/b>, de faciliter la compr\u00e9hension de la biologie des fleurs, des ph\u00e9nom\u00e8nes de pollinisation, des gestes et m\u00e9thodes utilis\u00e9s pour les r\u00e9coltes, de l&rsquo;extraction, du tri et du stockage des graines. L&rsquo;utilisation du zoom permet \u00e9galement d&rsquo;affiner l&rsquo;observation et de mieux reconna\u00eetre les caract\u00e9ristiques d\u2019une plante.<\/p>\r\n\r\n<h2>A QUI S&rsquo;ADRESSE LE FILM ?<\/h2>\r\n\r\n<p>Le film s&rsquo;adresse \u00e0 tous ceux qui s&rsquo;int\u00e9ressent \u00e0 la production de semences, amateurs d\u00e9butants jusqu&rsquo;aux paysans, aux \u00e9coles professionnelles ainsi qu&rsquo;aux enfants, \u00e0 ceux qui veulent contribuer \u00e0 la conservation de la biodiversit\u00e9 des plantes cultiv\u00e9es, \u00e0 ceux pour qui c&rsquo;est <b>une n\u00e9cessit\u00e9 de faire leur propre semence<\/b> pour s&rsquo;adapter aux multiples conditions climatiques et assurer leur s\u00e9curit\u00e9 alimentaire. Depuis toujours la semence a \u00e9t\u00e9 donn\u00e9e, \u00e9chang\u00e9e entre les hommes. Les savoirs li\u00e9s \u00e0 la production de semences devraient pouvoir circuler de la m\u00eame fa\u00e7on, gratuitement. A travers l\u2019Europe beaucoup de bourses aux graines existent et se d\u00e9veloppent. Ces lieux d\u2019\u00e9change et de troc permettent de diffuser de nombreuses vari\u00e9t\u00e9s \u00e0 un large public.<\/p>\r\n\r\n<p>Mais la transmission du savoir est une r\u00e9elle difficult\u00e9 lors de ces bourses aux graines, l&rsquo;affluence \u00e9tant tr\u00e8s grande et le temps compt\u00e9. Ce film didactique permet \u00e0 ces personnes d\u00e9j\u00e0 sensibilis\u00e9es de <b>commencer \u00e0 produire des graines dans leurs jardins<\/b>.<\/p>\r\n\r\n<p>Les explications techniques sont formul\u00e9es dans un langage simple et accessible \u00e0 tous et ont \u00e9t\u00e9 traduites en plusieurs langues: fran\u00e7ais, anglais, allemand, espagnol, portugais, arabe, n\u00e9erlandais et plus si nous trouvons des volontaires.<\/p>\r\n\r\n<h2>SEMENCES BUISSONNI\u00c8RES : CONCEPTION DU FILM<\/h2>\r\n\r\n<p>L&rsquo;un des objectifs de ce film \u00e9tait de constituer un outil p\u00e9dagogique simple dans sa forme, sa compr\u00e9hension et sa diffusion. Dans sa construction, le film laisse au maximum place \u00e0 l\u2019image, plut\u00f4t qu&rsquo;\u00e0 des explications en voix off. C&rsquo;est la raison pour laquelle chaque \u00e9tape du d\u00e9veloppement de la semence \u00e0 la semence et chaque geste qui s&rsquo;y rapporte sont film\u00e9s.<\/p>\r\n\r\n<p>Les diff\u00e9rents modules repr\u00e9sentant chacun une famille botanique potag\u00e8re, sont film\u00e9s et mont\u00e9s suivant le m\u00eame dispositif. Une partie r\u00e9alis\u00e9e en studio et film\u00e9e en macro d\u00e9crit au plus pr\u00e8s, avec le plus de d\u00e9tails et de pr\u00e9cisions possible, la graine, la fleur et le l\u00e9gume ainsi que les gestes importants pour obtenir la semence.<\/p>\r\n\r\n<p>Par exemple, l\u2019extraction des graines de tomate par fermentation ou le tri, \u00e9tapes fondamentales, ont \u00e9t\u00e9 film\u00e9es de cette mani\u00e8re. Une autre partie en ext\u00e9rieur cette fois, montre la plante dans son environnement naturel. On change d&rsquo;\u00e9chelle pour appr\u00e9hender dans un espace ou un contexte plus vaste (le jardin ou la serre). Le focus est sur la plante mais la personne qui l&rsquo;utilise n\u2019est pas absent pour autant. C&rsquo;est une agriculture \u00e0 visage humain qui est pr\u00e9sent\u00e9e, o\u00f9 le producteur de semence touche et manipule. La main est donc tr\u00e8s pr\u00e9sente \u00e0 l\u2019image.<\/p>\r\n\r\n<p>Les explications ne sont pas donn\u00e9es directement par les personnes film\u00e9es qui travaillent sans faire de commentaire. La bande son a \u00e9t\u00e9 ajout\u00e9e au montage, avec des informations suppl\u00e9mentaires, lorsque l&rsquo;image se r\u00e9v\u00e8le insuffisante.<\/p>\r\n\r\n<h2>L&rsquo;AVENTURE DU FILM<\/h2>\r\n\r\n<p>Trois ans de travail pour mener \u00e0 bien cette r\u00e9alisation. Nous pensions nous en sortir en deux ans mais le souci du d\u00e9tail, les al\u00e9as climatiques avec les cultures nous ont rallong\u00e9 le temps de tournage et de montage. Le r\u00e9sultat est l\u00e0, 4 DVD avec plus de 7 heures de film \u00e0 regarder par petit bout !<\/p>\r\n\r\n<p>Des centaines de personnes ont particip\u00e9 \u00e0 ce film, les producteurs et productrices de semences bien entendu dans les diff\u00e9rents jardins dans le Jura, en Ard\u00e8che, en Bourgogne, en Crau dans les Bo\u00fbches-du-Rh\u00f4ne, \u00e0 Nice, en Haute-Provence, puis les innombrables jardiniers et jardini\u00e8res occasionnels ou pas dans les champs \u00e0 Longo Ma\u00ef. Tous ceux \u00e9galement qui ont pr\u00eat\u00e9 leur voix dans les trois langues (fran\u00e7ais, anglais, allemand), ceux qui ont traduit les textes, les musiciens qui ont cr\u00e9\u00e9 et arrang\u00e9 les th\u00e8mes musicaux, la dessinatrice qui a \u00e9maill\u00e9 tous les modules de ses animations ou sch\u00e9mas magnifiques. Et bien s\u00fbr les monteuses qui ont apport\u00e9 tout leur savoir faire ainsi que les techniciens du son, l&rsquo;\u00e9talonneuse pour les couleurs, le technicien des DVD, les graphistes pour les DVD et les impressions du coffret. Sans oublier surtout notre camerawoman et ses assistants(antes).<\/p>\r\n\r\n<p>L&rsquo;entreprise fut ardue et sem\u00e9e d&#8217;emb\u00fbches car nous n&rsquo;avions pas toutes parmi les trois r\u00e9alisatrices la formation n\u00e9cessaire et la coordination des diff\u00e9rentes \u00e9tapes s&rsquo;est r\u00e9v\u00e9l\u00e9e plus longue que pr\u00e9vue.<\/p>\r\n\r\n<p>Nous esp\u00e9rons ardemment que vous pourrez faire un large usage de ce coffret p\u00e9dagogique, en parler autour de vous et le diffuser largement car le but est l\u00e0: que chacun se r\u00e9approprie ces gestes \u00e9l\u00e9mentaires afin de permettre une large autonomie dans les moyens d&rsquo;existence. Nous sommes s\u00fbres d&rsquo;ailleurs que vous pourrez d\u00e9sormais produire beaucoup de semences et en donner \u00e0 tous vos voisins et plus loin bien entendu, et participez ainsi \u00e0 la cha\u00eene des innombrables paysans(annes) et jardiniers(\u00e8res) qui ont nourri l&rsquo;humanit\u00e9 depuis la nuit des temps.<\/p>\r\n\r\n<h2>SOMMAIRE DES DVD<\/h2>\r\n\r\n<p><strong>DVD 1<\/strong><br \/><strong>ABC de production de semences, conseils pratiques et th\u00e9oriques :<\/strong><\/p>\r\n\r\n<ol>\r\n\t<li>Quelles semences pour commencer 4\u201908<\/li>\r\n\t<li>La classification botanique 4\u201950<\/li>\r\n\t<li>La s\u00e9lection des porte-graines 5\u201938<\/li>\r\n\t<li>La graine 6\u201913<\/li>\r\n\t<li>La pollinisation 7\u201959<\/li>\r\n\t<li>Les techniques d&rsquo;isolement 8\u201911<\/li>\r\n\t<li>La pollinisation manuelle des cucurbitac\u00e9es 5\u201937<\/li>\r\n\t<li>L&rsquo;extraction et le nettoyage \u00e0 l&rsquo;eau, le s\u00e9chage, le tri des graines 11\u201921<\/li>\r\n<\/ol>\r\n\r\n<p>Suppl\u00e9ments :<\/p>\r\n\r\n<ol start=\"9\">\r\n\t<li>Contact<\/li>\r\n\t<li>Bibliographie<\/li>\r\n\t<li>Liste des musiques<\/li>\r\n\t<li>Dessins des arbres de la classification botanique par famille<\/li>\r\n<\/ol>\r\n\r\n<p><strong>DVD 2<\/strong><br \/><strong>Production de semences par l\u00e9gume :<\/strong><\/p>\r\n\r\n<ol>\r\n\t<li>Chou cabus 18\u201949<\/li>\r\n\t<li>Chou de Milan 12\u201924<\/li>\r\n\t<li>Chou-fleur et brocoli 13\u201905<\/li>\r\n\t<li>Chou rave 15\u201904<\/li>\r\n\t<li>Chou de Bruxelles 13\u201930<\/li>\r\n\t<li>Chou feuilles 12\u201937<\/li>\r\n\t<li>Navet 13\u201910<\/li>\r\n\t<li>Radis 12\u201910<\/li>\r\n<\/ol>\r\n\r\n<p><strong>DVD 3<\/strong><br \/><strong>Production de semences par l\u00e9gume :<\/strong><\/p>\r\n\r\n<ol>\r\n\t<li>Carotte 15\u201952<\/li>\r\n\t<li>C\u00e9leri 12\u201910<\/li>\r\n\t<li>Fenouil 11\u201917<\/li>\r\n\t<li>Panais 11\u201904<\/li>\r\n\t<li>Laitue 14\u201911<\/li>\r\n\t<li>Chicor\u00e9e 13\u201911<\/li>\r\n\t<li>Cardon et artichaut 9\u201932<\/li>\r\n\t<li>Tournesol 12\u201911<\/li>\r\n\t<li>M\u00e2che 8\u201950<\/li>\r\n\t<li>Blette et betterave 13\u201908<\/li>\r\n\t<li>Epinard 9\u201936<\/li>\r\n<\/ol>\r\n\r\n<p><strong>DVD 4<\/strong><br \/><strong>Production de semences par l\u00e9gume :<\/strong><\/p>\r\n\r\n<ol>\r\n\t<li>Courge et courgette 12\u201923<\/li>\r\n\t<li>Concombre 10\u201903<\/li>\r\n\t<li>Melon 8\u201955<\/li>\r\n\t<li>Past\u00e8que 9\u201918<\/li>\r\n\t<li>Tomate 12\u201945<\/li>\r\n\t<li>Poivron et piment 11\u201951<\/li>\r\n\t<li>Aubergine 9\u201942<\/li>\r\n\t<li>F\u00e8ve 8\u201949<\/li>\r\n\t<li>Pois 8\u201942<\/li>\r\n\t<li>Haricot 11\u201923<\/li>\r\n\t<li>Ma\u00efs 15\u201906<\/li>\r\n\t<li>Oignon 12\u201916<\/li>\r\n\t<li>Poireau 12\u201948<\/li>\r\n<\/ol>\r\n\r\n<h2>NOUS AVONS BESOIN DE VOTRE SOUTIEN<\/h2>\r\n\r\n<p>Notre projet ne s&rsquo;arr\u00eate pas l\u00e0 car de nombreuses personnes nous ont demand\u00e9 de traduire ces films dans diff\u00e9rentes langues pour donner la possibilit\u00e9 \u00e0 plus de monde d&rsquo;apprendre ces gestes. Nous cherchons un financement compl\u00e9mentaire pour ce travail qui fera intervenir les traducteurs(trices), les lecteurs(trices), les monteuses, le mixeur son, pour chaque langue. Faites le savoir autour de vous et peut-\u00eatre arriverons nous \u00e0 traduire ces films dans quelques langues de plus. Merci.<\/p>\r\n\r\n<p>Vous pouvez communiquer l&rsquo;adresse de notre site web consacr\u00e9 \u00e0 \u00ab\u00a0Semences buissonni\u00e8res\u00a0\u00bb pour trouver toutes les infos n\u00e9cessaires \u00e0 la commande du coffret de DVD. site web: <a href=\"https:\/\/www.diyseeds.org\">www.diyseeds.org<\/a> ou <a href=\"http:\/\/www.seedfilm.org\">www.seedfilm.org<\/a><\/p>\r\n\r\n<p>Prix du coffret de 4 DVD: 30\u20ac.<\/p>\r\n\r\n&nbsp;","protected":false},"excerpt":{"rendered":"<p>ACHETER LE COFFRET DVD From Seed to seed, \u00ab\u00a0Semences buissonni\u00e8res\u00a0\u00bb en fran\u00e7ais, est un coffret de 4 DVDs comprenant 40 films p\u00e9dagogiques (436 minutes). Ils expliquent la th\u00e9orie, les techniques et tout ce qui est n\u00e9cessaire de savoir pour produire ses propres semences, pour 40 l\u00e9gumes diff\u00e9rents. Le coffret existe en 2 versions, chacune contient [&hellip;]<\/p>\n","protected":false},"author":4,"featured_media":104,"parent":0,"menu_order":0,"comment_status":"closed","ping_status":"closed","template":"","meta":{"spay_email":""},"jetpack_shortlink":"https:\/\/wp.me\/PaG7IL-8C","_links":{"self":[{"href":"https:\/\/www.diyseeds.org\/fr\/wp-json\/wp\/v2\/pages\/534"}],"collection":[{"href":"https:\/\/www.diyseeds.org\/fr\/wp-json\/wp\/v2\/pages"}],"about":[{"href":"https:\/\/www.diyseeds.org\/fr\/wp-json\/wp\/v2\/types\/page"}],"author":[{"embeddable":true,"href":"https:\/\/www.diyseeds.org\/fr\/wp-json\/wp\/v2\/users\/4"}],"replies":[{"embeddable":true,"href":"https:\/\/www.diyseeds.org\/fr\/wp-json\/wp\/v2\/comments?post=534"}],"version-history":[{"count":114,"href":"https:\/\/www.diyseeds.org\/fr\/wp-json\/wp\/v2\/pages\/534\/revisions"}],"predecessor-version":[{"id":2922,"href":"https:\/\/www.diyseeds.org\/fr\/wp-json\/wp\/v2\/pages\/534\/revisions\/2922"}],"wp:featuredmedia":[{"embeddable":true,"href":"https:\/\/www.diyseeds.org\/fr\/wp-json\/wp\/v2\/media\/104"}],"wp:attachment":[{"href":"https:\/\/www.diyseeds.org\/fr\/wp-json\/wp\/v2\/media?parent=534"}],"curies":[{"name":"wp","href":"https:\/\/api.w.org\/{rel}","templated":true}]}}