{"id":42,"date":"2018-12-14T19:08:29","date_gmt":"2018-12-14T18:08:29","guid":{"rendered":"http:\/\/www.diyseeds.org\/en\/?page_id=42"},"modified":"2025-03-08T14:16:29","modified_gmt":"2025-03-08T13:16:29","slug":"team","status":"publish","type":"page","link":"https:\/\/www.diyseeds.org\/fr\/team\/","title":{"rendered":"Notre \u00e9quipe"},"content":{"rendered":"<h1>L&rsquo;\u00c9QUIPE du film<\/h1>\r\n<hr style=\"width: 50px;height: 2pt;line-height: 2pt;text-align: left;color: #5e240d;background-color: #5e240d;margin-top: 10px;margin-bottom: 0;\" \/>\r\n\r\n<h4 class=\"centered mobile\">Les r\u00e9alisatrices : Martina Widmer et Sylvie Seguin<\/h4>\r\n<p>Martina Widmer pour le Forum Civique Europ\u00e9en, et Sylvie Seguin de la Coop\u00e9rative Longo ma\u00ef, ont une exp\u00e9rience dans le mara\u00eechage et la production de semences depuis le d\u00e9but des ann\u00e9es 2000 en collaboration avec Kokopelli pour l\u2019organisation de Bourses aux Graines, l\u2019animation du r\u00e9seau de conservation des vari\u00e9t\u00e9s des producteurs parrains\/marraines et productrices pour le r\u00e9seau \u00ab Semences sans fronti\u00e8res \u00bb. Toutes les deux sont impliqu\u00e9es dans les campagnes du Forum Civique Europ\u00e9en de sensibilisation du public sur le th\u00e8me des semences.<\/p>\r\n\r\n<h4 class=\"centered mobile\">La co-r\u00e9alisatrice : Olga Widmer<\/h4>\r\n<p>R\u00e9alisatrice, chef op\u00e9ratrice, monteuse, Olga Widmer travaille dans le cin\u00e9ma documentaire depuis plus de 15 ans. Elle a \u00e9galement r\u00e9alis\u00e9 des films institutionnels, notamment pour l&rsquo;Association Longo Ma\u00ef en Suisse sur les questions la Politique Agricole 2011. Pour plus d&rsquo;informations: <a href=\"https:\/\/www.olgawidmer.com\/\">olgawidmer.com<\/a><\/p>\r\n\r\n<h4 class=\"centered mobile\">Illustrations et visuels : Myleine Guiard Schmid<\/h4>\r\n<p>Myleine Guiard Schmid est cr\u00e9atrice de cin\u00e9ma d\u2019animation et pratique les arts plastiques. Cin\u00e9ma, sculpture, peinture&#8230; l&rsquo;art est sa passion, son m\u00e9tier. Apprendre les techniques, savoir \u00e9couter, \u00e9changer avec l&rsquo;autre lui a permis de donner un sens \u00e0 son travail. L&rsquo;art a une force ind\u00e9niable, celle de pouvoir montrer, raconter, d\u00e9noncer avec beaut\u00e9 et style. <a href=\"myleineguiardschmid.wordpress.com\">myleineguiardschmid.wordpress.com<\/a> et <a href=\"myleine.animation@gmail.com\">myleine.animation@gmail.com<\/a><\/p>\r\n\r\n&nbsp;\r\n\r\n<div id=\"attachment_637\" style=\"width: 310px\"  class=\"wp-caption alignnone\"><img loading=\"lazy\" class=\"wp-image-637 size-medium\" src=\"https:\/\/www.diyseeds.org\/wp-content\/uploads\/2019\/01\/Sylvie-300x169.jpg\" alt=\"Sylvie trie des semences dans un tamis\" width=\"300\" height=\"169\" srcset=\"https:\/\/www.diyseeds.org\/wp-content\/uploads\/2019\/01\/Sylvie-300x169.jpg 300w, https:\/\/www.diyseeds.org\/wp-content\/uploads\/2019\/01\/Sylvie-600x338.jpg 600w, https:\/\/www.diyseeds.org\/wp-content\/uploads\/2019\/01\/Sylvie-768x432.jpg 768w, https:\/\/www.diyseeds.org\/wp-content\/uploads\/2019\/01\/Sylvie-1024x576.jpg 1024w, https:\/\/www.diyseeds.org\/wp-content\/uploads\/2019\/01\/Sylvie.jpg 1920w\" sizes=\"(max-width: 300px) 100vw, 300px\" \/><p class=\"wp-caption-text\">Sylvie S\u00e9guin<\/p><\/div>\r\n\r\n&nbsp;\r\n\r\n<div id=\"attachment_636\" style=\"width: 310px\"  class=\"wp-caption alignnone\"><img loading=\"lazy\" class=\"wp-image-636 size-medium\" src=\"https:\/\/www.diyseeds.org\/wp-content\/uploads\/2019\/01\/Martina-300x169.jpg\" alt=\"Martina r\u00e9colte des graines\" width=\"300\" height=\"169\" srcset=\"https:\/\/www.diyseeds.org\/wp-content\/uploads\/2019\/01\/Martina-300x169.jpg 300w, https:\/\/www.diyseeds.org\/wp-content\/uploads\/2019\/01\/Martina-600x338.jpg 600w, https:\/\/www.diyseeds.org\/wp-content\/uploads\/2019\/01\/Martina-768x432.jpg 768w, https:\/\/www.diyseeds.org\/wp-content\/uploads\/2019\/01\/Martina-1024x576.jpg 1024w, https:\/\/www.diyseeds.org\/wp-content\/uploads\/2019\/01\/Martina.jpg 1920w\" sizes=\"(max-width: 300px) 100vw, 300px\" \/><p class=\"wp-caption-text\">Martina Widmer<\/p><\/div>\r\n\r\n&nbsp;\r\n\r\n<div id=\"attachment_638\" style=\"width: 310px\"  class=\"wp-caption alignnone\"><img loading=\"lazy\" class=\"wp-image-638 size-medium\" src=\"https:\/\/www.diyseeds.org\/wp-content\/uploads\/2019\/01\/tournage-Olga-001-300x200.jpg\" alt=\"Olga sur le tournage du film\" width=\"300\" height=\"200\" srcset=\"https:\/\/www.diyseeds.org\/wp-content\/uploads\/2019\/01\/tournage-Olga-001-300x200.jpg 300w, https:\/\/www.diyseeds.org\/wp-content\/uploads\/2019\/01\/tournage-Olga-001-600x400.jpg 600w, https:\/\/www.diyseeds.org\/wp-content\/uploads\/2019\/01\/tournage-Olga-001-768x511.jpg 768w, https:\/\/www.diyseeds.org\/wp-content\/uploads\/2019\/01\/tournage-Olga-001-1024x682.jpg 1024w, https:\/\/www.diyseeds.org\/wp-content\/uploads\/2019\/01\/tournage-Olga-001.jpg 1820w\" sizes=\"(max-width: 300px) 100vw, 300px\" \/><p class=\"wp-caption-text\">Olga Widmer<\/p><\/div>\r\n\r\n&nbsp;\r\n\r\n<div id=\"attachment_639\" style=\"width: 310px\"  class=\"wp-caption alignnone\"><img loading=\"lazy\" class=\"wp-image-639 size-medium\" src=\"https:\/\/www.diyseeds.org\/wp-content\/uploads\/2019\/01\/image-300x168.jpg\" alt=\"Myl\u00e8ne graphiste du film\" width=\"300\" height=\"168\" srcset=\"https:\/\/www.diyseeds.org\/wp-content\/uploads\/2019\/01\/image-300x168.jpg 300w, https:\/\/www.diyseeds.org\/wp-content\/uploads\/2019\/01\/image.jpg 431w\" sizes=\"(max-width: 300px) 100vw, 300px\" \/><p class=\"wp-caption-text\">Myleine Schmidt<\/p><\/div>\r\n\r\n&nbsp;","protected":false},"excerpt":{"rendered":"<p>L&rsquo;\u00c9QUIPE du film Les r\u00e9alisatrices : Martina Widmer et Sylvie Seguin Martina Widmer pour le Forum Civique Europ\u00e9en, et Sylvie Seguin de la Coop\u00e9rative Longo ma\u00ef, ont une exp\u00e9rience dans le mara\u00eechage et la production de semences depuis le d\u00e9but des ann\u00e9es 2000 en collaboration avec Kokopelli pour l\u2019organisation de Bourses aux Graines, l\u2019animation du [&hellip;]<\/p>\n","protected":false},"author":1,"featured_media":104,"parent":0,"menu_order":0,"comment_status":"closed","ping_status":"closed","template":"","meta":{"spay_email":""},"jetpack_shortlink":"https:\/\/wp.me\/PaG7IL-G","_links":{"self":[{"href":"https:\/\/www.diyseeds.org\/fr\/wp-json\/wp\/v2\/pages\/42"}],"collection":[{"href":"https:\/\/www.diyseeds.org\/fr\/wp-json\/wp\/v2\/pages"}],"about":[{"href":"https:\/\/www.diyseeds.org\/fr\/wp-json\/wp\/v2\/types\/page"}],"author":[{"embeddable":true,"href":"https:\/\/www.diyseeds.org\/fr\/wp-json\/wp\/v2\/users\/1"}],"replies":[{"embeddable":true,"href":"https:\/\/www.diyseeds.org\/fr\/wp-json\/wp\/v2\/comments?post=42"}],"version-history":[{"count":98,"href":"https:\/\/www.diyseeds.org\/fr\/wp-json\/wp\/v2\/pages\/42\/revisions"}],"predecessor-version":[{"id":2920,"href":"https:\/\/www.diyseeds.org\/fr\/wp-json\/wp\/v2\/pages\/42\/revisions\/2920"}],"wp:featuredmedia":[{"embeddable":true,"href":"https:\/\/www.diyseeds.org\/fr\/wp-json\/wp\/v2\/media\/104"}],"wp:attachment":[{"href":"https:\/\/www.diyseeds.org\/fr\/wp-json\/wp\/v2\/media?parent=42"}],"curies":[{"name":"wp","href":"https:\/\/api.w.org\/{rel}","templated":true}]}}