{"id":2991,"date":"2025-12-08T12:04:58","date_gmt":"2025-12-08T11:04:58","guid":{"rendered":"https:\/\/www.diyseeds.org\/en\/?page_id=2991"},"modified":"2025-12-08T16:42:42","modified_gmt":"2025-12-08T15:42:42","slug":"press","status":"publish","type":"page","link":"https:\/\/www.diyseeds.org\/fr\/press\/","title":{"rendered":"Presse"},"content":{"rendered":"<h1>DIYSeeds dans les m\u00e9dias et les r\u00e9seaux li\u00e9s aux semences<\/h1>\r\n\r\n<h3><a href=\"https:\/\/www.diyseeds.org\/wp-content\/uploads\/2026\/03\/2026.DIYSeeds-dans-mag-Biocoop.pdf\" target=\"_blank\">DIY, de la graine \u00e0 la graine<\/a><\/h3>\r\n\r\n<p>Culture Bio n\u00b0139 (magazine Biocoop), printemps 2026<\/p>\r\n\r\n<h3><a href=\"https:\/\/reporterre.net\/elles-preservent-des-semences-en-solidarite-avec-la-Palestine\" target=\"_blank\" rel=\"noopener\">Elles pr\u00e9servent des semences en solidarit\u00e9 avec la Palestine <\/a><\/h3>\r\n<p>Reporterre, 21 octobre 2025<\/p>\r\n<h3><a href=\"https:\/\/www.lepassejardins.fr\/ressource-diy-seeds-les-films-pour\" target=\"_blank\" rel=\"noopener\">DIY Seeds\r\n        : les films pour produire ses propres semences ont d\u00e9j\u00e0 10 ans !<\/a><\/h3>\r\n<p>Le Passe Jardins, 8 octobre 2025<\/p>\r\n<h3><a href=\"https:\/\/www.diyseeds.org\/wp-content\/uploads\/2025\/12\/diy-seeds.pdf\" target=\"_blank\" rel=\"noopener\">Dix ans\r\n        de semences\r\n        paysannes en Haute-Provence<\/a><\/h3>\r\n<p>La Provence, 27 ao\u00fbt 2025<\/p>\r\n<h3><a href=\"https:\/\/www.diyseeds.org\/wp-content\/uploads\/2025\/12\/Article-Dauphine-Libere.pdf\" target=\"_blank\" rel=\"noopener\">De la graine \u00e0 la graine : leurs films p\u00e9dagogiques ont fait le tour du monde<\/a><\/h3>\r\n<p>Le Dauphin\u00e9 Lib\u00e9r\u00e9, 10 juin 2025<\/p>\r\n<h3><a href=\"https:\/\/www.lepassejardins.fr\/ressources-diy-seeds-un-film\" target=\"_blank\" rel=\"noopener\">DIY SEEDS\r\n        : un film p\u00e9dagogique sur la production de semences<\/a><\/h3>\r\n<p>Le Passe Jardins, 4 juillet 2023<\/p>","protected":false},"excerpt":{"rendered":"<p>DIYSeeds dans les m\u00e9dias et les r\u00e9seaux li\u00e9s aux semences DIY, de la graine \u00e0 la graine Culture Bio n\u00b0139 (magazine Biocoop), printemps 2026 Elles pr\u00e9servent des semences en solidarit\u00e9 avec la Palestine Reporterre, 21 octobre 2025 DIY Seeds : les films pour produire ses propres semences ont d\u00e9j\u00e0 10 ans ! Le Passe Jardins, [&hellip;]<\/p>\n","protected":false},"author":2,"featured_media":0,"parent":0,"menu_order":0,"comment_status":"closed","ping_status":"closed","template":"","meta":{"spay_email":""},"jetpack_shortlink":"https:\/\/wp.me\/PaG7IL-Mf","_links":{"self":[{"href":"https:\/\/www.diyseeds.org\/fr\/wp-json\/wp\/v2\/pages\/2991"}],"collection":[{"href":"https:\/\/www.diyseeds.org\/fr\/wp-json\/wp\/v2\/pages"}],"about":[{"href":"https:\/\/www.diyseeds.org\/fr\/wp-json\/wp\/v2\/types\/page"}],"author":[{"embeddable":true,"href":"https:\/\/www.diyseeds.org\/fr\/wp-json\/wp\/v2\/users\/2"}],"replies":[{"embeddable":true,"href":"https:\/\/www.diyseeds.org\/fr\/wp-json\/wp\/v2\/comments?post=2991"}],"version-history":[{"count":10,"href":"https:\/\/www.diyseeds.org\/fr\/wp-json\/wp\/v2\/pages\/2991\/revisions"}],"predecessor-version":[{"id":3005,"href":"https:\/\/www.diyseeds.org\/fr\/wp-json\/wp\/v2\/pages\/2991\/revisions\/3005"}],"wp:attachment":[{"href":"https:\/\/www.diyseeds.org\/fr\/wp-json\/wp\/v2\/media?parent=2991"}],"curies":[{"name":"wp","href":"https:\/\/api.w.org\/{rel}","templated":true}]}}