{"id":2941,"date":"2025-05-27T14:54:56","date_gmt":"2025-05-27T12:54:56","guid":{"rendered":"https:\/\/www.diyseeds.org\/fr\/?page_id=2941"},"modified":"2025-12-09T23:10:03","modified_gmt":"2025-12-09T22:10:03","slug":"10-years-on","status":"publish","type":"page","link":"https:\/\/www.diyseeds.org\/fr\/10-years-on\/","title":{"rendered":"DIYseeds a 10 ans"},"content":{"rendered":"<h1>D\u00e9j\u00e0 10 ans<\/h1><p>Le premier coffret de 4 DVD, \u00ab\u00a0Semences buissonni\u00e8res\u00a0\u00bb, est sorti en 2015. Il y a exactement 10 ans.<\/p><p>\u00c0 l\u2019\u00e9poque, seules trois langues \u00e9taient disponibles\u00a0: anglais, fran\u00e7ais et allemand. Aujourd\u2019hui, les films DIYseeds sont traduits en 13 langues.<\/p><p>Et ils ne sont plus seulement en DVD, mais aussi en libre acc\u00e8s sur <a href=\"https:\/\/www.diyseeds.org\">ce site officiel<\/a>, sur <a href=\"https:\/\/www.youtube.com\/@diyseeds\">YouTube<\/a> et sur <a href=\"https:\/\/vimeo.com\/diyseeds\">Vimeo<\/a>.<\/p><p>Parce que 10 ans, \u00e7a se f\u00eate, nous avons eu envie de raconter cette aventure dans <a href=\"https:\/\/www.diyseeds.org\/wp-content\/uploads\/2025\/05\/DP2025-DIY-Seeds_Web_A4.pdf\" style=\"text-decoration: underline;\">un dossier sp\u00e9cial anniversaire<\/a> :<\/p><ul><li><p>D\u00e9couvrez comment les films DIY Seeds sont utilis\u00e9s comme supports de formation dans les \u00e9coles et les r\u00e9seaux de productrices et producteurs \u00e0 travers le monde<\/p><\/li><li><p>D\u00e9couvrez les coulisses du tournage<\/p><\/li><li><p>Enfin, d\u00e9couvrez pourquoi il est essentiel de continuer de traduire les films, gr\u00e2ce <a href=\"https:\/\/www.diyseeds.org\/fr\/support-us\/\">\u00e0 vos dons<\/a><\/p><\/li><\/ul><p>Les films, comme ce dossier, ont besoin de circuler aussi librement que les semences reproductibles.<\/p><p>Donc partagez-les dans vos r\u00e9seaux qui jardinent, ceux qui produisent des l\u00e9gumes, et plus largement aupr\u00e8s de toutes celles et ceux qui agissent pour une biodiversit\u00e9 cultiv\u00e9e en bonne sant\u00e9.<\/p><p>Merci et bonne lecture<\/p>","protected":false},"excerpt":{"rendered":"<p>D\u00e9j\u00e0 10 ansLe premier coffret de 4 DVD, \u00ab\u00a0Semences buissonni\u00e8res\u00a0\u00bb, est sorti en 2015. Il y a exactement 10 ans.\u00c0 l\u2019\u00e9poque, seules trois langues \u00e9taient disponibles\u00a0: anglais, fran\u00e7ais et allemand. Aujourd\u2019hui, les films DIYseeds sont traduits en 13 langues.Et ils ne sont plus seulement en DVD, mais aussi en libre acc\u00e8s sur ce site officiel, [&hellip;]<\/p>\n","protected":false},"author":2,"featured_media":104,"parent":0,"menu_order":0,"comment_status":"closed","ping_status":"closed","template":"","meta":{"spay_email":""},"jetpack_shortlink":"https:\/\/wp.me\/PaG7IL-Lr","_links":{"self":[{"href":"https:\/\/www.diyseeds.org\/fr\/wp-json\/wp\/v2\/pages\/2941"}],"collection":[{"href":"https:\/\/www.diyseeds.org\/fr\/wp-json\/wp\/v2\/pages"}],"about":[{"href":"https:\/\/www.diyseeds.org\/fr\/wp-json\/wp\/v2\/types\/page"}],"author":[{"embeddable":true,"href":"https:\/\/www.diyseeds.org\/fr\/wp-json\/wp\/v2\/users\/2"}],"replies":[{"embeddable":true,"href":"https:\/\/www.diyseeds.org\/fr\/wp-json\/wp\/v2\/comments?post=2941"}],"version-history":[{"count":16,"href":"https:\/\/www.diyseeds.org\/fr\/wp-json\/wp\/v2\/pages\/2941\/revisions"}],"predecessor-version":[{"id":3009,"href":"https:\/\/www.diyseeds.org\/fr\/wp-json\/wp\/v2\/pages\/2941\/revisions\/3009"}],"wp:featuredmedia":[{"embeddable":true,"href":"https:\/\/www.diyseeds.org\/fr\/wp-json\/wp\/v2\/media\/104"}],"wp:attachment":[{"href":"https:\/\/www.diyseeds.org\/fr\/wp-json\/wp\/v2\/media?parent=2941"}],"curies":[{"name":"wp","href":"https:\/\/api.w.org\/{rel}","templated":true}]}}