{"id":2384,"date":"2021-07-10T11:31:29","date_gmt":"2021-07-10T09:31:29","guid":{"rendered":"https:\/\/www.diyseeds.org\/en\/?page_id=2384"},"modified":"2021-07-14T12:12:54","modified_gmt":"2021-07-14T10:12:54","slug":"donate-thanks","status":"publish","type":"page","link":"https:\/\/www.diyseeds.org\/fr\/donate-thanks\/","title":{"rendered":"Merci pour votre soutien !"},"content":{"rendered":"<h1>Merci pour votre contribution !<\/h1>\r\n\r\n<p>Merci infiniment d&rsquo;avoir fait un don ! Vous nous permettez de poursuivre nos efforts pour faire vivre ce projet !<\/p>\r\n\r\n<p>Votre contribution permettra de financer de nouvelles traductions, des am\u00e9liorations, de la communication et peut \u00eatre de nouveaux modules !<\/p>\r\n\r\n<p>Merci de nous aider \u00e0 rendre accessible les savoirs autour de la production de semences au plus grand nombre.<\/p>\r\n\r\n<p>N\u2019h\u00e9sitez pas \u00e0 en parler autour de vous pour semer des graines d&rsquo;autonomie et de biodiversit\u00e9.<\/p>\r\n\r\n<p>Nous esp\u00e9rons vous retrouver prochainement toujours plus nombreuses et nombreux.<\/p>\r\n\r\n<p>A bient\u00f4t !<\/p>","protected":false},"excerpt":{"rendered":"<p>Merci pour votre contribution ! Merci infiniment d&rsquo;avoir fait un don ! Vous nous permettez de poursuivre nos efforts pour faire vivre ce projet ! Votre contribution permettra de financer de nouvelles traductions, des am\u00e9liorations, de la communication et peut \u00eatre de nouveaux modules ! Merci de nous aider \u00e0 rendre accessible les savoirs autour [&hellip;]<\/p>\n","protected":false},"author":2,"featured_media":500,"parent":0,"menu_order":0,"comment_status":"closed","ping_status":"closed","template":"","meta":{"spay_email":""},"jetpack_shortlink":"https:\/\/wp.me\/PaG7IL-Cs","_links":{"self":[{"href":"https:\/\/www.diyseeds.org\/fr\/wp-json\/wp\/v2\/pages\/2384"}],"collection":[{"href":"https:\/\/www.diyseeds.org\/fr\/wp-json\/wp\/v2\/pages"}],"about":[{"href":"https:\/\/www.diyseeds.org\/fr\/wp-json\/wp\/v2\/types\/page"}],"author":[{"embeddable":true,"href":"https:\/\/www.diyseeds.org\/fr\/wp-json\/wp\/v2\/users\/2"}],"replies":[{"embeddable":true,"href":"https:\/\/www.diyseeds.org\/fr\/wp-json\/wp\/v2\/comments?post=2384"}],"version-history":[{"count":13,"href":"https:\/\/www.diyseeds.org\/fr\/wp-json\/wp\/v2\/pages\/2384\/revisions"}],"predecessor-version":[{"id":2440,"href":"https:\/\/www.diyseeds.org\/fr\/wp-json\/wp\/v2\/pages\/2384\/revisions\/2440"}],"wp:featuredmedia":[{"embeddable":true,"href":"https:\/\/www.diyseeds.org\/fr\/wp-json\/wp\/v2\/media\/500"}],"wp:attachment":[{"href":"https:\/\/www.diyseeds.org\/fr\/wp-json\/wp\/v2\/media?parent=2384"}],"curies":[{"name":"wp","href":"https:\/\/api.w.org\/{rel}","templated":true}]}}