{"id":2223,"date":"2021-04-15T10:05:07","date_gmt":"2021-04-15T08:05:07","guid":{"rendered":"https:\/\/www.diyseeds.org\/en\/?page_id=2223"},"modified":"2021-05-25T17:04:32","modified_gmt":"2021-05-25T15:04:32","slug":"press-review","status":"publish","type":"page","link":"https:\/\/www.diyseeds.org\/fr\/press-review\/","title":{"rendered":"Revue de presse"},"content":{"rendered":"<p>23 juillet 2020 : <strong>ladepeche.fr<\/strong> <em>Et si vous pouviez cr\u00e9er vos semences vous-m\u00eames ?<\/em><br \/><a href=\"https:\/\/www.ladepeche.fr\/2020\/07\/23\/et-si-vous-pouviez-creer-vos-semences-vous-memes-8991326.php\"><img loading=\"lazy\" src=\"https:\/\/www.diyseeds.org\/wp-content\/uploads\/2019\/01\/icone_point.png\" width=\"11\" height=\"11\" class=\"alignnone size-full wp-image-626\" \/> voir<\/a><\/p>\r\n\r\n<p>17 septembre 2016 : <strong>permaculture design<\/strong> sur la production de semence et la pr\u00e9sentation des DVD<br \/><a href=\"http:\/\/www.permaculturedesign.fr\/pourquoi-comment-produire-ses-propres-graines-semences\/\"><img loading=\"lazy\" src=\"https:\/\/www.diyseeds.org\/wp-content\/uploads\/2019\/01\/icone_point.png\" width=\"11\" height=\"11\" class=\"alignnone size-full wp-image-626\" \/> voir<\/a><\/p>\r\n\r\n<iframe src=\"https:\/\/player.vimeo.com\/video\/141105618\" width=\"100%\" frameborder=\"0\" allow=\"autoplay; fullscreen; picture-in-picture\" allowfullscreen><\/iframe>\r\n<p><a href=\"https:\/\/vimeo.com\/141105618\">19 septembre 2015 : \u00c9mission sur <strong>Radio Zinzine<\/strong><\/a><\/p>\r\n\r\n<iframe src=\"https:\/\/player.vimeo.com\/video\/147783526\" width=\"100%\" frameborder=\"0\" allow=\"autoplay; fullscreen; picture-in-picture\" allowfullscreen><\/iframe>\r\n<p><a href=\"https:\/\/vimeo.com\/147783526\">\u00c9mission <em>Silence c\u0327a pousse<\/em> sur <strong>France 5<\/strong><\/a><\/p>\r\n\r\n<p>2 juin 2016 : \u00c9mission sur <strong>Radio Fr\u00e9quence Mistral<\/strong><br \/><a href=\"http:\/\/www.frequencemistral.com\/Les-Semences-Buissonnieres-en-escapade-a-la-Martre_a3148.html\"><img loading=\"lazy\" src=\"https:\/\/www.diyseeds.org\/wp-content\/uploads\/2019\/01\/icone_point.png\" width=\"11\" height=\"11\" class=\"alignnone size-full wp-image-626\" \/> \u00e9couter<\/a><\/p>\r\n\r\n<p>7 mai 2016 : La <strong>Radio Suisse Romande<\/strong>, la 1\u00e8re a diffus\u00e9 un entretien avec les r\u00e9alisatrices Sylvie Seguin et Martina Widmer dans le cadre de l&rsquo;\u00e9mission <em>Prise de Terre<\/em>.<br \/><a href=\"https:\/\/www.rts.ch\/play\/radio\/prise-de-terre\/audio\/semences-buissonnieres-des-films-pedagogiques-pour-produire-ses-semences-?id=7670849&#038;expandDescription=true\"><img loading=\"lazy\" src=\"https:\/\/www.diyseeds.org\/wp-content\/uploads\/2019\/01\/icone_point.png\" width=\"11\" height=\"11\" class=\"alignnone size-full wp-image-626\" \/> \u00e9couter<\/a><\/p>\r\n\r\n<p>7 mai 2016 : La <strong>Radio belge RTBF<\/strong> a diffus\u00e9 un entretien avec les r\u00e9alisatrices Sylvie Seguin et Martina Widmer dans le cadre de l&rsquo;\u00e9mission <em>destination ailleurs<\/em> \u00e0 17h30.<br \/><a href=\"https:\/\/www.rtbf.be\/lapremiere\/article\/detail_des-tutos-pour-semer-la-connaissance?id=9291015\"><img loading=\"lazy\" src=\"https:\/\/www.diyseeds.org\/wp-content\/uploads\/2019\/01\/icone_point.png\" width=\"11\" height=\"11\" class=\"alignnone size-full wp-image-626\" \/> \u00e9couter<\/a><\/p>\r\n\r\n<p>A lire aussi, l&rsquo;article de C\u00e9cile Cazenave dans <em>Terra Eco<\/em>, mensuel en kiosque et en ligne. Un entretien r\u00e9alis\u00e9 d\u00e9but novembre.<\/p>\r\n\r\n<p>5 d\u00e9cembre : Article <em>Cultiver l&rsquo;autonomie alimentaire avec \u00ab Semences buissonni\u00e8res \u00bb<\/em> de <em>Nadia Ventre<\/em> dans <strong>La Marseillaise<\/strong><br \/><a href=\"http:\/\/www.lamarseillaise.fr\/alpes\/developpement-durable\/44197-cultiver-l-autonomie-alimentaire\"><img loading=\"lazy\" src=\"https:\/\/www.diyseeds.org\/wp-content\/uploads\/2019\/01\/icone_point.png\" width=\"11\" height=\"11\" class=\"alignnone size-full wp-image-626\" \/> voir<\/a><\/p>\r\n\r\n<details><summary>2 juin 2016 : Entretien sur <strong>France Mistral<\/strong><br \/><a href=\"http:\/\/www.frequencemistral.com\/Les-jardiniers-ont-echange-leurs-graines-a-la-Fete-du-Narcisse-de-La-Martre-dans-le-Var_a1379.html\"><img loading=\"lazy\" src=\"https:\/\/www.diyseeds.org\/wp-content\/uploads\/2019\/01\/icone_point.png\" width=\"11\" height=\"11\" class=\"alignnone size-full wp-image-626\" \/> \u00e9couter<\/a><\/summary><p>Depuis plus de 10 000 ans, les agriculteurs mettaient des graines s\u00e9lectionn\u00e9es de c\u00f4t\u00e9 afin de les planter l\u2019ann\u00e9e suivante. Mais au fil du temps, les r\u00e9glementations sur les semences se sont succ\u00e9d\u00e9 dans la plupart des pays europ\u00e9ens, pour aboutir en France, au dernier d\u00e9cret du 18 mai 1981. Le ministre de l\u2019agriculture tient d\u00e9sormais un catalogue comportant la liste limitative des vari\u00e9t\u00e9s dont les semences et plants peuvent \u00eatre mis sur le march\u00e9. L\u2019inscription sur le catalogue implique que la vari\u00e9t\u00e9 soit distincte, stable et suffisamment homog\u00e8ne. Plus r\u00e9cemment, la loi du 8 d\u00e9cembre 2011 relative au Certificat d\u2019Obtention V\u00e9g\u00e9tale, a \u00e9t\u00e9 vot\u00e9e par la majorit\u00e9 du gouvernement pr\u00e9c\u00e9dent. Elle grave l\u2019interdiction de semer le grain r\u00e9colt\u00e9 et l\u2019obligation, dans cette hypoth\u00e8se, de payer des royalties aux semenciers-s\u00e9lectionneurs d\u00e8s l\u2019usage en deuxi\u00e8me g\u00e9n\u00e9ration des semences vendues sur le march\u00e9. Cela signifie donc qu\u2019au-del\u00e0 d\u2019un seul usage, la semence vendue ne peut plus \u00eatre utilis\u00e9e, m\u00eame \u00e0 des fins personnelles, sur l\u2019exploitation. Partout dans le monde, tandis que l&rsquo;industrie semenci\u00e8re s\u2019efforce de s\u2019approprier le vivant, des associations s\u2019indignent que les vari\u00e9t\u00e9s anciennes, h\u00e9ritage de nos a\u00efeux, soient interdites. Ainsi Vandana Shiva en Inde pour Graines de R\u00e9sistance ou en France, Dominique Guillet pour Semences de Kokopelli, ces associations luttent pour pr\u00e9server le patrimoine semencier, sans aucune subvention publique et l\u2019une de leurs actions cl\u00e9s, r\u00e9side dans le troc de graines. Ce week-end, Sylvie Seguin et Martina Widmer, de la coop\u00e9rative Longo Ma\u00ef, \u00e9taient \u00e0 la f\u00eate du Narcisse \u00e0 La Martre pour pr\u00e9senter diff\u00e9rents documentaires sur la production des semences et tenir le stand de la bourse aux graines. Elles r\u00e9pondent aux questions de V\u00e9ronique Hermant.<\/p><\/details>\r\n\r\n<p>24 octobre 2015 : \u00c9mission <em>Terre \u00e0 terre<\/em> sur <strong>France Culture<\/strong><br \/><a href=\"http:\/\/www.zinzine.domainepublic.net\/sb\/terre_a_terre_semences_buissonnieres.mp3\"><img loading=\"lazy\" src=\"https:\/\/www.diyseeds.org\/wp-content\/uploads\/2019\/01\/icone_point.png\" width=\"11\" height=\"11\" class=\"alignnone size-full wp-image-626\" \/> \u00e9couter<\/a><\/p><br \/><br \/>","protected":false},"excerpt":{"rendered":"<p>23 juillet 2020 : ladepeche.fr Et si vous pouviez cr\u00e9er vos semences vous-m\u00eames ? voir 17 septembre 2016 : permaculture design sur la production de semence et la pr\u00e9sentation des DVD voir 19 septembre 2015 : \u00c9mission sur Radio Zinzine \u00c9mission Silence c\u0327a pousse sur France 5 2 juin 2016 : \u00c9mission sur Radio Fr\u00e9quence [&hellip;]<\/p>\n","protected":false},"author":2,"featured_media":0,"parent":0,"menu_order":0,"comment_status":"closed","ping_status":"closed","template":"","meta":{"spay_email":""},"jetpack_shortlink":"https:\/\/wp.me\/PaG7IL-zR","_links":{"self":[{"href":"https:\/\/www.diyseeds.org\/fr\/wp-json\/wp\/v2\/pages\/2223"}],"collection":[{"href":"https:\/\/www.diyseeds.org\/fr\/wp-json\/wp\/v2\/pages"}],"about":[{"href":"https:\/\/www.diyseeds.org\/fr\/wp-json\/wp\/v2\/types\/page"}],"author":[{"embeddable":true,"href":"https:\/\/www.diyseeds.org\/fr\/wp-json\/wp\/v2\/users\/2"}],"replies":[{"embeddable":true,"href":"https:\/\/www.diyseeds.org\/fr\/wp-json\/wp\/v2\/comments?post=2223"}],"version-history":[{"count":23,"href":"https:\/\/www.diyseeds.org\/fr\/wp-json\/wp\/v2\/pages\/2223\/revisions"}],"predecessor-version":[{"id":2278,"href":"https:\/\/www.diyseeds.org\/fr\/wp-json\/wp\/v2\/pages\/2223\/revisions\/2278"}],"wp:attachment":[{"href":"https:\/\/www.diyseeds.org\/fr\/wp-json\/wp\/v2\/media?parent=2223"}],"curies":[{"name":"wp","href":"https:\/\/api.w.org\/{rel}","templated":true}]}}