{"id":551,"date":"2019-01-22T14:38:11","date_gmt":"2019-01-22T13:38:11","guid":{"rendered":"http:\/\/www.diyseeds.org\/en\/?page_id=551"},"modified":"2025-09-26T15:03:11","modified_gmt":"2025-09-26T13:03:11","slug":"support-us","status":"publish","type":"page","link":"https:\/\/www.diyseeds.org\/ff\/support-us\/","title":{"rendered":"Wallude"},"content":{"rendered":"<h1>SUPPORT US<\/h1><hr style=\"width: 40px;height: 1.5pt;line-height: 1.5pt;text-align: left;color: #5e240d;background-color: #5e240d;margin-top: 0;margin-bottom: 0;\" \/><p>To support us, donations can be made to the European Civic Forum using different payment methods.<\/p><p><img loading=\"lazy\" class=\"size-full wp-image-654 alignnone\" src=\"https:\/\/www.diyseeds.org\/wp-content\/uploads\/2019\/01\/icone_1.png\" alt=\"\" width=\"17\" height=\"17\" \/> by bank transfer to :<br \/>Forum Civique Europ\u00e9en<br \/>Soci\u00e9t\u00e9 G\u00e9n\u00e9rale<br \/>Code IBAN:  FR76 3000 3031 5400 0500 2221 881<br \/>Code BIC: SOGEFRPP<\/p><p><img loading=\"lazy\" class=\"size-full wp-image-655 alignnone\" src=\"https:\/\/www.diyseeds.org\/wp-content\/uploads\/2019\/01\/icone_2.png\" alt=\"\" width=\"17\" height=\"17\" \/> by card trough Paypal<\/p><form action=\"https:\/\/www.paypal.com\/cgi-bin\/webscr\" method=\"post\" target=\"_top\"><input name=\"cmd\" type=\"hidden\" value=\"_s-xclick\" \/><input name=\"hosted_button_id\" type=\"hidden\" value=\"U2888M2PJ3DUE\" \/><input title=\"PayPal - The safer, easier way to pay online!\" alt=\"Donate with PayPal button\" name=\"submit\" src=\"https:\/\/www.paypalobjects.com\/en_US\/i\/btn\/btn_donate_SM.gif\" type=\"image\" \/><img loading=\"lazy\" src=\"https:\/\/www.paypal.com\/en_FR\/i\/scr\/pixel.gif\" alt=\"\" width=\"1\" height=\"1\" border=\"0\" \/><\/form><p><img loading=\"lazy\" class=\"size-full wp-image-656 alignnone\" src=\"https:\/\/www.diyseeds.org\/wp-content\/uploads\/2019\/01\/icone_3.png\" alt=\"\" width=\"17\" height=\"17\" \/> by cheque payable to:<br \/>Forum Civique Europ\u00e9en<br \/>Grange neuve<br \/>1920 ancienne route de Forcalquier<br \/>04 300 Limans FRANCE<\/p><p>We appeal for your support to respond to numerous requests for translating the film into new languages. Today the film is fully available in 5 languages : French, English, German, Spanish and Portuguese, as well as a partial translation into Arabic.<\/p><p>The two organisations that produced these films, the European Civic Forum and Longo ma\u00ef, neither have the financial means nor the human resources to continue this huge job.<\/p><p>Please know that, when <a href=\"https:\/\/www.diyseeds.org\/en\/dvd\/\">buying the DVD set<\/a> \u00ab From Seed to Seed \u00bb on this website, most of the money you pay is used to support projects that develop free access to seeds.<\/p><p>Another way of supporting us is by organizing a public screening of the films, making seed saving know-how available to everyone. The films are under the Creative Commons license which means that they can be shown in public without any financial compensation.<\/p><p>If you wish to translate the films into a new language, please contact us by email : info@diyseeds.org<\/p><p>And above all\u2026 produce beautiful seeds and exchange them with your neighbours and friends, seeds to give away and spread anywhere they\u2019re needed. They\u2019re some of the most precious gifts a traveller can offer!<\/p><p>Help to ensure that seeds travel across the world!<\/p><p>&nbsp;<\/p>","protected":false},"excerpt":{"rendered":"<p>SUPPORT USTo support us, donations can be made to the European Civic Forum using different payment methods. by bank transfer to :Forum Civique Europ\u00e9enSoci\u00e9t\u00e9 G\u00e9n\u00e9raleCode IBAN: FR76 3000 3031 5400 0500 2221 881Code BIC: SOGEFRPP by card trough Paypal by cheque payable to:Forum Civique Europ\u00e9enGrange neuve1920 ancienne route de Forcalquier04 300 Limans FRANCEWe appeal for [&hellip;]<\/p>\n","protected":false},"author":4,"featured_media":104,"parent":0,"menu_order":0,"comment_status":"closed","ping_status":"closed","template":"","meta":{"spay_email":""},"jetpack_shortlink":"https:\/\/wp.me\/PaG7IL-8T","_links":{"self":[{"href":"https:\/\/www.diyseeds.org\/ff\/wp-json\/wp\/v2\/pages\/551"}],"collection":[{"href":"https:\/\/www.diyseeds.org\/ff\/wp-json\/wp\/v2\/pages"}],"about":[{"href":"https:\/\/www.diyseeds.org\/ff\/wp-json\/wp\/v2\/types\/page"}],"author":[{"embeddable":true,"href":"https:\/\/www.diyseeds.org\/ff\/wp-json\/wp\/v2\/users\/4"}],"replies":[{"embeddable":true,"href":"https:\/\/www.diyseeds.org\/ff\/wp-json\/wp\/v2\/comments?post=551"}],"version-history":[{"count":122,"href":"https:\/\/www.diyseeds.org\/ff\/wp-json\/wp\/v2\/pages\/551\/revisions"}],"predecessor-version":[{"id":2981,"href":"https:\/\/www.diyseeds.org\/ff\/wp-json\/wp\/v2\/pages\/551\/revisions\/2981"}],"wp:featuredmedia":[{"embeddable":true,"href":"https:\/\/www.diyseeds.org\/ff\/wp-json\/wp\/v2\/media\/104"}],"wp:attachment":[{"href":"https:\/\/www.diyseeds.org\/ff\/wp-json\/wp\/v2\/media?parent=551"}],"curies":[{"name":"wp","href":"https:\/\/api.w.org\/{rel}","templated":true}]}}