{"id":90,"date":"2018-12-22T22:36:52","date_gmt":"2018-12-22T21:36:52","guid":{"rendered":"http:\/\/www.diyseeds.org\/en\/?page_id=90"},"modified":"2026-02-16T09:58:16","modified_gmt":"2026-02-16T08:58:16","slug":"home","status":"publish","type":"page","link":"https:\/\/www.diyseeds.org\/es\/home\/","title":{"rendered":"Inicio"},"content":{"rendered":"<h1>\u00a1Siembra!: produce tus propias semillas<\/h1>\r\n\r\n<p>Esta p\u00e1gina recoge los 40 v\u00eddeos educativos del estuche de DVDs \u00ab\u00a1Siembra!\u00bb. Est\u00e1 dirigido a todas aquellas personas que quieren aprender a producir semillas de hortalizas. En estos v\u00eddeos se puede aprender, paso a paso, c\u00f3mo se producen las semillas de 40 verduras. Estos tutoriales se complementan con 8 ABCs te\u00f3ricos y pr\u00e1cticos que explican los principios generales de la producci\u00f3n de semillas. Estos v\u00eddeos han sido producidas por Longo Ma\u00ef y el Foro C\u00edvico Europeo, dos asociaciones que se preocupan desde hace tiempo por el futuro de las semillas.<\/p>\r\n\r\n<h1>\u00bfPOR QU\u00c9 PRODUCIR TUS PROPIAS SEMILLAS?<\/h1>\r\n\r\n<p>Al hacer nuestras propias semillas, recuperamos nuestro lugar en la din\u00e1mica de la biodiversidad a la que pertenecemos como seres vivos. Cada semilla reproducible participa en la continuidad de la vida en la Tierra. Sin embargo, hoy en d\u00eda dependemos de las grandes empresas de semillas para sembrar. <a href=\"https:\/\/www.diyseeds.org\/es\/why-produce-own-seeds\/\">Leer m\u00e1s&#8230;<\/a><\/p>\r\n\r\n<h1>\u00bfC\u00d3MO REPRODUCIR LAS SEMILLAS?<\/h1>\r\n\r\n<p>Hemos dise\u00f1ado este sitio para responder a todas sus preguntas y a la necesidad vital de recuperar el control sobre la producci\u00f3n de semillas. \u00bfC\u00f3mo hacer semillas de tomate, ensalada, jud\u00edas, calabac\u00edn, chiriv\u00eda, col o cardo? \u00bfQu\u00e9 es la polinizaci\u00f3n? \u00bfCu\u00e1l es el ciclo de vida y la clasificaci\u00f3n bot\u00e1nica de las plantas que crecen en el huerto?<\/p>\r\n\r\n<p>Para acompa\u00f1arle en el descubrimiento de este conocimiento olvidado, ponemos a su disposici\u00f3n, en nuestra p\u00e1gina, todos los videos b\u00e1sicos para aprender a hacer las semillas de una treintena de verduras. Estos v\u00eddeos sobre la producci\u00f3n de semillas, una verdadera herramienta pedag\u00f3gica, se presentan en dos estuches de DVDs. El primer estuche existe en alem\u00e1n, franc\u00e9s e ingl\u00e9s. El segundo en espa\u00f1ol, portugu\u00e9s e ingl\u00e9s. Puede consultar los v\u00eddeos de forma gratuita en l\u00ednea, en este sitio y en Vimeo. <a href=\"https:\/\/www.diyseeds.org\/es\/films\/\">Averigua m\u00e1s&#8230;<\/a><\/p>\r\n\r\n<h1>\u00bfD\u00d3NDE CONSEGUIR SEMILLAS REPRODUCIBLES?<\/h1>\r\n\r\n<p>Para sembrar, cada a\u00f1o, sus propias semillas de hortalizas, es preferible seleccionarlas cuidadosamente: org\u00e1nicas y reproducibles. Esta es la definici\u00f3n de una semilla, sin embargo, la mayor\u00eda de semillas vendidas por las principales empresas semilleras son h\u00edbridas F1, no reproducibles y patentadas. Busque semillas de variedades antiguas, resistentes y reproducibles. Tambi\u00e9n es posible intercambiar semillas, en bibliotecas de semillas o intercambios de semillas o para el trueque con sus vecinos.<\/p>","protected":false},"excerpt":{"rendered":"<p>\u00a1Siembra!: produce tus propias semillas Esta p\u00e1gina recoge los 40 v\u00eddeos educativos del estuche de DVDs \u00ab\u00a1Siembra!\u00bb. Est\u00e1 dirigido a todas aquellas personas que quieren aprender a producir semillas de hortalizas. En estos v\u00eddeos se puede aprender, paso a paso, c\u00f3mo se producen las semillas de 40 verduras. Estos tutoriales se complementan con 8 ABCs [&hellip;]<\/p>\n","protected":false},"author":2,"featured_media":104,"parent":0,"menu_order":0,"comment_status":"closed","ping_status":"closed","template":"","meta":{"spay_email":""},"jetpack_shortlink":"https:\/\/wp.me\/PaG7IL-1s","_links":{"self":[{"href":"https:\/\/www.diyseeds.org\/es\/wp-json\/wp\/v2\/pages\/90"}],"collection":[{"href":"https:\/\/www.diyseeds.org\/es\/wp-json\/wp\/v2\/pages"}],"about":[{"href":"https:\/\/www.diyseeds.org\/es\/wp-json\/wp\/v2\/types\/page"}],"author":[{"embeddable":true,"href":"https:\/\/www.diyseeds.org\/es\/wp-json\/wp\/v2\/users\/2"}],"replies":[{"embeddable":true,"href":"https:\/\/www.diyseeds.org\/es\/wp-json\/wp\/v2\/comments?post=90"}],"version-history":[{"count":144,"href":"https:\/\/www.diyseeds.org\/es\/wp-json\/wp\/v2\/pages\/90\/revisions"}],"predecessor-version":[{"id":2960,"href":"https:\/\/www.diyseeds.org\/es\/wp-json\/wp\/v2\/pages\/90\/revisions\/2960"}],"wp:featuredmedia":[{"embeddable":true,"href":"https:\/\/www.diyseeds.org\/es\/wp-json\/wp\/v2\/media\/104"}],"wp:attachment":[{"href":"https:\/\/www.diyseeds.org\/es\/wp-json\/wp\/v2\/media?parent=90"}],"curies":[{"name":"wp","href":"https:\/\/api.w.org\/{rel}","templated":true}]}}