{"id":74,"date":"2018-12-15T09:32:34","date_gmt":"2018-12-15T08:32:34","guid":{"rendered":"http:\/\/www.diyseeds.org\/en\/?page_id=74"},"modified":"2025-03-10T00:10:02","modified_gmt":"2025-03-09T23:10:02","slug":"resources","status":"publish","type":"page","link":"https:\/\/www.diyseeds.org\/es\/resources\/","title":{"rendered":"Recursos"},"content":{"rendered":"<h1>Recursos<\/h1>\r\n<hr style=\"width: 50px;height: 1.5pt;line-height: 1.5pt;text-align: left;color: #5e240D;background-color: #5e240D;margin-top: 0;margin-bottom: 0;\" \/>\r\n\r\n<h4 class=\"centered mobile\">Los \u00e1rboles de clasificaci\u00f3n bot\u00e1nica<\/h4>\r\n\r\n<p>Encargamos a la artista Myleine Guiard Schmid el dibujo de los \u00e1rboles geneal\u00f3gicos bot\u00e1nicos. A ella le gustar\u00eda poner estas acuarelas a disposici\u00f3n de actividades de formaci\u00f3n sin \u00e1nimo de lucro, bajo la licencia Creative Commons. Para cualquier solicitud, por favor contacte a Myleine Guiard Schmid : myleine.animation@gmail.com<\/p>\r\n\r\n<hr style=\"width: 50px;height: 1.5pt;line-height: 1.5pt;text-align: left;color: #5e240D;background-color: #5e240D;margin-top: 0;margin-bottom: 0;\" \/>\r\n\r\n<h4 class=\"centered mobile\">Libros<\/h4>\r\n\r\n<p>Durante la producci\u00f3n de los v\u00eddeos, nos apoyamos en los contenidos de estos libros:<\/p>\r\n\r\n<ul>\r\n\t<li><strong>Semences de Kokopelli<\/strong><br \/>de Dominique Guillet<br \/>Edici\u00f3n \u00ab La Voix des semences \u00bb<\/li>\r\n\t<li><strong>Handbuch Sameng\u00e4rteneri<\/strong><br \/>de Andrea Heistinger, Arche Noah,<br \/>Pro Specie Rara<br \/>Edici\u00f3n Rouergue<\/li>\r\n\t<li><strong>Seed to Seed<\/strong><br \/>de Suzanne Ashworth<br \/>Seed Savers Exchange<\/li>\r\n<\/ul>\r\n\r\n<br \/>\r\n\r\n<hr style=\"width: 50px;height: 1.5pt;line-height: 1.5pt;text-align: left;color: #5e240D;background-color: #5e240D;margin-top: 0;margin-bottom: 0;\" \/>\r\n\r\n\n        \n    <ul id=\"support\">\n        <li id=\"support-us\"><a href=\"https:\/\/www.diyseeds.org\/es\/support-us\/\"> \u00bfC\u00f3mo apoyarnos?<\/a><\/li>        <li id=\"buy\"><a href=\"https:\/\/www.diyseeds.org\/es\/dvd\/\">Compra los DVDs<\/a><\/li>    <\/ul>\n    \n        \n\r\n\r\n<br \/>\r\n<br \/>","protected":false},"excerpt":{"rendered":"<p>Recursos Los \u00e1rboles de clasificaci\u00f3n bot\u00e1nica Encargamos a la artista Myleine Guiard Schmid el dibujo de los \u00e1rboles geneal\u00f3gicos bot\u00e1nicos. A ella le gustar\u00eda poner estas acuarelas a disposici\u00f3n de actividades de formaci\u00f3n sin \u00e1nimo de lucro, bajo la licencia Creative Commons. Para cualquier solicitud, por favor contacte a Myleine Guiard Schmid : myleine.animation@gmail.com Libros [&hellip;]<\/p>\n","protected":false},"author":2,"featured_media":104,"parent":0,"menu_order":0,"comment_status":"closed","ping_status":"closed","template":"","meta":{"spay_email":""},"jetpack_shortlink":"https:\/\/wp.me\/PaG7IL-1c","_links":{"self":[{"href":"https:\/\/www.diyseeds.org\/es\/wp-json\/wp\/v2\/pages\/74"}],"collection":[{"href":"https:\/\/www.diyseeds.org\/es\/wp-json\/wp\/v2\/pages"}],"about":[{"href":"https:\/\/www.diyseeds.org\/es\/wp-json\/wp\/v2\/types\/page"}],"author":[{"embeddable":true,"href":"https:\/\/www.diyseeds.org\/es\/wp-json\/wp\/v2\/users\/2"}],"replies":[{"embeddable":true,"href":"https:\/\/www.diyseeds.org\/es\/wp-json\/wp\/v2\/comments?post=74"}],"version-history":[{"count":88,"href":"https:\/\/www.diyseeds.org\/es\/wp-json\/wp\/v2\/pages\/74\/revisions"}],"predecessor-version":[{"id":2925,"href":"https:\/\/www.diyseeds.org\/es\/wp-json\/wp\/v2\/pages\/74\/revisions\/2925"}],"wp:featuredmedia":[{"embeddable":true,"href":"https:\/\/www.diyseeds.org\/es\/wp-json\/wp\/v2\/media\/104"}],"wp:attachment":[{"href":"https:\/\/www.diyseeds.org\/es\/wp-json\/wp\/v2\/media?parent=74"}],"curies":[{"name":"wp","href":"https:\/\/api.w.org\/{rel}","templated":true}]}}