{"id":551,"date":"2019-01-22T14:38:11","date_gmt":"2019-01-22T13:38:11","guid":{"rendered":"http:\/\/www.diyseeds.org\/en\/?page_id=551"},"modified":"2025-09-26T15:03:11","modified_gmt":"2025-09-26T13:03:11","slug":"support-us","status":"publish","type":"page","link":"https:\/\/www.diyseeds.org\/es\/support-us\/","title":{"rendered":"Ap\u00f3yanos"},"content":{"rendered":"<h1>AP\u00d3YANOS<\/h1>\r\n<hr style=\"width: 40px;height: 1.5pt;line-height: 1.5pt;text-align: left;color: #5e240d;background-color: #5e240d;margin-top: 0;margin-bottom: 0;\" \/>\r\n\r\n<br \/>\r\n\r\n<p>Para apoyar nuestro proyecto, es posible realizar donaciones al Foro C\u00edvico Europeo, usando diferentes m\u00e9todos de pago.<\/p>\r\n\r\n<p><img loading=\"lazy\" class=\"size-full wp-image-654 alignnone\" src=\"https:\/\/www.diyseeds.org\/wp-content\/uploads\/2019\/01\/icone_1.png\" alt=\"\" width=\"17\" height=\"17\" \/> Por transferencia bancaria a:<br \/>Forum Civique Europ\u00e9en<br \/>Soci\u00e9t\u00e9 G\u00e9n\u00e9rale<br \/>Code IBAN:  FR76 3000 3031 5400 0500 2221 881<br \/>Code BIC: SOGEFRPP<\/p>\r\n\r\n<p><img loading=\"lazy\" class=\"size-full wp-image-655 alignnone\" src=\"https:\/\/www.diyseeds.org\/wp-content\/uploads\/2019\/01\/icone_2.png\" alt=\"\" width=\"17\" height=\"17\" \/> Con tarjeta de cr\u00e9dito a trav\u00e9s de Paypal<\/p>\r\n\r\n<form action=\"https:\/\/www.paypal.com\/cgi-bin\/webscr\" method=\"post\" target=\"_top\"><input name=\"cmd\" type=\"hidden\" value=\"_s-xclick\" \/><input name=\"hosted_button_id\" type=\"hidden\" value=\"U2888M2PJ3DUE\" \/><input title=\"PayPal - The safer, easier way to pay online!\" alt=\"Donate with PayPal button\" name=\"submit\" src=\"https:\/\/www.paypalobjects.com\/en_US\/i\/btn\/btn_donate_SM.gif\" type=\"image\" \/><img loading=\"lazy\" src=\"https:\/\/www.paypal.com\/en_FR\/i\/scr\/pixel.gif\" alt=\"\" width=\"1\" height=\"1\" border=\"0\" \/>\r\n\r\n<p><img loading=\"lazy\" class=\"size-full wp-image-656 alignnone\" src=\"https:\/\/www.diyseeds.org\/wp-content\/uploads\/2019\/01\/icone_3.png\" alt=\"\" width=\"17\" height=\"17\" \/> Con un cheque a nombre de:<br \/>Forum Civique Europ\u00e9en<br \/>Grange neuve<br \/>1920 ancienne route de Forcalquier<br \/>04 300 Limans (Francia)<\/p>\r\n\r\n<p>Solicitamos apoyo para responder a las numerosas solicitudes de traducci\u00f3n de los v\u00eddeos a nuevos idiomas. Por ahora, la pel\u00edcula est\u00e1 completamente disponible en cinco idiomas: franc\u00e9s, ingl\u00e9s, alem\u00e1n, espa\u00f1ol y portugu\u00e9s. Tambi\u00e9n existe una traducci\u00f3n parcial en \u00e1rabe.<\/p>\r\n\r\n<p>Las dos organizaciones que han producido estas pel\u00edculas, el Foro C\u00edvico Europeo y Longo ma\u00ef, no tienen ni los medios financieros ni los recursos humanos para continuar este enorme trabajo.<\/p>\r\n\r\n<p>Sepa que, al comprar el conjunto de DVDs \u00a1Siembra!, la mayor parte del dinero se utiliza para apoyar proyectos que desarrollan el libre acceso a las semillas.<\/p>\r\n\r\n<p>Otra forma de apoyarnos es organizando proyecciones p\u00fablicas de los v\u00eddeos, poniendo a disposici\u00f3n de todas las personas interesadas los conocimientos sobre la salvaguarda de semillas. Los v\u00eddeos est\u00e1n bajo la licencia de Creative Commons, lo que significa que pueden ser mostradas en p\u00fablico sin compensaci\u00f3n econ\u00f3mica.<\/p>\r\n\r\n<p>Si desea traducir las pel\u00edculas a un nuevo idioma, p\u00f3ngase en contacto con nosotras por correo: info@diyseeds.org<\/p>\r\n\r\n<p>Y sobre todo&#8230; produzca hermosas semillas e interc\u00e1mbielas con sus vecinos y vecinas, con sus amigas y amigos, semillas para regalar y compartir en cualquier lugar que se necesiten. \u00a1Son uno de los regalos m\u00e1s preciosos que un viajero puede ofrecer!<\/p>\r\n\r\n<p>\u00a1Ayude a las semillas a viajar por todo el mundo!<\/p>\r\n\r\n<br \/>\r\n<br \/>\r\n<br \/>","protected":false},"excerpt":{"rendered":"<p>AP\u00d3YANOS Para apoyar nuestro proyecto, es posible realizar donaciones al Foro C\u00edvico Europeo, usando diferentes m\u00e9todos de pago. Por transferencia bancaria a:Forum Civique Europ\u00e9enSoci\u00e9t\u00e9 G\u00e9n\u00e9raleCode IBAN: FR76 3000 3031 5400 0500 2221 881Code BIC: SOGEFRPP Con tarjeta de cr\u00e9dito a trav\u00e9s de Paypal Con un cheque a nombre de:Forum Civique Europ\u00e9enGrange neuve1920 ancienne route de [&hellip;]<\/p>\n","protected":false},"author":4,"featured_media":104,"parent":0,"menu_order":0,"comment_status":"closed","ping_status":"closed","template":"","meta":{"spay_email":""},"jetpack_shortlink":"https:\/\/wp.me\/PaG7IL-8T","_links":{"self":[{"href":"https:\/\/www.diyseeds.org\/es\/wp-json\/wp\/v2\/pages\/551"}],"collection":[{"href":"https:\/\/www.diyseeds.org\/es\/wp-json\/wp\/v2\/pages"}],"about":[{"href":"https:\/\/www.diyseeds.org\/es\/wp-json\/wp\/v2\/types\/page"}],"author":[{"embeddable":true,"href":"https:\/\/www.diyseeds.org\/es\/wp-json\/wp\/v2\/users\/4"}],"replies":[{"embeddable":true,"href":"https:\/\/www.diyseeds.org\/es\/wp-json\/wp\/v2\/comments?post=551"}],"version-history":[{"count":122,"href":"https:\/\/www.diyseeds.org\/es\/wp-json\/wp\/v2\/pages\/551\/revisions"}],"predecessor-version":[{"id":2981,"href":"https:\/\/www.diyseeds.org\/es\/wp-json\/wp\/v2\/pages\/551\/revisions\/2981"}],"wp:featuredmedia":[{"embeddable":true,"href":"https:\/\/www.diyseeds.org\/es\/wp-json\/wp\/v2\/media\/104"}],"wp:attachment":[{"href":"https:\/\/www.diyseeds.org\/es\/wp-json\/wp\/v2\/media?parent=551"}],"curies":[{"name":"wp","href":"https:\/\/api.w.org\/{rel}","templated":true}]}}