{"id":546,"date":"2019-01-22T14:25:34","date_gmt":"2019-01-22T13:25:34","guid":{"rendered":"http:\/\/www.diyseeds.org\/en\/?page_id=546"},"modified":"2025-03-10T00:07:49","modified_gmt":"2025-03-09T23:07:49","slug":"links","status":"publish","type":"page","link":"https:\/\/www.diyseeds.org\/es\/links\/","title":{"rendered":"Enlaces"},"content":{"rendered":"<h1>Enlaces<\/h1>\r\n<hr style=\"width: 45px;height: 1.5pt;line-height: 1.5pt;text-align: left;color: #5E24D;background-color: #5E24D;margin-top: 0;margin-bottom: 0;\" \/>\r\n\r\n<h4>LONGO MAI<\/h4>\r\n\r\n<p>El movimiento Longo ma\u00ef, fundado en 1973, es una red de 8 cooperativas agr\u00edcolas, distribuidas en diferentes pa\u00edses europeos. En las cooperativas se producen semillas de cereales, de forraje y de hortalizas.<br \/><a href=\"http:\/\/www.prolongomaif.ch\/\"><img loading=\"lazy\" class=\"alignnone size-full wp-image-626\" src=\"https:\/\/www.diyseeds.org\/wp-content\/uploads\/2019\/01\/icone_point.png\" alt=\"\" width=\"11\" height=\"11\" \/> www.prolongomaif.ch<\/a><\/p>\r\n\r\n<h4>EL FORO C\u00cdVICO EUROPEO<\/h4>\r\n\r\n<p>Es una red de solidaridad activa, entre otras muchas cosas, en la defensa de las semillas reproducibles y de la agricultura campesina respectuosa de los derechos sociales.<br \/><a href=\"http:\/\/www.forumcivique.org\/\"><img loading=\"lazy\" class=\"alignnone size-full wp-image-626\" src=\"https:\/\/www.diyseeds.org\/wp-content\/uploads\/2019\/01\/icone_point.png\" alt=\"\" width=\"11\" height=\"11\" \/> www.forumcivique.org<\/a><\/p>\r\n\r\n<h4>Kokopelli<\/h4>\r\n\r\n<p>Es una asociaci\u00f3n dedicada a la defensa de la biodiversidad y del humus. Venden semillas de m\u00e1s de 2000 variedades de verdudas, plantas arom\u00e1ticas, cereales, flores y plantas medicinales, todas reproducibles y libres de derechos de propiedad intelectual.<br \/><a href=\"http:\/\/www.kokopelli-semences.fr\"><img loading=\"lazy\" class=\"alignnone size-full wp-image-626\" src=\"https:\/\/www.diyseeds.org\/wp-content\/uploads\/2019\/01\/icone_point.png\" alt=\"\" width=\"11\" height=\"11\" \/> www.kokopelli-semences.fr<\/a><\/p>\r\n\r\n<h4>Arche de Noah<\/h4>\r\n\r\n<p>Es una asociaci\u00f3n austriaca que registra y conserva miles de variedades de verduras, frutas y cereales en peligro de extinci\u00f3n con la ayuda de m\u00e1s de 11 000 miembros y simpatizantes.<br \/><a href=\"http:\/\/www.prolongomaif.ch\/\"><img loading=\"lazy\" class=\"alignnone size-full wp-image-626\" src=\"https:\/\/www.diyseeds.org\/wp-content\/uploads\/2019\/01\/icone_point.png\" alt=\"\" width=\"11\" height=\"11\" \/><\/a> <a href=\"http:\/\/www.arche-noah.at\">www.arche-noah.at<\/a><\/p>\r\n\r\n<h4>Biodiverso<\/h4>\r\n\r\n<p>La asociaci\u00f3n BioDiVerso es un colectivo de amigos y amigas que comparten su pasi\u00f3n por la vida y su diversidad&#8230; La diversidad biol\u00f3gica y cultural, as\u00ed como la poes\u00eda de nuestras diferentes maneras de ver el mundo.<br \/><a href=\"http:\/\/https:\/\/www.facebook.com\/cultivediversidade\"><img loading=\"lazy\" class=\"alignnone wp-image-626\" src=\"https:\/\/www.diyseeds.org\/wp-content\/uploads\/2019\/01\/icone_point.png\" alt=\"\" width=\"11\" height=\"11\" \/> https:\/\/www.facebook.com\/cultivediversidade<\/a><\/p>\r\n\r\n<h4>Fifteenth garden<\/h4>\r\n\r\n<p>15th Garden es una red colaborativa de huertos urbanos y de rescatadores\/as de semillas en las ciudades sirianas bombardeadas, sitiadas y bloqueadas. Esta red de soberan\u00eda alimentaria en desarrollo incluye huertos familiares, granjas rurales e iniciativas agr\u00edcolas en los campos de refugiados\/as en los pa\u00edses vecinos.<br \/><img loading=\"lazy\" class=\"alignnone size-full wp-image-626\" src=\"https:\/\/www.diyseeds.org\/wp-content\/uploads\/2019\/01\/icone_point.png\" alt=\"\" width=\"11\" height=\"11\" \/> <a href=\"https:\/\/aseed.net\/en\/the-15th-garden-seeds-for-syria\">aseed.net\/en\/the-15th-garden-seeds-for-syria<\/a><\/p>\r\n\r\n<h4>Buzuruna Juzuruna<\/h4>\r\n\r\n<p>Es un colectivo de agricultores\/as de Siria, Libano y Francia que ha creado un centro de formaci\u00f3n en agroecolog\u00eda en L\u00edbano. Intentan utilizar sus t\u00e9cnicas en el Medio Oriente de hoy y de ma\u00f1ana para resistir al control de las empresas sobre los mercados agr\u00edcolas en L\u00edbano y Siria.<br \/><img loading=\"lazy\" class=\"alignnone size-full wp-image-626\" src=\"https:\/\/www.diyseeds.org\/wp-content\/uploads\/2019\/01\/icone_point.png\" alt=\"\" width=\"11\" height=\"11\" \/> <a href=\"https:\/\/www.facebook.com\/Grainesetcinema\/\" target=\"_blank\" rel=\"nofollow noopener noreferrer\">www.facebook.com\/Grainesetcinema<\/a><\/p>\r\n\r\n<br \/>\r\n<br \/>","protected":false},"excerpt":{"rendered":"<p>Enlaces LONGO MAI El movimiento Longo ma\u00ef, fundado en 1973, es una red de 8 cooperativas agr\u00edcolas, distribuidas en diferentes pa\u00edses europeos. En las cooperativas se producen semillas de cereales, de forraje y de hortalizas. www.prolongomaif.ch EL FORO C\u00cdVICO EUROPEO Es una red de solidaridad activa, entre otras muchas cosas, en la defensa de las [&hellip;]<\/p>\n","protected":false},"author":4,"featured_media":104,"parent":0,"menu_order":0,"comment_status":"closed","ping_status":"closed","template":"","meta":{"spay_email":""},"jetpack_shortlink":"https:\/\/wp.me\/PaG7IL-8O","_links":{"self":[{"href":"https:\/\/www.diyseeds.org\/es\/wp-json\/wp\/v2\/pages\/546"}],"collection":[{"href":"https:\/\/www.diyseeds.org\/es\/wp-json\/wp\/v2\/pages"}],"about":[{"href":"https:\/\/www.diyseeds.org\/es\/wp-json\/wp\/v2\/types\/page"}],"author":[{"embeddable":true,"href":"https:\/\/www.diyseeds.org\/es\/wp-json\/wp\/v2\/users\/4"}],"replies":[{"embeddable":true,"href":"https:\/\/www.diyseeds.org\/es\/wp-json\/wp\/v2\/comments?post=546"}],"version-history":[{"count":149,"href":"https:\/\/www.diyseeds.org\/es\/wp-json\/wp\/v2\/pages\/546\/revisions"}],"predecessor-version":[{"id":2924,"href":"https:\/\/www.diyseeds.org\/es\/wp-json\/wp\/v2\/pages\/546\/revisions\/2924"}],"wp:featuredmedia":[{"embeddable":true,"href":"https:\/\/www.diyseeds.org\/es\/wp-json\/wp\/v2\/media\/104"}],"wp:attachment":[{"href":"https:\/\/www.diyseeds.org\/es\/wp-json\/wp\/v2\/media?parent=546"}],"curies":[{"name":"wp","href":"https:\/\/api.w.org\/{rel}","templated":true}]}}