{"id":534,"date":"2019-01-22T12:24:53","date_gmt":"2019-01-22T11:24:53","guid":{"rendered":"http:\/\/www.diyseeds.org\/en\/?page_id=534"},"modified":"2025-03-09T23:59:51","modified_gmt":"2025-03-09T22:59:51","slug":"dvd","status":"publish","type":"page","link":"https:\/\/www.diyseeds.org\/es\/dvd\/","title":{"rendered":"DVD"},"content":{"rendered":"<h1>COMPRAR EL DVD<\/h1>\r\n\r\n<hr style=\"width: 40px;height: 1.5pt;line-height: 1.5pt;text-align: left;color: #5e240d;background-color: #5e240d;margin-top: 0;margin-bottom: 0;\" \/>\r\n\r\n<br \/>\r\n\r\n<p><em>\u00a1Siembra! <\/em>es un estuche de 4 DVDs que contienen 40 v\u00eddeos educativos (436 minutos) que explican la teor\u00eda, las t\u00e9cnicas y todos los pasos necesarios para producir las semillas de 40 hortalizas diferentes.<\/p>\r\n\r\n<p>Existe en dos versiones, y cada una de ellas contiene tres idiomas:<\/p>\r\n\r\n<ul>\r\n\t<li>DVD Franc\u00e9s\/Ingl\u00e9s\/Alem\u00e1n<\/li>\r\n\t<li>DVD Espa\u00f1ol\/Portugu\u00e9s\/Ingl\u00e9s<\/li>\r\n<\/ul>\r\n\r\n<br \/>\r\n\r\n<hr style=\"width: 40px;height: 1.5pt;line-height: 1.5pt;text-align: left;color: #5e240d;background-color: #5e240d;margin-top: 0;margin-bottom: 0;\" \/>\r\n\r\n<br \/>\r\n\r\n<div class=\"woocommerce columns-1 \"><ul class=\"products columns-1\">\n<li class=\"product type-product post-1045 status-publish first instock product_cat-non-classe has-post-thumbnail purchasable product-type-simple\">\n\t<\/li>\n<li class=\"product type-product post-762 status-publish first instock product_cat-non-classe has-post-thumbnail purchasable product-type-simple\">\n\t<\/li>\n<\/ul>\n<\/div><span class=\"woocommerce\"><a class=\"button\" href=\"https:\/\/www.diyseeds.org\/cart\/\">Ver la cesta<\/a><\/span>\r\n\r\n<br \/>\r\n<br \/>","protected":false},"excerpt":{"rendered":"<p>COMPRAR EL DVD \u00a1Siembra! es un estuche de 4 DVDs que contienen 40 v\u00eddeos educativos (436 minutos) que explican la teor\u00eda, las t\u00e9cnicas y todos los pasos necesarios para producir las semillas de 40 hortalizas diferentes. Existe en dos versiones, y cada una de ellas contiene tres idiomas: DVD Franc\u00e9s\/Ingl\u00e9s\/Alem\u00e1n DVD Espa\u00f1ol\/Portugu\u00e9s\/Ingl\u00e9s Ver la cesta<\/p>\n","protected":false},"author":4,"featured_media":104,"parent":0,"menu_order":0,"comment_status":"closed","ping_status":"closed","template":"","meta":{"spay_email":""},"jetpack_shortlink":"https:\/\/wp.me\/PaG7IL-8C","_links":{"self":[{"href":"https:\/\/www.diyseeds.org\/es\/wp-json\/wp\/v2\/pages\/534"}],"collection":[{"href":"https:\/\/www.diyseeds.org\/es\/wp-json\/wp\/v2\/pages"}],"about":[{"href":"https:\/\/www.diyseeds.org\/es\/wp-json\/wp\/v2\/types\/page"}],"author":[{"embeddable":true,"href":"https:\/\/www.diyseeds.org\/es\/wp-json\/wp\/v2\/users\/4"}],"replies":[{"embeddable":true,"href":"https:\/\/www.diyseeds.org\/es\/wp-json\/wp\/v2\/comments?post=534"}],"version-history":[{"count":114,"href":"https:\/\/www.diyseeds.org\/es\/wp-json\/wp\/v2\/pages\/534\/revisions"}],"predecessor-version":[{"id":2922,"href":"https:\/\/www.diyseeds.org\/es\/wp-json\/wp\/v2\/pages\/534\/revisions\/2922"}],"wp:featuredmedia":[{"embeddable":true,"href":"https:\/\/www.diyseeds.org\/es\/wp-json\/wp\/v2\/media\/104"}],"wp:attachment":[{"href":"https:\/\/www.diyseeds.org\/es\/wp-json\/wp\/v2\/media?parent=534"}],"curies":[{"name":"wp","href":"https:\/\/api.w.org\/{rel}","templated":true}]}}