{"id":42,"date":"2018-12-14T19:08:29","date_gmt":"2018-12-14T18:08:29","guid":{"rendered":"http:\/\/www.diyseeds.org\/en\/?page_id=42"},"modified":"2025-03-08T14:16:29","modified_gmt":"2025-03-08T13:16:29","slug":"team","status":"publish","type":"page","link":"https:\/\/www.diyseeds.org\/es\/team\/","title":{"rendered":"Equipo"},"content":{"rendered":"<h1>Equipo<\/h1>\r\n<hr style=\"width: 40px;height: 1.5pt;line-height: 1.5pt;text-align: left;color: #5e240d;background-color: #5e240d;margin-top: 0;margin-bottom: 0;\" \/>\r\n\r\n<h3>Las directoras<\/h3>\r\n\r\n<p>Martina Widmer y Sylvie Seguin forman parte del Foro C\u00edvico Europeo y de la cooperativa Longo Ma\u00ef de Limans, en el sudeste de Francia. Ambas tienen a\u00f1os de experiencia en la producci\u00f3n de semillas.<\/p>\r\n\r\n<h3>Direcci\u00f3n, c\u00e1mara y montaje<\/h3>\r\n\r\n<p>Olga Widmer ha trabajado en el cine documental desde hace a\u00f1os. Ha dirigido documentales sobre diferentes temas (agricultura, migraci\u00f3n, minusval\u00edas&#8230;). <a href=\"http:\/\/olgawidmer.com\">olgawidmer.com<\/a>.<\/p>\r\n\r\n<h3>Artista visual<\/h3>\r\n\r\n<p>Myleine Guiard-Schmid es dibujante y crea animaciones para el cine, adem\u00e1s de dedicarse al arte visual. El cine, la escultura, la pintura&#8230; las artes son su pasi\u00f3n, su profesi\u00f3n. El arte tiene un poder innegable para revelar, contar historias o denunciar, con belleza y estilo. <a href=\"http:\/\/myleineguiardschmid.wordpress.com\">myleineguiardschmid.wordpress.com<\/a> \/ myleine.animation@gmail.com.<\/p>\r\n\r\n<h3>Los productores de los v\u00eddeos<\/h3>\r\n\r\n<p>Longo ma\u00ef fue fundada en 1973. Se compone de nueve granjas cooperativas autogestionadas en Europa. Producen y procesan una gran variedad de cultivos de cereales y hortalizas locales. Todas las cooperativas producen una parte de sus propias semillas y organizan regularmente intercambios de semillas, contribuyendo a aumentar el inter\u00e9s por estas variedades y a animar a m\u00e1s personas a producir sus propias semillas.<\/p>\r\n\r\n<p>El Foro C\u00edvico Europeo es una red de solidaridad internacional activa, entre otros, en la defensa de las semillas de polinizaci\u00f3n abierta y de la agricultura a peque\u00f1a escala, que respeta los derechos sociales.<\/p>\r\n\r\n<br \/>\r\n\r\n<p style=\"text-align: center\"><img class=\" wp-image-637 aligncenter\" src=\"http:\/\/www.diyseeds.org\/wp-content\/uploads\/2019\/01\/Sylvie-300x169.jpg\" alt=\"\" width=\"100%\" srcset=\"https:\/\/www.diyseeds.org\/wp-content\/uploads\/2019\/01\/Sylvie-300x169.jpg 300w, https:\/\/www.diyseeds.org\/wp-content\/uploads\/2019\/01\/Sylvie-600x338.jpg 600w, https:\/\/www.diyseeds.org\/wp-content\/uploads\/2019\/01\/Sylvie-768x432.jpg 768w, https:\/\/www.diyseeds.org\/wp-content\/uploads\/2019\/01\/Sylvie-1024x576.jpg 1024w, https:\/\/www.diyseeds.org\/wp-content\/uploads\/2019\/01\/Sylvie.jpg 1920w\" sizes=\"(max-width: 300px) 100vw, 300px\" \/>Sylvie Seguin<\/p>\r\n\r\n<p style=\"text-align: center\"><img class=\"aligncenter wp-image-636\" src=\"http:\/\/www.diyseeds.org\/wp-content\/uploads\/2019\/01\/Martina-300x169.jpg\" alt=\"\" width=\"100%\" srcset=\"https:\/\/www.diyseeds.org\/wp-content\/uploads\/2019\/01\/Martina-300x169.jpg 300w, https:\/\/www.diyseeds.org\/wp-content\/uploads\/2019\/01\/Martina-600x338.jpg 600w, https:\/\/www.diyseeds.org\/wp-content\/uploads\/2019\/01\/Martina-768x432.jpg 768w, https:\/\/www.diyseeds.org\/wp-content\/uploads\/2019\/01\/Martina-1024x576.jpg 1024w, https:\/\/www.diyseeds.org\/wp-content\/uploads\/2019\/01\/Martina.jpg 1920w\" sizes=\"(max-width: 300px) 100vw, 300px\" \/>Martina Widmer<\/p>\r\n\r\n<p style=\"text-align: center\"><img class=\"aligncenter wp-image-638\" src=\"http:\/\/www.diyseeds.org\/wp-content\/uploads\/2019\/01\/tournage-Olga-001-300x200.jpg\" alt=\"\" width=\"100%\" srcset=\"https:\/\/www.diyseeds.org\/wp-content\/uploads\/2019\/01\/tournage-Olga-001-300x200.jpg 300w, https:\/\/www.diyseeds.org\/wp-content\/uploads\/2019\/01\/tournage-Olga-001-600x400.jpg 600w, https:\/\/www.diyseeds.org\/wp-content\/uploads\/2019\/01\/tournage-Olga-001-768x511.jpg 768w, https:\/\/www.diyseeds.org\/wp-content\/uploads\/2019\/01\/tournage-Olga-001-1024x682.jpg 1024w, https:\/\/www.diyseeds.org\/wp-content\/uploads\/2019\/01\/tournage-Olga-001.jpg 1820w\" sizes=\"(max-width: 300px) 100vw, 300px\" \/>Olga Widmer,\r\nFrancois y Mayra Aymonier<\/p>\r\n\r\n<p style=\"text-align: center\"><img class=\"alignnone wp-image-639\" src=\"http:\/\/www.diyseeds.org\/wp-content\/uploads\/2019\/01\/image-300x168.jpg\" alt=\"\" width=\"100%\" srcset=\"https:\/\/www.diyseeds.org\/wp-content\/uploads\/2019\/01\/image-300x168.jpg 300w, https:\/\/www.diyseeds.org\/wp-content\/uploads\/2019\/01\/image.jpg 431w\" sizes=\"(max-width: 300px) 100vw, 300px\" \/>\r\nMylene Guiard Schmid<\/p>\r\n\r\n<br \/>\r\n\r\n<img loading=\"lazy\" class=\"wp-image-644 aligncenter\" src=\"http:\/\/www.diyseeds.org\/wp-content\/uploads\/2019\/01\/logo_longomai_noir-300x82.png\" alt=\"\" width=\"127\" height=\"35\" srcset=\"https:\/\/www.diyseeds.org\/wp-content\/uploads\/2019\/01\/logo_longomai_noir-300x82.png 300w, https:\/\/www.diyseeds.org\/wp-content\/uploads\/2019\/01\/logo_longomai_noir-600x163.png 600w, https:\/\/www.diyseeds.org\/wp-content\/uploads\/2019\/01\/logo_longomai_noir.png 735w\" sizes=\"(max-width: 127px) 100vw, 127px\" \/>\r\n\r\n<img loading=\"lazy\" class=\"wp-image-643 aligncenter\" src=\"http:\/\/www.diyseeds.org\/wp-content\/uploads\/2019\/01\/logo_forum_civique-300x104.png\" alt=\"\" width=\"124\" height=\"43\" srcset=\"https:\/\/www.diyseeds.org\/wp-content\/uploads\/2019\/01\/logo_forum_civique-300x104.png 300w, https:\/\/www.diyseeds.org\/wp-content\/uploads\/2019\/01\/logo_forum_civique.png 400w\" sizes=\"(max-width: 124px) 100vw, 124px\" \/>\r\n\r\n<br \/>\r\n<br \/>\r\n<br \/>","protected":false},"excerpt":{"rendered":"<p>Equipo Las directoras Martina Widmer y Sylvie Seguin forman parte del Foro C\u00edvico Europeo y de la cooperativa Longo Ma\u00ef de Limans, en el sudeste de Francia. Ambas tienen a\u00f1os de experiencia en la producci\u00f3n de semillas. Direcci\u00f3n, c\u00e1mara y montaje Olga Widmer ha trabajado en el cine documental desde hace a\u00f1os. Ha dirigido documentales [&hellip;]<\/p>\n","protected":false},"author":1,"featured_media":104,"parent":0,"menu_order":0,"comment_status":"closed","ping_status":"closed","template":"","meta":{"spay_email":""},"jetpack_shortlink":"https:\/\/wp.me\/PaG7IL-G","_links":{"self":[{"href":"https:\/\/www.diyseeds.org\/es\/wp-json\/wp\/v2\/pages\/42"}],"collection":[{"href":"https:\/\/www.diyseeds.org\/es\/wp-json\/wp\/v2\/pages"}],"about":[{"href":"https:\/\/www.diyseeds.org\/es\/wp-json\/wp\/v2\/types\/page"}],"author":[{"embeddable":true,"href":"https:\/\/www.diyseeds.org\/es\/wp-json\/wp\/v2\/users\/1"}],"replies":[{"embeddable":true,"href":"https:\/\/www.diyseeds.org\/es\/wp-json\/wp\/v2\/comments?post=42"}],"version-history":[{"count":98,"href":"https:\/\/www.diyseeds.org\/es\/wp-json\/wp\/v2\/pages\/42\/revisions"}],"predecessor-version":[{"id":2920,"href":"https:\/\/www.diyseeds.org\/es\/wp-json\/wp\/v2\/pages\/42\/revisions\/2920"}],"wp:featuredmedia":[{"embeddable":true,"href":"https:\/\/www.diyseeds.org\/es\/wp-json\/wp\/v2\/media\/104"}],"wp:attachment":[{"href":"https:\/\/www.diyseeds.org\/es\/wp-json\/wp\/v2\/media?parent=42"}],"curies":[{"name":"wp","href":"https:\/\/api.w.org\/{rel}","templated":true}]}}