{"id":2941,"date":"2025-05-27T14:54:56","date_gmt":"2025-05-27T12:54:56","guid":{"rendered":"https:\/\/www.diyseeds.org\/fr\/?page_id=2941"},"modified":"2025-12-09T23:10:03","modified_gmt":"2025-12-09T22:10:03","slug":"10-years-on","status":"publish","type":"page","link":"https:\/\/www.diyseeds.org\/es\/10-years-on\/","title":{"rendered":"Ya hace diez a\u00f1os"},"content":{"rendered":"<h1>DIYseeds cumple 10 a\u00f1os<\/h1><p>El primer estuche de cuatro DVDs, \u00abSemences buissonni\u00e8res\u00bb, sali\u00f3 a la venta en 2015. Hace exactamente diez a\u00f1os.<\/p><p>En aquel momento solo estaban disponibles tres idiomas: ingl\u00e9s, franc\u00e9s y alem\u00e1n. Hoy en d\u00eda los v\u00eddeos de DIY Seeds est\u00e1n traducidos a trece idiomas.<\/p><p>Ya no solo est\u00e1n disponibles en DVD, sino tambi\u00e9n en acceso libre en <a href=\"https:\/\/www.diyseeds.org\">esta p\u00e1gina web oficial<\/a>, en <a href=\"https:\/\/www.youtube.com\/@diyseeds\">YouTube<\/a> y en <a href=\"https:\/\/vimeo.com\/diyseeds\">Vimeo<\/a>.<\/p><p>Porque diez a\u00f1os hay que celebrarlos, hemos querido contar esta aventura en un <a href=\"https:\/\/www.diyseeds.org\/wp-content\/uploads\/2025\/05\/DP2025-DIY-Seeds_Web_A4.pdf\" style=\"text-decoration: underline;\">dossier especial de cumplea\u00f1os<\/a>:<\/p><ul><li><p>Descubra en el interior c\u00f3mo los v\u00eddeos de DIY Seeds se utilizan como material did\u00e1ctico en escuelas y redes de productores y productoras de todo el mundo.<\/p><\/li><li><p>Descubra los entresijos del rodaje.<\/p><\/li><li><p>Por \u00faltimo, descubra por qu\u00e9 es fundamental seguir traduciendo la pel\u00edcula, <a href=\"https:\/\/www.diyseeds.org\/es\/support-us\/\">gracias a sus donaciones<\/a>.<\/p><\/li><\/ul><p>Los v\u00eddeos, al igual que este dossier, deben circular tan libremente como las semillas reproducibles.<\/p><p>Por lo tanto, comp\u00e1rtalas en las redes que cultivan, con quienes producen hortalizas y, en general, con todas aquellas personas que trabajan por una biodiversidad cultivada saludable.<\/p><p>Gracias y buena lectura.<\/p>","protected":false},"excerpt":{"rendered":"<p>DIYseeds cumple 10 a\u00f1osEl primer estuche de cuatro DVDs, \u00abSemences buissonni\u00e8res\u00bb, sali\u00f3 a la venta en 2015. Hace exactamente diez a\u00f1os.En aquel momento solo estaban disponibles tres idiomas: ingl\u00e9s, franc\u00e9s y alem\u00e1n. Hoy en d\u00eda los v\u00eddeos de DIY Seeds est\u00e1n traducidos a trece idiomas.Ya no solo est\u00e1n disponibles en DVD, sino tambi\u00e9n en acceso [&hellip;]<\/p>\n","protected":false},"author":2,"featured_media":104,"parent":0,"menu_order":0,"comment_status":"closed","ping_status":"closed","template":"","meta":{"spay_email":""},"jetpack_shortlink":"https:\/\/wp.me\/PaG7IL-Lr","_links":{"self":[{"href":"https:\/\/www.diyseeds.org\/es\/wp-json\/wp\/v2\/pages\/2941"}],"collection":[{"href":"https:\/\/www.diyseeds.org\/es\/wp-json\/wp\/v2\/pages"}],"about":[{"href":"https:\/\/www.diyseeds.org\/es\/wp-json\/wp\/v2\/types\/page"}],"author":[{"embeddable":true,"href":"https:\/\/www.diyseeds.org\/es\/wp-json\/wp\/v2\/users\/2"}],"replies":[{"embeddable":true,"href":"https:\/\/www.diyseeds.org\/es\/wp-json\/wp\/v2\/comments?post=2941"}],"version-history":[{"count":16,"href":"https:\/\/www.diyseeds.org\/es\/wp-json\/wp\/v2\/pages\/2941\/revisions"}],"predecessor-version":[{"id":3009,"href":"https:\/\/www.diyseeds.org\/es\/wp-json\/wp\/v2\/pages\/2941\/revisions\/3009"}],"wp:featuredmedia":[{"embeddable":true,"href":"https:\/\/www.diyseeds.org\/es\/wp-json\/wp\/v2\/media\/104"}],"wp:attachment":[{"href":"https:\/\/www.diyseeds.org\/es\/wp-json\/wp\/v2\/media?parent=2941"}],"curies":[{"name":"wp","href":"https:\/\/api.w.org\/{rel}","templated":true}]}}