{"id":2223,"date":"2021-04-15T10:05:07","date_gmt":"2021-04-15T08:05:07","guid":{"rendered":"https:\/\/www.diyseeds.org\/en\/?page_id=2223"},"modified":"2021-05-25T17:04:32","modified_gmt":"2021-05-25T15:04:32","slug":"press-review","status":"publish","type":"page","link":"https:\/\/www.diyseeds.org\/es\/press-review\/","title":{"rendered":"Prensa"},"content":{"rendered":"<p>1 Noviembre 2018 : Peri\u00f3dico de Semillas Iximulew<br \/>Compartimos con ustedes la primera edici\u00f3n del Peri\u00f3dico de Semillas Iximulew, fruto del VI Encuentro Continental de Semillas de Libertad, realizado en Guatemala este a\u00f1o, donde tuvimos el gusto de compartir \u00ab\u00a1SIEMBRA!\u00bb con guardianes de semillas de todo el continente.<br \/><a href=\"http:\/\/www.lamarseillaise.fr\/alpes\/developpement-durable\/44197-cultiver-l-autonomie-alimentaire\"><img src=\"https:\/\/image.jimcdn.com\/app\/cms\/image\/transf\/dimension=278x10000:format=jpg\/path\/sc31404c3e6025c46\/image\/i456d2d76916fbf2d\/version\/1543253425\/image.jpg\" alt=\"ver\" width=\"100%\"><\/a><\/p>\r\n\r\n<p>21 de abril de 2018 : <a href=\"http:\/\/www.jornada.com.mx\/2018\/04\/21\/cam-siembra.html\">\u00a1Siembra! otro mundo es posible y lo cultivamos entre todxs<\/a>.<\/p>\r\n\r\n<p>Abril 2018 : La Jornada del Campo \/ SEMILLERO, especial semillas<br \/><a href=\"http:\/\/www.jornada.unam.mx\/2018\/04\/21\/Images\/delcampo127.pdf\" target=\"_blank\" rel=\"noopener noreferrer\"><img src=\"https:\/\/image.jimcdn.com\/app\/cms\/image\/transf\/none\/path\/sc31404c3e6025c46\/image\/i73c0377e3f491eb0\/version\/1530028911\/image.jpg\" alt=\"ver\" width=\"100%\"><\/a><\/p>\r\n\r\n<p>Diciembre 2017 : Bolet\u00edn En Defensa de las Semillas<br \/><a href=\"https:\/\/us16.campaign-archive.com\/?u=b37e4f4a54b7cc966351135ce&#038;id=edf479ea87\" target=\"_blank\" rel=\"noopener noreferrer\"><img src=\"https:\/\/image.jimcdn.com\/app\/cms\/image\/transf\/dimension=526x10000:format=jpg\/path\/sc31404c3e6025c46\/image\/id1d4e76a5848ad2e\/version\/1512395600\/image.jpg\" alt=\"ver\" width=\"100%\"><\/a><\/p>\r\n\r\n<p>Octubre 20 de 2017 : Gu\u00eda para Semilleros y Semilleras\/Red de Semilleros y Semilleras Campesinos<br \/><a href=\"http:\/\/semillas.org.co\/es\/publicaciones\/gua-para-semilleros-y-semilleras\" target=\"_blank\" rel=\"noopener noreferrer\"><img src=\"https:\/\/image.jimcdn.com\/app\/cms\/image\/transf\/dimension=295x10000:format=jpg\/path\/sc31404c3e6025c46\/image\/ie90fb69a0dab99ca\/version\/1512397513\/image.jpg\" alt=\"ver\" width=\"100%\"><\/a><\/p>\r\n\r\n<p>15 de mayo de 2017 : \u00a1Siembra! en Le Monde Diplomatique de Chile<br \/><a href=\"https:\/\/www.lemondediplomatique.cl\/SIEMBRA.html\" target=\"_blank\" rel=\"noopener noreferrer\"><img src=\"https:\/\/image.jimcdn.com\/app\/cms\/image\/transf\/dimension=555x10000:format=gif\/path\/sc31404c3e6025c46\/image\/ibf88a703286120e3\/version\/1543258140\/image.gif\" alt=\"ver\" width=\"100%\"><\/a><\/p>\r\n\r\n<p>2017 : Revista BIODIVERSIDAD Sustento y Culturas_Especial Semillas<br \/><a href=\"https:\/\/www.grain.org\/article\/categories\/543-biodiversidad-93-2017-3\" target=\"_blank\" rel=\"noopener noreferrer\"><img src=\"https:\/\/image.jimcdn.com\/app\/cms\/image\/transf\/dimension=297x10000:format=jpg\/path\/sc31404c3e6025c46\/image\/iff0160edf2046b84\/version\/1512396830\/image.jpg\" alt=\"ver\" width=\"100%\"><\/a><\/p>","protected":false},"excerpt":{"rendered":"<p>1 Noviembre 2018 : Peri\u00f3dico de Semillas IximulewCompartimos con ustedes la primera edici\u00f3n del Peri\u00f3dico de Semillas Iximulew, fruto del VI Encuentro Continental de Semillas de Libertad, realizado en Guatemala este a\u00f1o, donde tuvimos el gusto de compartir \u00ab\u00a1SIEMBRA!\u00bb con guardianes de semillas de todo el continente. 21 de abril de 2018 : \u00a1Siembra! otro [&hellip;]<\/p>\n","protected":false},"author":2,"featured_media":0,"parent":0,"menu_order":0,"comment_status":"closed","ping_status":"closed","template":"","meta":{"spay_email":""},"jetpack_shortlink":"https:\/\/wp.me\/PaG7IL-zR","_links":{"self":[{"href":"https:\/\/www.diyseeds.org\/es\/wp-json\/wp\/v2\/pages\/2223"}],"collection":[{"href":"https:\/\/www.diyseeds.org\/es\/wp-json\/wp\/v2\/pages"}],"about":[{"href":"https:\/\/www.diyseeds.org\/es\/wp-json\/wp\/v2\/types\/page"}],"author":[{"embeddable":true,"href":"https:\/\/www.diyseeds.org\/es\/wp-json\/wp\/v2\/users\/2"}],"replies":[{"embeddable":true,"href":"https:\/\/www.diyseeds.org\/es\/wp-json\/wp\/v2\/comments?post=2223"}],"version-history":[{"count":23,"href":"https:\/\/www.diyseeds.org\/es\/wp-json\/wp\/v2\/pages\/2223\/revisions"}],"predecessor-version":[{"id":2278,"href":"https:\/\/www.diyseeds.org\/es\/wp-json\/wp\/v2\/pages\/2223\/revisions\/2278"}],"wp:attachment":[{"href":"https:\/\/www.diyseeds.org\/es\/wp-json\/wp\/v2\/media?parent=2223"}],"curies":[{"name":"wp","href":"https:\/\/api.w.org\/{rel}","templated":true}]}}