{"id":90,"date":"2018-12-22T22:36:52","date_gmt":"2018-12-22T21:36:52","guid":{"rendered":"http:\/\/www.diyseeds.org\/en\/?page_id=90"},"modified":"2026-02-16T09:58:16","modified_gmt":"2026-02-16T08:58:16","slug":"home","status":"publish","type":"page","link":"https:\/\/www.diyseeds.org\/de\/home\/","title":{"rendered":"Home"},"content":{"rendered":"<h1>Saatgut ist Gemeingut<\/h1><p>Die Lehrfilme zur Sameng\u00e4rtnerei richten sich an alle, die lernen wollen, Saatgut von Gem\u00fcse selbst zu vermehren. Sie zeigen die Entwicklung der Pflanzen, vom Samen wieder bis zum Samen, die Bl\u00fctenbiologie und ihre Befruchtung, die vielf\u00e4ltigen Handgriffe und Methoden, die beim Anbau, Ernten, Sortieren und Lagern von Saatgut angewendet werden. Die Sameng\u00e4rtnerei von 40 verschiedenen Gem\u00fcsesorten wird Schritt f\u00fcr Schritt in einzelnen kurzen Filmen erkl\u00e4rt. Im ABC der Sameng\u00e4rtnerei geben 8 weitere Module grundlegende theoretische und praktische Ratschl\u00e4ge der Saatgutproduktion.<\/p><p><strong><span style=\"font-family: Avenir Book; font-size: 12pt;\">Die Filmproduzenten:<\/span><\/strong><\/p><p>Die Europ\u00e4ischen Kooperative Longo mai setzt sich seit Jahren gemeinsam mit anderen Organisationen f\u00fcr die Vielfalt von Saatgut und das Selbstbestimmungsrecht von Kleinb\u00e4uer_innen und G\u00e4rtner_innen ein, ihr Saatgut selbst zu w\u00e4hlen. Auf unseren H\u00f6fen haben wir gelernt unser eigenes Saatgut anzubauen und den Wert der b\u00e4uerlichen Sorten zu sch\u00e4tzen. <a href=\"http:\/\/www.prolongomai.ch\/\"><img loading=\"lazy\" class=\"alignnone size-full wp-image-626\" src=\"https:\/\/www.diyseeds.org\/wp-content\/uploads\/2019\/01\/icone_point.png\" alt=\"\" width=\"11\" height=\"11\" \/> www.prolongomai.ch<\/a><\/p><p>Das Europ\u00e4ische B\u00fcrger-innenforum ist ein solidarisches internationales Netzwerk. Mit direkten Interventionen engagierter B\u00fcger-innen zeigt es soziale Misst\u00e4nde auf und f\u00f6rdert Selbstorganisation sowie emanzipatorische Initiativen. Ein zentrales Anliegen ist die F\u00f6rderung einer sozial nachhaltigen Landwirtschaft ohne Ausbeutung von Mensch und Natur. Die Kampagne &#8218;Zukunft s\u00e4en &#8211; Vielfalt ernten&#8216; hat zum Ziel, Saatgut als Gemeingut zu erhalten. <a href=\"http:\/\/www.forumcivique.org\/\"><img loading=\"lazy\" class=\"alignnone size-full wp-image-626\" src=\"https:\/\/www.diyseeds.org\/wp-content\/uploads\/2019\/01\/icone_point.png\" alt=\"\" width=\"11\" height=\"11\" \/> www.forumcivique.org<\/a><\/p><p><strong><span style=\"font-family: Avenir Book; font-size: 12pt;\">Warum Gem\u00fcse selbst erhalten?<\/span><\/strong><\/p><p>Saatgut ist Gemeingut wie Wasser, Luft und Erde und soll es auch bleiben. Jahrtausendelang hat die Vielfalt der Kulturpflanzen die Ern\u00e4hrung der Menschen und Tiere gesichert. In den letzten Jahrzehnten sind Hunderte von Pflanzensorten vom Markt und den G\u00e4rten verschwunden. W\u00e4hrend fr\u00fcher der Umgang mit Saatgut eine weit verbreitete Praxis war, hat er sich heute zu einem professionellen Spezialbereich entwickelt, der durch Berufsgeheimnisse und Patente gesch\u00fctzt ist. Eigenes Saagut anbauen, erm\u00f6glicht alte und seltene Sorten zu erhalten. Den gesamten Lebenszyklus einer Pflanze zu kennen, ist die Grundlage der Erhaltung einer lebendigen Kulturpflanzenvielfalt. Gerade in unserer Zeit, die von Krisen und einem zunehmenden Misstrauen gegen\u00fcber den industriell erzeugten Nahrungsmitteln gezeichnet ist, bedeutet eigenes Saatgut zu gewinnen ein erster Schritt in Richtung Ern\u00e4hrungsautonomie. So k\u00f6nnen wir uns auch aus der Abh\u00e4ngigkeit einiger Saatgutmultis begeben, die Saatgut zu geistigem Eigentum erkl\u00e4ren. Daraus ergibt sich ein grosser Verlust der Vielfalt der Kulturpflanzen in unseren G\u00e4rten und Feldern. <a href=\"https:\/\/www.diyseeds.org\/de\/why-produce-own-seeds\/\"><img loading=\"lazy\" class=\"alignnone size-full wp-image-626\" src=\"https:\/\/www.diyseeds.org\/wp-content\/uploads\/2019\/01\/icone_mail.png\" alt=\"\" width=\"11\" height=\"11\" \/> Mehr<\/a><\/p><p><span style=\"font-family: Univers Condensed Bold; font-size: 10pt;\"><span style=\"font-family: Avenir Book;\"><strong><span style=\"font-size: 12pt;\">Wie Saatgut vermehren? <\/span><\/strong><\/span><br \/><\/span><\/p><p>Unsere Filme sind konzipiert, um auf die vielen Fragen zu antworten, die sich jeder stellt, der Gem\u00fcsesorten vermehren m\u00f6chte: Wie kann ich die Samen von Tomaten gewinnen? Wo sind die Samen bei Pastinaken, Karotten oder Zucchini? Wann und wie werden Bohnen befruchtet? Wie lange dauert der Samenbau bei der Karotte vom Auss\u00e4en der Samen bis zur Ernte der Samen? Die Lehrfilme sind auf dieser Homepage in mehreren Sprachen frei verf\u00fcgbar zur Ansicht und zum downloaden, wie auch auf Vimeo und Youtube. Zwei mehrsprachige Ausgaben in Form von 4DVD&#8217;s k\u00f6nnen \u00fcber diese Webseite bestellt werden:<\/p><p><strong><span style=\"font-family: Avenir Book; font-size: 12pt;\">Inhalt der DVD <\/span><\/strong><\/p><p><strong>DVD 1<\/strong> <strong>Theoretische und praktische Ratschl\u00e4ge:<\/strong> Nach welchen Kriterien Saatgut aussuchen, Botanische Klassifizierung, Selektion der Samentr\u00e4ger,  Das Samenkorn, Best\u00e4ubung, Isolationstechniken, Handbest\u00e4ubung bei K\u00fcrbisgew\u00e4chsen, Herausl\u00f6sen und S\u00e4ubern mit Wasser, Trocknen und Sortieren des Saatgutes. Zus\u00e4tzlich: Zeichnungen der botanischen Klassifizierung nach Familien, Literaturhinweise, Musik, Kontakt.<\/p><p><strong>DVD 2<\/strong> <strong>Samenbau von :<\/strong> Weiss- und Rotkohl, Wirsing, Blumenkohl und Brokkoli, Kohlrabi, Rosenkohl, Federkohl, Wasserr\u00fcbe und R\u00fcben, Radieschen und Rettich<\/p><p><strong>DVD 3<\/strong> <strong>Samenbau von :<\/strong> Karotte, Sellerie, Fenchel, Pastinake, Salat, Zichorie, Kardy und Artischocke, Sonnenblume, Feldsalat, Rote R\u00fcbe und Mangold, Spinat<\/p><p><strong>DVD 4<\/strong> <strong>Samenbau von :<\/strong> K\u00fcrbis und Zucchini, Gurke, Melone, Wassermelone, Tomate, Aubergine, Paprika und Pfefferoni, Mais, Puffbohne, Erbse, Bohne, Zwiebel, Lauch<\/p><p>Die Lehrfilme sind auf dieser Homepage in mehreren Sprachen frei verf\u00fcgbar zur Ansicht und zum downloaden, wie auch auf Vimeo und Youtube. Zwei mehrsprachige Ausgaben in Form von 4DVD&#8217;s k\u00f6nnen \u00fcber diese Webseite bestellt werden: <a href=\"https:\/\/www.diyseeds.org\/fr\/films\/\">Mehr dazu<\/a>.<\/p><p><strong><span style=\"font-family: Avenir Book; font-size: 12pt;\">Welche Samen f\u00fcr die Saatgutvermehrung nehmen?<\/span><\/strong><\/p><p class=\"vc_custom_heading\"><span style=\"font-family: Avenir Book;\">Die Herkunft der Pflanzen, die im Garten als Samentr\u00e4ger angebaut werden muss bekannt sein. Bei der Saatgutvermehrung sind Sorten der industriellen Saatgutherstellung zu vermeiden. Das betrifft Saatgut das als Hybrid F1oder F2 klassifiziert ist und auch genetisch ver\u00e4ndertes oder mit weiteren biotechnologischen Methoden hergestelltes Saatgut. Das F1 oder F2 Saatgut vermehrt sich nicht identisch und die vermehrten Samen k\u00f6nnen steril sein. Die sortenechte Vermehrung gelingt nur mit samenfesten Sorten, sie werden auch als &#8218;offenabbl\u00fchende&#8216; Sorten bezeichnet. Sie geben ihre Eigenschaften in einem kontinuierlichen Prozess an ihre Nachkommen weiter. Die Nachkommen \u00e4hneln ihren Eltern und ver\u00e4ndern ihre Eigenschaften nicht abrupt sondern fortlaufend. Am besten sollte Saatgut aus biologischem, biodynamischem oder agro-\u00f6kologischem Anbau stammen. <a href=\"https:\/\/diyseeds.org\/de\/film\/how-to-choose-seeds\/\"><img style=\"width: 11px; height: 11px; vertical-align: baseline;\" src=\"https:\/\/www.diyseeds.org\/wp-content\/themes\/diyseeds\/assets\/images\/chapter.png\" \/> Mehr: Modul nach welchen Kriterien Saatgut aussuchen<\/a><\/span><\/p><p><span style=\"font-family: Univers Condensed Bold; font-size: 12pt;\"><span style=\"font-size: 10pt;\">I<strong><span style=\"font-family: Avenir Book; font-size: 12pt;\">st es erlaubt Saatgut selbst zu vermehren, zu tauschen  und zu verkaufen? <\/span><\/strong><\/span> <\/span><\/p><p>Ja, man darf eigenes Saatgut vermehren und in Verkehr bringen vorausgesetzt, dass die Sorte nicht unter einem Patent oder Sortenschutz steht, die durch Verordnungen der Europ\u00e4ischen Komission und der UPOV (Internationale Union zum Schutz von Pflanzenz\u00fcchtungen ) geregelt sind. Das EU-Saatgutrecht beschr\u00e4nkt die Vielfalt von Gem\u00fcse, Getreide und Obst in Europa. Seit Jahren k\u00e4mpfen Erhalterinitiativen in ganz Europa f\u00fcr das Recht auf freien Zugang und Vermehrung alter Lokal- und Landsorten. Die neue Bio-Verordnung bringt neue M\u00f6glichkeiten f\u00fcr Bio-Landwirt-innnen, Bio-Pflanzenz\u00fcchter-innen und Saatguterhalter-innen: K\u00fcnftig darf auch nicht regstriertes Saatgut vermarktet werden, das als \u00abbiologisches heterogenes Material\u00bb bezeichnet wird. (Quelle Verein Arche Noah) <a href=\"https:\/\/www.diyseeds.org\/de\/plant-selection-in-the-industrial-age\/\"><img loading=\"lazy\" class=\"alignnone size-full wp-image-626\" src=\"https:\/\/www.diyseeds.org\/wp-content\/uploads\/2019\/01\/icone_mail.png\" alt=\"\" width=\"11\" height=\"11\" \/> Mehr<\/a>    <\/p>","protected":false},"excerpt":{"rendered":"<p>Saatgut ist GemeingutDie Lehrfilme zur Sameng\u00e4rtnerei richten sich an alle, die lernen wollen, Saatgut von Gem\u00fcse selbst zu vermehren. Sie zeigen die Entwicklung der Pflanzen, vom Samen wieder bis zum Samen, die Bl\u00fctenbiologie und ihre Befruchtung, die vielf\u00e4ltigen Handgriffe und Methoden, die beim Anbau, Ernten, Sortieren und Lagern von Saatgut angewendet werden. Die Sameng\u00e4rtnerei von [&hellip;]<\/p>\n","protected":false},"author":2,"featured_media":104,"parent":0,"menu_order":0,"comment_status":"closed","ping_status":"closed","template":"","meta":{"spay_email":""},"jetpack_shortlink":"https:\/\/wp.me\/PaG7IL-1s","_links":{"self":[{"href":"https:\/\/www.diyseeds.org\/de\/wp-json\/wp\/v2\/pages\/90"}],"collection":[{"href":"https:\/\/www.diyseeds.org\/de\/wp-json\/wp\/v2\/pages"}],"about":[{"href":"https:\/\/www.diyseeds.org\/de\/wp-json\/wp\/v2\/types\/page"}],"author":[{"embeddable":true,"href":"https:\/\/www.diyseeds.org\/de\/wp-json\/wp\/v2\/users\/2"}],"replies":[{"embeddable":true,"href":"https:\/\/www.diyseeds.org\/de\/wp-json\/wp\/v2\/comments?post=90"}],"version-history":[{"count":144,"href":"https:\/\/www.diyseeds.org\/de\/wp-json\/wp\/v2\/pages\/90\/revisions"}],"predecessor-version":[{"id":2960,"href":"https:\/\/www.diyseeds.org\/de\/wp-json\/wp\/v2\/pages\/90\/revisions\/2960"}],"wp:featuredmedia":[{"embeddable":true,"href":"https:\/\/www.diyseeds.org\/de\/wp-json\/wp\/v2\/media\/104"}],"wp:attachment":[{"href":"https:\/\/www.diyseeds.org\/de\/wp-json\/wp\/v2\/media?parent=90"}],"curies":[{"name":"wp","href":"https:\/\/api.w.org\/{rel}","templated":true}]}}