{"id":74,"date":"2018-12-15T09:32:34","date_gmt":"2018-12-15T08:32:34","guid":{"rendered":"http:\/\/www.diyseeds.org\/en\/?page_id=74"},"modified":"2025-03-10T00:10:02","modified_gmt":"2025-03-09T23:10:02","slug":"resources","status":"publish","type":"page","link":"https:\/\/www.diyseeds.org\/de\/resources\/","title":{"rendered":"Quellen"},"content":{"rendered":"<h1>Quellen<\/h1>\r\n\r\n<hr style=\"width: 50px;height: 1.5pt;line-height: 1.5pt;text-align: left;color: #5e240D;background-color: #5e240D;margin-top: 0;margin-bottom: 0;\" \/>\r\n\r\n<h4 class=\"centered mobile\">BAUM-ZEICHNUNGEN DES BOTANISCHEN KLASSIFIZIERUNG<\/h4>\r\n\r\n<p>Die K\u00fcnstlerin Myleine Guiard-Schmidt hat ihre Zeichnungen der botanischen Klassifizierung der Pflanzen in Form von B\u00e4umen unter der Lizenz Creative Communs ver\u00f6ffentlicht. Sie k\u00f6nnen bei \u00f6ffentlichen und nicht-kommerziellen Anl\u00e4ssen als Lehrmaterial verwendet werden. <hr style=\"width: 50px;height: 1.5pt;line-height: 1.5pt;text-align: left;color: #5e240D;background-color: #5e240D;margin-top: 0;margin-bottom: 0;\" \/><\/p>\r\n\r\n<h4 class=\"centered mobile\">HANDB\u00dcCHER ZUR SAMENG\u00c4RTNEREI<\/h4>\r\n\r\n<p><strong>Handbuch der Sameng\u00e4rtenerei, <\/strong>Sorten erhalten, Vielfalt vermehren, Gem\u00fcse geniessen, von Andrea Heistinger Arche Noah Pro Specie Rara (Hrsg.) Velag L\u00f6wenzahn<br \/><strong>Seed to Seed<\/strong> von Suzanne Ashworth Seed Savers Exchange <br \/><strong>Semences de Kokopelli<\/strong> von Dominique Guillet Aux \u00e9ditions \u00ab La Voix des semences \u00bb<\/p>\r\n\r\n<hr style=\"width: 50px;height: 1.5pt;line-height: 1.5pt;text-align: left;color: #5e240D;background-color: #5e240D;margin-top: 0;margin-bottom: 0;\" \/> \n        \n    <ul id=\"support\">\n        <li id=\"support-us\"><a href=\"https:\/\/www.diyseeds.org\/de\/support-us\/\"> Unterst\u00fctzung<\/a><\/li>        <li id=\"buy\"><a href=\"https:\/\/www.diyseeds.org\/de\/dvd\/\">DVD Shop<\/a><\/li>    <\/ul>\n    \n        \n\r\n\r\n<br \/>\r\n\r\n<br \/>","protected":false},"excerpt":{"rendered":"<p>Quellen BAUM-ZEICHNUNGEN DES BOTANISCHEN KLASSIFIZIERUNG Die K\u00fcnstlerin Myleine Guiard-Schmidt hat ihre Zeichnungen der botanischen Klassifizierung der Pflanzen in Form von B\u00e4umen unter der Lizenz Creative Communs ver\u00f6ffentlicht. Sie k\u00f6nnen bei \u00f6ffentlichen und nicht-kommerziellen Anl\u00e4ssen als Lehrmaterial verwendet werden. HANDB\u00dcCHER ZUR SAMENG\u00c4RTNEREI Handbuch der Sameng\u00e4rtenerei, Sorten erhalten, Vielfalt vermehren, Gem\u00fcse geniessen, von Andrea Heistinger Arche Noah [&hellip;]<\/p>\n","protected":false},"author":2,"featured_media":104,"parent":0,"menu_order":0,"comment_status":"closed","ping_status":"closed","template":"","meta":{"spay_email":""},"jetpack_shortlink":"https:\/\/wp.me\/PaG7IL-1c","_links":{"self":[{"href":"https:\/\/www.diyseeds.org\/de\/wp-json\/wp\/v2\/pages\/74"}],"collection":[{"href":"https:\/\/www.diyseeds.org\/de\/wp-json\/wp\/v2\/pages"}],"about":[{"href":"https:\/\/www.diyseeds.org\/de\/wp-json\/wp\/v2\/types\/page"}],"author":[{"embeddable":true,"href":"https:\/\/www.diyseeds.org\/de\/wp-json\/wp\/v2\/users\/2"}],"replies":[{"embeddable":true,"href":"https:\/\/www.diyseeds.org\/de\/wp-json\/wp\/v2\/comments?post=74"}],"version-history":[{"count":88,"href":"https:\/\/www.diyseeds.org\/de\/wp-json\/wp\/v2\/pages\/74\/revisions"}],"predecessor-version":[{"id":2925,"href":"https:\/\/www.diyseeds.org\/de\/wp-json\/wp\/v2\/pages\/74\/revisions\/2925"}],"wp:featuredmedia":[{"embeddable":true,"href":"https:\/\/www.diyseeds.org\/de\/wp-json\/wp\/v2\/media\/104"}],"wp:attachment":[{"href":"https:\/\/www.diyseeds.org\/de\/wp-json\/wp\/v2\/media?parent=74"}],"curies":[{"name":"wp","href":"https:\/\/api.w.org\/{rel}","templated":true}]}}