{"id":546,"date":"2019-01-22T14:25:34","date_gmt":"2019-01-22T13:25:34","guid":{"rendered":"http:\/\/www.diyseeds.org\/en\/?page_id=546"},"modified":"2025-03-10T00:07:49","modified_gmt":"2025-03-09T23:07:49","slug":"links","status":"publish","type":"page","link":"https:\/\/www.diyseeds.org\/de\/links\/","title":{"rendered":"Links"},"content":{"rendered":"<h1>Links<\/h1><hr style=\"width: 45px;height: 1.5pt;line-height: 1.5pt;text-align: left;color: #5E24D;background-color: #5E24D;margin-top: 0;margin-bottom: 0;\" \/><h4><strong>LONGO MAI<\/strong><\/h4><p>Longo ma\u00ef wurde 1973 gegr\u00fcndet und besteht heute aus 10 Kooperativen in verschiedenen europ\u00e4ischen L\u00e4ndern sowie Costa Rica. <span lang=\"de-DE\"><span style=\"font-family: Avenir Book;\">Sie setzen sich seit Jahren gemeinsam mit anderen Organisationen f\u00fcr die Vielfalt von Saatgut und das Selbstbestimmungsrecht von Kleinb\u00e4uer_innen und G\u00e4rtner_innen ein, ihr Saatgut selbst zu vermehren. Auf unseren H\u00f6fen haben wir gelernt, unser eigenes Saatgut anzubauen und den Wert der b\u00e4uerlichen Sorten zu sch\u00e4tzen.<\/span><\/span><\/p><p><a href=\"http:\/\/www.prolongomaif.ch\/\"><img loading=\"lazy\" class=\"alignnone size-full wp-image-626\" src=\"https:\/\/www.diyseeds.org\/wp-content\/uploads\/2019\/01\/icone_point.png\" alt=\"\" width=\"11\" height=\"11\" \/> www.prolongomai.ch<\/a><\/p><h4>DAS EUROP\u00c4ISCHE B\u00dcRGERINNENFORUM<\/h4><p>Das Europ\u00e4ische B\u00fcrgerInnenforum ist ein solidarisches transnationales Netzwerk. Mit direkten Interventionen engagierter B\u00fcrger_innen zeigt es soziale Misst\u00e4nde auf und f\u00f6rdert Selbstorganisation sowie emanzipatorische Initiativen. Ein zentrales Anliegen ist die F\u00f6rderung einer sozial nachhaltigen Landwirtschaft ohne Ausbeutung von Mensch und Natur. Die Kampagne &#8218;Zukunft s\u00e4en &#8211; Vielfalt ernten&#8216; hat zum Ziel, Saatgut als Gemeingut zu erhalten.<\/p><p><a href=\"http:\/\/www.forumcivique.org\/\"><img loading=\"lazy\" class=\"alignnone size-full wp-image-626\" src=\"https:\/\/www.diyseeds.org\/wp-content\/uploads\/2019\/01\/icone_point.png\" alt=\"\" width=\"11\" height=\"11\" \/> www.forumcivique.org<\/a><\/p><h4>Biodiverso<\/h4><p>Der Verein Biodiverso in Brasilien hat die Filme und die Homepage auf Portugiesisch realisiert und vertreibt die DVD-Box Semeia\/Siembra\/From Seed to Seed<\/p><p><a href=\"http:\/\/https:\/\/www.facebook.com\/cultivediversidade\"><img loading=\"lazy\" class=\"alignnone wp-image-626\" src=\"https:\/\/www.diyseeds.org\/wp-content\/uploads\/2019\/01\/icone_point.png\" alt=\"\" width=\"11\" height=\"11\" \/> https:\/\/www.facebook.com\/cultivediversidade<\/a><\/p><h4>Buzuruna Juzuruna<\/h4><p>Buzuruna Juzuruna ist ein Kollektiv, in dem sich Bauer_innen aus Syrien, dem Libanon und Frankreich zusammengeschlossen haben um ein Ausbildungszentrum f\u00fcr Agro-\u00d6kologie in der Bekaa-Ebene im Libanon zu gr\u00fcnden. In den G\u00e4rten werden mehr als 300 Gem\u00fcse- und Getreidesorten vermehrt, die f\u00fcr die Region typisch waren, aber infolge des Krieges und der &#8218;Gr\u00fcnen Revolution&#8216; verschwanden. In Zusammenarbeit mit Fl\u00fcchtlingen aus Syrien werden in den Fl\u00fcchtlingslagern G\u00e4rten angelegt und Saatgut verteilt.<\/p><p>Buzuruna Juzuruna hat die \u00dcbersetzung der Lehrfilme und die Homepage auf Arabisch betreut.<\/p><p><img loading=\"lazy\" class=\"alignnone size-full wp-image-626\" src=\"https:\/\/www.diyseeds.org\/wp-content\/uploads\/2019\/01\/icone_point.png\" alt=\"\" width=\"11\" height=\"11\" \/> <a href=\"https:\/\/www.facebook.com\/Grainesetcinema\/\" target=\"_blank\" rel=\"nofollow noopener noreferrer\">www.facebook.com\/Grainesetcinema<\/a><\/p><h4>Kokopelli<\/h4><p>Der franz\u00f6sische Verein <b>Kokopelli<\/b> setzt sich seit 1999 durch den Verkauf von Saatgut und Setzlingen f\u00fcr die Erhaltung offenabbl\u00fchender Gem\u00fcse-, Heilpflanzen- und Blumensorten ein. Die Sammlung mehrerer Hundert Sorten wird von einer Reihe professionneller Z\u00fcchter vermehrt und weiterentwickelt.<\/p><p><a href=\"http:\/\/www.kokopelli-semences.fr\"><img loading=\"lazy\" class=\"alignnone size-full wp-image-626\" src=\"https:\/\/www.diyseeds.org\/wp-content\/uploads\/2019\/01\/icone_point.png\" alt=\"\" width=\"11\" height=\"11\" \/> www.kokopelli-semences.fr<\/a><\/p>","protected":false},"excerpt":{"rendered":"<p>LinksLONGO MAILongo ma\u00ef wurde 1973 gegr\u00fcndet und besteht heute aus 10 Kooperativen in verschiedenen europ\u00e4ischen L\u00e4ndern sowie Costa Rica. Sie setzen sich seit Jahren gemeinsam mit anderen Organisationen f\u00fcr die Vielfalt von Saatgut und das Selbstbestimmungsrecht von Kleinb\u00e4uer_innen und G\u00e4rtner_innen ein, ihr Saatgut selbst zu vermehren. Auf unseren H\u00f6fen haben wir gelernt, unser eigenes Saatgut [&hellip;]<\/p>\n","protected":false},"author":4,"featured_media":104,"parent":0,"menu_order":0,"comment_status":"closed","ping_status":"closed","template":"","meta":{"spay_email":""},"jetpack_shortlink":"https:\/\/wp.me\/PaG7IL-8O","_links":{"self":[{"href":"https:\/\/www.diyseeds.org\/de\/wp-json\/wp\/v2\/pages\/546"}],"collection":[{"href":"https:\/\/www.diyseeds.org\/de\/wp-json\/wp\/v2\/pages"}],"about":[{"href":"https:\/\/www.diyseeds.org\/de\/wp-json\/wp\/v2\/types\/page"}],"author":[{"embeddable":true,"href":"https:\/\/www.diyseeds.org\/de\/wp-json\/wp\/v2\/users\/4"}],"replies":[{"embeddable":true,"href":"https:\/\/www.diyseeds.org\/de\/wp-json\/wp\/v2\/comments?post=546"}],"version-history":[{"count":149,"href":"https:\/\/www.diyseeds.org\/de\/wp-json\/wp\/v2\/pages\/546\/revisions"}],"predecessor-version":[{"id":2924,"href":"https:\/\/www.diyseeds.org\/de\/wp-json\/wp\/v2\/pages\/546\/revisions\/2924"}],"wp:featuredmedia":[{"embeddable":true,"href":"https:\/\/www.diyseeds.org\/de\/wp-json\/wp\/v2\/media\/104"}],"wp:attachment":[{"href":"https:\/\/www.diyseeds.org\/de\/wp-json\/wp\/v2\/media?parent=546"}],"curies":[{"name":"wp","href":"https:\/\/api.w.org\/{rel}","templated":true}]}}