{"id":42,"date":"2018-12-14T19:08:29","date_gmt":"2018-12-14T18:08:29","guid":{"rendered":"http:\/\/www.diyseeds.org\/en\/?page_id=42"},"modified":"2025-03-08T14:16:29","modified_gmt":"2025-03-08T13:16:29","slug":"team","status":"publish","type":"page","link":"https:\/\/www.diyseeds.org\/de\/team\/","title":{"rendered":"Filmteam"},"content":{"rendered":"<h1>Das filmteam<\/h1><hr style=\"width: 50px;height: 2pt;line-height: 2pt;text-align: left;color: #5e240d;background-color: #5e240d;margin-top: 10px;margin-bottom: 0;\" \/><h4 class=\"centered mobile\">Regie:<\/h4><p class=\"centered mobile\">Sylvie Seguin und Martina Widmer leben und arbeiten in der Europ\u00e4ischen Kooperative Longo ma\u00ef. Beide sind erfahrene G\u00e4rtnerinnen und vermehren seit mehreren Jahren Saatgut f\u00fcr den Eigenbedarf sowie Saatgutb\u00f6rsen.<\/p><h4 class=\"centered mobile\">KAMERA UND SCHNITT:<\/h4><p class=\"centered mobile\">Olga Widmer erlangte ihr Diplom (Ma\u00eetrise Arts du Spectacle Mention Etudes Cin\u00e9matographiques) an der Universit\u00e9 Paris VIII und realisiert Dokumentarfilme zu verschiedensten Themen im Bereich Landwirtschaft, Migration und Behinderung.<br \/><a href=\"https:\/\/www.olgawidmer.com\/\">olgawidmer.com<\/a><\/p><h4 class=\"centered mobile\">Zeichnungen und Animationsfilme:<\/h4><p class=\"centered mobile\">Myleine Guiard-Schmid ist Kunstzeichnerin und realisiert Animations- und Dokumentarfilme anhand ihrer Zeichnungen, Skulpturen und Malerei&#8230;<br \/><a href=\"http:\/\/myleineguiardschmid.wordpress.com\">myleineguiardschmid.wordpress.com<\/a> \/ myleine.animation@gmail.com<\/p><p>&nbsp;<\/p><div id=\"attachment_637\" style=\"width: 310px\"  class=\"wp-caption alignnone\"><img loading=\"lazy\" class=\"wp-image-637 size-medium\" src=\"https:\/\/www.diyseeds.org\/wp-content\/uploads\/2019\/01\/Sylvie-300x169.jpg\" alt=\"sylvie trie des semences dans un tamis\" width=\"300\" height=\"169\" srcset=\"https:\/\/www.diyseeds.org\/wp-content\/uploads\/2019\/01\/Sylvie-300x169.jpg 300w, https:\/\/www.diyseeds.org\/wp-content\/uploads\/2019\/01\/Sylvie-600x338.jpg 600w, https:\/\/www.diyseeds.org\/wp-content\/uploads\/2019\/01\/Sylvie-768x432.jpg 768w, https:\/\/www.diyseeds.org\/wp-content\/uploads\/2019\/01\/Sylvie-1024x576.jpg 1024w, https:\/\/www.diyseeds.org\/wp-content\/uploads\/2019\/01\/Sylvie.jpg 1920w\" sizes=\"(max-width: 300px) 100vw, 300px\" \/><p class=\"wp-caption-text\">Sylvie S\u00e9guin <img loading=\"lazy\" class=\"wp-image-636 size-medium alignnone\" src=\"https:\/\/www.diyseeds.org\/wp-content\/uploads\/2019\/01\/Martina-300x169.jpg\" alt=\"martina r\u00e9colte des graines\" width=\"300\" height=\"169\" srcset=\"https:\/\/www.diyseeds.org\/wp-content\/uploads\/2019\/01\/Martina-300x169.jpg 300w, https:\/\/www.diyseeds.org\/wp-content\/uploads\/2019\/01\/Martina-600x338.jpg 600w, https:\/\/www.diyseeds.org\/wp-content\/uploads\/2019\/01\/Martina-768x432.jpg 768w, https:\/\/www.diyseeds.org\/wp-content\/uploads\/2019\/01\/Martina-1024x576.jpg 1024w, https:\/\/www.diyseeds.org\/wp-content\/uploads\/2019\/01\/Martina.jpg 1920w\" sizes=\"(max-width: 300px) 100vw, 300px\" \/><\/p><\/div><p>Martina Widmer<\/p><div id=\"attachment_638\" style=\"width: 310px\"  class=\"wp-caption alignnone\"><img loading=\"lazy\" class=\"wp-image-638 size-medium\" src=\"https:\/\/www.diyseeds.org\/wp-content\/uploads\/2019\/01\/tournage-Olga-001-300x200.jpg\" alt=\"olga sur le tournage du film\" width=\"300\" height=\"200\" srcset=\"https:\/\/www.diyseeds.org\/wp-content\/uploads\/2019\/01\/tournage-Olga-001-300x200.jpg 300w, https:\/\/www.diyseeds.org\/wp-content\/uploads\/2019\/01\/tournage-Olga-001-600x400.jpg 600w, https:\/\/www.diyseeds.org\/wp-content\/uploads\/2019\/01\/tournage-Olga-001-768x511.jpg 768w, https:\/\/www.diyseeds.org\/wp-content\/uploads\/2019\/01\/tournage-Olga-001-1024x682.jpg 1024w, https:\/\/www.diyseeds.org\/wp-content\/uploads\/2019\/01\/tournage-Olga-001.jpg 1820w\" sizes=\"(max-width: 300px) 100vw, 300px\" \/><p class=\"wp-caption-text\"><span style=\"font-family: Avenir Book;\">Olga Widmer<\/span><\/p><\/div><div id=\"attachment_639\" style=\"width: 310px\"  class=\"wp-caption alignnone\"><img loading=\"lazy\" class=\"wp-image-639 size-medium\" src=\"https:\/\/www.diyseeds.org\/wp-content\/uploads\/2019\/01\/image-300x168.jpg\" alt=\"myl\u00e8ne graphiste du film\" width=\"300\" height=\"168\" srcset=\"https:\/\/www.diyseeds.org\/wp-content\/uploads\/2019\/01\/image-300x168.jpg 300w, https:\/\/www.diyseeds.org\/wp-content\/uploads\/2019\/01\/image.jpg 431w\" sizes=\"(max-width: 300px) 100vw, 300px\" \/><p class=\"wp-caption-text\"><span style=\"font-family: Avenir Book;\">Myleine Schmidt<\/span><\/p><\/div><p>&nbsp;<\/p>","protected":false},"excerpt":{"rendered":"<p>Das filmteamRegie:Sylvie Seguin und Martina Widmer leben und arbeiten in der Europ\u00e4ischen Kooperative Longo ma\u00ef. Beide sind erfahrene G\u00e4rtnerinnen und vermehren seit mehreren Jahren Saatgut f\u00fcr den Eigenbedarf sowie Saatgutb\u00f6rsen.KAMERA UND SCHNITT:Olga Widmer erlangte ihr Diplom (Ma\u00eetrise Arts du Spectacle Mention Etudes Cin\u00e9matographiques) an der Universit\u00e9 Paris VIII und realisiert Dokumentarfilme zu verschiedensten Themen im [&hellip;]<\/p>\n","protected":false},"author":1,"featured_media":104,"parent":0,"menu_order":0,"comment_status":"closed","ping_status":"closed","template":"","meta":{"spay_email":""},"jetpack_shortlink":"https:\/\/wp.me\/PaG7IL-G","_links":{"self":[{"href":"https:\/\/www.diyseeds.org\/de\/wp-json\/wp\/v2\/pages\/42"}],"collection":[{"href":"https:\/\/www.diyseeds.org\/de\/wp-json\/wp\/v2\/pages"}],"about":[{"href":"https:\/\/www.diyseeds.org\/de\/wp-json\/wp\/v2\/types\/page"}],"author":[{"embeddable":true,"href":"https:\/\/www.diyseeds.org\/de\/wp-json\/wp\/v2\/users\/1"}],"replies":[{"embeddable":true,"href":"https:\/\/www.diyseeds.org\/de\/wp-json\/wp\/v2\/comments?post=42"}],"version-history":[{"count":98,"href":"https:\/\/www.diyseeds.org\/de\/wp-json\/wp\/v2\/pages\/42\/revisions"}],"predecessor-version":[{"id":2920,"href":"https:\/\/www.diyseeds.org\/de\/wp-json\/wp\/v2\/pages\/42\/revisions\/2920"}],"wp:featuredmedia":[{"embeddable":true,"href":"https:\/\/www.diyseeds.org\/de\/wp-json\/wp\/v2\/media\/104"}],"wp:attachment":[{"href":"https:\/\/www.diyseeds.org\/de\/wp-json\/wp\/v2\/media?parent=42"}],"curies":[{"name":"wp","href":"https:\/\/api.w.org\/{rel}","templated":true}]}}