{"id":2941,"date":"2025-05-27T14:54:56","date_gmt":"2025-05-27T12:54:56","guid":{"rendered":"https:\/\/www.diyseeds.org\/fr\/?page_id=2941"},"modified":"2025-12-09T23:10:03","modified_gmt":"2025-12-09T22:10:03","slug":"10-years-on","status":"publish","type":"page","link":"https:\/\/www.diyseeds.org\/de\/10-years-on\/","title":{"rendered":"10 Jahre Diy"},"content":{"rendered":"<h1>Schon 10 Jahre alt\u00a0!<\/h1><p>Die erste Box mit 4 DVDs \u00abSaatgut ist Gemeingut \u2013 Lehrfilme zur Sameng\u00e4rtnerei\u00bb erschien 2015. Das ist genau 10 Jahre her.<\/p><p>Damals waren nur drei Sprachen verf\u00fcgbar: Englisch, Franz\u00f6sisch und Deutsch. Heute sind die DIY Filme in 13 Sprachen \u00fcbersetzt und kostenlos auf der DIY-Webseite, <a href=\"https:\/\/vimeo.com\/diyseeds\">Vimeo<\/a> und <a href=\"https:\/\/www.youtube.com\/@diyseeds\">Youtube<\/a> zug\u00e4nglich.<\/p><p>Da 10 Jahre ein Grund zum Feiern sind, hatten wir Lust, dieses Abenteuer in einem speziellen Jubil\u00e4umsdossier zu erz\u00e4hlen [<a href=\"https:\/\/www.diyseeds.org\/wp-content\/uploads\/2025\/09\/DP2025-DIY-Seeds_ALL-Web_A4.pdf\" style=\"text-decoration: underline;\">Link zum pdf<\/a>]:<\/p><ul><li><p>Entdecken Sie darin, wie die DIY Seeds-Filme als Unterrichtsmaterial in Schulen und Netzwerken von Produzentinnen und Produzenten auf der ganzen Welt eingesetzt werden.<\/p><\/li><li><p>Werfen Sie einen Blick hinter die Kulissen der Dreharbeiten.<\/p><\/li><li><p>Erfahren Sie schliesslich, warum es so wichtig ist, die Filme auch k\u00fcnftig mithilfe Ihrer Spenden in weitere Sprachen zu \u00fcbersetzen.<\/p><\/li><\/ul><p>Helfen Sie mit, reproduzierbares Saatgut, die Filme, wie auch das Jubil\u00e4umsdossier, so weit als m\u00f6glich zu verbreiten und bekannt zu machen.<\/p><p>Teilen Sie sie in Ihren Netzwerken, unter G\u00e4rtner und G\u00e4rtnerinnen sowie ganz allgemein mit all jenen, die sich f\u00fcr Erhaltung und Vielfalt der Kulturpflanzen einsetzen.<\/p><p>Vielen Dank und viel Spass beim Lesen!<\/p>","protected":false},"excerpt":{"rendered":"<p>Schon 10 Jahre alt\u00a0!Die erste Box mit 4 DVDs \u00abSaatgut ist Gemeingut \u2013 Lehrfilme zur Sameng\u00e4rtnerei\u00bb erschien 2015. Das ist genau 10 Jahre her.Damals waren nur drei Sprachen verf\u00fcgbar: Englisch, Franz\u00f6sisch und Deutsch. Heute sind die DIY Filme in 13 Sprachen \u00fcbersetzt und kostenlos auf der DIY-Webseite, Vimeo und Youtube zug\u00e4nglich.Da 10 Jahre ein Grund [&hellip;]<\/p>\n","protected":false},"author":2,"featured_media":104,"parent":0,"menu_order":0,"comment_status":"closed","ping_status":"closed","template":"","meta":{"spay_email":""},"jetpack_shortlink":"https:\/\/wp.me\/PaG7IL-Lr","_links":{"self":[{"href":"https:\/\/www.diyseeds.org\/de\/wp-json\/wp\/v2\/pages\/2941"}],"collection":[{"href":"https:\/\/www.diyseeds.org\/de\/wp-json\/wp\/v2\/pages"}],"about":[{"href":"https:\/\/www.diyseeds.org\/de\/wp-json\/wp\/v2\/types\/page"}],"author":[{"embeddable":true,"href":"https:\/\/www.diyseeds.org\/de\/wp-json\/wp\/v2\/users\/2"}],"replies":[{"embeddable":true,"href":"https:\/\/www.diyseeds.org\/de\/wp-json\/wp\/v2\/comments?post=2941"}],"version-history":[{"count":16,"href":"https:\/\/www.diyseeds.org\/de\/wp-json\/wp\/v2\/pages\/2941\/revisions"}],"predecessor-version":[{"id":3009,"href":"https:\/\/www.diyseeds.org\/de\/wp-json\/wp\/v2\/pages\/2941\/revisions\/3009"}],"wp:featuredmedia":[{"embeddable":true,"href":"https:\/\/www.diyseeds.org\/de\/wp-json\/wp\/v2\/media\/104"}],"wp:attachment":[{"href":"https:\/\/www.diyseeds.org\/de\/wp-json\/wp\/v2\/media?parent=2941"}],"curies":[{"name":"wp","href":"https:\/\/api.w.org\/{rel}","templated":true}]}}