{"id":2223,"date":"2021-04-15T10:05:07","date_gmt":"2021-04-15T08:05:07","guid":{"rendered":"https:\/\/www.diyseeds.org\/en\/?page_id=2223"},"modified":"2021-05-25T17:04:32","modified_gmt":"2021-05-25T15:04:32","slug":"press-review","status":"publish","type":"page","link":"https:\/\/www.diyseeds.org\/de\/press-review\/","title":{"rendered":"Presseschau"},"content":{"rendered":"<details><summary>Februar 2016 : Globale Dialoge &#8211; Women on Air Zu h\u00f6ren<\/summary><p>Globale Dialoge im Dialog mit den Produzentinnen eines Lehrfilmes \u00fcber Sameng\u00e4rtnerei: Martina Widmer lernte das Herstellen von Saatgut in der Kooperative Longo Mai in S\u00fcdfrankreich, Heike Schiebeck wohnt in einer \u00f6sterreichischen Kooperative in der Gemeinde Eisenkappel-Vellach in K\u00e4rnten und engagiert sich politisch f\u00fcr \u201eErn\u00e4hrungssouver\u00e4nit\u00e4t&#8220;.<\/p><\/details><p><a href=\"https:\/\/cba.fro.at\/307390\" target=\"_blank\" rel=\"noopener noreferrer\"><img loading=\"lazy\" src=\"https:\/\/www.diyseeds.org\/wp-content\/uploads\/2019\/01\/icone_point.png\" width=\"11\" height=\"11\" class=\"alignnone size-full wp-image-626\" \/> Saatgut ist Gemeingut, Longo Mai (1) | Interview mit der Journalistin Reem Maged<\/a><\/p>","protected":false},"excerpt":{"rendered":"<p>Februar 2016 : Globale Dialoge &#8211; Women on Air Zu h\u00f6renGlobale Dialoge im Dialog mit den Produzentinnen eines Lehrfilmes \u00fcber Sameng\u00e4rtnerei: Martina Widmer lernte das Herstellen von Saatgut in der Kooperative Longo Mai in S\u00fcdfrankreich, Heike Schiebeck wohnt in einer \u00f6sterreichischen Kooperative in der Gemeinde Eisenkappel-Vellach in K\u00e4rnten und engagiert sich politisch f\u00fcr \u201eErn\u00e4hrungssouver\u00e4nit\u00e4t&#8220;. Saatgut [&hellip;]<\/p>\n","protected":false},"author":2,"featured_media":0,"parent":0,"menu_order":0,"comment_status":"closed","ping_status":"closed","template":"","meta":{"spay_email":""},"jetpack_shortlink":"https:\/\/wp.me\/PaG7IL-zR","_links":{"self":[{"href":"https:\/\/www.diyseeds.org\/de\/wp-json\/wp\/v2\/pages\/2223"}],"collection":[{"href":"https:\/\/www.diyseeds.org\/de\/wp-json\/wp\/v2\/pages"}],"about":[{"href":"https:\/\/www.diyseeds.org\/de\/wp-json\/wp\/v2\/types\/page"}],"author":[{"embeddable":true,"href":"https:\/\/www.diyseeds.org\/de\/wp-json\/wp\/v2\/users\/2"}],"replies":[{"embeddable":true,"href":"https:\/\/www.diyseeds.org\/de\/wp-json\/wp\/v2\/comments?post=2223"}],"version-history":[{"count":23,"href":"https:\/\/www.diyseeds.org\/de\/wp-json\/wp\/v2\/pages\/2223\/revisions"}],"predecessor-version":[{"id":2278,"href":"https:\/\/www.diyseeds.org\/de\/wp-json\/wp\/v2\/pages\/2223\/revisions\/2278"}],"wp:attachment":[{"href":"https:\/\/www.diyseeds.org\/de\/wp-json\/wp\/v2\/media?parent=2223"}],"curies":[{"name":"wp","href":"https:\/\/api.w.org\/{rel}","templated":true}]}}