{"id":551,"date":"2019-01-22T14:38:11","date_gmt":"2019-01-22T13:38:11","guid":{"rendered":"http:\/\/www.diyseeds.org\/en\/?page_id=551"},"modified":"2025-09-26T15:03:11","modified_gmt":"2025-09-26T13:03:11","slug":"support-us","status":"publish","type":"page","link":"https:\/\/www.diyseeds.org\/ar\/support-us\/","title":{"rendered":"\u0644\u062f\u0639\u0645\u0646\u0627"},"content":{"rendered":"<h1 style=\"text-align: right;\">SUPPORT US<\/h1>\r\n<p style=\"text-align: right;\"><hr style=\"width: 40px;height: 1.5pt;line-height: 1.5pt;text-align: right;color: #5e240d;background-color: #5e240d;margin-top: 0;margin-bottom: 0;\" \/><\/p>\r\n<p style=\"text-align: right;\"><span class=\"tlid-translation translation\" lang=\"ar\"><span class=\"\" title=\"\">\u0644\u062f\u0639\u0645\u0646\u0627 \u060c \u064a\u0645\u0643\u0646 \u062a\u0642\u062f\u064a\u0645 \u0627\u0644\u062a\u0628\u0631\u0639\u0627\u062a \u0625\u0644\u0649 \u0627\u0644\u0645\u0646\u062a\u062f\u0649 \u0627\u0644\u0645\u062f\u0646\u064a \u0627\u0644\u0623\u0648\u0631\u0648\u0628\u064a \u0628\u0627\u0633\u062a\u062e\u062f\u0627\u0645 \u0637\u0631\u0642 \u062f\u0641\u0639 \u0645\u062e\u062a\u0644\u0641\u0629<\/span><\/span>.<\/p>\r\n<p style=\"text-align: right;\"><img loading=\"lazy\" class=\"size-full wp-image-654 alignnone\" src=\"https:\/\/www.diyseeds.org\/wp-content\/uploads\/2019\/01\/icone_1.png\" alt=\"\" width=\"17\" height=\"17\" \/> <span class=\"tlid-translation translation\" lang=\"ar\"><span class=\"\" title=\"\">\u0639\u0646 \u0637\u0631\u064a\u0642 \u0627\u0644\u062a\u062d\u0648\u064a\u0644 \u0627\u0644\u0645\u0635\u0631\u0641\u064a \u0625\u0644\u0649<\/span><\/span> :\r\n<span class=\"tlid-translation translation\" lang=\"ar\"><span class=\"\" title=\"\">\u0627\u0644\u0645\u0646\u062a\u062f\u0649 \u0627\u0644\u0645\u062f\u0646\u064a \u0627\u0644\u0623\u0648\u0631\u0648\u0628\u064a <\/span><\/span><\/p><p style=\"text-align:right:direction:ltr\">Forum Civique Europ\u00e9en<br \/><span class=\"tlid-translation translation\" lang=\"ar\"><span class=\"\" title=\"\">\u0634\u0631\u0643\u0629 \u0645\u0631\u0633\u064a\u0644\u064a\u0627 \u0627\u0644\u0627\u0626\u062a\u0645\u0627\u0646 <\/span><\/span>Soci\u00e9t\u00e9 G\u00e9n\u00e9rale<br\/>Code IBAN:  FR76 3000 3031 5400 0500 2221 881 <span class=\"tlid-translation translation\" lang=\"ar\"><span class=\"\" title=\"\">\u0631\u0645\u0632 IBAN<\/span><\/span><br \/>Code BIC: SOGEFRPP <span class=\"tlid-translation translation\" lang=\"ar\"><span class=\"\" title=\"\">\u0631\u0645\u0632 BIC<\/span><\/span><\/p>\r\n<p style=\"text-align: right;\"><img loading=\"lazy\" class=\"size-full wp-image-655 alignnone\" src=\"https:\/\/www.diyseeds.org\/wp-content\/uploads\/2019\/01\/icone_2.png\" alt=\"\" width=\"17\" height=\"17\" \/> <span class=\"tlid-translation translation\" lang=\"ar\"><span class=\"\" title=\"\">\u0639\u0646 \u0637\u0631\u064a\u0642 \u0627\u0644\u0628\u0637\u0627\u0642\u0629 \u0645\u0646 \u062e\u0644\u0627\u0644 Paypal<\/span><\/span><\/p><form action=\"https:\/\/www.paypal.com\/cgi-bin\/webscr\" method=\"post\" target=\"_top\"><input name=\"cmd\" type=\"hidden\" value=\"_s-xclick\" \/><input name=\"hosted_button_id\" type=\"hidden\" value=\"U2888M2PJ3DUE\" \/><input title=\"PayPal - The safer, easier way to pay online!\" alt=\"Donate with PayPal button\" name=\"submit\" src=\"https:\/\/www.paypalobjects.com\/en_US\/i\/btn\/btn_donate_SM.gif\" type=\"image\" \/><img loading=\"lazy\" src=\"https:\/\/www.paypal.com\/en_FR\/i\/scr\/pixel.gif\" alt=\"\" width=\"1\" height=\"1\" border=\"0\" \/>\r\n\r\n<\/form>\r\n<p style=\"text-align: right;\"><img loading=\"lazy\" class=\"size-full wp-image-656 alignnone\" src=\"https:\/\/www.diyseeds.org\/wp-content\/uploads\/2019\/01\/icone_3.png\" alt=\"\" width=\"17\" height=\"17\" \/> <span class=\"tlid-translation translation\" lang=\"ar\"><span class=\"\" title=\"\">\u0639\u0646 \u0637\u0631\u064a\u0642 \u0627\u0644\u0634\u064a\u0643 \u0627\u0644\u0645\u0633\u062a\u062d\u0642 \u0644<\/span><\/span> :<\/p>\r\n<p style=\"text-align: right;direction:ltr\">Forum Civique Europ\u00e9en<br \/>Grange neuve<br \/>1920 ancienne route de Forcalquier<br \/>04 300 Limans FRANCE<\/p>\r\n<p style=\"text-align: right;\"><span class=\"tlid-translation translation\" lang=\"ar\"><span class=\"\" title=\"\">\u0646\u0646\u0627\u0634\u062f \u062f\u0639\u0645\u0643\u0645 \u0644\u0644\u0631\u062f \u0639\u0644\u0649 \u0627\u0644\u0639\u062f\u064a\u062f \u0645\u0646 \u0627\u0644\u0637\u0644\u0628\u0627\u062a \u0644\u062a\u0631\u062c\u0645\u0629 \u0627\u0644\u0641\u064a\u0644\u0645 \u0625\u0644\u0649 \u0644\u063a\u0627\u062a \u062c\u062f\u064a\u062f\u0629.<\/span> <span class=\"\" title=\"\">\u0627\u0644\u064a\u0648\u0645 \u064a\u062a\u0648\u0641\u0631 \u0627\u0644\u0641\u064a\u0644\u0645 \u0628\u0627\u0644\u0643\u0627\u0645\u0644 \u0628\u062e\u0645\u0633 \u0644\u063a\u0627\u062a: \u0627\u0644\u0641\u0631\u0646\u0633\u064a\u0629 \u0648\u0627\u0644\u0625\u0646\u062c\u0644\u064a\u0632\u064a\u0629 \u0648\u0627\u0644\u0623\u0644\u0645\u0627\u0646\u064a\u0629 \u0648\u0627\u0644\u0625\u0633\u0628\u0627\u0646\u064a\u0629 \u0648\u0627\u0644\u0628\u0631\u062a\u063a\u0627\u0644\u064a\u0629 \u060c \u0641\u0636\u0644\u0627\u064b \u0639\u0646 \u062a\u0631\u062c\u0645\u0629 \u062c\u0632\u0626\u064a\u0629 \u0625\u0644\u0649 \u0627\u0644\u0639\u0631\u0628\u064a\u0629<\/span><\/span>.<\/p>\r\n<p style=\"text-align: right;\"><span class=\"tlid-translation translation\" lang=\"ar\"><span class=\"\" title=\"\">\u0644\u0627 \u062a\u0645\u0644\u0643 \u0627\u0644\u0645\u0646\u0638\u0645\u062a\u0627\u0646 \u0627\u0644\u0644\u062a\u0627\u0646 \u0623\u0646\u062a\u062c\u062a\u0627 \u0647\u0630\u0647 \u0627\u0644\u0623\u0641\u0644\u0627\u0645 \u060c \u0627\u0644\u0645\u0646\u062a\u062f\u0649 \u0627\u0644\u0645\u062f\u0646\u064a \u0627\u0644\u0623\u0648\u0631\u0648\u0628\u064a \u0648 \u0644\u0648\u0646\u063a\u0648 \u0645\u0627\u064a \u060c \u0627\u0644\u0645\u0648\u0627\u0631\u062f \u0627\u0644\u0645\u0627\u0644\u064a\u0629 \u0648\u0644\u0627 \u0627\u0644\u0645\u0648\u0627\u0631\u062f \u0627\u0644\u0628\u0634\u0631\u064a\u0629 \u0644\u0645\u0648\u0627\u0635\u0644\u0629 \u0647\u0630\u0627 \u0627\u0644\u0639\u0645\u0644 \u0627\u0644\u0636\u062e\u0645<\/span><\/span>.<\/p>\r\n<p style=\"text-align: right;\"><span class=\"tlid-translation translation\" lang=\"ar\"><span class=\"\" title=\"\">\u064a\u0631\u062c\u0649 \u0627\u0644\u0639\u0644\u0645 \u0623\u0646\u0647 \u0639\u0646\u062f \u0634\u0631\u0627\u0621 \u0645\u062c\u0645\u0648\u0639\u0629 \u0623\u0642\u0631\u0627\u0635 DVD &#8220;\u0645\u0646 \u0627\u0644\u0628\u0630\u0631\u0629 \u0625\u0644\u0649 \u0627\u0644\u0628\u0630\u0631\u0629&#8221; \u0639\u0644\u0649 www.seedfilm.org \u060c \u064a\u062a\u0645 \u0627\u0633\u062a\u062e\u062f\u0627\u0645 \u0627\u0644\u0645\u0628\u0644\u063a \u0627\u0644\u0645\u062d\u0648\u0644 <\/span><\/span><span class=\"tlid-translation translation\" lang=\"ar\"><span class=\"\" title=\"\">\u062a\u0642\u0631\u064a\u0628\u064b\u0627<\/span><\/span><span class=\"tlid-translation translation\" lang=\"ar\"><span class=\"\" title=\"\"> \u0628\u0627\u0644\u0643\u0627\u0645\u0644 \u0644\u062f\u0639\u0645 \u0627\u0644\u0645\u0634\u0627\u0631\u064a\u0639 \u0627\u0644\u062a\u064a \u062a\u0637\u0648\u0631 \u0627\u0644\u0648\u0635\u0648\u0644 \u0627\u0644\u0645\u062c\u0627\u0646\u064a \u0625\u0644\u0649 \u0627\u0644\u0628\u0630\u0648\u0631<\/span><\/span>.<\/p>\r\n<p style=\"text-align: right;\"><span class=\"tlid-translation translation\" lang=\"ar\"><span class=\"\" title=\"\">\u0647\u0646\u0627\u0643 \u0637\u0631\u064a\u0642\u0629 \u0623\u062e\u0631\u0649 \u0644\u062f\u0639\u0645\u0646\u0627 \u062a\u062a\u0645\u062b\u0644 \u0641\u064a \u0628\u062b \u0627\u0644\u0623\u0641\u0644\u0627\u0645 \u0623\u0648 \u062a\u0646\u0638\u064a\u0645 \u0639\u0631\u0648\u0636 \u060c \u0645\u0645\u0627 \u064a\u062c\u0639\u0644 \u0645\u0639\u0631\u0641\u0629 \u0627\u0646\u062a\u0627\u062c \u0648 \u0627\u0644\u0645\u062d\u0627\u0641\u0638\u0629 \u0639\u0644\u0649 \u0627\u0644\u0628\u0630\u0648\u0631 \u0645\u062a\u0627\u062d\u0629 \u0644\u0644\u062c\u0645\u064a\u0639.<\/span> <span class=\"\" title=\"\">\u0627\u0644\u0623\u0641\u0644\u0627\u0645 \u062a\u062d\u062a \u0631\u062e\u0635\u0629 \u0627\u0644\u0645\u0634\u0627\u0639 \u0627\u0644\u0625\u0628\u062f\u0627\u0639\u064a \u060c \u0645\u0645\u0627 \u064a\u0639\u0646\u064a \u0623\u0646\u0647 \u064a\u0645\u0643\u0646 \u0639\u0631\u0636\u0647\u0627 \u0639\u0644\u0649 \u0627\u0644\u0645\u0644\u0623 \u062f\u0648\u0646 \u0623\u064a \u062a\u0639\u0648\u064a\u0636 \u0645\u0627\u0644\u064a<\/span><\/span>.<\/p>\r\n<p style=\"text-align: right;\"><span class=\"tlid-translation translation\" lang=\"ar\"><span class=\"\" title=\"\">\u0625\u0630\u0627 \u0643\u0646\u062a \u062a\u0631\u063a\u0628 \u0641\u064a \u062a\u0631\u062c\u0645\u0629 \u0627\u0644\u0623\u0641\u0644\u0627\u0645 \u0625\u0644\u0649 \u0644\u063a\u0629 \u062c\u062f\u064a\u062f\u0629 \u060c \u064a\u0631\u062c\u0649 \u0627\u0644\u0627\u062a\u0635\u0627\u0644 \u0628\u0646\u0627 \u0639\u0628\u0631 \u0627\u0644\u0628\u0631\u064a\u062f \u0627\u0644\u0625\u0644\u0643\u062a\u0631\u0648\u0646\u064a: info@seedfilm.org<\/span><\/span><\/p>\r\n<p style=\"text-align: right;\"><span class=\"tlid-translation translation\" lang=\"ar\"><span class=\"\" title=\"\">\u0648\u0641\u0648\u0642 \u0643\u0644 \u0630\u0644\u0643 &#8230; \u0623\u0646\u062a\u062c \u0628\u0630\u0648\u0631\u064b\u0627 \u062c\u0645\u064a\u0644\u0629 \u0648\u0627\u0633\u062a\u0628\u062f\u0644\u0647\u0627 \u0645\u0639 \u062c\u064a\u0631\u0627\u0646\u0643 \u0648\u0623\u0635\u062f\u0642\u0627\u0626\u0643 \u060c \u0628\u0630\u0648\u0631 \u062a\u0646\u0634\u0631 \u0641\u064a \u0643\u0644 \u0645\u0643\u0627\u0646 \u0648 \u062d\u064a\u062b \u0627\u0644\u062d\u0627\u062c\u0629 .<\/span> <span class=\"\" title=\"\">\u0625\u0646\u0647\u0627 \u0628\u0639\u0636 \u0623\u063a\u0644\u0649 \u0627\u0644\u0647\u062f\u0627\u064a\u0627 \u0627\u0644\u062a\u064a \u064a\u0645\u0643\u0646 \u0644\u0644\u0645\u0633\u0627\u0641\u0631 \u062a\u0642\u062f\u064a\u0645\u0647\u0627<\/span><\/span>!<\/p>\r\n<p style=\"text-align: right;\">\u0639\u0633\u0649 \u0627\u0644<span class=\"tlid-translation translation\" lang=\"ar\"><span class=\"\" title=\"\">\u0628\u0630\u0648\u0631 \u0627\u0644\u0633\u0641\u0631 \u0641\u064a \u062c\u0645\u064a\u0639 \u0623\u0646\u062d\u0627\u0621 \u0627\u0644\u0639\u0627\u0644\u0645<\/span><\/span>!<\/p>\r\n<p style=\"text-align: right;\"><\/p>","protected":false},"excerpt":{"rendered":"<p>SUPPORT US \u0644\u062f\u0639\u0645\u0646\u0627 \u060c \u064a\u0645\u0643\u0646 \u062a\u0642\u062f\u064a\u0645 \u0627\u0644\u062a\u0628\u0631\u0639\u0627\u062a \u0625\u0644\u0649 \u0627\u0644\u0645\u0646\u062a\u062f\u0649 \u0627\u0644\u0645\u062f\u0646\u064a \u0627\u0644\u0623\u0648\u0631\u0648\u0628\u064a \u0628\u0627\u0633\u062a\u062e\u062f\u0627\u0645 \u0637\u0631\u0642 \u062f\u0641\u0639 \u0645\u062e\u062a\u0644\u0641\u0629. \u0639\u0646 \u0637\u0631\u064a\u0642 \u0627\u0644\u062a\u062d\u0648\u064a\u0644 \u0627\u0644\u0645\u0635\u0631\u0641\u064a \u0625\u0644\u0649 : \u0627\u0644\u0645\u0646\u062a\u062f\u0649 \u0627\u0644\u0645\u062f\u0646\u064a \u0627\u0644\u0623\u0648\u0631\u0648\u0628\u064a Forum Civique Europ\u00e9en\u0634\u0631\u0643\u0629 \u0645\u0631\u0633\u064a\u0644\u064a\u0627 \u0627\u0644\u0627\u0626\u062a\u0645\u0627\u0646 Soci\u00e9t\u00e9 G\u00e9n\u00e9raleCode IBAN: FR76 3000 3031 5400 0500 2221 881 \u0631\u0645\u0632 IBANCode BIC: SOGEFRPP \u0631\u0645\u0632 BIC \u0639\u0646 \u0637\u0631\u064a\u0642 \u0627\u0644\u0628\u0637\u0627\u0642\u0629 \u0645\u0646 \u062e\u0644\u0627\u0644 Paypal \u0639\u0646 \u0637\u0631\u064a\u0642 \u0627\u0644\u0634\u064a\u0643 \u0627\u0644\u0645\u0633\u062a\u062d\u0642 [&hellip;]<\/p>\n","protected":false},"author":4,"featured_media":104,"parent":0,"menu_order":0,"comment_status":"closed","ping_status":"closed","template":"","meta":{"spay_email":""},"jetpack_shortlink":"https:\/\/wp.me\/PaG7IL-8T","_links":{"self":[{"href":"https:\/\/www.diyseeds.org\/ar\/wp-json\/wp\/v2\/pages\/551"}],"collection":[{"href":"https:\/\/www.diyseeds.org\/ar\/wp-json\/wp\/v2\/pages"}],"about":[{"href":"https:\/\/www.diyseeds.org\/ar\/wp-json\/wp\/v2\/types\/page"}],"author":[{"embeddable":true,"href":"https:\/\/www.diyseeds.org\/ar\/wp-json\/wp\/v2\/users\/4"}],"replies":[{"embeddable":true,"href":"https:\/\/www.diyseeds.org\/ar\/wp-json\/wp\/v2\/comments?post=551"}],"version-history":[{"count":122,"href":"https:\/\/www.diyseeds.org\/ar\/wp-json\/wp\/v2\/pages\/551\/revisions"}],"predecessor-version":[{"id":2981,"href":"https:\/\/www.diyseeds.org\/ar\/wp-json\/wp\/v2\/pages\/551\/revisions\/2981"}],"wp:featuredmedia":[{"embeddable":true,"href":"https:\/\/www.diyseeds.org\/ar\/wp-json\/wp\/v2\/media\/104"}],"wp:attachment":[{"href":"https:\/\/www.diyseeds.org\/ar\/wp-json\/wp\/v2\/media?parent=551"}],"curies":[{"name":"wp","href":"https:\/\/api.w.org\/{rel}","templated":true}]}}